{"id":13235,"date":"2022-07-16T17:17:56","date_gmt":"2022-07-16T15:17:56","guid":{"rendered":"https:\/\/paulmmueller.fantomas-staging.de\/?page_id=13235"},"modified":"2023-11-10T00:17:54","modified_gmt":"2023-11-09T23:17:54","slug":"impressum","status":"publish","type":"page","link":"https:\/\/paulmmueller.fantomas-staging.de\/cs\/otisk\/","title":{"rendered":"Otisk"},"content":{"rendered":"<div data-elementor-type=\"wp-page\" data-elementor-id=\"13235\" class=\"elementor elementor-13235\" data-elementor-post-type=\"page\">\n\t\t\t\t\t\t<section class=\"elementor-section elementor-top-section elementor-element elementor-element-88bdb31 elementor-section-boxed elementor-section-height-default elementor-section-height-default\" data-id=\"88bdb31\" data-element_type=\"section\">\n\t\t\t\t\t\t<div class=\"elementor-container elementor-column-gap-default\">\n\t\t\t\t\t<div class=\"elementor-column elementor-col-100 elementor-top-column elementor-element elementor-element-2e360f8\" data-id=\"2e360f8\" data-element_type=\"column\">\n\t\t\t<div class=\"elementor-widget-wrap elementor-element-populated\">\n\t\t\t\t\t\t<div class=\"elementor-element elementor-element-ee24f3a elementor-widget elementor-widget-heading\" data-id=\"ee24f3a\" data-element_type=\"widget\" data-widget_type=\"heading.default\">\n\t\t\t\t\t<h1 class=\"elementor-heading-title elementor-size-default\">Otisk<\/h1>\t\t\t\t<\/div>\n\t\t\t\t<div class=\"elementor-element elementor-element-8ef64f7 elementor-widget elementor-widget-text-editor\" data-id=\"8ef64f7\" data-element_type=\"widget\" data-widget_type=\"text-editor.default\">\n\t\t\t\t\t\t\t\t\t<h3>Informace podle \u00a7 5 TMG:<\/h3><p>Paul M. M\u00fcller GmbH<br \/>Raiffeisenallee 5<br \/>82041 Oberhaching<\/p><h3>Zastoupen\u00e1:<\/h3><p>Jednatel\u00e9: Thomas Schneidawind, Helmut Fabian Kretschmer<\/p><h3>Kontakt:<\/h3><p>Telefon: 089 613868-0<br \/>E-mail: info@paulmmueller.com<\/p><h3>Vstup do rejst\u0159\u00edku:<\/h3><p>Z\u00e1pis do obchodn\u00edho rejst\u0159\u00edku.<br \/>Rejst\u0159\u00edkov\u00fd soud: Rejst\u0159\u00edkov\u00fd soud Mnichov<br \/>Registra\u010dn\u00ed \u010d\u00edslo: HRB 54774<\/p><h3>Da\u0148 z p\u0159idan\u00e9 hodnoty:<\/h3><p>Identifika\u010dn\u00ed \u010d\u00edslo pro da\u0148 z obratu podle \u00a7 27a z\u00e1kona o dani z obratu:<br \/>DE129433719<\/p><h3>GLN (Global Location Number):<\/h3><p>4003735000006<\/p><h3>Organick\u00e9 kontroln\u00ed st\u0159edisko:<\/h3><p>DE-\u00d6KO-037<\/p><h3>\u0158e\u0161en\u00ed spor\u016f<\/h3><p>Nejsme ochotni ani povinni \u00fa\u010dastnit se \u0159\u00edzen\u00ed o \u0159e\u0161en\u00ed spor\u016f p\u0159ed spot\u0159ebitelskou rozhod\u010d\u00ed komis\u00ed.<\/p><h3>Odpov\u011bdnost za obsah<\/h3><p>Jako poskytovatel slu\u017eeb jsme v souladu s \u00a7 7 odst. 1 TMG (n\u011bmeck\u00fd z\u00e1kon o telem\u00e9di\u00edch) a obecn\u00fdmi pr\u00e1vn\u00edmi p\u0159edpisy odpov\u011bdn\u00ed za vlastn\u00ed obsah t\u011bchto str\u00e1nek. Podle \u00a7\u00a7 8 a\u017e 10 TMG v\u0161ak nejsme jako poskytovatel slu\u017eeb povinni sledovat p\u0159en\u00e1\u0161en\u00e9 nebo ukl\u00e1dan\u00e9 informace t\u0159et\u00edch stran ani vy\u0161et\u0159ovat okolnosti, kter\u00e9 nazna\u010duj\u00ed nez\u00e1konnou \u010dinnost.<\/p><p>Povinnosti odstranit nebo zablokovat pou\u017e\u00edv\u00e1n\u00ed informac\u00ed v souladu s obecn\u00fdmi pr\u00e1vn\u00edmi p\u0159edpisy t\u00edm nejsou dot\u010deny. Odpov\u011bdnost v tomto ohledu je v\u0161ak mo\u017en\u00e1 a\u017e od okam\u017eiku, kdy se dozv\u00edme o konkr\u00e9tn\u00edm poru\u0161en\u00ed. Jakmile se o takov\u00e9m poru\u0161en\u00ed dozv\u00edme, okam\u017eit\u011b tento obsah odstran\u00edme.<\/p><h3>Odpov\u011bdnost za odkazy<\/h3><p>Na\u0161e webov\u00e9 str\u00e1nky obsahuj\u00ed odkazy na extern\u00ed webov\u00e9 str\u00e1nky t\u0159et\u00edch stran, na jejich\u017e obsah nem\u00e1me \u017e\u00e1dn\u00fd vliv. Proto nem\u016f\u017eeme p\u0159evz\u00edt \u017e\u00e1dnou odpov\u011bdnost za tento obsah t\u0159et\u00edch stran. Za obsah odkazovan\u00fdch str\u00e1nek je v\u017edy odpov\u011bdn\u00fd p\u0159\u00edslu\u0161n\u00fd poskytovatel nebo provozovatel str\u00e1nek. Odkazovan\u00e9 str\u00e1nky byly v dob\u011b odkazov\u00e1n\u00ed zkontrolov\u00e1ny z hlediska mo\u017en\u00e9ho poru\u0161en\u00ed pr\u00e1vn\u00edch p\u0159edpis\u016f. Nez\u00e1konn\u00fd obsah nebyl v dob\u011b odkazov\u00e1n\u00ed rozpozn\u00e1n.<\/p><p>Trval\u00e9 sledov\u00e1n\u00ed obsahu odkazovan\u00fdch str\u00e1nek v\u0161ak nen\u00ed rozumn\u00e9 bez konkr\u00e9tn\u00edch d\u016fkaz\u016f o protipr\u00e1vn\u00edm jedn\u00e1n\u00ed. Pokud se dozv\u00edme o jak\u00e9mkoli poru\u0161en\u00ed pr\u00e1vn\u00edch p\u0159edpis\u016f, okam\u017eit\u011b takov\u00e9 odkazy odstran\u00edme.<\/p><h3>Autorsk\u00e1 pr\u00e1va<\/h3><p>Obsah a d\u00edla vytvo\u0159en\u00e1 provozovateli str\u00e1nek na t\u011bchto str\u00e1nk\u00e1ch podl\u00e9haj\u00ed n\u011bmeck\u00e9mu autorsk\u00e9mu pr\u00e1vu. Kop\u00edrov\u00e1n\u00ed, zpracov\u00e1n\u00ed, \u0161\u00ed\u0159en\u00ed a jak\u00fdkoli zp\u016fsob vyu\u017eit\u00ed nad r\u00e1mec autorsk\u00e9ho pr\u00e1va vy\u017eaduje p\u00edsemn\u00fd souhlas p\u0159\u00edslu\u0161n\u00e9ho autora nebo tv\u016frce. Stahov\u00e1n\u00ed a kop\u00edrov\u00e1n\u00ed t\u011bchto str\u00e1nek je povoleno pouze pro soukrom\u00e9, nekomer\u010dn\u00ed pou\u017eit\u00ed.<\/p><p>Pokud obsah t\u011bchto str\u00e1nek nebyl vytvo\u0159en provozovatelem, jsou respektov\u00e1na autorsk\u00e1 pr\u00e1va t\u0159et\u00edch stran. Zejm\u00e9na obsah t\u0159et\u00edch stran je takto ozna\u010den. Pokud se p\u0159esto dozv\u00edte o poru\u0161en\u00ed autorsk\u00fdch pr\u00e1v, informujte n\u00e1s o tom. Pokud se o poru\u0161en\u00ed autorsk\u00fdch pr\u00e1v dozv\u00edme, neprodlen\u011b takov\u00fd obsah odstran\u00edme.<\/p><h3>Pr\u00e1va k obr\u00e1zk\u016fm<\/h3><div class=\"atw-bildnachweise\"><a href=\"https:\/\/stock.adobe.com\/de\/\" target=\"_blank\" rel=\"noopener\">Adobe Stock<\/a>\u00a0\/ stock.adobe.com<br \/><a href=\"https:\/\/radmilakerl.de\/\">\u00a9 Radmila Kerl \/ www.radmilakerl.de<\/a><br \/>\u00a9Foodlovers \/ fotolia.com<br \/>\u00a9artjazz \/ fotolia.com<br \/>\u00a9Zerbor \/ fotolia.com<br \/>\u00a9enenuchit \/ fotolia.com<br \/>\u00a9o.meerson \/ fotolia.com<br \/>\u00a9artjazz \/ fotolia.com<br \/>\u00a9Natika \/ fotolia.com<br \/>\u00a9bobrik74 \/ fotolia.com<br \/>\u00a9doris oberfrank-llist \/ fotolia.com<br \/>\u00a9Tom Bayer \/ fotolia.com<br \/>Miguel Garcia Saaved \/ fotolia.com<br \/>Miguel Garcia Saaved \/ fotolia.com<br \/>\u00a9KMN Photo \/ fotolia.com<br \/><a href=\"https:\/\/de.freepik.com\/fotos-kostenlos\/3d-render-von-lkw-lkw-versand-white-boxes_1121485.htm\">\u00a9kjpargeter \/ freepik.com<\/a><br \/>\u00a9hacohob \/ fotolia.com<br \/>\u00a9andrew7726 \/ fotolia.com<br \/>\u00a9Jaroslav Pachy star\u0161\u00ed \/ fotolia.com<br \/>\u00a9niemannfrank \/ fotolia.com<br \/>Thomas S\u00f6llner \/ fotolia.com<br \/>\u00a9mythia \/ fotolia.com<br \/>\u00a9artjazz \/ fotolia.com<br \/>\u00a9volff \/ fotolia.com<br \/>\u00a9kovaleva_ka \/ fotolia.com<br \/>\u00a9Alex Staroseitsev \/ fotolia.com<br \/><a href=\"https:\/\/de.freepik.com\/fotos-vektoren-kostenlos\/jahrgang\">\u00a9vintagevectorseller \/ freepik.com<\/a><\/div>\t\t\t\t\t\t\t\t<\/div>\n\t\t\t\t\t<\/div>\n\t\t<\/div>\n\t\t\t\t\t<\/div>\n\t\t<\/section>\n\t\t\t\t<\/div>","protected":false},"excerpt":{"rendered":"<p>Informace o otisku podle \u00a7 5 TMG: M\u00fcller GmbHRaiffeisenallee 582041 Oberhaching Zastoupen\u00fd: Paul M: M\u00fcller M\u00fcller: Jednatel\u00e9: Thomas Schneidawind, Helmut Fabian Kretschmer Kontakt: M\u00fcller M\u00fcller M\u00fcller, spol. s r.o: \u0158e\u0161en\u00ed spor\u016f: Nejsme ochotni ani povinni \u00fa\u010dastnit se \u0159\u00edzen\u00ed o \u0159e\u0161en\u00ed spor\u016f [...]: Telefon: 089 613868-0E-mail: info@paulmmueller.com Z\u00e1pis v obchodn\u00edm rejst\u0159\u00edku: Z\u00e1pis v obchodn\u00edm rejst\u0159\u00edkuRegistra\u010dn\u00ed soud: Rejst\u0159\u00edkov\u00fd soud MnichovRegistra\u010dn\u00ed \u010d\u00edslo: HRB 54774 Da\u0148 z p\u0159idan\u00e9 hodnoty: Identifika\u010dn\u00ed \u010d\u00edslo dan\u011b z p\u0159idan\u00e9 hodnoty podle \u00a7 27a z\u00e1kona o dani z p\u0159idan\u00e9 hodnoty: DE129433719 GLN (Global Location Number): 4003735000006 \u00d6ko-Kontrollstelle: DE-\u00d6KO-037 \u0158e\u0161en\u00ed spor\u016f: Nejsme ochotni ani povinni \u00fa\u010dastnit se \u0159\u00edzen\u00ed o \u0159e\u0161en\u00ed spor\u016f [...].<\/p>","protected":false},"author":1,"featured_media":0,"parent":0,"menu_order":38,"comment_status":"closed","ping_status":"closed","template":"","meta":{"_acf_changed":false,"footnotes":""},"class_list":["post-13235","page","type-page","status-publish","hentry"],"acf":[],"yoast_head":"<!-- This site is optimized with the Yoast SEO plugin v25.3.1 - https:\/\/yoast.com\/wordpress\/plugins\/seo\/ -->\n<title>Impressum - Paul M. M\u00fcller<\/title>\n<meta name=\"robots\" content=\"index, follow, max-snippet:-1, max-image-preview:large, max-video-preview:-1\" \/>\n<link rel=\"canonical\" href=\"https:\/\/paulmmueller.fantomas-staging.de\/cs\/otisk\/\" \/>\n<meta property=\"og:locale\" content=\"cs_CZ\" \/>\n<meta property=\"og:type\" content=\"article\" \/>\n<meta property=\"og:title\" content=\"Impressum - Paul M. M\u00fcller\" \/>\n<meta property=\"og:description\" content=\"Impressum Angaben gem\u00e4\u00df \u00a7 5 TMG: Paul M. M\u00fcller GmbHRaiffeisenallee 582041 Oberhaching Vertreten durch: Gesch\u00e4ftsf\u00fchrer: Thomas Schneidawind, Helmut Fabian Kretschmer Kontakt: Telefon: 089 613868-0E-Mail: info@paulmmueller.com Registereintrag: Eintragung im Handelsregister.Registergericht: Registergericht M\u00fcnchenRegisternummer: HRB 54774 Umsatzsteuer: Umsatzsteuer-Identifikationsnummer gem\u00e4\u00df \u00a727 a Umsatzsteuergesetz:DE129433719 GLN (Global Location Number): 4003735000006 \u00d6ko-Kontrollstelle: DE-\u00d6KO-037 Streitschlichtung Wir sind nicht bereit oder verpflichtet, an Streitbeilegungsverfahren [&hellip;]\" \/>\n<meta property=\"og:url\" content=\"https:\/\/paulmmueller.fantomas-staging.de\/cs\/otisk\/\" \/>\n<meta property=\"og:site_name\" content=\"Paul M. M\u00fcller\" \/>\n<meta property=\"article:publisher\" content=\"https:\/\/www.facebook.com\/paulmmuellergmbh\/\" \/>\n<meta property=\"article:modified_time\" content=\"2023-11-09T23:17:54+00:00\" \/>\n<meta name=\"twitter:card\" content=\"summary_large_image\" \/>\n<meta name=\"twitter:site\" content=\"@PaulMMller1\" \/>\n<script type=\"application\/ld+json\" class=\"yoast-schema-graph\">{\"@context\":\"https:\/\/schema.org\",\"@graph\":[{\"@type\":\"WebPage\",\"@id\":\"https:\/\/paulmmueller.fantomas-staging.de\/impressum\/\",\"url\":\"https:\/\/paulmmueller.fantomas-staging.de\/impressum\/\",\"name\":\"Impressum - Paul M. M\u00fcller\",\"isPartOf\":{\"@id\":\"https:\/\/paulmmueller.fantomas-staging.de\/en\/#website\"},\"datePublished\":\"2022-07-16T15:17:56+00:00\",\"dateModified\":\"2023-11-09T23:17:54+00:00\",\"breadcrumb\":{\"@id\":\"https:\/\/paulmmueller.fantomas-staging.de\/impressum\/#breadcrumb\"},\"inLanguage\":\"cs\",\"potentialAction\":[{\"@type\":\"ReadAction\",\"target\":[\"https:\/\/paulmmueller.fantomas-staging.de\/impressum\/\"]}]},{\"@type\":\"BreadcrumbList\",\"@id\":\"https:\/\/paulmmueller.fantomas-staging.de\/impressum\/#breadcrumb\",\"itemListElement\":[{\"@type\":\"ListItem\",\"position\":1,\"name\":\"Home\",\"item\":\"https:\/\/paulmmueller.fantomas-staging.de\/\"},{\"@type\":\"ListItem\",\"position\":2,\"name\":\"Impressum\"}]},{\"@type\":\"WebSite\",\"@id\":\"https:\/\/paulmmueller.fantomas-staging.de\/en\/#website\",\"url\":\"https:\/\/paulmmueller.fantomas-staging.de\/en\/\",\"name\":\"Paul M. M\u00fcller\",\"description\":\"Die Food Marken Macher\",\"publisher\":{\"@id\":\"https:\/\/paulmmueller.fantomas-staging.de\/en\/#organization\"},\"potentialAction\":[{\"@type\":\"SearchAction\",\"target\":{\"@type\":\"EntryPoint\",\"urlTemplate\":\"https:\/\/paulmmueller.fantomas-staging.de\/en\/?s={search_term_string}\"},\"query-input\":{\"@type\":\"PropertyValueSpecification\",\"valueRequired\":true,\"valueName\":\"search_term_string\"}}],\"inLanguage\":\"cs\"},{\"@type\":\"Organization\",\"@id\":\"https:\/\/paulmmueller.fantomas-staging.de\/en\/#organization\",\"name\":\"Paul M. M\u00fcller GmbH\",\"url\":\"https:\/\/paulmmueller.fantomas-staging.de\/en\/\",\"logo\":{\"@type\":\"ImageObject\",\"inLanguage\":\"cs\",\"@id\":\"https:\/\/paulmmueller.fantomas-staging.de\/en\/#\/schema\/logo\/image\/\",\"url\":\"https:\/\/paulmmueller.fantomas-staging.de\/wp-content\/uploads\/2022\/08\/PaulMMueller_2021_EN.svg\",\"contentUrl\":\"https:\/\/paulmmueller.fantomas-staging.de\/wp-content\/uploads\/2022\/08\/PaulMMueller_2021_EN.svg\",\"width\":730,\"height\":137,\"caption\":\"Paul M. M\u00fcller GmbH\"},\"image\":{\"@id\":\"https:\/\/paulmmueller.fantomas-staging.de\/en\/#\/schema\/logo\/image\/\"},\"sameAs\":[\"https:\/\/www.facebook.com\/paulmmuellergmbh\/\",\"https:\/\/x.com\/PaulMMller1\",\"https:\/\/www.instagram.com\/paul_m._mueller_gmbh\/\",\"https:\/\/www.linkedin.com\/company\/17897510\/\",\"https:\/\/www.xing.com\/companies\/paulm.mllergmbh\"]}]}<\/script>\n<!-- \/ Yoast SEO plugin. -->","yoast_head_json":{"title":"Impressum - Paul M. M\u00fcller","robots":{"index":"index","follow":"follow","max-snippet":"max-snippet:-1","max-image-preview":"max-image-preview:large","max-video-preview":"max-video-preview:-1"},"canonical":"https:\/\/paulmmueller.fantomas-staging.de\/cs\/otisk\/","og_locale":"cs_CZ","og_type":"article","og_title":"Impressum - Paul M. M\u00fcller","og_description":"Impressum Angaben gem\u00e4\u00df \u00a7 5 TMG: Paul M. M\u00fcller GmbHRaiffeisenallee 582041 Oberhaching Vertreten durch: Gesch\u00e4ftsf\u00fchrer: Thomas Schneidawind, Helmut Fabian Kretschmer Kontakt: Telefon: 089 613868-0E-Mail: info@paulmmueller.com Registereintrag: Eintragung im Handelsregister.Registergericht: Registergericht M\u00fcnchenRegisternummer: HRB 54774 Umsatzsteuer: Umsatzsteuer-Identifikationsnummer gem\u00e4\u00df \u00a727 a Umsatzsteuergesetz:DE129433719 GLN (Global Location Number): 4003735000006 \u00d6ko-Kontrollstelle: DE-\u00d6KO-037 Streitschlichtung Wir sind nicht bereit oder verpflichtet, an Streitbeilegungsverfahren [&hellip;]","og_url":"https:\/\/paulmmueller.fantomas-staging.de\/cs\/otisk\/","og_site_name":"Paul M. M\u00fcller","article_publisher":"https:\/\/www.facebook.com\/paulmmuellergmbh\/","article_modified_time":"2023-11-09T23:17:54+00:00","twitter_card":"summary_large_image","twitter_site":"@PaulMMller1","schema":{"@context":"https:\/\/schema.org","@graph":[{"@type":"WebPage","@id":"https:\/\/paulmmueller.fantomas-staging.de\/impressum\/","url":"https:\/\/paulmmueller.fantomas-staging.de\/impressum\/","name":"Impressum - Paul M. M\u00fcller","isPartOf":{"@id":"https:\/\/paulmmueller.fantomas-staging.de\/en\/#website"},"datePublished":"2022-07-16T15:17:56+00:00","dateModified":"2023-11-09T23:17:54+00:00","breadcrumb":{"@id":"https:\/\/paulmmueller.fantomas-staging.de\/impressum\/#breadcrumb"},"inLanguage":"cs","potentialAction":[{"@type":"ReadAction","target":["https:\/\/paulmmueller.fantomas-staging.de\/impressum\/"]}]},{"@type":"BreadcrumbList","@id":"https:\/\/paulmmueller.fantomas-staging.de\/impressum\/#breadcrumb","itemListElement":[{"@type":"ListItem","position":1,"name":"Home","item":"https:\/\/paulmmueller.fantomas-staging.de\/"},{"@type":"ListItem","position":2,"name":"Impressum"}]},{"@type":"WebSite","@id":"https:\/\/paulmmueller.fantomas-staging.de\/en\/#website","url":"https:\/\/paulmmueller.fantomas-staging.de\/en\/","name":"Paul M. M\u00fcller","description":"Die Food Marken Macher","publisher":{"@id":"https:\/\/paulmmueller.fantomas-staging.de\/en\/#organization"},"potentialAction":[{"@type":"SearchAction","target":{"@type":"EntryPoint","urlTemplate":"https:\/\/paulmmueller.fantomas-staging.de\/en\/?s={search_term_string}"},"query-input":{"@type":"PropertyValueSpecification","valueRequired":true,"valueName":"search_term_string"}}],"inLanguage":"cs"},{"@type":"Organization","@id":"https:\/\/paulmmueller.fantomas-staging.de\/en\/#organization","name":"Paul M. M\u00fcller GmbH","url":"https:\/\/paulmmueller.fantomas-staging.de\/en\/","logo":{"@type":"ImageObject","inLanguage":"cs","@id":"https:\/\/paulmmueller.fantomas-staging.de\/en\/#\/schema\/logo\/image\/","url":"https:\/\/paulmmueller.fantomas-staging.de\/wp-content\/uploads\/2022\/08\/PaulMMueller_2021_EN.svg","contentUrl":"https:\/\/paulmmueller.fantomas-staging.de\/wp-content\/uploads\/2022\/08\/PaulMMueller_2021_EN.svg","width":730,"height":137,"caption":"Paul M. M\u00fcller GmbH"},"image":{"@id":"https:\/\/paulmmueller.fantomas-staging.de\/en\/#\/schema\/logo\/image\/"},"sameAs":["https:\/\/www.facebook.com\/paulmmuellergmbh\/","https:\/\/x.com\/PaulMMller1","https:\/\/www.instagram.com\/paul_m._mueller_gmbh\/","https:\/\/www.linkedin.com\/company\/17897510\/","https:\/\/www.xing.com\/companies\/paulm.mllergmbh"]}]}},"_links":{"self":[{"href":"https:\/\/paulmmueller.fantomas-staging.de\/cs\/wp-json\/wp\/v2\/pages\/13235","targetHints":{"allow":["GET"]}}],"collection":[{"href":"https:\/\/paulmmueller.fantomas-staging.de\/cs\/wp-json\/wp\/v2\/pages"}],"about":[{"href":"https:\/\/paulmmueller.fantomas-staging.de\/cs\/wp-json\/wp\/v2\/types\/page"}],"author":[{"embeddable":true,"href":"https:\/\/paulmmueller.fantomas-staging.de\/cs\/wp-json\/wp\/v2\/users\/1"}],"replies":[{"embeddable":true,"href":"https:\/\/paulmmueller.fantomas-staging.de\/cs\/wp-json\/wp\/v2\/comments?post=13235"}],"version-history":[{"count":10,"href":"https:\/\/paulmmueller.fantomas-staging.de\/cs\/wp-json\/wp\/v2\/pages\/13235\/revisions"}],"predecessor-version":[{"id":18548,"href":"https:\/\/paulmmueller.fantomas-staging.de\/cs\/wp-json\/wp\/v2\/pages\/13235\/revisions\/18548"}],"wp:attachment":[{"href":"https:\/\/paulmmueller.fantomas-staging.de\/cs\/wp-json\/wp\/v2\/media?parent=13235"}],"curies":[{"name":"wp","href":"https:\/\/api.w.org\/{rel}","templated":true}]}}