{"id":13269,"date":"2022-07-16T17:33:30","date_gmt":"2022-07-16T15:33:30","guid":{"rendered":"https:\/\/paulmmueller.fantomas-staging.de\/?page_id=13269"},"modified":"2024-04-20T17:38:42","modified_gmt":"2024-04-20T15:38:42","slug":"agb","status":"publish","type":"page","link":"https:\/\/paulmmueller.fantomas-staging.de\/cs\/agb\/","title":{"rendered":"GTC"},"content":{"rendered":"<div data-elementor-type=\"wp-page\" data-elementor-id=\"13269\" class=\"elementor elementor-13269\" data-elementor-post-type=\"page\">\n\t\t\t\t\t\t<section class=\"elementor-section elementor-top-section elementor-element elementor-element-485a798 elementor-section-boxed elementor-section-height-default elementor-section-height-default\" data-id=\"485a798\" data-element_type=\"section\">\n\t\t\t\t\t\t<div class=\"elementor-container elementor-column-gap-default\">\n\t\t\t\t\t<div class=\"elementor-column elementor-col-100 elementor-top-column elementor-element elementor-element-c1d759b\" data-id=\"c1d759b\" data-element_type=\"column\">\n\t\t\t<div class=\"elementor-widget-wrap elementor-element-populated\">\n\t\t\t\t\t\t<div class=\"elementor-element elementor-element-69e067f elementor-widget elementor-widget-heading\" data-id=\"69e067f\" data-element_type=\"widget\" data-widget_type=\"heading.default\">\n\t\t\t\t\t<h1 class=\"elementor-heading-title elementor-size-default\">V\u0160EOBECN\u00c9 PODM\u00cdNKY<\/h1>\t\t\t\t<\/div>\n\t\t\t\t\t<\/div>\n\t\t<\/div>\n\t\t\t\t\t<\/div>\n\t\t<\/section>\n\t\t\t\t<section class=\"elementor-section elementor-top-section elementor-element elementor-element-c938a14 elementor-section-boxed elementor-section-height-default elementor-section-height-default\" data-id=\"c938a14\" data-element_type=\"section\">\n\t\t\t\t\t\t<div class=\"elementor-container elementor-column-gap-default\">\n\t\t\t\t\t<div class=\"elementor-column elementor-col-100 elementor-top-column elementor-element elementor-element-bda4903\" data-id=\"bda4903\" data-element_type=\"column\">\n\t\t\t<div class=\"elementor-widget-wrap elementor-element-populated\">\n\t\t\t\t\t\t<div class=\"elementor-element elementor-element-cb14664 elementor-widget__width-initial elementor-widget elementor-widget-text-editor\" data-id=\"cb14664\" data-element_type=\"widget\" data-widget_type=\"text-editor.default\">\n\t\t\t\t\t\t\t\t\t<div class=\"vc_row wpb_row vc_row-fluid vc_custom_1467972081308 vc_row-has-fill\">\n<div class=\"container\">\n<div class=\"row\">\n<div class=\"wpb_column vc_column_container vc_col-sm-12 align-center\">\n<div class=\"vc_custom_column-inner\">\n<div class=\"wpb_wrapper\">\n<h2 class=\"cms-custom-headding cms-align-center vc_custom_heading headline-opa\">Podm\u00ednky prodeje a dod\u00e1n\u00ed<\/h2>\n<\/div>\n<\/div>\n<\/div>\n<\/div>\n<\/div>\n<\/div>\n<div class=\"vc_row wpb_row vc_row-fluid jk-mobile-padding vc_custom_1484310779656 vc_row-has-fill\">\n<div class=\"container\">\n<div class=\"row\">\n<div class=\"wpb_column vc_column_container vc_col-sm-6\">\n<div class=\"vc_custom_column-inner\">\n<div class=\"wpb_wrapper\">\n<div class=\"wpb_text_column wpb_content_element text-agb\">\n<div class=\"wpb_wrapper\">\n<h3>1. obecn\u00e9 informace<\/h3>\nVe\u0161ker\u00e9 prodeje, dod\u00e1vky a dopl\u0148kov\u00e9 slu\u017eby (v\u010detn\u011b budouc\u00edch) se uzav\u00edraj\u00ed a realizuj\u00ed na z\u00e1klad\u011b platn\u00fdch obchodn\u00edch podm\u00ednek spole\u010dnosti \"Waren-Verein der Hamburger B\u00f6rse e.V.\" (WVB), pokud nejsou stanovena zvl\u00e1\u0161tn\u00ed nebo odchyln\u00e1 ustanoven\u00ed. Tyto obchodn\u00ed podm\u00ednky jsou zve\u0159ejn\u011bny na internetov\u00e9 adrese www.waren-verein.de. Podm\u00ednky kupuj\u00edc\u00edho nebo zprost\u0159edkovatele \u010di agenta, kter\u00e9 se odchyluj\u00ed od na\u0161ich obchodn\u00edch podm\u00ednek, jako\u017e i vedlej\u0161\u00ed ujedn\u00e1n\u00ed o obsahu smlouvy a jej\u00ed zm\u011bny vy\u017eaduj\u00ed ke sv\u00e9 platnosti na\u0161e p\u00edsemn\u00e9 potvrzen\u00ed.\n<h3>2. kvalita<\/h3>\nZ\u00e1sadn\u011b dod\u00e1v\u00e1me zdrav\u00e9 a obvykl\u00e9 zbo\u017e\u00ed, kter\u00e9 je v souladu s p\u0159edpisy potravinov\u00e9ho pr\u00e1va Spolkov\u00e9 republiky N\u011bmecko a Evropsk\u00e9 unie, s vyhl\u00e1\u0161kou o ozna\u010dov\u00e1n\u00ed a se z\u00e1konem o kalibraci a m\u011b\u0159en\u00ed v p\u0159\u00edslu\u0161n\u00e9m platn\u00e9m zn\u011bn\u00ed.\n<h3>3. nedostatky\/po\u0161kozen\u00ed<\/h3>\nNedostatky a\/nebo po\u0161kozen\u00ed uzn\u00e1me pouze na z\u00e1klad\u011b p\u0159edlo\u017een\u00ed n\u00e1kladn\u00edho listu potvrzen\u00e9ho dopravcem s odpov\u00eddaj\u00edc\u00ed pozn\u00e1mkou.\n<h3>4. datum dod\u00e1n\u00ed<\/h3>\nTyto informace jsou v\u017edy \"p\u0159ibli\u017en\u00e9\" a podl\u00e9haj\u00ed p\u0159\u00edpadn\u00fdm opat\u0159en\u00edm ES nebo vl\u00e1dy (tak\u00e9 v zemi dod\u00e1n\u00ed), jako\u017e i na\u0161im vlastn\u00edm v\u010dasn\u00fdm dod\u00e1vk\u00e1m. P\u0159\u00edpadn\u00e9 zv\u00fd\u0161en\u00ed ve\u0159ejn\u00fdch a jin\u00fdch poplatk\u016f (cla, odvody, p\u0159\u00edsp\u011bvky DSD atd.), jako\u017e i zv\u00fd\u0161en\u00ed p\u0159epravn\u00edch sazeb do doby dod\u00e1n\u00ed hrad\u00ed kupuj\u00edc\u00ed.\n<h3>5. v\u00fdhrada dod\u00e1n\u00ed do vlastn\u00edch rukou<\/h3>\nV\u017edy si vyhrazujeme pr\u00e1vo na spr\u00e1vn\u00e9 a v\u010dasn\u00e9 vlastn\u00ed dod\u00e1n\u00ed ze strany na\u0161ich dodavatel\u016f. Ustanoven\u00ed \u00a7 29 WVB plat\u00ed v podrobnostech.\n<h3>6. platba<\/h3>\nPokud se nejedn\u00e1 o dokument\u00e1rn\u00ed obchod, je to souhlasn\u00e9:\nPlatby se prov\u00e1d\u011bj\u00ed okam\u017eit\u011b a bez sr\u00e1\u017eek po obdr\u017een\u00ed zbo\u017e\u00ed a faktury. Pokud se po uzav\u0159en\u00ed smlouvy uk\u00e1\u017ee, \u017ee n\u00e1\u0161 smluvn\u00ed partner ji\u017e nen\u00ed bonitn\u00ed, zejm\u00e9na z d\u016fvodu protest\u016f sm\u011bnek a \u0161ek\u016f, jako\u017e i vr\u00e1cen\u00fdch inkas apod., jsme opr\u00e1vn\u011bni po\u017eadovat poskytnut\u00ed jistoty nebo dod\u00e1vat pouze proti z\u00e1loze; v takov\u00fdch p\u0159\u00edpadech jsme opr\u00e1vn\u011bni zru\u0161it jakoukoli c\u00edlovou platbu. Nebude-li platba provedena v\u010das, budou z kupn\u00ed ceny ode dne splatnosti \u00fa\u010dtov\u00e1ny \u00faroky z prodlen\u00ed ve v\u00fd\u0161i debetn\u00ed \u00farokov\u00e9 sazby na\u0161\u00ed banky, kterou na po\u017e\u00e1d\u00e1n\u00ed prok\u00e1\u017eeme, v p\u0159\u00edpad\u011b prodlen\u00ed v\u0161ak nejm\u00e9n\u011b ve v\u00fd\u0161i z\u00e1konn\u00e9ho \u00faroku z prodlen\u00ed.\n<h3>7. pr\u00e1va kupuj\u00edc\u00edho v p\u0159\u00edpad\u011b dod\u00e1vky v rozporu se smlouvou<\/h3>\nV p\u0159\u00edpad\u011b dod\u00e1n\u00ed zbo\u017e\u00ed v rozporu se smlouvou se pr\u00e1va kupuj\u00edc\u00edho \u0159\u00edd\u00ed \u00a7 19 WVB. Proml\u010dec\u00ed lh\u016fta stanoven\u00e1 v odstavci (11) tohoto ustanoven\u00ed \u010din\u00ed 12 m\u011bs\u00edc\u016f.\n<h3>8. v\u00fdhrada vlastnictv\u00ed<\/h3>\nVlastnick\u00e9 pr\u00e1vo k n\u00e1mi dodan\u00e9mu zbo\u017e\u00ed a k v\u00fdrobk\u016fm vznikl\u00fdm jeho zpracov\u00e1n\u00edm si ponech\u00e1v\u00e1me a\u017e do zaplacen\u00ed na\u0161ich jednotliv\u00fdch pohled\u00e1vek a do vyrovn\u00e1n\u00ed z\u016fstatku na na\u0161em b\u011b\u017en\u00e9m \u00fa\u010dtu, a to i v p\u0159\u00edpad\u011b, \u017ee je zbo\u017e\u00ed zpracov\u00e1no (\u00a7\u00a7 947, 948, 950, 951 BGB). Kupuj\u00edc\u00ed m\u016f\u017ee dodan\u00e9 zbo\u017e\u00ed a v\u00fdrobky vznikl\u00e9 jeho zpracov\u00e1n\u00edm d\u00e1le prod\u00e1vat pouze v r\u00e1mci b\u011b\u017en\u00e9ho obchodn\u00edho styku. Uzav\u0159en\u00edm kupn\u00ed smlouvy na n\u00e1s postupuje jako jistotu ve\u0161ker\u00e9 pohled\u00e1vky, na kter\u00e9 m\u00e1 n\u00e1rok z dal\u0161\u00edho prodeje nebo z jin\u00e9ho pr\u00e1vn\u00edho d\u016fvodu. Kupuj\u00edc\u00ed je opr\u00e1vn\u011bn postoupen\u00e9 pohled\u00e1vky vym\u00e1hat, pokud v\u016f\u010di n\u00e1m spln\u00ed sv\u016fj platebn\u00ed z\u00e1vazek v souladu se smlouvou. Pokud sou\u010det a hodnota postoupen\u00fdch pohled\u00e1vek re\u00e1ln\u011b p\u0159evy\u0161uje nomin\u00e1ln\u00ed hodnotu pohled\u00e1vky k zaji\u0161t\u011bn\u00ed o v\u00edce ne\u017e 20%, postoup\u00edme dle na\u0161eho uv\u00e1\u017een\u00ed pohled\u00e1vky do v\u00fd\u0161e p\u0159evy\u0161uj\u00edc\u00ed \u010d\u00e1stky zp\u011bt kupuj\u00edc\u00edmu. V opa\u010dn\u00e9m p\u0159\u00edpad\u011b se pou\u017eij\u00ed ustanoven\u00ed \u00a7 28 WVB.\n<h3>9. vy\u0161\u0161\u00ed moc<\/h3>\nPokud n\u00e1m ve spln\u011bn\u00ed na\u0161ich povinnost\u00ed p\u0159i vykl\u00e1dce nebo dod\u00e1n\u00ed br\u00e1n\u00ed nep\u0159edv\u00eddateln\u00e1 a neodvratiteln\u00e1 ud\u00e1lost, za kterou neodpov\u00edd\u00e1me a kter\u00e1 nastane po uzav\u0159en\u00ed smlouvy, m\u00e1me pr\u00e1vo podle sv\u00e9ho uv\u00e1\u017een\u00ed odstoupit od smlouvy nebo posunout term\u00edn vykl\u00e1dky nebo dod\u00e1n\u00ed o dobu trv\u00e1n\u00ed p\u0159ek\u00e1\u017eky.\n<h3>10. nebezpe\u010d\u00ed p\u0159i p\u0159eprav\u011b<\/h3>\nRiziko p\u0159epravy p\u0159i dod\u00e1n\u00ed nese kupuj\u00edc\u00ed, a to i v p\u0159\u00edpad\u011b, \u017ee bylo dohodnuto \"zdarma do skladu kupuj\u00edc\u00edho\" nebo podobn\u011b; tot\u00e9\u017e plat\u00ed i pro zasl\u00e1n\u00ed p\u0159epravn\u00edch doklad\u016f a dal\u0161\u00edch dokument\u016f, zejm\u00e9na pokud se jejich doru\u010den\u00ed opozd\u00ed. Pokud dojde ke ztr\u00e1t\u011b doklad\u016f b\u011bhem p\u0159epravy, nejsme povinni obstarat n\u00e1hradn\u00ed.\n<h3>11 M\u00edsto pln\u011bn\u00ed, soudn\u00ed p\u0159\u00edslu\u0161nost, d\u016fkazy<\/h3>\nM\u00edstem napln\u011bn\u00ed je Mnichov.\nSpory rozhoduje podle na\u0161eho uv\u00e1\u017een\u00ed rozhod\u010d\u00ed soud \"Waren-Verein der Hamburger B\u00f6rse e.V.\" nebo obecn\u00e9 soudy v Mnichov\u011b. Pokud m\u00e1 kupuj\u00edc\u00ed v \u00famyslu zah\u00e1jit \u0159\u00edzen\u00ed u uveden\u00e9ho rozhod\u010d\u00edho soudu nebo u obecn\u00fdch soud\u016f v Mnichov\u011b, mus\u00ed n\u00e1m to ozn\u00e1mit a po\u017e\u00e1dat n\u00e1s o uplatn\u011bn\u00ed pr\u00e1va volby do jednoho t\u00fddne od obdr\u017een\u00ed ozn\u00e1men\u00ed. Pokud se v t\u00e9to lh\u016ft\u011b nevyj\u00e1d\u0159\u00edme, p\u0159ech\u00e1z\u00ed pr\u00e1vo volby na kupuj\u00edc\u00edho. Jeho rozhodnut\u00ed mus\u00ed b\u00fdt u\u010din\u011bno neprodlen\u011b a ozn\u00e1meno n\u00e1m. Sporn\u00fd stav zbo\u017e\u00ed nebo vzorku lze v\u017edy prok\u00e1zat pouze znaleck\u00fdm posudkem z\u00edskan\u00fdm v souladu s jednac\u00edm \u0159\u00e1dem pro znalce \"Waren-Verein der Hamburger B\u00f6rse e.V.\".\n\nPAUL M. M\u00dcLLER GMBH\n\n<\/div>\n<\/div>\n<\/div>\n<\/div>\n<\/div>\n<\/div>\n<\/div>\n<\/div>\t\t\t\t\t\t\t\t<\/div>\n\t\t\t\t\t<\/div>\n\t\t<\/div>\n\t\t\t\t\t<\/div>\n\t\t<\/section>\n\t\t<div class=\"elementor-element elementor-element-da78d16 e-flex e-con-boxed e-con e-parent\" data-id=\"da78d16\" data-element_type=\"container\">\n\t\t\t\t\t<div class=\"e-con-inner\">\n\t\t\t\t<div class=\"elementor-element elementor-element-6513c65 elementor-widget elementor-widget-button\" data-id=\"6513c65\" data-element_type=\"widget\" data-widget_type=\"button.default\">\n\t\t\t\t\t\t\t\t\t\t<a class=\"elementor-button elementor-button-link elementor-size-sm\" href=\"https:\/\/paulmmueller.fantomas-staging.de\/wp-content\/uploads\/2024\/04\/240419_PaulMMueller_AGB_DE.pdf\">\n\t\t\t\t\t\t<span class=\"elementor-button-content-wrapper\">\n\t\t\t\t\t\t<span class=\"elementor-button-icon\">\n\t\t\t\t<svg xmlns=\"http:\/\/www.w3.org\/2000\/svg\" width=\"9.121\" height=\"15.414\" viewbox=\"0 0 9.121 15.414\"><path id=\"Pfad_2838\" data-name=\"Pfad 2838\" d=\"M426.32,439.507l7-7-7-7\" transform=\"translate(-425.613 -424.8)\" fill=\"none\" stroke=\"#ffe200\" stroke-miterlimit=\"10\" stroke-width=\"2\"><\/path><\/svg>\t\t\t<\/span>\n\t\t\t\t\t\t\t\t\t<span class=\"elementor-button-text\">St\u00e1hnout AGB jako PDF<\/span>\n\t\t\t\t\t<\/span>\n\t\t\t\t\t<\/a>\n\t\t\t\t\t\t\t\t<\/div>\n\t\t\t\t\t<\/div>\n\t\t\t\t<\/div>\n\t\t\t\t<\/div>","protected":false},"excerpt":{"rendered":"<p>V\u0160EOBECN\u00c9 PODM\u00cdNKY Prodejn\u00ed a dodac\u00ed podm\u00ednky 1 Obecn\u011b Ve\u0161ker\u00e9 prodeje, dod\u00e1vky a dopl\u0148kov\u00e9 slu\u017eby (v\u010detn\u011b budouc\u00edch) se uzav\u00edraj\u00ed a realizuj\u00ed na z\u00e1klad\u011b aktu\u00e1ln\u011b platn\u00fdch obchodn\u00edch podm\u00ednek spole\u010dnosti \"Waren-Verein der Hamburger B\u00f6rse e.V.\" (WVB), pokud nejsou stanovena zvl\u00e1\u0161tn\u00ed nebo odchyln\u00e1 ustanoven\u00ed. Tyto obchodn\u00ed podm\u00ednky jsou zve\u0159ejn\u011bny na internetov\u00e9 adrese www.waren-verein.de. Obchodn\u00ed podm\u00ednky kupuj\u00edc\u00edho nebo [...]<\/p>","protected":false},"author":1,"featured_media":0,"parent":0,"menu_order":15,"comment_status":"closed","ping_status":"closed","template":"","meta":{"_acf_changed":false,"footnotes":""},"class_list":["post-13269","page","type-page","status-publish","hentry"],"acf":[],"yoast_head":"<!-- This site is optimized with the Yoast SEO plugin v25.3.1 - https:\/\/yoast.com\/wordpress\/plugins\/seo\/ -->\n<title>AGB - Paul M. M\u00fcller<\/title>\n<meta name=\"robots\" content=\"index, follow, max-snippet:-1, max-image-preview:large, max-video-preview:-1\" \/>\n<link rel=\"canonical\" href=\"https:\/\/paulmmueller.fantomas-staging.de\/cs\/agb\/\" \/>\n<meta property=\"og:locale\" content=\"cs_CZ\" \/>\n<meta property=\"og:type\" content=\"article\" \/>\n<meta property=\"og:title\" content=\"AGB - Paul M. M\u00fcller\" \/>\n<meta property=\"og:description\" content=\"ALLGEMEINE GESCH\u00c4FTSBEDINGUNGEN Verkaufs- und Lieferbedingungen 1. Allgemeines Alle Verk\u00e4ufe, Lieferungen und Nebenleistungen (auch die zuku\u0308nftigen) werden, soweit keine besonderen oder abweichenden Regelungen getroffen worden sind, auf der Grundlage der jeweils gu\u0308ltigen Gesch\u00e4ftsbedingungen des \u201eWaren-Vereins der Hamburger B\u00f6rse e.V.\u201c (WVB) abgeschlossen und durchgefu\u0308hrt. Diese Gesch\u00e4ftsbedingungen sind im Internet unter www.waren-verein.de ver\u00f6ffentlicht. Die Gesch\u00e4ftsbedingungen des K\u00e4ufers oder [&hellip;]\" \/>\n<meta property=\"og:url\" content=\"https:\/\/paulmmueller.fantomas-staging.de\/cs\/agb\/\" \/>\n<meta property=\"og:site_name\" content=\"Paul M. M\u00fcller\" \/>\n<meta property=\"article:publisher\" content=\"https:\/\/www.facebook.com\/paulmmuellergmbh\/\" \/>\n<meta property=\"article:modified_time\" content=\"2024-04-20T15:38:42+00:00\" \/>\n<meta name=\"twitter:card\" content=\"summary_large_image\" \/>\n<meta name=\"twitter:site\" content=\"@PaulMMller1\" \/>\n<script type=\"application\/ld+json\" class=\"yoast-schema-graph\">{\"@context\":\"https:\/\/schema.org\",\"@graph\":[{\"@type\":\"WebPage\",\"@id\":\"https:\/\/paulmmueller.fantomas-staging.de\/agb\/\",\"url\":\"https:\/\/paulmmueller.fantomas-staging.de\/agb\/\",\"name\":\"AGB - Paul M. M\u00fcller\",\"isPartOf\":{\"@id\":\"https:\/\/paulmmueller.fantomas-staging.de\/en\/#website\"},\"datePublished\":\"2022-07-16T15:33:30+00:00\",\"dateModified\":\"2024-04-20T15:38:42+00:00\",\"breadcrumb\":{\"@id\":\"https:\/\/paulmmueller.fantomas-staging.de\/agb\/#breadcrumb\"},\"inLanguage\":\"cs\",\"potentialAction\":[{\"@type\":\"ReadAction\",\"target\":[\"https:\/\/paulmmueller.fantomas-staging.de\/agb\/\"]}]},{\"@type\":\"BreadcrumbList\",\"@id\":\"https:\/\/paulmmueller.fantomas-staging.de\/agb\/#breadcrumb\",\"itemListElement\":[{\"@type\":\"ListItem\",\"position\":1,\"name\":\"Home\",\"item\":\"https:\/\/paulmmueller.fantomas-staging.de\/\"},{\"@type\":\"ListItem\",\"position\":2,\"name\":\"AGB\"}]},{\"@type\":\"WebSite\",\"@id\":\"https:\/\/paulmmueller.fantomas-staging.de\/en\/#website\",\"url\":\"https:\/\/paulmmueller.fantomas-staging.de\/en\/\",\"name\":\"Paul M. M\u00fcller\",\"description\":\"Die Food Marken Macher\",\"publisher\":{\"@id\":\"https:\/\/paulmmueller.fantomas-staging.de\/en\/#organization\"},\"potentialAction\":[{\"@type\":\"SearchAction\",\"target\":{\"@type\":\"EntryPoint\",\"urlTemplate\":\"https:\/\/paulmmueller.fantomas-staging.de\/en\/?s={search_term_string}\"},\"query-input\":{\"@type\":\"PropertyValueSpecification\",\"valueRequired\":true,\"valueName\":\"search_term_string\"}}],\"inLanguage\":\"cs\"},{\"@type\":\"Organization\",\"@id\":\"https:\/\/paulmmueller.fantomas-staging.de\/en\/#organization\",\"name\":\"Paul M. M\u00fcller GmbH\",\"url\":\"https:\/\/paulmmueller.fantomas-staging.de\/en\/\",\"logo\":{\"@type\":\"ImageObject\",\"inLanguage\":\"cs\",\"@id\":\"https:\/\/paulmmueller.fantomas-staging.de\/en\/#\/schema\/logo\/image\/\",\"url\":\"https:\/\/paulmmueller.fantomas-staging.de\/wp-content\/uploads\/2022\/08\/PaulMMueller_2021_EN.svg\",\"contentUrl\":\"https:\/\/paulmmueller.fantomas-staging.de\/wp-content\/uploads\/2022\/08\/PaulMMueller_2021_EN.svg\",\"width\":730,\"height\":137,\"caption\":\"Paul M. M\u00fcller GmbH\"},\"image\":{\"@id\":\"https:\/\/paulmmueller.fantomas-staging.de\/en\/#\/schema\/logo\/image\/\"},\"sameAs\":[\"https:\/\/www.facebook.com\/paulmmuellergmbh\/\",\"https:\/\/x.com\/PaulMMller1\",\"https:\/\/www.instagram.com\/paul_m._mueller_gmbh\/\",\"https:\/\/www.linkedin.com\/company\/17897510\/\",\"https:\/\/www.xing.com\/companies\/paulm.mllergmbh\"]}]}<\/script>\n<!-- \/ Yoast SEO plugin. -->","yoast_head_json":{"title":"AGB - Paul M. M\u00fcller","robots":{"index":"index","follow":"follow","max-snippet":"max-snippet:-1","max-image-preview":"max-image-preview:large","max-video-preview":"max-video-preview:-1"},"canonical":"https:\/\/paulmmueller.fantomas-staging.de\/cs\/agb\/","og_locale":"cs_CZ","og_type":"article","og_title":"AGB - Paul M. M\u00fcller","og_description":"ALLGEMEINE GESCH\u00c4FTSBEDINGUNGEN Verkaufs- und Lieferbedingungen 1. Allgemeines Alle Verk\u00e4ufe, Lieferungen und Nebenleistungen (auch die zuku\u0308nftigen) werden, soweit keine besonderen oder abweichenden Regelungen getroffen worden sind, auf der Grundlage der jeweils gu\u0308ltigen Gesch\u00e4ftsbedingungen des \u201eWaren-Vereins der Hamburger B\u00f6rse e.V.\u201c (WVB) abgeschlossen und durchgefu\u0308hrt. Diese Gesch\u00e4ftsbedingungen sind im Internet unter www.waren-verein.de ver\u00f6ffentlicht. Die Gesch\u00e4ftsbedingungen des K\u00e4ufers oder [&hellip;]","og_url":"https:\/\/paulmmueller.fantomas-staging.de\/cs\/agb\/","og_site_name":"Paul M. M\u00fcller","article_publisher":"https:\/\/www.facebook.com\/paulmmuellergmbh\/","article_modified_time":"2024-04-20T15:38:42+00:00","twitter_card":"summary_large_image","twitter_site":"@PaulMMller1","schema":{"@context":"https:\/\/schema.org","@graph":[{"@type":"WebPage","@id":"https:\/\/paulmmueller.fantomas-staging.de\/agb\/","url":"https:\/\/paulmmueller.fantomas-staging.de\/agb\/","name":"AGB - Paul M. M\u00fcller","isPartOf":{"@id":"https:\/\/paulmmueller.fantomas-staging.de\/en\/#website"},"datePublished":"2022-07-16T15:33:30+00:00","dateModified":"2024-04-20T15:38:42+00:00","breadcrumb":{"@id":"https:\/\/paulmmueller.fantomas-staging.de\/agb\/#breadcrumb"},"inLanguage":"cs","potentialAction":[{"@type":"ReadAction","target":["https:\/\/paulmmueller.fantomas-staging.de\/agb\/"]}]},{"@type":"BreadcrumbList","@id":"https:\/\/paulmmueller.fantomas-staging.de\/agb\/#breadcrumb","itemListElement":[{"@type":"ListItem","position":1,"name":"Home","item":"https:\/\/paulmmueller.fantomas-staging.de\/"},{"@type":"ListItem","position":2,"name":"AGB"}]},{"@type":"WebSite","@id":"https:\/\/paulmmueller.fantomas-staging.de\/en\/#website","url":"https:\/\/paulmmueller.fantomas-staging.de\/en\/","name":"Paul M. M\u00fcller","description":"Die Food Marken Macher","publisher":{"@id":"https:\/\/paulmmueller.fantomas-staging.de\/en\/#organization"},"potentialAction":[{"@type":"SearchAction","target":{"@type":"EntryPoint","urlTemplate":"https:\/\/paulmmueller.fantomas-staging.de\/en\/?s={search_term_string}"},"query-input":{"@type":"PropertyValueSpecification","valueRequired":true,"valueName":"search_term_string"}}],"inLanguage":"cs"},{"@type":"Organization","@id":"https:\/\/paulmmueller.fantomas-staging.de\/en\/#organization","name":"Paul M. M\u00fcller GmbH","url":"https:\/\/paulmmueller.fantomas-staging.de\/en\/","logo":{"@type":"ImageObject","inLanguage":"cs","@id":"https:\/\/paulmmueller.fantomas-staging.de\/en\/#\/schema\/logo\/image\/","url":"https:\/\/paulmmueller.fantomas-staging.de\/wp-content\/uploads\/2022\/08\/PaulMMueller_2021_EN.svg","contentUrl":"https:\/\/paulmmueller.fantomas-staging.de\/wp-content\/uploads\/2022\/08\/PaulMMueller_2021_EN.svg","width":730,"height":137,"caption":"Paul M. M\u00fcller GmbH"},"image":{"@id":"https:\/\/paulmmueller.fantomas-staging.de\/en\/#\/schema\/logo\/image\/"},"sameAs":["https:\/\/www.facebook.com\/paulmmuellergmbh\/","https:\/\/x.com\/PaulMMller1","https:\/\/www.instagram.com\/paul_m._mueller_gmbh\/","https:\/\/www.linkedin.com\/company\/17897510\/","https:\/\/www.xing.com\/companies\/paulm.mllergmbh"]}]}},"_links":{"self":[{"href":"https:\/\/paulmmueller.fantomas-staging.de\/cs\/wp-json\/wp\/v2\/pages\/13269","targetHints":{"allow":["GET"]}}],"collection":[{"href":"https:\/\/paulmmueller.fantomas-staging.de\/cs\/wp-json\/wp\/v2\/pages"}],"about":[{"href":"https:\/\/paulmmueller.fantomas-staging.de\/cs\/wp-json\/wp\/v2\/types\/page"}],"author":[{"embeddable":true,"href":"https:\/\/paulmmueller.fantomas-staging.de\/cs\/wp-json\/wp\/v2\/users\/1"}],"replies":[{"embeddable":true,"href":"https:\/\/paulmmueller.fantomas-staging.de\/cs\/wp-json\/wp\/v2\/comments?post=13269"}],"version-history":[{"count":10,"href":"https:\/\/paulmmueller.fantomas-staging.de\/cs\/wp-json\/wp\/v2\/pages\/13269\/revisions"}],"predecessor-version":[{"id":19702,"href":"https:\/\/paulmmueller.fantomas-staging.de\/cs\/wp-json\/wp\/v2\/pages\/13269\/revisions\/19702"}],"wp:attachment":[{"href":"https:\/\/paulmmueller.fantomas-staging.de\/cs\/wp-json\/wp\/v2\/media?parent=13269"}],"curies":[{"name":"wp","href":"https:\/\/api.w.org\/{rel}","templated":true}]}}