{"id":20057,"date":"2024-05-16T09:06:11","date_gmt":"2024-05-16T07:06:11","guid":{"rendered":"https:\/\/paulmmueller.com\/?page_id=20057"},"modified":"2024-05-17T08:38:17","modified_gmt":"2024-05-17T06:38:17","slug":"donna-rosa","status":"publish","type":"page","link":"https:\/\/paulmmueller.fantomas-staging.de\/cs\/svet-znacek\/donna-rosa\/","title":{"rendered":"Donna Rosa"},"content":{"rendered":"<div data-elementor-type=\"wp-page\" data-elementor-id=\"20057\" class=\"elementor elementor-20057\" data-elementor-post-type=\"page\">\n\t\t\t\t<div class=\"elementor-element elementor-element-9b91985 e-flex e-con-boxed e-con e-parent\" data-id=\"9b91985\" data-element_type=\"container\">\n\t\t\t\t\t<div class=\"e-con-inner\">\n\t\t\t\t<div class=\"elementor-element elementor-element-09aa536 dce_masking-none elementor-widget elementor-widget-image\" data-id=\"09aa536\" data-element_type=\"widget\" data-widget_type=\"image.default\">\n\t\t\t\t\t\t\t\t\t\t\t\t\t\t\t<img fetchpriority=\"high\" decoding=\"async\" width=\"658\" height=\"80\" src=\"https:\/\/paulmmueller.fantomas-staging.de\/wp-content\/uploads\/2024\/05\/Donna_Rosa_Logo.svg\" class=\"attachment-large size-large wp-image-19837\" alt=\"\" \/>\t\t\t\t\t\t\t\t\t\t\t\t\t\t\t<\/div>\n\t\t<div class=\"elementor-element elementor-element-da9e361 e-con-full e-flex e-con e-child\" data-id=\"da9e361\" data-element_type=\"container\">\n\t\t<div class=\"elementor-element elementor-element-22a8056 e-con-full e-flex e-con e-child\" data-id=\"22a8056\" data-element_type=\"container\">\n\t\t\t\t<\/div>\n\t\t<div class=\"elementor-element elementor-element-55e3ac5 e-con-full e-flex e-con e-child\" data-id=\"55e3ac5\" data-element_type=\"container\">\n\t\t\t\t<div class=\"elementor-element elementor-element-40ca363 elementor-widget elementor-widget-text-editor\" data-id=\"40ca363\" data-element_type=\"widget\" data-widget_type=\"text-editor.default\">\n\t\t\t\t\t\t\t\t\t<p>M\u016f\u017eeme se p\u0159edstavit? DONNA ROSA - vedle zna\u010dky ADRIA jedna z nejlep\u0161\u00edch zna\u010dek na\u0161\u00ed spole\u010dnosti.<\/p>\t\t\t\t\t\t\t\t<\/div>\n\t\t\t\t<\/div>\n\t\t<div class=\"elementor-element elementor-element-2d3436f e-con-full e-flex e-con e-child\" data-id=\"2d3436f\" data-element_type=\"container\">\n\t\t\t\t<div class=\"elementor-element elementor-element-ded58ec elementor-widget elementor-widget-text-editor\" data-id=\"ded58ec\" data-element_type=\"widget\" data-widget_type=\"text-editor.default\">\n\t\t\t\t\t\t\t\t\t<p><b>Cel\u00e9mu sv\u011btu<\/b><\/p>\n<p>DONNA ROSA kombinuje to nejlep\u0161\u00ed ze v\u0161ech potravin\u00e1\u0159sk\u00fdch sv\u011bt\u016f. Zaj\u00edmavost: tato zna\u010dka m\u00e1 na etiket\u011b v\u00fdrazn\u011b v\u00edce jazyk\u016f, aby spl\u0148ovala po\u017eadavky pro export.<br><\/p>\t\t\t\t\t\t\t\t<\/div>\n\t\t\t\t<\/div>\n\t\t<div class=\"elementor-element elementor-element-7d450ec e-con-full e-flex e-con e-child\" data-id=\"7d450ec\" data-element_type=\"container\">\n\t\t\t\t<\/div>\n\t\t\t\t<\/div>\n\t\t\t\t\t<\/div>\n\t\t\t\t<\/div>\n\t\t<div class=\"elementor-element elementor-element-061f3df e-con-full e-flex e-con e-parent\" data-id=\"061f3df\" data-element_type=\"container\" data-settings=\"{&quot;enabled_visibility&quot;:&quot;yes&quot;,&quot;dce_visibility_selected&quot;:&quot;hide&quot;}\">\n\t\t<div class=\"elementor-element elementor-element-8696e9a e-con-full e-flex e-con e-child\" data-id=\"8696e9a\" data-element_type=\"container\" data-settings=\"{&quot;position&quot;:&quot;absolute&quot;}\">\n\t\t<div class=\"elementor-element elementor-element-c40ed74 e-con-full e-flex e-con e-child\" data-id=\"c40ed74\" data-element_type=\"container\">\n\t\t\t\t<\/div>\n\t\t<div data-dce-background-image-url=\"https:\/\/paulmmueller.fantomas-staging.de\/wp-content\/uploads\/2024\/05\/Donna_Rosa_Dose_1_mit_BG.png\" class=\"elementor-element elementor-element-30015b2 e-con-full e-flex e-con e-child\" data-id=\"30015b2\" data-element_type=\"container\" data-settings=\"{&quot;background_background&quot;:&quot;classic&quot;}\">\n\t\t\t\t<\/div>\n\t\t\t\t<\/div>\n\t\t<div class=\"elementor-element elementor-element-2a741ac e-flex e-con-boxed e-con e-child\" data-id=\"2a741ac\" data-element_type=\"container\">\n\t\t\t\t\t<div class=\"e-con-inner\">\n\t\t<div class=\"elementor-element elementor-element-11b7d51 e-con-full e-flex e-con e-child\" data-id=\"11b7d51\" data-element_type=\"container\">\n\t\t\t\t<div class=\"elementor-element elementor-element-e5b827b elementor-widget elementor-widget-heading\" data-id=\"e5b827b\" data-element_type=\"widget\" data-widget_type=\"heading.default\">\n\t\t\t\t\t<h3 class=\"elementor-heading-title elementor-size-default\">Sardelov\u00e9 fil\u00e9<\/h3>\t\t\t\t<\/div>\n\t\t\t\t<div class=\"elementor-element elementor-element-ca23547 elementor-widget elementor-widget-text-editor\" data-id=\"ca23547\" data-element_type=\"widget\" data-widget_type=\"text-editor.default\">\n\t\t\t\t\t\t\t\t\t<p>Mal\u00e9 poklady: An\u010dovi\u010dky jsou celosv\u011btov\u011b v\u00fdznamnou jedlou rybou - zejm\u00e9na jako p\u0159\u00edloha na pizzu.<\/p><p>Nab\u00edz\u00edme je ve slune\u010dnicov\u00e9m oleji v klasick\u00e9 plechovce na brikety pro velkoodb\u011bratele.<\/p>\t\t\t\t\t\t\t\t<\/div>\n\t\t\t\t<\/div>\n\t\t<div class=\"elementor-element elementor-element-e01a883 e-con-full e-flex e-con e-child\" data-id=\"e01a883\" data-element_type=\"container\">\n\t\t\t\t<\/div>\n\t\t\t\t\t<\/div>\n\t\t\t\t<\/div>\n\t\t\t\t<\/div>\n\t\t<!-- dce invisible element 3cef628 --><div class=\"elementor-element elementor-element-14d7568 e-con-full e-flex e-con e-parent\" data-id=\"14d7568\" data-element_type=\"container\" data-settings=\"{&quot;enabled_visibility&quot;:&quot;yes&quot;,&quot;dce_visibility_selected&quot;:&quot;hide&quot;}\">\n\t\t<div class=\"elementor-element elementor-element-883024f e-flex e-con-boxed e-con e-child\" data-id=\"883024f\" data-element_type=\"container\">\n\t\t\t\t\t<div class=\"e-con-inner\">\n\t\t<div class=\"elementor-element elementor-element-f1e9a20 e-con-full e-flex e-con e-child\" data-id=\"f1e9a20\" data-element_type=\"container\">\n\t\t\t\t<\/div>\n\t\t<div class=\"elementor-element elementor-element-ebdba50 e-con-full e-flex e-con e-child\" data-id=\"ebdba50\" data-element_type=\"container\">\n\t\t\t\t<div class=\"elementor-element elementor-element-cd36db5 elementor-widget elementor-widget-heading\" data-id=\"cd36db5\" data-element_type=\"widget\" data-widget_type=\"heading.default\">\n\t\t\t\t\t<h3 class=\"elementor-heading-title elementor-size-default\">Om\u00e1\u010dka na pizzu<\/h3>\t\t\t\t<\/div>\n\t\t\t\t<div class=\"elementor-element elementor-element-3fe82c3 elementor-widget elementor-widget-text-editor\" data-id=\"3fe82c3\" data-element_type=\"widget\" data-widget_type=\"text-editor.default\">\n\t\t\t\t\t\t\t\t\t<p>Na\u0161e om\u00e1\u010dka na pizzu je dokonale odtu\u010dn\u011bn\u00fd a koncentrovan\u00fd kone\u010dn\u00fd produkt s 12\/14 Brix pro v\u0161echny peka\u0159e pizzy.<\/p><p>Jednodu\u0161\u0161\u00ed (a rychlej\u0161\u00ed) u\u017e to b\u00fdt nem\u016f\u017ee.<\/p>\t\t\t\t\t\t\t\t<\/div>\n\t\t\t\t<\/div>\n\t\t\t\t\t<\/div>\n\t\t\t\t<\/div>\n\t\t<div class=\"elementor-element elementor-element-7112734 e-con-full e-flex e-con e-child\" data-id=\"7112734\" data-element_type=\"container\" data-settings=\"{&quot;position&quot;:&quot;absolute&quot;}\">\n\t\t<div data-dce-background-image-url=\"https:\/\/paulmmueller.fantomas-staging.de\/wp-content\/uploads\/2024\/05\/Donna_Rosa_Dose_2_mit_BG.png\" class=\"elementor-element elementor-element-e6fa430 e-con-full e-flex e-con e-child\" data-id=\"e6fa430\" data-element_type=\"container\" data-settings=\"{&quot;background_background&quot;:&quot;classic&quot;}\">\n\t\t\t\t<\/div>\n\t\t<div class=\"elementor-element elementor-element-149fb8e e-con-full e-flex e-con e-child\" data-id=\"149fb8e\" data-element_type=\"container\">\n\t\t\t\t<\/div>\n\t\t\t\t<\/div>\n\t\t\t\t<\/div>\n\t\t<!-- dce invisible element c7d06e3 --><div class=\"elementor-element elementor-element-d52bd3e e-con-full e-flex e-con e-parent\" data-id=\"d52bd3e\" data-element_type=\"container\" data-settings=\"{&quot;enabled_visibility&quot;:&quot;yes&quot;,&quot;dce_visibility_selected&quot;:&quot;hide&quot;}\">\n\t\t<div class=\"elementor-element elementor-element-bd9bd19 e-con-full e-flex e-con e-child\" data-id=\"bd9bd19\" data-element_type=\"container\" data-settings=\"{&quot;position&quot;:&quot;absolute&quot;}\">\n\t\t<div class=\"elementor-element elementor-element-bd1195a e-con-full e-flex e-con e-child\" data-id=\"bd1195a\" data-element_type=\"container\">\n\t\t\t\t<\/div>\n\t\t<div data-dce-background-image-url=\"https:\/\/paulmmueller.fantomas-staging.de\/wp-content\/uploads\/2024\/05\/Donna_Rosa_Dose_3_mit_BG.png\" class=\"elementor-element elementor-element-0439420 e-con-full e-flex e-con e-child\" data-id=\"0439420\" data-element_type=\"container\" data-settings=\"{&quot;background_background&quot;:&quot;classic&quot;}\">\n\t\t\t\t<\/div>\n\t\t\t\t<\/div>\n\t\t<div class=\"elementor-element elementor-element-10cd0b5 e-flex e-con-boxed e-con e-child\" data-id=\"10cd0b5\" data-element_type=\"container\">\n\t\t\t\t\t<div class=\"e-con-inner\">\n\t\t<div class=\"elementor-element elementor-element-b820ed5 e-con-full e-flex e-con e-child\" data-id=\"b820ed5\" data-element_type=\"container\">\n\t\t\t\t<div class=\"elementor-element elementor-element-0e9ed54 elementor-widget elementor-widget-heading\" data-id=\"0e9ed54\" data-element_type=\"widget\" data-widget_type=\"heading.default\">\n\t\t\t\t\t<h3 class=\"elementor-heading-title elementor-size-default\">Tu\u0148\u00e1k<\/h3>\t\t\t\t<\/div>\n\t\t\t\t<div class=\"elementor-element elementor-element-cc0d22f elementor-widget elementor-widget-text-editor\" data-id=\"cc0d22f\" data-element_type=\"widget\" data-widget_type=\"text-editor.default\">\n\t\t\t\t\t\t\t\t\t<p>Otev\u0159ete konzervu - vyjm\u011bte tu\u0148\u00e1ka.<\/p><p>Jemn\u00e9 kousky jsou dokonale obaleny v rostlinn\u00e9m oleji, tak\u017ee si zachov\u00e1vaj\u00ed v\u016fni, strukturu a chu\u0165 po mnoho let.<\/p>\t\t\t\t\t\t\t\t<\/div>\n\t\t\t\t<\/div>\n\t\t<div class=\"elementor-element elementor-element-b41824e e-con-full e-flex e-con e-child\" data-id=\"b41824e\" data-element_type=\"container\">\n\t\t\t\t<\/div>\n\t\t\t\t\t<\/div>\n\t\t\t\t<\/div>\n\t\t\t\t<\/div>\n\t\t<!-- dce invisible element b51bbf7 --><div class=\"elementor-element elementor-element-ba2a9db e-con-full e-flex e-con e-parent\" data-id=\"ba2a9db\" data-element_type=\"container\" data-settings=\"{&quot;enabled_visibility&quot;:&quot;yes&quot;,&quot;dce_visibility_selected&quot;:&quot;hide&quot;}\">\n\t\t<div class=\"elementor-element elementor-element-3f3c2ab e-flex e-con-boxed e-con e-child\" data-id=\"3f3c2ab\" data-element_type=\"container\">\n\t\t\t\t\t<div class=\"e-con-inner\">\n\t\t<div class=\"elementor-element elementor-element-31e39b6 e-con-full e-flex e-con e-child\" data-id=\"31e39b6\" data-element_type=\"container\">\n\t\t\t\t<\/div>\n\t\t<div class=\"elementor-element elementor-element-57cf10b e-con-full e-flex e-con e-child\" data-id=\"57cf10b\" data-element_type=\"container\">\n\t\t\t\t<div class=\"elementor-element elementor-element-7e49a43 elementor-widget elementor-widget-heading\" data-id=\"7e49a43\" data-element_type=\"widget\" data-widget_type=\"heading.default\">\n\t\t\t\t\t<h3 class=\"elementor-heading-title elementor-size-default\">Oloupan\u00e1 raj\u010data<\/h3>\t\t\t\t<\/div>\n\t\t\t\t<div class=\"elementor-element elementor-element-f176b9b elementor-widget elementor-widget-text-editor\" data-id=\"f176b9b\" data-element_type=\"widget\" data-widget_type=\"text-editor.default\">\n\t\t\t\t\t\t\t\t\t<p>Skute\u010dn\u011b v\u0161estrann\u00e1: loupan\u00e1 raj\u010data jsou vhodn\u00e1 na pizzu, t\u011bstoviny a do siln\u00fdch om\u00e1\u010dek k ryb\u00e1m a masov\u00fdm pokrm\u016fm.<\/p><p>Snadn\u00e1 manipulace, maxim\u00e1ln\u00ed chu\u0165, typicky italsk\u00e1.<\/p>\t\t\t\t\t\t\t\t<\/div>\n\t\t\t\t<\/div>\n\t\t\t\t\t<\/div>\n\t\t\t\t<\/div>\n\t\t<div class=\"elementor-element elementor-element-dda900a e-con-full e-flex e-con e-child\" data-id=\"dda900a\" data-element_type=\"container\" data-settings=\"{&quot;position&quot;:&quot;absolute&quot;}\">\n\t\t<div data-dce-background-image-url=\"https:\/\/paulmmueller.fantomas-staging.de\/wp-content\/uploads\/2024\/05\/Donna_Rosa_Dose_4_mit_BG.png\" class=\"elementor-element elementor-element-ba865f2 e-con-full e-flex e-con e-child\" data-id=\"ba865f2\" data-element_type=\"container\" data-settings=\"{&quot;background_background&quot;:&quot;classic&quot;}\">\n\t\t\t\t<\/div>\n\t\t<div class=\"elementor-element elementor-element-ef21011 e-con-full e-flex e-con e-child\" data-id=\"ef21011\" data-element_type=\"container\">\n\t\t\t\t<\/div>\n\t\t\t\t<\/div>\n\t\t\t\t<\/div>\n\t\t<!-- dce invisible element 76ff3bd -->\t\t<\/div>","protected":false},"excerpt":{"rendered":"<p>M\u016f\u017eeme se p\u0159edstavit? DONNA ROSA - vedle zna\u010dky ADRIA jedna z nejlep\u0161\u00edch zna\u010dek na\u0161\u00ed spole\u010dnosti. DONNA ROSA v sob\u011b spojuje to nejlep\u0161\u00ed ze v\u0161ech potravin\u00e1\u0159sk\u00fdch sv\u011bt\u016f. Zaj\u00edmavost: tato zna\u010dka m\u00e1 na etiket\u011b v\u00fdrazn\u011b v\u00edce jazyk\u016f, aby spl\u0148ovala po\u017eadavky pro export. Sardelov\u00e9 fil\u00e9 Mal\u00e9 poklady: [...]<\/p>","protected":false},"author":9,"featured_media":0,"parent":20021,"menu_order":11,"comment_status":"closed","ping_status":"closed","template":"","meta":{"_acf_changed":false,"footnotes":""},"class_list":["post-20057","page","type-page","status-publish","hentry"],"acf":[],"yoast_head":"<!-- This site is optimized with the Yoast SEO plugin v25.3.1 - https:\/\/yoast.com\/wordpress\/plugins\/seo\/ -->\n<title>Donna Rosa - Paul M. M\u00fcller<\/title>\n<meta name=\"robots\" content=\"index, follow, max-snippet:-1, max-image-preview:large, max-video-preview:-1\" \/>\n<link rel=\"canonical\" href=\"https:\/\/paulmmueller.fantomas-staging.de\/cs\/markenwelt\/donna-rosa\/\" \/>\n<meta property=\"og:locale\" content=\"cs_CZ\" \/>\n<meta property=\"og:type\" content=\"article\" \/>\n<meta property=\"og:title\" content=\"Donna Rosa - Paul M. M\u00fcller\" \/>\n<meta property=\"og:description\" content=\"D\u00fcrfen wir vorstellen? DONNA ROSA \u2013 neben ADRIA eine der Top-Marken in unserem Unternehmen, die wir im Angebot haben. In die ganze Welt DONNA ROSA vereint das Beste aus allen Foodwelten. Spannender Fakt am Rande: Diese Marke hat deutlich mehr Sprachen auf dem Etikett, um die Voraussetzungen f\u00fcr den Export zu erf\u00fcllen. Sardellenfilets Kleine Kostbarkeiten: [&hellip;]\" \/>\n<meta property=\"og:url\" content=\"https:\/\/paulmmueller.fantomas-staging.de\/cs\/markenwelt\/donna-rosa\/\" \/>\n<meta property=\"og:site_name\" content=\"Paul M. M\u00fcller\" \/>\n<meta property=\"article:publisher\" content=\"https:\/\/www.facebook.com\/paulmmuellergmbh\/\" \/>\n<meta property=\"article:modified_time\" content=\"2024-05-17T06:38:17+00:00\" \/>\n<meta property=\"og:image\" content=\"https:\/\/paulmmueller.fantomas-staging.de\/wp-content\/uploads\/2024\/05\/Donna_Rosa_Logo.svg\" \/>\n<meta name=\"twitter:card\" content=\"summary_large_image\" \/>\n<meta name=\"twitter:site\" content=\"@PaulMMller1\" \/>\n<script type=\"application\/ld+json\" class=\"yoast-schema-graph\">{\"@context\":\"https:\/\/schema.org\",\"@graph\":[{\"@type\":\"WebPage\",\"@id\":\"https:\/\/paulmmueller.fantomas-staging.de\/en\/markenwelt\/donna-rosa\/\",\"url\":\"https:\/\/paulmmueller.fantomas-staging.de\/en\/markenwelt\/donna-rosa\/\",\"name\":\"Donna Rosa - Paul M. M\u00fcller\",\"isPartOf\":{\"@id\":\"https:\/\/paulmmueller.fantomas-staging.de\/en\/#website\"},\"primaryImageOfPage\":{\"@id\":\"https:\/\/paulmmueller.fantomas-staging.de\/en\/markenwelt\/donna-rosa\/#primaryimage\"},\"image\":{\"@id\":\"https:\/\/paulmmueller.fantomas-staging.de\/en\/markenwelt\/donna-rosa\/#primaryimage\"},\"thumbnailUrl\":\"https:\/\/paulmmueller.fantomas-staging.de\/wp-content\/uploads\/2024\/05\/Donna_Rosa_Logo.svg\",\"datePublished\":\"2024-05-16T07:06:11+00:00\",\"dateModified\":\"2024-05-17T06:38:17+00:00\",\"breadcrumb\":{\"@id\":\"https:\/\/paulmmueller.fantomas-staging.de\/en\/markenwelt\/donna-rosa\/#breadcrumb\"},\"inLanguage\":\"cs\",\"potentialAction\":[{\"@type\":\"ReadAction\",\"target\":[\"https:\/\/paulmmueller.fantomas-staging.de\/en\/markenwelt\/donna-rosa\/\"]}]},{\"@type\":\"ImageObject\",\"inLanguage\":\"cs\",\"@id\":\"https:\/\/paulmmueller.fantomas-staging.de\/en\/markenwelt\/donna-rosa\/#primaryimage\",\"url\":\"https:\/\/paulmmueller.fantomas-staging.de\/wp-content\/uploads\/2024\/05\/Donna_Rosa_Logo.svg\",\"contentUrl\":\"https:\/\/paulmmueller.fantomas-staging.de\/wp-content\/uploads\/2024\/05\/Donna_Rosa_Logo.svg\"},{\"@type\":\"BreadcrumbList\",\"@id\":\"https:\/\/paulmmueller.fantomas-staging.de\/en\/markenwelt\/donna-rosa\/#breadcrumb\",\"itemListElement\":[{\"@type\":\"ListItem\",\"position\":1,\"name\":\"Home\",\"item\":\"https:\/\/paulmmueller.fantomas-staging.de\/\"},{\"@type\":\"ListItem\",\"position\":2,\"name\":\"Markenwelt\",\"item\":\"https:\/\/paulmmueller.fantomas-staging.de\/en\/markenwelt\/\"},{\"@type\":\"ListItem\",\"position\":3,\"name\":\"Donna Rosa\"}]},{\"@type\":\"WebSite\",\"@id\":\"https:\/\/paulmmueller.fantomas-staging.de\/en\/#website\",\"url\":\"https:\/\/paulmmueller.fantomas-staging.de\/en\/\",\"name\":\"Paul M. M\u00fcller\",\"description\":\"Die Food Marken Macher\",\"publisher\":{\"@id\":\"https:\/\/paulmmueller.fantomas-staging.de\/en\/#organization\"},\"potentialAction\":[{\"@type\":\"SearchAction\",\"target\":{\"@type\":\"EntryPoint\",\"urlTemplate\":\"https:\/\/paulmmueller.fantomas-staging.de\/en\/?s={search_term_string}\"},\"query-input\":{\"@type\":\"PropertyValueSpecification\",\"valueRequired\":true,\"valueName\":\"search_term_string\"}}],\"inLanguage\":\"cs\"},{\"@type\":\"Organization\",\"@id\":\"https:\/\/paulmmueller.fantomas-staging.de\/en\/#organization\",\"name\":\"Paul M. M\u00fcller GmbH\",\"url\":\"https:\/\/paulmmueller.fantomas-staging.de\/en\/\",\"logo\":{\"@type\":\"ImageObject\",\"inLanguage\":\"cs\",\"@id\":\"https:\/\/paulmmueller.fantomas-staging.de\/en\/#\/schema\/logo\/image\/\",\"url\":\"https:\/\/paulmmueller.fantomas-staging.de\/wp-content\/uploads\/2022\/08\/PaulMMueller_2021_EN.svg\",\"contentUrl\":\"https:\/\/paulmmueller.fantomas-staging.de\/wp-content\/uploads\/2022\/08\/PaulMMueller_2021_EN.svg\",\"width\":730,\"height\":137,\"caption\":\"Paul M. M\u00fcller GmbH\"},\"image\":{\"@id\":\"https:\/\/paulmmueller.fantomas-staging.de\/en\/#\/schema\/logo\/image\/\"},\"sameAs\":[\"https:\/\/www.facebook.com\/paulmmuellergmbh\/\",\"https:\/\/x.com\/PaulMMller1\",\"https:\/\/www.instagram.com\/paul_m._mueller_gmbh\/\",\"https:\/\/www.linkedin.com\/company\/17897510\/\",\"https:\/\/www.xing.com\/companies\/paulm.mllergmbh\"]}]}<\/script>\n<!-- \/ Yoast SEO plugin. -->","yoast_head_json":{"title":"Donna Rosa - Paul M. M\u00fcller","robots":{"index":"index","follow":"follow","max-snippet":"max-snippet:-1","max-image-preview":"max-image-preview:large","max-video-preview":"max-video-preview:-1"},"canonical":"https:\/\/paulmmueller.fantomas-staging.de\/cs\/markenwelt\/donna-rosa\/","og_locale":"cs_CZ","og_type":"article","og_title":"Donna Rosa - Paul M. M\u00fcller","og_description":"D\u00fcrfen wir vorstellen? DONNA ROSA \u2013 neben ADRIA eine der Top-Marken in unserem Unternehmen, die wir im Angebot haben. In die ganze Welt DONNA ROSA vereint das Beste aus allen Foodwelten. Spannender Fakt am Rande: Diese Marke hat deutlich mehr Sprachen auf dem Etikett, um die Voraussetzungen f\u00fcr den Export zu erf\u00fcllen. Sardellenfilets Kleine Kostbarkeiten: [&hellip;]","og_url":"https:\/\/paulmmueller.fantomas-staging.de\/cs\/markenwelt\/donna-rosa\/","og_site_name":"Paul M. M\u00fcller","article_publisher":"https:\/\/www.facebook.com\/paulmmuellergmbh\/","article_modified_time":"2024-05-17T06:38:17+00:00","og_image":[{"url":"https:\/\/paulmmueller.fantomas-staging.de\/wp-content\/uploads\/2024\/05\/Donna_Rosa_Logo.svg","type":"","width":"","height":""}],"twitter_card":"summary_large_image","twitter_site":"@PaulMMller1","schema":{"@context":"https:\/\/schema.org","@graph":[{"@type":"WebPage","@id":"https:\/\/paulmmueller.fantomas-staging.de\/en\/markenwelt\/donna-rosa\/","url":"https:\/\/paulmmueller.fantomas-staging.de\/en\/markenwelt\/donna-rosa\/","name":"Donna Rosa - Paul M. M\u00fcller","isPartOf":{"@id":"https:\/\/paulmmueller.fantomas-staging.de\/en\/#website"},"primaryImageOfPage":{"@id":"https:\/\/paulmmueller.fantomas-staging.de\/en\/markenwelt\/donna-rosa\/#primaryimage"},"image":{"@id":"https:\/\/paulmmueller.fantomas-staging.de\/en\/markenwelt\/donna-rosa\/#primaryimage"},"thumbnailUrl":"https:\/\/paulmmueller.fantomas-staging.de\/wp-content\/uploads\/2024\/05\/Donna_Rosa_Logo.svg","datePublished":"2024-05-16T07:06:11+00:00","dateModified":"2024-05-17T06:38:17+00:00","breadcrumb":{"@id":"https:\/\/paulmmueller.fantomas-staging.de\/en\/markenwelt\/donna-rosa\/#breadcrumb"},"inLanguage":"cs","potentialAction":[{"@type":"ReadAction","target":["https:\/\/paulmmueller.fantomas-staging.de\/en\/markenwelt\/donna-rosa\/"]}]},{"@type":"ImageObject","inLanguage":"cs","@id":"https:\/\/paulmmueller.fantomas-staging.de\/en\/markenwelt\/donna-rosa\/#primaryimage","url":"https:\/\/paulmmueller.fantomas-staging.de\/wp-content\/uploads\/2024\/05\/Donna_Rosa_Logo.svg","contentUrl":"https:\/\/paulmmueller.fantomas-staging.de\/wp-content\/uploads\/2024\/05\/Donna_Rosa_Logo.svg"},{"@type":"BreadcrumbList","@id":"https:\/\/paulmmueller.fantomas-staging.de\/en\/markenwelt\/donna-rosa\/#breadcrumb","itemListElement":[{"@type":"ListItem","position":1,"name":"Home","item":"https:\/\/paulmmueller.fantomas-staging.de\/"},{"@type":"ListItem","position":2,"name":"Markenwelt","item":"https:\/\/paulmmueller.fantomas-staging.de\/en\/markenwelt\/"},{"@type":"ListItem","position":3,"name":"Donna Rosa"}]},{"@type":"WebSite","@id":"https:\/\/paulmmueller.fantomas-staging.de\/en\/#website","url":"https:\/\/paulmmueller.fantomas-staging.de\/en\/","name":"Paul M. M\u00fcller","description":"Die Food Marken Macher","publisher":{"@id":"https:\/\/paulmmueller.fantomas-staging.de\/en\/#organization"},"potentialAction":[{"@type":"SearchAction","target":{"@type":"EntryPoint","urlTemplate":"https:\/\/paulmmueller.fantomas-staging.de\/en\/?s={search_term_string}"},"query-input":{"@type":"PropertyValueSpecification","valueRequired":true,"valueName":"search_term_string"}}],"inLanguage":"cs"},{"@type":"Organization","@id":"https:\/\/paulmmueller.fantomas-staging.de\/en\/#organization","name":"Paul M. M\u00fcller GmbH","url":"https:\/\/paulmmueller.fantomas-staging.de\/en\/","logo":{"@type":"ImageObject","inLanguage":"cs","@id":"https:\/\/paulmmueller.fantomas-staging.de\/en\/#\/schema\/logo\/image\/","url":"https:\/\/paulmmueller.fantomas-staging.de\/wp-content\/uploads\/2022\/08\/PaulMMueller_2021_EN.svg","contentUrl":"https:\/\/paulmmueller.fantomas-staging.de\/wp-content\/uploads\/2022\/08\/PaulMMueller_2021_EN.svg","width":730,"height":137,"caption":"Paul M. M\u00fcller GmbH"},"image":{"@id":"https:\/\/paulmmueller.fantomas-staging.de\/en\/#\/schema\/logo\/image\/"},"sameAs":["https:\/\/www.facebook.com\/paulmmuellergmbh\/","https:\/\/x.com\/PaulMMller1","https:\/\/www.instagram.com\/paul_m._mueller_gmbh\/","https:\/\/www.linkedin.com\/company\/17897510\/","https:\/\/www.xing.com\/companies\/paulm.mllergmbh"]}]}},"_links":{"self":[{"href":"https:\/\/paulmmueller.fantomas-staging.de\/cs\/wp-json\/wp\/v2\/pages\/20057","targetHints":{"allow":["GET"]}}],"collection":[{"href":"https:\/\/paulmmueller.fantomas-staging.de\/cs\/wp-json\/wp\/v2\/pages"}],"about":[{"href":"https:\/\/paulmmueller.fantomas-staging.de\/cs\/wp-json\/wp\/v2\/types\/page"}],"author":[{"embeddable":true,"href":"https:\/\/paulmmueller.fantomas-staging.de\/cs\/wp-json\/wp\/v2\/users\/9"}],"replies":[{"embeddable":true,"href":"https:\/\/paulmmueller.fantomas-staging.de\/cs\/wp-json\/wp\/v2\/comments?post=20057"}],"version-history":[{"count":10,"href":"https:\/\/paulmmueller.fantomas-staging.de\/cs\/wp-json\/wp\/v2\/pages\/20057\/revisions"}],"predecessor-version":[{"id":20384,"href":"https:\/\/paulmmueller.fantomas-staging.de\/cs\/wp-json\/wp\/v2\/pages\/20057\/revisions\/20384"}],"up":[{"embeddable":true,"href":"https:\/\/paulmmueller.fantomas-staging.de\/cs\/wp-json\/wp\/v2\/pages\/20021"}],"wp:attachment":[{"href":"https:\/\/paulmmueller.fantomas-staging.de\/cs\/wp-json\/wp\/v2\/media?parent=20057"}],"curies":[{"name":"wp","href":"https:\/\/api.w.org\/{rel}","templated":true}]}}