{"id":23868,"date":"2025-01-21T09:16:58","date_gmt":"2025-01-21T08:16:58","guid":{"rendered":"https:\/\/paulmmueller.com\/?page_id=23868"},"modified":"2025-01-21T11:40:39","modified_gmt":"2025-01-21T10:40:39","slug":"pmm-spendenaktion-smuenchnerherz","status":"publish","type":"page","link":"https:\/\/paulmmueller.fantomas-staging.de\/cs\/pmm-darcovska-kampan-smuenchnerherz\/","title":{"rendered":"PMM Spendenaktion s'M\u00fcnchner Herz"},"content":{"rendered":"<div data-elementor-type=\"wp-page\" data-elementor-id=\"23868\" class=\"elementor elementor-23868\" data-elementor-post-type=\"page\">\n\t\t\t\t<div data-dce-background-color=\"#315445\" class=\"elementor-element elementor-element-0e9a52d e-flex e-con-boxed e-con e-parent\" data-id=\"0e9a52d\" data-element_type=\"container\" data-settings=\"{&quot;background_background&quot;:&quot;classic&quot;}\">\n\t\t\t\t\t<div class=\"e-con-inner\">\n\t\t\t\t<div class=\"elementor-element elementor-element-5ae8cec dce_masking-none elementor-widget elementor-widget-image\" data-id=\"5ae8cec\" data-element_type=\"widget\" data-widget_type=\"image.default\">\n\t\t\t\t\t\t\t\t\t\t\t\t\t\t\t<img fetchpriority=\"high\" decoding=\"async\" width=\"800\" height=\"286\" src=\"https:\/\/paulmmueller.fantomas-staging.de\/wp-content\/uploads\/2025\/01\/1_danke-1024x366.png\" class=\"attachment-large size-large wp-image-23928\" alt=\"\" srcset=\"https:\/\/paulmmueller.fantomas-staging.de\/wp-content\/uploads\/2025\/01\/1_danke-1024x366.png 1024w, https:\/\/paulmmueller.fantomas-staging.de\/wp-content\/uploads\/2025\/01\/1_danke-300x107.png 300w, https:\/\/paulmmueller.fantomas-staging.de\/wp-content\/uploads\/2025\/01\/1_danke-768x274.png 768w, https:\/\/paulmmueller.fantomas-staging.de\/wp-content\/uploads\/2025\/01\/1_danke-1536x549.png 1536w, https:\/\/paulmmueller.fantomas-staging.de\/wp-content\/uploads\/2025\/01\/1_danke-2048x731.png 2048w, https:\/\/paulmmueller.fantomas-staging.de\/wp-content\/uploads\/2025\/01\/1_danke-18x6.png 18w\" sizes=\"(max-width: 800px) 100vw, 800px\" \/>\t\t\t\t\t\t\t\t\t\t\t\t\t\t\t<\/div>\n\t\t\t\t<div class=\"elementor-element elementor-element-390e91b elementor-widget elementor-widget-text-editor\" data-id=\"390e91b\" data-element_type=\"widget\" data-widget_type=\"text-editor.default\">\n\t\t\t\t\t\t\t\t\t<p>Na na\u0161em v\u00fdhern\u00edm automatu m\u00e1te neuv\u011b\u0159iteln\u00e9 \u0161ance.<br \/><strong>23 560 vyhran\u00fdch plechovek<\/strong>! <br \/>Darovali jsme ji jako ekvivalent daru ve v\u00fd\u0161i<\/p>\t\t\t\t\t\t\t\t<\/div>\n\t\t\t\t<div class=\"elementor-element elementor-element-8596a76 elementor-widget elementor-widget-text-editor\" data-id=\"8596a76\" data-element_type=\"widget\" data-widget_type=\"text-editor.default\">\n\t\t\t\t\t\t\t\t\t<p>5.000 \u20ac<\/p>\t\t\t\t\t\t\t\t<\/div>\n\t\t\t\t<div class=\"elementor-element elementor-element-6326d90 elementor-widget elementor-widget-text-editor\" data-id=\"6326d90\" data-element_type=\"widget\" data-settings=\"{&quot;enabled_visibility&quot;:&quot;yes&quot;,&quot;dce_visibility_selected&quot;:&quot;yes&quot;}\" data-widget_type=\"text-editor.default\">\n\t\t\t\t\t\t\t\t\t<p>do nadace <a href=\"https:\/\/smuenchnerherz.de\/\">mnichovsk\u00e9 srdce<\/a>!<\/p>\t\t\t\t\t\t\t\t<\/div>\n\t\t<!-- dce invisible element 81e1400 -->\t\t\t<\/div>\n\t\t\t\t<\/div>\n\t\t<div data-dce-background-color=\"#315445\" class=\"elementor-element elementor-element-3d6f0c4 e-flex e-con-boxed e-con e-child\" data-id=\"3d6f0c4\" data-element_type=\"container\" data-settings=\"{&quot;background_background&quot;:&quot;gradient&quot;}\">\n\t\t\t\t\t<div class=\"e-con-inner\">\n\t\t\t\t<div class=\"elementor-element elementor-element-2c2644d dce_masking-none elementor-widget elementor-widget-image\" data-id=\"2c2644d\" data-element_type=\"widget\" data-settings=\"{&quot;enabled_visibility&quot;:&quot;yes&quot;,&quot;dce_visibility_selected&quot;:&quot;yes&quot;}\" data-widget_type=\"image.default\">\n\t\t\t\t\t\t\t\t\t\t\t\t\t\t\t<img decoding=\"async\" width=\"2569\" height=\"2652\" src=\"https:\/\/paulmmueller.fantomas-staging.de\/wp-content\/uploads\/2025\/01\/1_Automat_Scheckuebergabe_Desktop-min.png\" class=\"attachment-full size-full wp-image-23970\" alt=\"\" srcset=\"https:\/\/paulmmueller.fantomas-staging.de\/wp-content\/uploads\/2025\/01\/1_Automat_Scheckuebergabe_Desktop-min.png 2569w, https:\/\/paulmmueller.fantomas-staging.de\/wp-content\/uploads\/2025\/01\/1_Automat_Scheckuebergabe_Desktop-min-291x300.png 291w, https:\/\/paulmmueller.fantomas-staging.de\/wp-content\/uploads\/2025\/01\/1_Automat_Scheckuebergabe_Desktop-min-992x1024.png 992w, https:\/\/paulmmueller.fantomas-staging.de\/wp-content\/uploads\/2025\/01\/1_Automat_Scheckuebergabe_Desktop-min-768x793.png 768w, https:\/\/paulmmueller.fantomas-staging.de\/wp-content\/uploads\/2025\/01\/1_Automat_Scheckuebergabe_Desktop-min-1488x1536.png 1488w, https:\/\/paulmmueller.fantomas-staging.de\/wp-content\/uploads\/2025\/01\/1_Automat_Scheckuebergabe_Desktop-min-1984x2048.png 1984w, https:\/\/paulmmueller.fantomas-staging.de\/wp-content\/uploads\/2025\/01\/1_Automat_Scheckuebergabe_Desktop-min-12x12.png 12w\" sizes=\"(max-width: 2569px) 100vw, 2569px\" \/>\t\t\t\t\t\t\t\t\t\t\t\t\t\t\t<\/div>\n\t\t<!-- dce invisible element d475e46 -->\t\t\t<\/div>\n\t\t\t\t<\/div>\n\t\t<div class=\"elementor-element elementor-element-fb802e7 e-flex e-con-boxed e-con e-parent\" data-id=\"fb802e7\" data-element_type=\"container\">\n\t\t\t\t\t<div class=\"e-con-inner\">\n\t\t\t\t<div class=\"elementor-element elementor-element-32959d4 elementor-widget elementor-widget-heading\" data-id=\"32959d4\" data-element_type=\"widget\" data-widget_type=\"heading.default\">\n\t\t\t\t\t<h2 class=\"elementor-heading-title elementor-size-default\">P\u0158ED\u00c1N\u00cd DAR\u016e<\/h2>\t\t\t\t<\/div>\n\t\t\t\t<div class=\"elementor-element elementor-element-30c874f elementor-widget elementor-widget-heading\" data-id=\"30c874f\" data-element_type=\"widget\" data-widget_type=\"heading.default\">\n\t\t\t\t\t<h2 class=\"elementor-heading-title elementor-size-default\">V LEDNU 2025<\/h2>\t\t\t\t<\/div>\n\t\t\t\t\t<\/div>\n\t\t\t\t<\/div>\n\t\t<div class=\"elementor-element elementor-element-a46abd7 e-flex e-con-boxed e-con e-parent\" data-id=\"a46abd7\" data-element_type=\"container\">\n\t\t\t\t\t<div class=\"e-con-inner\">\n\t\t\t\t<div class=\"elementor-element elementor-element-da63911 elementor-widget elementor-widget-text-editor\" data-id=\"da63911\" data-element_type=\"widget\" data-widget_type=\"text-editor.default\">\n\t\t\t\t\t\t\t\t\t<p>Rodina Steinberg\u016f a zam\u011bstnanci spole\u010dnosti \"<a href=\"https:\/\/smuenchnerherz.de\/\">mnichovsk\u00e9 srdce<\/a>\". Ve \u010dtvrt\u00edch Perlach, Laim, Milbertshofen a Hadern byly vytvo\u0159eny m\u00edstnosti, kter\u00e9 slou\u017e\u00ed jako kontaktn\u00ed m\u00edsta pro soci\u00e1ln\u011b znev\u00fdhodn\u011bn\u00e9 osoby. A\u0165 u\u017e se jedn\u00e1 o obchod s oble\u010den\u00edm, hudebn\u00ed nebo tane\u010dn\u00ed lekce, cyklistickou d\u00edlnu nebo spole\u010dnou sn\u00eddani - zde se aktivn\u011b \u017eije komunita.<\/p>\t\t\t\t\t\t\t\t<\/div>\n\t\t\t\t<div class=\"elementor-element elementor-element-f3688c2 elementor-widget elementor-widget-text-editor\" data-id=\"f3688c2\" data-element_type=\"widget\" data-widget_type=\"text-editor.default\">\n\t\t\t\t\t\t\t\t\t<div class=\"page\" title=\"Strana 1\"><div class=\"section\"><div class=\"layoutArea\"><div class=\"column\"><p>N\u00e1\u0161 gener\u00e1ln\u00ed \u0159editel Thomas Schneidawind nav\u0161t\u00edvil \"Perlacher Herz\" a p\u0159edal dar, kter\u00fd jsme vybrali v r\u00e1mci na\u0161\u00ed v\u00e1no\u010dn\u00ed kampan\u011b. Z\u00e1kazn\u00edci, dodavatel\u00e9, partne\u0159i a mnoho n\u00e1m bl\u00edzk\u00fdch lid\u00ed si spole\u010dn\u011b zahr\u00e1li 23 560 plechovek na digit\u00e1ln\u00edm hrac\u00edm automatu. P\u0159i virtu\u00e1ln\u00ed hodnot\u011b 0,20 eura za plechovku to \u010din\u00ed 5 000 eur. Za to \u0159\u00edk\u00e1me: D\u011aKUJEME! Tak\u00e9 v budoucnu \"<a href=\"https:\/\/smuenchnerherz.de\/\">mnichovsk\u00e9 srdce<\/a>\" a Paul M. M\u00fcller \u00fazce spolupracuj\u00ed.<\/p><\/div><\/div><\/div><\/div>\t\t\t\t\t\t\t\t<\/div>\n\t\t\t\t\t<\/div>\n\t\t\t\t<\/div>\n\t\t<div data-dce-background-image-url=\"https:\/\/paulmmueller.fantomas-staging.de\/wp-content\/uploads\/2025\/01\/2_Polaroid_Desktop-min.png\" class=\"elementor-element elementor-element-38af2c0 e-flex e-con-boxed e-con e-parent\" data-id=\"38af2c0\" data-element_type=\"container\" data-settings=\"{&quot;background_background&quot;:&quot;classic&quot;,&quot;enabled_visibility&quot;:&quot;yes&quot;,&quot;dce_visibility_selected&quot;:&quot;yes&quot;}\">\n\t\t\t\t\t<div class=\"e-con-inner\">\n\t\t\t\t<div class=\"elementor-element elementor-element-dde77a4 dce_masking-none elementor-widget elementor-widget-video\" data-id=\"dde77a4\" data-element_type=\"widget\" data-settings=\"{&quot;video_type&quot;:&quot;hosted&quot;,&quot;show_image_overlay&quot;:&quot;yes&quot;,&quot;image_overlay&quot;:{&quot;url&quot;:&quot;https:\\\/\\\/paulmmueller.fantomas-staging.de\\\/wp-content\\\/uploads\\\/2025\\\/01\\\/5_PMM_Scheckuebergabe_Vorschaubild-min.png&quot;,&quot;id&quot;:23891,&quot;size&quot;:&quot;&quot;,&quot;alt&quot;:&quot;&quot;,&quot;source&quot;:&quot;library&quot;},&quot;lightbox&quot;:&quot;yes&quot;}\" data-widget_type=\"video.default\">\n\t\t\t\t\t\t\t<div class=\"e-hosted-video elementor-wrapper elementor-open-lightbox\">\n\t\t\t\t\t\t\t<div class=\"elementor-custom-embed-image-overlay\" data-elementor-open-lightbox=\"yes\" data-elementor-lightbox=\"{&quot;type&quot;:&quot;video&quot;,&quot;videoType&quot;:&quot;hosted&quot;,&quot;url&quot;:&quot;https:\\\/\\\/paulmmueller.fantomas-staging.de\\\/wp-content\\\/uploads\\\/2025\\\/01\\\/5_PMM_Scheckuebergabe_Ton_min.mp4&quot;,&quot;autoplay&quot;:&quot;&quot;,&quot;modalOptions&quot;:{&quot;id&quot;:&quot;elementor-lightbox-dde77a4&quot;,&quot;entranceAnimation&quot;:&quot;&quot;,&quot;entranceAnimation_tablet&quot;:&quot;&quot;,&quot;entranceAnimation_mobile&quot;:&quot;&quot;,&quot;videoAspectRatio&quot;:&quot;916&quot;},&quot;videoParams&quot;:{&quot;preload&quot;:&quot;metadata&quot;,&quot;controlsList&quot;:&quot;nodownload&quot;,&quot;poster&quot;:&quot;https:\\\/\\\/paulmmueller.fantomas-staging.de\\\/wp-content\\\/uploads\\\/2025\\\/01\\\/5_PMM_Scheckuebergabe_Vorschaubild-min.png&quot;}}\" data-e-action-hash=\"#elementor-action%3Aaction%3Dlightbox%26settings%3DeyJ0eXBlIjoidmlkZW8iLCJ2aWRlb1R5cGUiOiJob3N0ZWQiLCJ1cmwiOiJodHRwczpcL1wvcGF1bG1tdWVsbGVyLmZhbnRvbWFzLXN0YWdpbmcuZGVcL3dwLWNvbnRlbnRcL3VwbG9hZHNcLzIwMjVcLzAxXC81X1BNTV9TY2hlY2t1ZWJlcmdhYmVfVG9uX21pbi5tcDQiLCJhdXRvcGxheSI6IiIsIm1vZGFsT3B0aW9ucyI6eyJpZCI6ImVsZW1lbnRvci1saWdodGJveC1kZGU3N2E0IiwiZW50cmFuY2VBbmltYXRpb24iOiIiLCJlbnRyYW5jZUFuaW1hdGlvbl90YWJsZXQiOiIiLCJlbnRyYW5jZUFuaW1hdGlvbl9tb2JpbGUiOiIiLCJ2aWRlb0FzcGVjdFJhdGlvIjoiOTE2In0sInZpZGVvUGFyYW1zIjp7InByZWxvYWQiOiJtZXRhZGF0YSIsImNvbnRyb2xzTGlzdCI6Im5vZG93bmxvYWQiLCJwb3N0ZXIiOiJodHRwczpcL1wvcGF1bG1tdWVsbGVyLmZhbnRvbWFzLXN0YWdpbmcuZGVcL3dwLWNvbnRlbnRcL3VwbG9hZHNcLzIwMjVcLzAxXC81X1BNTV9TY2hlY2t1ZWJlcmdhYmVfVm9yc2NoYXViaWxkLW1pbi5wbmcifX0%3D\">\n\t\t\t\t\t\t\t\t\t\t\t<img decoding=\"async\" width=\"1080\" height=\"1920\" src=\"https:\/\/paulmmueller.fantomas-staging.de\/wp-content\/uploads\/2025\/01\/5_PMM_Scheckuebergabe_Vorschaubild-min.png\" class=\"attachment-full size-full wp-image-23891\" alt=\"\" srcset=\"https:\/\/paulmmueller.fantomas-staging.de\/wp-content\/uploads\/2025\/01\/5_PMM_Scheckuebergabe_Vorschaubild-min.png 1080w, https:\/\/paulmmueller.fantomas-staging.de\/wp-content\/uploads\/2025\/01\/5_PMM_Scheckuebergabe_Vorschaubild-min-169x300.png 169w, https:\/\/paulmmueller.fantomas-staging.de\/wp-content\/uploads\/2025\/01\/5_PMM_Scheckuebergabe_Vorschaubild-min-576x1024.png 576w, https:\/\/paulmmueller.fantomas-staging.de\/wp-content\/uploads\/2025\/01\/5_PMM_Scheckuebergabe_Vorschaubild-min-768x1365.png 768w, https:\/\/paulmmueller.fantomas-staging.de\/wp-content\/uploads\/2025\/01\/5_PMM_Scheckuebergabe_Vorschaubild-min-864x1536.png 864w, https:\/\/paulmmueller.fantomas-staging.de\/wp-content\/uploads\/2025\/01\/5_PMM_Scheckuebergabe_Vorschaubild-min-7x12.png 7w\" sizes=\"(max-width: 1080px) 100vw, 1080px\" \/>\t\t\t\t\t\t\t\t\t\t\t\t\t\t\t\t<div class=\"elementor-custom-embed-play\" role=\"button\" aria-label=\"P\u0159ehr\u00e1t video\" tabindex=\"0\">\n\t\t\t\t\t\t\t<svg xmlns=\"http:\/\/www.w3.org\/2000\/svg\" xmlns:xlink=\"http:\/\/www.w3.org\/1999\/xlink\" id=\"Ebene_1\" x=\"0px\" y=\"0px\" viewbox=\"0 0 100 100\" style=\"enable-background:new 0 0 100 100;\" xml:space=\"preserve\"> <style type=\"text\/css\"> .st0{opacity:0.8;fill:#FFFFFF;} <\/style> <polygon class=\"st0\" points=\"10,90 10,10 90,49.9 \"><\/polygon> <\/svg>\t\t\t\t\t\t<\/div>\n\t\t\t\t\t\t\t\t\t<\/div>\n\t\t\t\t\t<\/div>\n\t\t\t\t\t\t<\/div>\n\t\t\t\t\t<\/div>\n\t\t\t\t<\/div>\n\t\t<div class=\"elementor-element elementor-element-66499b1 e-con-full e-flex e-con e-parent\" data-id=\"66499b1\" data-element_type=\"container\">\n\t\t<!-- dce invisible element dab0bba --><!-- dce invisible element c1b61e0 -->\t\t<\/div>\n\t\t\t\t<\/div>","protected":false},"excerpt":{"rendered":"<p>Sie haben an unserem Spielautomaten unglaubliche23.560 Dosen erspielt! Diese spenden wir umgerechnet als Spendensumme von 5.000 \u20ac an die Stiftung \u2019s M\u00fcnchner Herz! an die Stiftung\u2019s M\u00fcnchner Herz! SPENDEN\u00dcBERGABE IM JANUAR 2025 Das Herz am rechten Fleck \u2013 das haben Familie Steinberg und die Mitarbeiter*innen der Stiftung \u201e\u2019s M\u00fcnchner Herz\u201c. In den Stadtteilen Perlach, Laim, [&hellip;]<\/p>","protected":false},"author":9,"featured_media":0,"parent":0,"menu_order":2,"comment_status":"closed","ping_status":"closed","template":"","meta":{"_acf_changed":false,"footnotes":""},"class_list":["post-23868","page","type-page","status-publish","hentry"],"acf":[],"yoast_head":"<!-- This site is optimized with the Yoast SEO plugin v25.3.1 - https:\/\/yoast.com\/wordpress\/plugins\/seo\/ -->\n<title>PMM Spendenaktion s&#039;M\u00fcnchner Herz - Paul M. M\u00fcller<\/title>\n<meta name=\"robots\" content=\"index, follow, max-snippet:-1, max-image-preview:large, max-video-preview:-1\" \/>\n<link rel=\"canonical\" href=\"https:\/\/paulmmueller.fantomas-staging.de\/cs\/pmm-darcovska-kampan-smuenchnerherz\/\" \/>\n<meta property=\"og:locale\" content=\"cs_CZ\" \/>\n<meta property=\"og:type\" content=\"article\" \/>\n<meta property=\"og:title\" content=\"PMM Spendenaktion s&#039;M\u00fcnchner Herz - Paul M. M\u00fcller\" \/>\n<meta property=\"og:description\" content=\"Sie haben an unserem Spielautomaten unglaubliche23.560 Dosen erspielt! Diese spenden wir umgerechnet als Spendensumme von 5.000 \u20ac an die Stiftung \u2019s M\u00fcnchner Herz! an die Stiftung\u2019s M\u00fcnchner Herz! SPENDEN\u00dcBERGABE IM JANUAR 2025 Das Herz am rechten Fleck \u2013 das haben Familie Steinberg und die Mitarbeiter*innen der Stiftung \u201e\u2019s M\u00fcnchner Herz\u201c. In den Stadtteilen Perlach, Laim, [&hellip;]\" \/>\n<meta property=\"og:url\" content=\"https:\/\/paulmmueller.fantomas-staging.de\/cs\/pmm-darcovska-kampan-smuenchnerherz\/\" \/>\n<meta property=\"og:site_name\" content=\"Paul M. M\u00fcller\" \/>\n<meta property=\"article:publisher\" content=\"https:\/\/www.facebook.com\/paulmmuellergmbh\/\" \/>\n<meta property=\"article:modified_time\" content=\"2025-01-21T10:40:39+00:00\" \/>\n<meta property=\"og:image\" content=\"https:\/\/paulmmueller.fantomas-staging.de\/wp-content\/uploads\/2025\/01\/1_danke.png\" \/>\n\t<meta property=\"og:image:width\" content=\"2100\" \/>\n\t<meta property=\"og:image:height\" content=\"750\" \/>\n\t<meta property=\"og:image:type\" content=\"image\/png\" \/>\n<meta name=\"twitter:card\" content=\"summary_large_image\" \/>\n<meta name=\"twitter:site\" content=\"@PaulMMller1\" \/>\n<script type=\"application\/ld+json\" class=\"yoast-schema-graph\">{\"@context\":\"https:\/\/schema.org\",\"@graph\":[{\"@type\":\"WebPage\",\"@id\":\"https:\/\/paulmmueller.fantomas-staging.de\/pmm-spendenaktion-smuenchnerherz\/\",\"url\":\"https:\/\/paulmmueller.fantomas-staging.de\/pmm-spendenaktion-smuenchnerherz\/\",\"name\":\"PMM Spendenaktion s'M\u00fcnchner Herz - Paul M. M\u00fcller\",\"isPartOf\":{\"@id\":\"https:\/\/paulmmueller.fantomas-staging.de\/en\/#website\"},\"primaryImageOfPage\":{\"@id\":\"https:\/\/paulmmueller.fantomas-staging.de\/pmm-spendenaktion-smuenchnerherz\/#primaryimage\"},\"image\":{\"@id\":\"https:\/\/paulmmueller.fantomas-staging.de\/pmm-spendenaktion-smuenchnerherz\/#primaryimage\"},\"thumbnailUrl\":\"https:\/\/paulmmueller.fantomas-staging.de\/wp-content\/uploads\/2025\/01\/1_danke-1024x366.png\",\"datePublished\":\"2025-01-21T08:16:58+00:00\",\"dateModified\":\"2025-01-21T10:40:39+00:00\",\"breadcrumb\":{\"@id\":\"https:\/\/paulmmueller.fantomas-staging.de\/pmm-spendenaktion-smuenchnerherz\/#breadcrumb\"},\"inLanguage\":\"cs\",\"potentialAction\":[{\"@type\":\"ReadAction\",\"target\":[\"https:\/\/paulmmueller.fantomas-staging.de\/pmm-spendenaktion-smuenchnerherz\/\"]}]},{\"@type\":\"ImageObject\",\"inLanguage\":\"cs\",\"@id\":\"https:\/\/paulmmueller.fantomas-staging.de\/pmm-spendenaktion-smuenchnerherz\/#primaryimage\",\"url\":\"https:\/\/paulmmueller.fantomas-staging.de\/wp-content\/uploads\/2025\/01\/1_danke-1024x366.png\",\"contentUrl\":\"https:\/\/paulmmueller.fantomas-staging.de\/wp-content\/uploads\/2025\/01\/1_danke-1024x366.png\"},{\"@type\":\"BreadcrumbList\",\"@id\":\"https:\/\/paulmmueller.fantomas-staging.de\/pmm-spendenaktion-smuenchnerherz\/#breadcrumb\",\"itemListElement\":[{\"@type\":\"ListItem\",\"position\":1,\"name\":\"Home\",\"item\":\"https:\/\/paulmmueller.fantomas-staging.de\/\"},{\"@type\":\"ListItem\",\"position\":2,\"name\":\"PMM Spendenaktion s&#8217;M\u00fcnchner Herz\"}]},{\"@type\":\"WebSite\",\"@id\":\"https:\/\/paulmmueller.fantomas-staging.de\/en\/#website\",\"url\":\"https:\/\/paulmmueller.fantomas-staging.de\/en\/\",\"name\":\"Paul M. M\u00fcller\",\"description\":\"Die Food Marken Macher\",\"publisher\":{\"@id\":\"https:\/\/paulmmueller.fantomas-staging.de\/en\/#organization\"},\"potentialAction\":[{\"@type\":\"SearchAction\",\"target\":{\"@type\":\"EntryPoint\",\"urlTemplate\":\"https:\/\/paulmmueller.fantomas-staging.de\/en\/?s={search_term_string}\"},\"query-input\":{\"@type\":\"PropertyValueSpecification\",\"valueRequired\":true,\"valueName\":\"search_term_string\"}}],\"inLanguage\":\"cs\"},{\"@type\":\"Organization\",\"@id\":\"https:\/\/paulmmueller.fantomas-staging.de\/en\/#organization\",\"name\":\"Paul M. M\u00fcller GmbH\",\"url\":\"https:\/\/paulmmueller.fantomas-staging.de\/en\/\",\"logo\":{\"@type\":\"ImageObject\",\"inLanguage\":\"cs\",\"@id\":\"https:\/\/paulmmueller.fantomas-staging.de\/en\/#\/schema\/logo\/image\/\",\"url\":\"https:\/\/paulmmueller.fantomas-staging.de\/wp-content\/uploads\/2022\/08\/PaulMMueller_2021_EN.svg\",\"contentUrl\":\"https:\/\/paulmmueller.fantomas-staging.de\/wp-content\/uploads\/2022\/08\/PaulMMueller_2021_EN.svg\",\"width\":730,\"height\":137,\"caption\":\"Paul M. M\u00fcller GmbH\"},\"image\":{\"@id\":\"https:\/\/paulmmueller.fantomas-staging.de\/en\/#\/schema\/logo\/image\/\"},\"sameAs\":[\"https:\/\/www.facebook.com\/paulmmuellergmbh\/\",\"https:\/\/x.com\/PaulMMller1\",\"https:\/\/www.instagram.com\/paul_m._mueller_gmbh\/\",\"https:\/\/www.linkedin.com\/company\/17897510\/\",\"https:\/\/www.xing.com\/companies\/paulm.mllergmbh\"]}]}<\/script>\n<!-- \/ Yoast SEO plugin. -->","yoast_head_json":{"title":"PMM Spendenaktion s'M\u00fcnchner Herz - Paul M. M\u00fcller","robots":{"index":"index","follow":"follow","max-snippet":"max-snippet:-1","max-image-preview":"max-image-preview:large","max-video-preview":"max-video-preview:-1"},"canonical":"https:\/\/paulmmueller.fantomas-staging.de\/cs\/pmm-darcovska-kampan-smuenchnerherz\/","og_locale":"cs_CZ","og_type":"article","og_title":"PMM Spendenaktion s'M\u00fcnchner Herz - Paul M. M\u00fcller","og_description":"Sie haben an unserem Spielautomaten unglaubliche23.560 Dosen erspielt! Diese spenden wir umgerechnet als Spendensumme von 5.000 \u20ac an die Stiftung \u2019s M\u00fcnchner Herz! an die Stiftung\u2019s M\u00fcnchner Herz! SPENDEN\u00dcBERGABE IM JANUAR 2025 Das Herz am rechten Fleck \u2013 das haben Familie Steinberg und die Mitarbeiter*innen der Stiftung \u201e\u2019s M\u00fcnchner Herz\u201c. In den Stadtteilen Perlach, Laim, [&hellip;]","og_url":"https:\/\/paulmmueller.fantomas-staging.de\/cs\/pmm-darcovska-kampan-smuenchnerherz\/","og_site_name":"Paul M. M\u00fcller","article_publisher":"https:\/\/www.facebook.com\/paulmmuellergmbh\/","article_modified_time":"2025-01-21T10:40:39+00:00","og_image":[{"width":2100,"height":750,"url":"https:\/\/paulmmueller.fantomas-staging.de\/wp-content\/uploads\/2025\/01\/1_danke.png","type":"image\/png"}],"twitter_card":"summary_large_image","twitter_site":"@PaulMMller1","schema":{"@context":"https:\/\/schema.org","@graph":[{"@type":"WebPage","@id":"https:\/\/paulmmueller.fantomas-staging.de\/pmm-spendenaktion-smuenchnerherz\/","url":"https:\/\/paulmmueller.fantomas-staging.de\/pmm-spendenaktion-smuenchnerherz\/","name":"PMM Spendenaktion s'M\u00fcnchner Herz - Paul M. M\u00fcller","isPartOf":{"@id":"https:\/\/paulmmueller.fantomas-staging.de\/en\/#website"},"primaryImageOfPage":{"@id":"https:\/\/paulmmueller.fantomas-staging.de\/pmm-spendenaktion-smuenchnerherz\/#primaryimage"},"image":{"@id":"https:\/\/paulmmueller.fantomas-staging.de\/pmm-spendenaktion-smuenchnerherz\/#primaryimage"},"thumbnailUrl":"https:\/\/paulmmueller.fantomas-staging.de\/wp-content\/uploads\/2025\/01\/1_danke-1024x366.png","datePublished":"2025-01-21T08:16:58+00:00","dateModified":"2025-01-21T10:40:39+00:00","breadcrumb":{"@id":"https:\/\/paulmmueller.fantomas-staging.de\/pmm-spendenaktion-smuenchnerherz\/#breadcrumb"},"inLanguage":"cs","potentialAction":[{"@type":"ReadAction","target":["https:\/\/paulmmueller.fantomas-staging.de\/pmm-spendenaktion-smuenchnerherz\/"]}]},{"@type":"ImageObject","inLanguage":"cs","@id":"https:\/\/paulmmueller.fantomas-staging.de\/pmm-spendenaktion-smuenchnerherz\/#primaryimage","url":"https:\/\/paulmmueller.fantomas-staging.de\/wp-content\/uploads\/2025\/01\/1_danke-1024x366.png","contentUrl":"https:\/\/paulmmueller.fantomas-staging.de\/wp-content\/uploads\/2025\/01\/1_danke-1024x366.png"},{"@type":"BreadcrumbList","@id":"https:\/\/paulmmueller.fantomas-staging.de\/pmm-spendenaktion-smuenchnerherz\/#breadcrumb","itemListElement":[{"@type":"ListItem","position":1,"name":"Home","item":"https:\/\/paulmmueller.fantomas-staging.de\/"},{"@type":"ListItem","position":2,"name":"PMM Spendenaktion s&#8217;M\u00fcnchner Herz"}]},{"@type":"WebSite","@id":"https:\/\/paulmmueller.fantomas-staging.de\/en\/#website","url":"https:\/\/paulmmueller.fantomas-staging.de\/en\/","name":"Paul M. M\u00fcller","description":"Die Food Marken Macher","publisher":{"@id":"https:\/\/paulmmueller.fantomas-staging.de\/en\/#organization"},"potentialAction":[{"@type":"SearchAction","target":{"@type":"EntryPoint","urlTemplate":"https:\/\/paulmmueller.fantomas-staging.de\/en\/?s={search_term_string}"},"query-input":{"@type":"PropertyValueSpecification","valueRequired":true,"valueName":"search_term_string"}}],"inLanguage":"cs"},{"@type":"Organization","@id":"https:\/\/paulmmueller.fantomas-staging.de\/en\/#organization","name":"Paul M. M\u00fcller GmbH","url":"https:\/\/paulmmueller.fantomas-staging.de\/en\/","logo":{"@type":"ImageObject","inLanguage":"cs","@id":"https:\/\/paulmmueller.fantomas-staging.de\/en\/#\/schema\/logo\/image\/","url":"https:\/\/paulmmueller.fantomas-staging.de\/wp-content\/uploads\/2022\/08\/PaulMMueller_2021_EN.svg","contentUrl":"https:\/\/paulmmueller.fantomas-staging.de\/wp-content\/uploads\/2022\/08\/PaulMMueller_2021_EN.svg","width":730,"height":137,"caption":"Paul M. M\u00fcller GmbH"},"image":{"@id":"https:\/\/paulmmueller.fantomas-staging.de\/en\/#\/schema\/logo\/image\/"},"sameAs":["https:\/\/www.facebook.com\/paulmmuellergmbh\/","https:\/\/x.com\/PaulMMller1","https:\/\/www.instagram.com\/paul_m._mueller_gmbh\/","https:\/\/www.linkedin.com\/company\/17897510\/","https:\/\/www.xing.com\/companies\/paulm.mllergmbh"]}]}},"_links":{"self":[{"href":"https:\/\/paulmmueller.fantomas-staging.de\/cs\/wp-json\/wp\/v2\/pages\/23868","targetHints":{"allow":["GET"]}}],"collection":[{"href":"https:\/\/paulmmueller.fantomas-staging.de\/cs\/wp-json\/wp\/v2\/pages"}],"about":[{"href":"https:\/\/paulmmueller.fantomas-staging.de\/cs\/wp-json\/wp\/v2\/types\/page"}],"author":[{"embeddable":true,"href":"https:\/\/paulmmueller.fantomas-staging.de\/cs\/wp-json\/wp\/v2\/users\/9"}],"replies":[{"embeddable":true,"href":"https:\/\/paulmmueller.fantomas-staging.de\/cs\/wp-json\/wp\/v2\/comments?post=23868"}],"version-history":[{"count":10,"href":"https:\/\/paulmmueller.fantomas-staging.de\/cs\/wp-json\/wp\/v2\/pages\/23868\/revisions"}],"predecessor-version":[{"id":23977,"href":"https:\/\/paulmmueller.fantomas-staging.de\/cs\/wp-json\/wp\/v2\/pages\/23868\/revisions\/23977"}],"wp:attachment":[{"href":"https:\/\/paulmmueller.fantomas-staging.de\/cs\/wp-json\/wp\/v2\/media?parent=23868"}],"curies":[{"name":"wp","href":"https:\/\/api.w.org\/{rel}","templated":true}]}}