{"id":13269,"date":"2022-07-16T17:33:30","date_gmt":"2022-07-16T15:33:30","guid":{"rendered":"https:\/\/paulmmueller.fantomas-staging.de\/?page_id=13269"},"modified":"2024-04-20T17:38:42","modified_gmt":"2024-04-20T15:38:42","slug":"agb","status":"publish","type":"page","link":"https:\/\/paulmmueller.fantomas-staging.de\/en\/agb\/","title":{"rendered":"AGB"},"content":{"rendered":"<div data-elementor-type=\"wp-page\" data-elementor-id=\"13269\" class=\"elementor elementor-13269\" data-elementor-post-type=\"page\">\n\t\t\t\t\t\t<section class=\"elementor-section elementor-top-section elementor-element elementor-element-485a798 elementor-section-boxed elementor-section-height-default elementor-section-height-default\" data-id=\"485a798\" data-element_type=\"section\">\n\t\t\t\t\t\t<div class=\"elementor-container elementor-column-gap-default\">\n\t\t\t\t\t<div class=\"elementor-column elementor-col-100 elementor-top-column elementor-element elementor-element-c1d759b\" data-id=\"c1d759b\" data-element_type=\"column\">\n\t\t\t<div class=\"elementor-widget-wrap elementor-element-populated\">\n\t\t\t\t\t\t<div class=\"elementor-element elementor-element-69e067f elementor-widget elementor-widget-heading\" data-id=\"69e067f\" data-element_type=\"widget\" data-widget_type=\"heading.default\">\n\t\t\t\t\t<h1 class=\"elementor-heading-title elementor-size-default\">GENERAL TERMS AND CONDITIONS<\/h1>\t\t\t\t<\/div>\n\t\t\t\t\t<\/div>\n\t\t<\/div>\n\t\t\t\t\t<\/div>\n\t\t<\/section>\n\t\t\t\t<section class=\"elementor-section elementor-top-section elementor-element elementor-element-c938a14 elementor-section-boxed elementor-section-height-default elementor-section-height-default\" data-id=\"c938a14\" data-element_type=\"section\">\n\t\t\t\t\t\t<div class=\"elementor-container elementor-column-gap-default\">\n\t\t\t\t\t<div class=\"elementor-column elementor-col-100 elementor-top-column elementor-element elementor-element-bda4903\" data-id=\"bda4903\" data-element_type=\"column\">\n\t\t\t<div class=\"elementor-widget-wrap elementor-element-populated\">\n\t\t\t\t\t\t<div class=\"elementor-element elementor-element-cb14664 elementor-widget__width-initial elementor-widget elementor-widget-text-editor\" data-id=\"cb14664\" data-element_type=\"widget\" data-widget_type=\"text-editor.default\">\n\t\t\t\t\t\t\t\t\t<div class=\"vc_row wpb_row vc_row-fluid vc_custom_1467972081308 vc_row-has-fill\">\n<div class=\"container\">\n<div class=\"row\">\n<div class=\"wpb_column vc_column_container vc_col-sm-12 align-center\">\n<div class=\"vc_custom_column-inner\">\n<div class=\"wpb_wrapper\">\n<h2 class=\"cms-custom-headding cms-align-center vc_custom_heading headline-opa\">Terms of sale and delivery<\/h2>\n<\/div>\n<\/div>\n<\/div>\n<\/div>\n<\/div>\n<\/div>\n<div class=\"vc_row wpb_row vc_row-fluid jk-mobile-padding vc_custom_1484310779656 vc_row-has-fill\">\n<div class=\"container\">\n<div class=\"row\">\n<div class=\"wpb_column vc_column_container vc_col-sm-6\">\n<div class=\"vc_custom_column-inner\">\n<div class=\"wpb_wrapper\">\n<div class=\"wpb_text_column wpb_content_element text-agb\">\n<div class=\"wpb_wrapper\">\n<h3>1. general<\/h3>\nAll sales, deliveries and ancillary services (including future ones) shall be concluded and performed on the basis of the respectively valid terms and conditions of the \"Waren-Verein der Hamburger B\u00f6rse e.V.\" (WVB), unless special or deviating provisions have been made. These terms and conditions are published on the Internet at www.waren-verein.de. The terms and conditions of the buyer or a broker or an agent that deviate from our terms and conditions, as well as ancillary agreements regarding the content of the contract and its amendment, require our written confirmation in order to be effective.\n<h3>2. quality<\/h3>\nAs a matter of principle, we supply healthy and merchantable goods that comply with the food law regulations of the Federal Republic of Germany as well as the European Union, the labeling ordinance and the calibration and measurement law in the respective valid version.\n<h3>3. shortages\/damages<\/h3>\nShortages and\/or damages will only be acknowledged by us upon presentation of a bill of lading receipted by the forwarding agent with a corresponding note.\n<h3>4. delivery date<\/h3>\nThis information is always \"approximate\" and subject to possible EC or government measures (also in the country of delivery) as well as timely own supply. Possible increases in public and other charges (customs duty, levy, contributions for DSD, etc.) as well as increases in freight rates up to the time of delivery shall be borne by the purchaser.\n<h3>5. self-delivery reservation<\/h3>\nWe always reserve the right to correct and timely self-delivery on the part of our upstream supplier. The regulations from \u00a7 29 WVB apply in detail.\n<h3>6. payment<\/h3>\nInsofar as it is not a documentary business, it is agreed:\nPayments shall be made immediately and without deductions after receipt of goods and invoice. Should our contractual partner prove to be no longer creditworthy after conclusion of the contract, in particular also due to bill and check protests as well as return debit notes and the like, we shall be entitled to demand security or to deliver only against advance payment; in such cases, we may revoke any target granting. If payment is not made on time, interest shall be charged on the purchase price from the due date at the debit interest rate of our bank, which we will prove on request, but in the event of default at least at the statutory default interest rate.\n<h3>7. rights of the buyer in case of delivery contrary to the contract<\/h3>\nIn the event of goods delivered in breach of contract, the rights of the Buyer shall arise from \u00a7 19 WVB. The limitation period provided for in paragraph (11) of this provision is 12 months.\n<h3>8. retention of title<\/h3>\nWe retain title to the goods delivered by us and to the products resulting from their processing until payment of our individual claims and until settlement of our credit balance resulting for us from current account, even if the goods are processed (\u00a7\u00a7 947, 948, 950, 951 BGB). The Buyer may resell the delivered goods and the items resulting from their processing only in the ordinary course of business. He shall assign all claims to which he is entitled from the resale or on any other legal grounds to us as security by concluding the purchase contract. The purchaser is authorized to collect the assigned claims for as long as he meets his payment obligations to us in accordance with the contract. If the sum and value of the assigned claims exceeds the nominal amount of the claim to be secured by more than 20% when viewed realistically, we shall, at our discretion, assign claims in the value of the exceeding amount back to the Buyer. In all other respects the rules of \u00a7 28 WVB shall apply.\n<h3>9. force majeure<\/h3>\nIf we are prevented from fulfilling our unloading or delivery obligations by an unforeseeable and unavoidable event for which we are not responsible and which occurs after conclusion of the contract, we shall have the right, at our discretion, to withdraw from the contract or to postpone the time of unloading or delivery by the duration of the hindrance.\n<h3>10. transport hazard<\/h3>\nThe transport risk for the delivery shall be borne by the purchaser even in the event of an agreement \"free at purchaser's warehouse\" or similar; the same shall apply accordingly to the dispatch of the shipping documents and other documents, in particular if their arrival is delayed. In the event of loss of the documents during transport, we shall not be obliged to procure replacements.\n<h3>11 Place of Performance, Jurisdiction, Evidence<\/h3>\nThe place of performance is Munich.\nDisputes shall be decided at our discretion by the arbitration tribunal of the \"Waren-Verein der Hamburger B\u00f6rse e.V.\" or by the ordinary courts in Munich. If the buyer intends to institute proceedings before the said arbitration tribunal or the ordinary courts in Munich, he must notify us of this and request us to exercise our right of choice within one week of receipt of the notification. If we have not made a declaration within this period, the right of choice shall pass to the buyer. His decision must be made immediately and communicated to us. The disputed quality of the goods or a sample can only ever be proven by an expert opinion obtained in accordance with the rules of procedure for experts of the \"Waren-Verein der Hamburger B\u00f6rse e.V.\".\n\nPAUL M. M\u00dcLLER GMBH\n\n<\/div>\n<\/div>\n<\/div>\n<\/div>\n<\/div>\n<\/div>\n<\/div>\n<\/div>\t\t\t\t\t\t\t\t<\/div>\n\t\t\t\t\t<\/div>\n\t\t<\/div>\n\t\t\t\t\t<\/div>\n\t\t<\/section>\n\t\t<div class=\"elementor-element elementor-element-da78d16 e-flex e-con-boxed e-con e-parent\" data-id=\"da78d16\" data-element_type=\"container\">\n\t\t\t\t\t<div class=\"e-con-inner\">\n\t\t\t\t<div class=\"elementor-element elementor-element-6513c65 elementor-widget elementor-widget-button\" data-id=\"6513c65\" data-element_type=\"widget\" data-widget_type=\"button.default\">\n\t\t\t\t\t\t\t\t\t\t<a class=\"elementor-button elementor-button-link elementor-size-sm\" href=\"https:\/\/paulmmueller.fantomas-staging.de\/wp-content\/uploads\/2024\/04\/240419_PaulMMueller_AGB_EN.pdf\">\n\t\t\t\t\t\t<span class=\"elementor-button-content-wrapper\">\n\t\t\t\t\t\t<span class=\"elementor-button-icon\">\n\t\t\t\t<svg xmlns=\"http:\/\/www.w3.org\/2000\/svg\" width=\"9.121\" height=\"15.414\" viewbox=\"0 0 9.121 15.414\"><path id=\"Pfad_2838\" data-name=\"Pfad 2838\" d=\"M426.32,439.507l7-7-7-7\" transform=\"translate(-425.613 -424.8)\" fill=\"none\" stroke=\"#ffe200\" stroke-miterlimit=\"10\" stroke-width=\"2\"><\/path><\/svg>\t\t\t<\/span>\n\t\t\t\t\t\t\t\t\t<span class=\"elementor-button-text\">Download AGB as PDF<\/span>\n\t\t\t\t\t<\/span>\n\t\t\t\t\t<\/a>\n\t\t\t\t\t\t\t\t<\/div>\n\t\t\t\t\t<\/div>\n\t\t\t\t<\/div>\n\t\t\t\t<\/div>","protected":false},"excerpt":{"rendered":"<p>GENERAL TERMS AND CONDITIONS OF BUSINESS Terms and conditions of sale and delivery 1. General All sales, deliveries and ancillary services (including future ones) shall be concluded and performed on the basis of the currently valid terms and conditions of business of the \"Waren-Verein der Hamburger B\u00f6rse e.V.\" (WVB), unless special or deviating provisions have been made. These terms and conditions are published on the Internet at www.waren-verein.de. The terms and conditions of the buyer or [...]<\/p>","protected":false},"author":1,"featured_media":0,"parent":0,"menu_order":15,"comment_status":"closed","ping_status":"closed","template":"","meta":{"_acf_changed":false,"footnotes":""},"class_list":["post-13269","page","type-page","status-publish","hentry"],"acf":[],"yoast_head":"<!-- This site is optimized with the Yoast SEO plugin v25.3.1 - https:\/\/yoast.com\/wordpress\/plugins\/seo\/ -->\n<title>AGB - Paul M. M\u00fcller<\/title>\n<meta name=\"robots\" content=\"index, follow, max-snippet:-1, max-image-preview:large, max-video-preview:-1\" \/>\n<link rel=\"canonical\" href=\"https:\/\/paulmmueller.fantomas-staging.de\/en\/agb\/\" \/>\n<meta property=\"og:locale\" content=\"en_US\" \/>\n<meta property=\"og:type\" content=\"article\" \/>\n<meta property=\"og:title\" content=\"AGB - Paul M. M\u00fcller\" \/>\n<meta property=\"og:description\" content=\"ALLGEMEINE GESCH\u00c4FTSBEDINGUNGEN Verkaufs- und Lieferbedingungen 1. Allgemeines Alle Verk\u00e4ufe, Lieferungen und Nebenleistungen (auch die zuku\u0308nftigen) werden, soweit keine besonderen oder abweichenden Regelungen getroffen worden sind, auf der Grundlage der jeweils gu\u0308ltigen Gesch\u00e4ftsbedingungen des \u201eWaren-Vereins der Hamburger B\u00f6rse e.V.\u201c (WVB) abgeschlossen und durchgefu\u0308hrt. Diese Gesch\u00e4ftsbedingungen sind im Internet unter www.waren-verein.de ver\u00f6ffentlicht. Die Gesch\u00e4ftsbedingungen des K\u00e4ufers oder [&hellip;]\" \/>\n<meta property=\"og:url\" content=\"https:\/\/paulmmueller.fantomas-staging.de\/en\/agb\/\" \/>\n<meta property=\"og:site_name\" content=\"Paul M. M\u00fcller\" \/>\n<meta property=\"article:publisher\" content=\"https:\/\/www.facebook.com\/paulmmuellergmbh\/\" \/>\n<meta property=\"article:modified_time\" content=\"2024-04-20T15:38:42+00:00\" \/>\n<meta name=\"twitter:card\" content=\"summary_large_image\" \/>\n<meta name=\"twitter:site\" content=\"@PaulMMller1\" \/>\n<script type=\"application\/ld+json\" class=\"yoast-schema-graph\">{\"@context\":\"https:\/\/schema.org\",\"@graph\":[{\"@type\":\"WebPage\",\"@id\":\"https:\/\/paulmmueller.fantomas-staging.de\/agb\/\",\"url\":\"https:\/\/paulmmueller.fantomas-staging.de\/agb\/\",\"name\":\"AGB - Paul M. M\u00fcller\",\"isPartOf\":{\"@id\":\"https:\/\/paulmmueller.fantomas-staging.de\/en\/#website\"},\"datePublished\":\"2022-07-16T15:33:30+00:00\",\"dateModified\":\"2024-04-20T15:38:42+00:00\",\"breadcrumb\":{\"@id\":\"https:\/\/paulmmueller.fantomas-staging.de\/agb\/#breadcrumb\"},\"inLanguage\":\"en-US\",\"potentialAction\":[{\"@type\":\"ReadAction\",\"target\":[\"https:\/\/paulmmueller.fantomas-staging.de\/agb\/\"]}]},{\"@type\":\"BreadcrumbList\",\"@id\":\"https:\/\/paulmmueller.fantomas-staging.de\/agb\/#breadcrumb\",\"itemListElement\":[{\"@type\":\"ListItem\",\"position\":1,\"name\":\"Home\",\"item\":\"https:\/\/paulmmueller.fantomas-staging.de\/\"},{\"@type\":\"ListItem\",\"position\":2,\"name\":\"AGB\"}]},{\"@type\":\"WebSite\",\"@id\":\"https:\/\/paulmmueller.fantomas-staging.de\/en\/#website\",\"url\":\"https:\/\/paulmmueller.fantomas-staging.de\/en\/\",\"name\":\"Paul M. M\u00fcller\",\"description\":\"Die Food Marken Macher\",\"publisher\":{\"@id\":\"https:\/\/paulmmueller.fantomas-staging.de\/en\/#organization\"},\"potentialAction\":[{\"@type\":\"SearchAction\",\"target\":{\"@type\":\"EntryPoint\",\"urlTemplate\":\"https:\/\/paulmmueller.fantomas-staging.de\/en\/?s={search_term_string}\"},\"query-input\":{\"@type\":\"PropertyValueSpecification\",\"valueRequired\":true,\"valueName\":\"search_term_string\"}}],\"inLanguage\":\"en-US\"},{\"@type\":\"Organization\",\"@id\":\"https:\/\/paulmmueller.fantomas-staging.de\/en\/#organization\",\"name\":\"Paul M. M\u00fcller GmbH\",\"url\":\"https:\/\/paulmmueller.fantomas-staging.de\/en\/\",\"logo\":{\"@type\":\"ImageObject\",\"inLanguage\":\"en-US\",\"@id\":\"https:\/\/paulmmueller.fantomas-staging.de\/en\/#\/schema\/logo\/image\/\",\"url\":\"https:\/\/paulmmueller.fantomas-staging.de\/wp-content\/uploads\/2022\/08\/PaulMMueller_2021_EN.svg\",\"contentUrl\":\"https:\/\/paulmmueller.fantomas-staging.de\/wp-content\/uploads\/2022\/08\/PaulMMueller_2021_EN.svg\",\"width\":730,\"height\":137,\"caption\":\"Paul M. M\u00fcller GmbH\"},\"image\":{\"@id\":\"https:\/\/paulmmueller.fantomas-staging.de\/en\/#\/schema\/logo\/image\/\"},\"sameAs\":[\"https:\/\/www.facebook.com\/paulmmuellergmbh\/\",\"https:\/\/x.com\/PaulMMller1\",\"https:\/\/www.instagram.com\/paul_m._mueller_gmbh\/\",\"https:\/\/www.linkedin.com\/company\/17897510\/\",\"https:\/\/www.xing.com\/companies\/paulm.mllergmbh\"]}]}<\/script>\n<!-- \/ Yoast SEO plugin. -->","yoast_head_json":{"title":"AGB - Paul M. M\u00fcller","robots":{"index":"index","follow":"follow","max-snippet":"max-snippet:-1","max-image-preview":"max-image-preview:large","max-video-preview":"max-video-preview:-1"},"canonical":"https:\/\/paulmmueller.fantomas-staging.de\/en\/agb\/","og_locale":"en_US","og_type":"article","og_title":"AGB - Paul M. M\u00fcller","og_description":"ALLGEMEINE GESCH\u00c4FTSBEDINGUNGEN Verkaufs- und Lieferbedingungen 1. Allgemeines Alle Verk\u00e4ufe, Lieferungen und Nebenleistungen (auch die zuku\u0308nftigen) werden, soweit keine besonderen oder abweichenden Regelungen getroffen worden sind, auf der Grundlage der jeweils gu\u0308ltigen Gesch\u00e4ftsbedingungen des \u201eWaren-Vereins der Hamburger B\u00f6rse e.V.\u201c (WVB) abgeschlossen und durchgefu\u0308hrt. Diese Gesch\u00e4ftsbedingungen sind im Internet unter www.waren-verein.de ver\u00f6ffentlicht. Die Gesch\u00e4ftsbedingungen des K\u00e4ufers oder [&hellip;]","og_url":"https:\/\/paulmmueller.fantomas-staging.de\/en\/agb\/","og_site_name":"Paul M. M\u00fcller","article_publisher":"https:\/\/www.facebook.com\/paulmmuellergmbh\/","article_modified_time":"2024-04-20T15:38:42+00:00","twitter_card":"summary_large_image","twitter_site":"@PaulMMller1","schema":{"@context":"https:\/\/schema.org","@graph":[{"@type":"WebPage","@id":"https:\/\/paulmmueller.fantomas-staging.de\/agb\/","url":"https:\/\/paulmmueller.fantomas-staging.de\/agb\/","name":"AGB - Paul M. M\u00fcller","isPartOf":{"@id":"https:\/\/paulmmueller.fantomas-staging.de\/en\/#website"},"datePublished":"2022-07-16T15:33:30+00:00","dateModified":"2024-04-20T15:38:42+00:00","breadcrumb":{"@id":"https:\/\/paulmmueller.fantomas-staging.de\/agb\/#breadcrumb"},"inLanguage":"en-US","potentialAction":[{"@type":"ReadAction","target":["https:\/\/paulmmueller.fantomas-staging.de\/agb\/"]}]},{"@type":"BreadcrumbList","@id":"https:\/\/paulmmueller.fantomas-staging.de\/agb\/#breadcrumb","itemListElement":[{"@type":"ListItem","position":1,"name":"Home","item":"https:\/\/paulmmueller.fantomas-staging.de\/"},{"@type":"ListItem","position":2,"name":"AGB"}]},{"@type":"WebSite","@id":"https:\/\/paulmmueller.fantomas-staging.de\/en\/#website","url":"https:\/\/paulmmueller.fantomas-staging.de\/en\/","name":"Paul M. M\u00fcller","description":"Die Food Marken Macher","publisher":{"@id":"https:\/\/paulmmueller.fantomas-staging.de\/en\/#organization"},"potentialAction":[{"@type":"SearchAction","target":{"@type":"EntryPoint","urlTemplate":"https:\/\/paulmmueller.fantomas-staging.de\/en\/?s={search_term_string}"},"query-input":{"@type":"PropertyValueSpecification","valueRequired":true,"valueName":"search_term_string"}}],"inLanguage":"en-US"},{"@type":"Organization","@id":"https:\/\/paulmmueller.fantomas-staging.de\/en\/#organization","name":"Paul M. M\u00fcller GmbH","url":"https:\/\/paulmmueller.fantomas-staging.de\/en\/","logo":{"@type":"ImageObject","inLanguage":"en-US","@id":"https:\/\/paulmmueller.fantomas-staging.de\/en\/#\/schema\/logo\/image\/","url":"https:\/\/paulmmueller.fantomas-staging.de\/wp-content\/uploads\/2022\/08\/PaulMMueller_2021_EN.svg","contentUrl":"https:\/\/paulmmueller.fantomas-staging.de\/wp-content\/uploads\/2022\/08\/PaulMMueller_2021_EN.svg","width":730,"height":137,"caption":"Paul M. M\u00fcller GmbH"},"image":{"@id":"https:\/\/paulmmueller.fantomas-staging.de\/en\/#\/schema\/logo\/image\/"},"sameAs":["https:\/\/www.facebook.com\/paulmmuellergmbh\/","https:\/\/x.com\/PaulMMller1","https:\/\/www.instagram.com\/paul_m._mueller_gmbh\/","https:\/\/www.linkedin.com\/company\/17897510\/","https:\/\/www.xing.com\/companies\/paulm.mllergmbh"]}]}},"_links":{"self":[{"href":"https:\/\/paulmmueller.fantomas-staging.de\/en\/wp-json\/wp\/v2\/pages\/13269","targetHints":{"allow":["GET"]}}],"collection":[{"href":"https:\/\/paulmmueller.fantomas-staging.de\/en\/wp-json\/wp\/v2\/pages"}],"about":[{"href":"https:\/\/paulmmueller.fantomas-staging.de\/en\/wp-json\/wp\/v2\/types\/page"}],"author":[{"embeddable":true,"href":"https:\/\/paulmmueller.fantomas-staging.de\/en\/wp-json\/wp\/v2\/users\/1"}],"replies":[{"embeddable":true,"href":"https:\/\/paulmmueller.fantomas-staging.de\/en\/wp-json\/wp\/v2\/comments?post=13269"}],"version-history":[{"count":10,"href":"https:\/\/paulmmueller.fantomas-staging.de\/en\/wp-json\/wp\/v2\/pages\/13269\/revisions"}],"predecessor-version":[{"id":19702,"href":"https:\/\/paulmmueller.fantomas-staging.de\/en\/wp-json\/wp\/v2\/pages\/13269\/revisions\/19702"}],"wp:attachment":[{"href":"https:\/\/paulmmueller.fantomas-staging.de\/en\/wp-json\/wp\/v2\/media?parent=13269"}],"curies":[{"name":"wp","href":"https:\/\/api.w.org\/{rel}","templated":true}]}}