{"id":20163,"date":"2024-05-16T10:01:05","date_gmt":"2024-05-16T08:01:05","guid":{"rendered":"https:\/\/paulmmueller.com\/?page_id=20163"},"modified":"2024-05-16T10:08:56","modified_gmt":"2024-05-16T08:08:56","slug":"avanti","status":"publish","type":"page","link":"https:\/\/paulmmueller.fantomas-staging.de\/en\/brand-world\/avanti\/","title":{"rendered":"Avanti"},"content":{"rendered":"<div data-elementor-type=\"wp-page\" data-elementor-id=\"20163\" class=\"elementor elementor-20163\" data-elementor-post-type=\"page\">\n\t\t\t\t<div class=\"elementor-element elementor-element-aae602a e-flex e-con-boxed e-con e-parent\" data-id=\"aae602a\" data-element_type=\"container\">\n\t\t\t\t\t<div class=\"e-con-inner\">\n\t\t\t\t<div class=\"elementor-element elementor-element-19996e5 dce_masking-none elementor-widget elementor-widget-image\" data-id=\"19996e5\" data-element_type=\"widget\" data-widget_type=\"image.default\">\n\t\t\t\t\t\t\t\t\t\t\t\t\t\t\t<img fetchpriority=\"high\" decoding=\"async\" width=\"500\" height=\"160\" src=\"https:\/\/paulmmueller.fantomas-staging.de\/wp-content\/uploads\/2023\/04\/Avanti_Logo.svg\" class=\"attachment-large size-large wp-image-17557\" alt=\"\" \/>\t\t\t\t\t\t\t\t\t\t\t\t\t\t\t<\/div>\n\t\t\t\t\t<\/div>\n\t\t\t\t<\/div>\n\t\t<div data-dce-background-image-url=\"https:\/\/paulmmueller.fantomas-staging.de\/wp-content\/uploads\/2024\/04\/240430_fischmuster.png\" class=\"elementor-element elementor-element-5d128e6 e-con-full e-flex e-con e-parent\" data-id=\"5d128e6\" data-element_type=\"container\" data-settings=\"{&quot;background_background&quot;:&quot;classic&quot;}\">\n\t\t<div class=\"elementor-element elementor-element-784ce3e e-flex e-con-boxed e-con e-child\" data-id=\"784ce3e\" data-element_type=\"container\">\n\t\t\t\t\t<div class=\"e-con-inner\">\n\t\t<div class=\"elementor-element elementor-element-67d2572 e-con-full e-flex e-con e-child\" data-id=\"67d2572\" data-element_type=\"container\">\n\t\t\t\t<div class=\"elementor-element elementor-element-e6006f7 elementor-widget elementor-widget-text-editor\" data-id=\"e6006f7\" data-element_type=\"widget\" data-widget_type=\"text-editor.default\">\n\t\t\t\t\t\t\t\t\t<p>The freshest creation from the Paul M. M\u00fcller brand makers:<br \/>Our AVANTI tuna flakes in sunflower oil.<br \/>Perfect for pizza, pasta and salad.<\/p>\t\t\t\t\t\t\t\t<\/div>\n\t\t\t\t<div class=\"elementor-element elementor-element-f3b9f35 elementor-widget elementor-widget-text-editor\" data-id=\"f3b9f35\" data-element_type=\"widget\" data-widget_type=\"text-editor.default\">\n\t\t\t\t\t\t\t\t\t<p><strong>Delicious, inexpensive, convenient.<\/strong><\/p><p>AVANTI Pizza Tuna (flakes) are an inexpensive alternative to chunks or solid packs of tuna - they are ready to use without any chopping or tearing.<\/p><p><strong>We will be happy to advise you!<\/strong><\/p>\t\t\t\t\t\t\t\t<\/div>\n\t\t\t\t<\/div>\n\t\t<div class=\"elementor-element elementor-element-7f9226a e-con-full e-flex e-con e-child\" data-id=\"7f9226a\" data-element_type=\"container\">\n\t\t\t\t<div class=\"elementor-element elementor-element-4c74a32 dce_masking-none elementor-widget elementor-widget-image\" data-id=\"4c74a32\" data-element_type=\"widget\" data-widget_type=\"image.default\">\n\t\t\t\t\t\t\t\t\t\t\t\t\t\t\t<img decoding=\"async\" width=\"800\" height=\"661\" src=\"https:\/\/paulmmueller.fantomas-staging.de\/wp-content\/uploads\/2024\/04\/240430_avanti-dose@2x-1024x846.png\" class=\"attachment-large size-large wp-image-19715\" alt=\"\" srcset=\"https:\/\/paulmmueller.fantomas-staging.de\/wp-content\/uploads\/2024\/04\/240430_avanti-dose@2x-1024x846.png 1024w, https:\/\/paulmmueller.fantomas-staging.de\/wp-content\/uploads\/2024\/04\/240430_avanti-dose@2x-300x248.png 300w, https:\/\/paulmmueller.fantomas-staging.de\/wp-content\/uploads\/2024\/04\/240430_avanti-dose@2x-768x634.png 768w, https:\/\/paulmmueller.fantomas-staging.de\/wp-content\/uploads\/2024\/04\/240430_avanti-dose@2x-15x12.png 15w, https:\/\/paulmmueller.fantomas-staging.de\/wp-content\/uploads\/2024\/04\/240430_avanti-dose@2x.png 1041w\" sizes=\"(max-width: 800px) 100vw, 800px\" \/>\t\t\t\t\t\t\t\t\t\t\t\t\t\t\t<\/div>\n\t\t\t\t<\/div>\n\t\t\t\t\t<\/div>\n\t\t\t\t<\/div>\n\t\t\t\t<\/div>\n\t\t\t\t<\/div>","protected":false},"excerpt":{"rendered":"<p>The freshest creation from the Paul M. M\u00fcller brand makers: our AVANTI tuna flakes in sunflower oil, perfect for pizza, pasta and salad. Delicious, inexpensive, convenient. AVANTI Pizza Tuna (flakes) are an inexpensive alternative to chunks or solid packs of tuna - they are ready to use without any chopping or tearing. We will be happy to advise you!<\/p>","protected":false},"author":9,"featured_media":0,"parent":20021,"menu_order":8,"comment_status":"closed","ping_status":"closed","template":"","meta":{"_acf_changed":false,"footnotes":""},"class_list":["post-20163","page","type-page","status-publish","hentry"],"acf":[],"yoast_head":"<!-- This site is optimized with the Yoast SEO plugin v25.3.1 - https:\/\/yoast.com\/wordpress\/plugins\/seo\/ -->\n<title>Avanti - Paul M. M\u00fcller<\/title>\n<meta name=\"robots\" content=\"index, follow, max-snippet:-1, max-image-preview:large, max-video-preview:-1\" \/>\n<link rel=\"canonical\" href=\"https:\/\/paulmmueller.fantomas-staging.de\/en\/brand-world\/avanti\/\" \/>\n<meta property=\"og:locale\" content=\"en_US\" \/>\n<meta property=\"og:type\" content=\"article\" \/>\n<meta property=\"og:title\" content=\"Avanti - Paul M. M\u00fcller\" \/>\n<meta property=\"og:description\" content=\"Die frischeste Kreation der Paul M. M\u00fcller Markenmacher:Unsere AVANTI Thunfisch Flakes in Sonnenblumen\u00f6l.Perfekt f\u00fcr Pizza, Pasta und Salat. Lecker, preiswert, convenience. AVANTI Pizza Thunfisch (Flakes) sind eine preiswerte Alternative zu Chunks bzw. Solidpack bei Thunfisch \u2013 komplett ohne Schnippeln oder Zerzupfen sind sie sofort einsatzbereit. Wir beraten Sie gern!\" \/>\n<meta property=\"og:url\" content=\"https:\/\/paulmmueller.fantomas-staging.de\/en\/brand-world\/avanti\/\" \/>\n<meta property=\"og:site_name\" content=\"Paul M. M\u00fcller\" \/>\n<meta property=\"article:publisher\" content=\"https:\/\/www.facebook.com\/paulmmuellergmbh\/\" \/>\n<meta property=\"article:modified_time\" content=\"2024-05-16T08:08:56+00:00\" \/>\n<meta property=\"og:image\" content=\"https:\/\/paulmmueller.fantomas-staging.de\/wp-content\/uploads\/2023\/04\/Avanti_Logo.svg\" \/>\n<meta name=\"twitter:card\" content=\"summary_large_image\" \/>\n<meta name=\"twitter:site\" content=\"@PaulMMller1\" \/>\n<script type=\"application\/ld+json\" class=\"yoast-schema-graph\">{\"@context\":\"https:\/\/schema.org\",\"@graph\":[{\"@type\":\"WebPage\",\"@id\":\"https:\/\/paulmmueller.fantomas-staging.de\/markenwelt\/avanti\/\",\"url\":\"https:\/\/paulmmueller.fantomas-staging.de\/markenwelt\/avanti\/\",\"name\":\"Avanti - Paul M. M\u00fcller\",\"isPartOf\":{\"@id\":\"https:\/\/paulmmueller.fantomas-staging.de\/en\/#website\"},\"primaryImageOfPage\":{\"@id\":\"https:\/\/paulmmueller.fantomas-staging.de\/markenwelt\/avanti\/#primaryimage\"},\"image\":{\"@id\":\"https:\/\/paulmmueller.fantomas-staging.de\/markenwelt\/avanti\/#primaryimage\"},\"thumbnailUrl\":\"https:\/\/paulmmueller.fantomas-staging.de\/wp-content\/uploads\/2023\/04\/Avanti_Logo.svg\",\"datePublished\":\"2024-05-16T08:01:05+00:00\",\"dateModified\":\"2024-05-16T08:08:56+00:00\",\"breadcrumb\":{\"@id\":\"https:\/\/paulmmueller.fantomas-staging.de\/markenwelt\/avanti\/#breadcrumb\"},\"inLanguage\":\"en-US\",\"potentialAction\":[{\"@type\":\"ReadAction\",\"target\":[\"https:\/\/paulmmueller.fantomas-staging.de\/markenwelt\/avanti\/\"]}]},{\"@type\":\"ImageObject\",\"inLanguage\":\"en-US\",\"@id\":\"https:\/\/paulmmueller.fantomas-staging.de\/markenwelt\/avanti\/#primaryimage\",\"url\":\"https:\/\/paulmmueller.fantomas-staging.de\/wp-content\/uploads\/2023\/04\/Avanti_Logo.svg\",\"contentUrl\":\"https:\/\/paulmmueller.fantomas-staging.de\/wp-content\/uploads\/2023\/04\/Avanti_Logo.svg\"},{\"@type\":\"BreadcrumbList\",\"@id\":\"https:\/\/paulmmueller.fantomas-staging.de\/markenwelt\/avanti\/#breadcrumb\",\"itemListElement\":[{\"@type\":\"ListItem\",\"position\":1,\"name\":\"Home\",\"item\":\"https:\/\/paulmmueller.fantomas-staging.de\/\"},{\"@type\":\"ListItem\",\"position\":2,\"name\":\"Markenwelt\",\"item\":\"https:\/\/paulmmueller.fantomas-staging.de\/en\/markenwelt\/\"},{\"@type\":\"ListItem\",\"position\":3,\"name\":\"Avanti\"}]},{\"@type\":\"WebSite\",\"@id\":\"https:\/\/paulmmueller.fantomas-staging.de\/en\/#website\",\"url\":\"https:\/\/paulmmueller.fantomas-staging.de\/en\/\",\"name\":\"Paul M. M\u00fcller\",\"description\":\"Die Food Marken Macher\",\"publisher\":{\"@id\":\"https:\/\/paulmmueller.fantomas-staging.de\/en\/#organization\"},\"potentialAction\":[{\"@type\":\"SearchAction\",\"target\":{\"@type\":\"EntryPoint\",\"urlTemplate\":\"https:\/\/paulmmueller.fantomas-staging.de\/en\/?s={search_term_string}\"},\"query-input\":{\"@type\":\"PropertyValueSpecification\",\"valueRequired\":true,\"valueName\":\"search_term_string\"}}],\"inLanguage\":\"en-US\"},{\"@type\":\"Organization\",\"@id\":\"https:\/\/paulmmueller.fantomas-staging.de\/en\/#organization\",\"name\":\"Paul M. M\u00fcller GmbH\",\"url\":\"https:\/\/paulmmueller.fantomas-staging.de\/en\/\",\"logo\":{\"@type\":\"ImageObject\",\"inLanguage\":\"en-US\",\"@id\":\"https:\/\/paulmmueller.fantomas-staging.de\/en\/#\/schema\/logo\/image\/\",\"url\":\"https:\/\/paulmmueller.fantomas-staging.de\/wp-content\/uploads\/2022\/08\/PaulMMueller_2021_EN.svg\",\"contentUrl\":\"https:\/\/paulmmueller.fantomas-staging.de\/wp-content\/uploads\/2022\/08\/PaulMMueller_2021_EN.svg\",\"width\":730,\"height\":137,\"caption\":\"Paul M. M\u00fcller GmbH\"},\"image\":{\"@id\":\"https:\/\/paulmmueller.fantomas-staging.de\/en\/#\/schema\/logo\/image\/\"},\"sameAs\":[\"https:\/\/www.facebook.com\/paulmmuellergmbh\/\",\"https:\/\/x.com\/PaulMMller1\",\"https:\/\/www.instagram.com\/paul_m._mueller_gmbh\/\",\"https:\/\/www.linkedin.com\/company\/17897510\/\",\"https:\/\/www.xing.com\/companies\/paulm.mllergmbh\"]}]}<\/script>\n<!-- \/ Yoast SEO plugin. -->","yoast_head_json":{"title":"Avanti - Paul M. M\u00fcller","robots":{"index":"index","follow":"follow","max-snippet":"max-snippet:-1","max-image-preview":"max-image-preview:large","max-video-preview":"max-video-preview:-1"},"canonical":"https:\/\/paulmmueller.fantomas-staging.de\/en\/brand-world\/avanti\/","og_locale":"en_US","og_type":"article","og_title":"Avanti - Paul M. M\u00fcller","og_description":"Die frischeste Kreation der Paul M. M\u00fcller Markenmacher:Unsere AVANTI Thunfisch Flakes in Sonnenblumen\u00f6l.Perfekt f\u00fcr Pizza, Pasta und Salat. Lecker, preiswert, convenience. AVANTI Pizza Thunfisch (Flakes) sind eine preiswerte Alternative zu Chunks bzw. Solidpack bei Thunfisch \u2013 komplett ohne Schnippeln oder Zerzupfen sind sie sofort einsatzbereit. Wir beraten Sie gern!","og_url":"https:\/\/paulmmueller.fantomas-staging.de\/en\/brand-world\/avanti\/","og_site_name":"Paul M. M\u00fcller","article_publisher":"https:\/\/www.facebook.com\/paulmmuellergmbh\/","article_modified_time":"2024-05-16T08:08:56+00:00","og_image":[{"url":"https:\/\/paulmmueller.fantomas-staging.de\/wp-content\/uploads\/2023\/04\/Avanti_Logo.svg","type":"","width":"","height":""}],"twitter_card":"summary_large_image","twitter_site":"@PaulMMller1","schema":{"@context":"https:\/\/schema.org","@graph":[{"@type":"WebPage","@id":"https:\/\/paulmmueller.fantomas-staging.de\/markenwelt\/avanti\/","url":"https:\/\/paulmmueller.fantomas-staging.de\/markenwelt\/avanti\/","name":"Avanti - Paul M. M\u00fcller","isPartOf":{"@id":"https:\/\/paulmmueller.fantomas-staging.de\/en\/#website"},"primaryImageOfPage":{"@id":"https:\/\/paulmmueller.fantomas-staging.de\/markenwelt\/avanti\/#primaryimage"},"image":{"@id":"https:\/\/paulmmueller.fantomas-staging.de\/markenwelt\/avanti\/#primaryimage"},"thumbnailUrl":"https:\/\/paulmmueller.fantomas-staging.de\/wp-content\/uploads\/2023\/04\/Avanti_Logo.svg","datePublished":"2024-05-16T08:01:05+00:00","dateModified":"2024-05-16T08:08:56+00:00","breadcrumb":{"@id":"https:\/\/paulmmueller.fantomas-staging.de\/markenwelt\/avanti\/#breadcrumb"},"inLanguage":"en-US","potentialAction":[{"@type":"ReadAction","target":["https:\/\/paulmmueller.fantomas-staging.de\/markenwelt\/avanti\/"]}]},{"@type":"ImageObject","inLanguage":"en-US","@id":"https:\/\/paulmmueller.fantomas-staging.de\/markenwelt\/avanti\/#primaryimage","url":"https:\/\/paulmmueller.fantomas-staging.de\/wp-content\/uploads\/2023\/04\/Avanti_Logo.svg","contentUrl":"https:\/\/paulmmueller.fantomas-staging.de\/wp-content\/uploads\/2023\/04\/Avanti_Logo.svg"},{"@type":"BreadcrumbList","@id":"https:\/\/paulmmueller.fantomas-staging.de\/markenwelt\/avanti\/#breadcrumb","itemListElement":[{"@type":"ListItem","position":1,"name":"Home","item":"https:\/\/paulmmueller.fantomas-staging.de\/"},{"@type":"ListItem","position":2,"name":"Markenwelt","item":"https:\/\/paulmmueller.fantomas-staging.de\/en\/markenwelt\/"},{"@type":"ListItem","position":3,"name":"Avanti"}]},{"@type":"WebSite","@id":"https:\/\/paulmmueller.fantomas-staging.de\/en\/#website","url":"https:\/\/paulmmueller.fantomas-staging.de\/en\/","name":"Paul M. M\u00fcller","description":"Die Food Marken Macher","publisher":{"@id":"https:\/\/paulmmueller.fantomas-staging.de\/en\/#organization"},"potentialAction":[{"@type":"SearchAction","target":{"@type":"EntryPoint","urlTemplate":"https:\/\/paulmmueller.fantomas-staging.de\/en\/?s={search_term_string}"},"query-input":{"@type":"PropertyValueSpecification","valueRequired":true,"valueName":"search_term_string"}}],"inLanguage":"en-US"},{"@type":"Organization","@id":"https:\/\/paulmmueller.fantomas-staging.de\/en\/#organization","name":"Paul M. M\u00fcller GmbH","url":"https:\/\/paulmmueller.fantomas-staging.de\/en\/","logo":{"@type":"ImageObject","inLanguage":"en-US","@id":"https:\/\/paulmmueller.fantomas-staging.de\/en\/#\/schema\/logo\/image\/","url":"https:\/\/paulmmueller.fantomas-staging.de\/wp-content\/uploads\/2022\/08\/PaulMMueller_2021_EN.svg","contentUrl":"https:\/\/paulmmueller.fantomas-staging.de\/wp-content\/uploads\/2022\/08\/PaulMMueller_2021_EN.svg","width":730,"height":137,"caption":"Paul M. M\u00fcller GmbH"},"image":{"@id":"https:\/\/paulmmueller.fantomas-staging.de\/en\/#\/schema\/logo\/image\/"},"sameAs":["https:\/\/www.facebook.com\/paulmmuellergmbh\/","https:\/\/x.com\/PaulMMller1","https:\/\/www.instagram.com\/paul_m._mueller_gmbh\/","https:\/\/www.linkedin.com\/company\/17897510\/","https:\/\/www.xing.com\/companies\/paulm.mllergmbh"]}]}},"_links":{"self":[{"href":"https:\/\/paulmmueller.fantomas-staging.de\/en\/wp-json\/wp\/v2\/pages\/20163","targetHints":{"allow":["GET"]}}],"collection":[{"href":"https:\/\/paulmmueller.fantomas-staging.de\/en\/wp-json\/wp\/v2\/pages"}],"about":[{"href":"https:\/\/paulmmueller.fantomas-staging.de\/en\/wp-json\/wp\/v2\/types\/page"}],"author":[{"embeddable":true,"href":"https:\/\/paulmmueller.fantomas-staging.de\/en\/wp-json\/wp\/v2\/users\/9"}],"replies":[{"embeddable":true,"href":"https:\/\/paulmmueller.fantomas-staging.de\/en\/wp-json\/wp\/v2\/comments?post=20163"}],"version-history":[{"count":10,"href":"https:\/\/paulmmueller.fantomas-staging.de\/en\/wp-json\/wp\/v2\/pages\/20163\/revisions"}],"predecessor-version":[{"id":20188,"href":"https:\/\/paulmmueller.fantomas-staging.de\/en\/wp-json\/wp\/v2\/pages\/20163\/revisions\/20188"}],"up":[{"embeddable":true,"href":"https:\/\/paulmmueller.fantomas-staging.de\/en\/wp-json\/wp\/v2\/pages\/20021"}],"wp:attachment":[{"href":"https:\/\/paulmmueller.fantomas-staging.de\/en\/wp-json\/wp\/v2\/media?parent=20163"}],"curies":[{"name":"wp","href":"https:\/\/api.w.org\/{rel}","templated":true}]}}