{"id":785,"date":"2021-11-22T17:19:07","date_gmt":"2021-11-22T16:19:07","guid":{"rendered":"https:\/\/paulmmueller.fantomas-staging.de\/?page_id=785"},"modified":"2024-02-09T14:23:25","modified_gmt":"2024-02-09T13:23:25","slug":"unternehmen","status":"publish","type":"page","link":"https:\/\/paulmmueller.fantomas-staging.de\/en\/company\/","title":{"rendered":"Company"},"content":{"rendered":"<div data-elementor-type=\"wp-page\" data-elementor-id=\"785\" class=\"elementor elementor-785\" data-elementor-post-type=\"page\">\n\t\t\t\t\t\t<section class=\"elementor-section elementor-top-section elementor-element elementor-element-4e95cb3 elementor-section-boxed elementor-section-height-default elementor-section-height-default\" data-id=\"4e95cb3\" data-element_type=\"section\">\n\t\t\t\t\t\t<div class=\"elementor-container elementor-column-gap-default\">\n\t\t\t\t\t<div class=\"elementor-column elementor-col-100 elementor-top-column elementor-element elementor-element-4e1b9f2\" data-id=\"4e1b9f2\" data-element_type=\"column\">\n\t\t\t<div class=\"elementor-widget-wrap elementor-element-populated\">\n\t\t\t\t\t\t<div class=\"elementor-element elementor-element-88b6c27 elementor-widget elementor-widget-spacer\" data-id=\"88b6c27\" data-element_type=\"widget\" data-widget_type=\"spacer.default\">\n\t\t\t\t\t\t\t<div class=\"elementor-spacer\">\n\t\t\t<div class=\"elementor-spacer-inner\"><\/div>\n\t\t<\/div>\n\t\t\t\t\t\t<\/div>\n\t\t\t\t<div class=\"elementor-element elementor-element-d1d9b72 elementor-widget elementor-widget-heading\" data-id=\"d1d9b72\" data-element_type=\"widget\" data-widget_type=\"heading.default\">\n\t\t\t\t\t<h2 class=\"elementor-heading-title elementor-size-default\">Paul M. M\u00fcller<\/h2>\t\t\t\t<\/div>\n\t\t\t\t<div class=\"elementor-element elementor-element-8757f51 dce_masking-none elementor-widget elementor-widget-image\" data-id=\"8757f51\" data-element_type=\"widget\" data-widget_type=\"image.default\">\n\t\t\t\t\t\t\t\t\t\t\t\t\t\t\t<img fetchpriority=\"high\" decoding=\"async\" width=\"800\" height=\"534\" src=\"https:\/\/paulmmueller.fantomas-staging.de\/wp-content\/uploads\/2022\/02\/jalapeno_307662038.jpg\" class=\"attachment-large size-large wp-image-10690\" alt=\"\" srcset=\"https:\/\/paulmmueller.fantomas-staging.de\/wp-content\/uploads\/2022\/02\/jalapeno_307662038.jpg 1000w, https:\/\/paulmmueller.fantomas-staging.de\/wp-content\/uploads\/2022\/02\/jalapeno_307662038-300x200.jpg 300w, https:\/\/paulmmueller.fantomas-staging.de\/wp-content\/uploads\/2022\/02\/jalapeno_307662038-768x512.jpg 768w, https:\/\/paulmmueller.fantomas-staging.de\/wp-content\/uploads\/2022\/02\/jalapeno_307662038-18x12.jpg 18w\" sizes=\"(max-width: 800px) 100vw, 800px\" \/>\t\t\t\t\t\t\t\t\t\t\t\t\t\t\t<\/div>\n\t\t\t\t<div class=\"elementor-element elementor-element-fcc6c47 elementor-widget elementor-widget-text-editor\" data-id=\"fcc6c47\" data-element_type=\"widget\" data-widget_type=\"text-editor.default\">\n\t\t\t\t\t\t\t\t\tWhy we are called that and what makes us tick.\t\t\t\t\t\t\t\t<\/div>\n\t\t\t\t\t<\/div>\n\t\t<\/div>\n\t\t\t\t\t<\/div>\n\t\t<\/section>\n\t\t\t\t<section class=\"elementor-section elementor-top-section elementor-element elementor-element-cea03ed elementor-section-boxed elementor-section-height-default elementor-section-height-default\" data-id=\"cea03ed\" data-element_type=\"section\">\n\t\t\t\t\t\t<div class=\"elementor-container elementor-column-gap-default\">\n\t\t\t\t\t<div class=\"elementor-column elementor-col-100 elementor-top-column elementor-element elementor-element-3c8453c\" data-id=\"3c8453c\" data-element_type=\"column\">\n\t\t\t<div class=\"elementor-widget-wrap elementor-element-populated\">\n\t\t\t\t\t\t<div class=\"elementor-element elementor-element-e2c3e65 elementor-widget elementor-widget-text-editor\" data-id=\"e2c3e65\" data-element_type=\"widget\" data-widget_type=\"text-editor.default\">\n\t\t\t\t\t\t\t\t\tIt was a Friday afternoon in 1956 when Paul M. M\u00fcller was struck by a flash of inspiration in Stra\u00dflach near Munich. At that time, \"Everyone does their own thing from one o'clock on Fridays\" was not yet an issue. After all, someone had to drive the economic miracle forward! His idea was to import and preserve first-class food - first from the Far East, then also from the Mediterranean region. No sooner said than done - and a whole new culinary world opened up for the people of Munich.\t\t\t\t\t\t\t\t<\/div>\n\t\t\t\t<div class=\"elementor-element elementor-element-2489e8f elementor-widget elementor-widget-text-editor\" data-id=\"2489e8f\" data-element_type=\"widget\" data-widget_type=\"text-editor.default\">\n\t\t\t\t\t\t\t\t\tAnd today?\t\t\t\t\t\t\t\t<\/div>\n\t\t\t\t<div class=\"elementor-element elementor-element-50550ba elementor-widget elementor-widget-text-editor\" data-id=\"50550ba\" data-element_type=\"widget\" data-widget_type=\"text-editor.default\">\n\t\t\t\t\t\t\t\t\t<p>As a medium-sized, independent import house at the highest level, we bring over 170 products to our international customers with a highly motivated, effective and (almost) always good-humored team of employees. Old fruit varieties and young vegetables, fish and delicatessen from all over the world. Processed and filled especially for us by selected producers. Always safely packed in classic tinplate cans, jars and polypropylene containers, especially protected in Pouch Packs, Tetra Paks and BiBs (Bag in Box) as well as in drums for the industry.<\/p>\t\t\t\t\t\t\t\t<\/div>\n\t\t\t\t<div class=\"elementor-element elementor-element-9606899 elementor-widget elementor-widget-text-editor\" data-id=\"9606899\" data-element_type=\"widget\" data-widget_type=\"text-editor.default\">\n\t\t\t\t\t\t\t\t\t<strong>Short:<\/strong>  We combine the enjoyment competence and performance of a big player with the personal closeness and passion of a family business: that's what our customers from gastronomy, industry and wholesale appreciate so much about PMM. \t\t\t\t\t\t\t\t<\/div>\n\t\t\t\t<div class=\"elementor-element elementor-element-7ade7b4 elementor-widget elementor-widget-text-editor\" data-id=\"7ade7b4\" data-element_type=\"widget\" data-widget_type=\"text-editor.default\">\n\t\t\t\t\t\t\t\t\tAnd on Fridays at one, meanwhile, of course, everyone does his!\t\t\t\t\t\t\t\t<\/div>\n\t\t\t\t\t<\/div>\n\t\t<\/div>\n\t\t\t\t\t<\/div>\n\t\t<\/section>\n\t\t\t\t<section class=\"elementor-section elementor-top-section elementor-element elementor-element-799af0f elementor-section-full_width elementor-section-height-min-height elementor-section-content-middle elementor-section-height-default elementor-section-items-middle\" data-id=\"799af0f\" data-element_type=\"section\" data-settings=\"{&quot;background_background&quot;:&quot;gradient&quot;,&quot;animation&quot;:&quot;none&quot;}\">\n\t\t\t\t\t\t<div class=\"elementor-container elementor-column-gap-default\">\n\t\t\t\t\t<div class=\"elementor-column elementor-col-100 elementor-top-column elementor-element elementor-element-4498247\" data-id=\"4498247\" data-element_type=\"column\">\n\t\t\t<div class=\"elementor-widget-wrap elementor-element-populated\">\n\t\t\t\t\t\t<section class=\"elementor-section elementor-inner-section elementor-element elementor-element-76d01a8 elementor-section-full_width elementor-section-height-default elementor-section-height-default\" data-id=\"76d01a8\" data-element_type=\"section\" data-settings=\"{&quot;background_background&quot;:&quot;classic&quot;}\">\n\t\t\t\t\t\t<div class=\"elementor-container elementor-column-gap-default\">\n\t\t\t\t\t<div class=\"elementor-column elementor-col-33 elementor-inner-column elementor-element elementor-element-2d4a661\" data-id=\"2d4a661\" data-element_type=\"column\">\n\t\t\t<div class=\"elementor-widget-wrap elementor-element-populated\">\n\t\t\t\t\t\t<div class=\"elementor-element elementor-element-4243b28 elementor-align-right elementor-mobile-align-center elementor-widget elementor-widget-button\" data-id=\"4243b28\" data-element_type=\"widget\" data-widget_type=\"button.default\">\n\t\t\t\t\t\t\t\t\t\t<a class=\"elementor-button elementor-button-link elementor-size-sm\" href=\"https:\/\/paulmmueller.fantomas-staging.de\/en\/company\/team\/\">\n\t\t\t\t\t\t<span class=\"elementor-button-content-wrapper\">\n\t\t\t\t\t\t\t\t\t<span class=\"elementor-button-text\">Team<\/span>\n\t\t\t\t\t<\/span>\n\t\t\t\t\t<\/a>\n\t\t\t\t\t\t\t\t<\/div>\n\t\t\t\t\t<\/div>\n\t\t<\/div>\n\t\t\t\t<div class=\"elementor-column elementor-col-33 elementor-inner-column elementor-element elementor-element-882d8ba\" data-id=\"882d8ba\" data-element_type=\"column\">\n\t\t\t<div class=\"elementor-widget-wrap elementor-element-populated\">\n\t\t\t\t\t\t<div class=\"elementor-element elementor-element-3a00e30 elementor-align-center elementor-widget elementor-widget-button\" data-id=\"3a00e30\" data-element_type=\"widget\" data-widget_type=\"button.default\">\n\t\t\t\t\t\t\t\t\t\t<a class=\"elementor-button elementor-button-link elementor-size-sm\" href=\"https:\/\/paulmmueller.fantomas-staging.de\/en\/company\/partner\/\">\n\t\t\t\t\t\t<span class=\"elementor-button-content-wrapper\">\n\t\t\t\t\t\t\t\t\t<span class=\"elementor-button-text\">Partner<\/span>\n\t\t\t\t\t<\/span>\n\t\t\t\t\t<\/a>\n\t\t\t\t\t\t\t\t<\/div>\n\t\t\t\t\t<\/div>\n\t\t<\/div>\n\t\t\t\t<div class=\"elementor-column elementor-col-33 elementor-inner-column elementor-element elementor-element-dfe1d31\" data-id=\"dfe1d31\" data-element_type=\"column\">\n\t\t\t<div class=\"elementor-widget-wrap elementor-element-populated\">\n\t\t\t\t\t\t<div class=\"elementor-element elementor-element-e8585a9 elementor-align-left elementor-mobile-align-center elementor-widget elementor-widget-button\" data-id=\"e8585a9\" data-element_type=\"widget\" data-widget_type=\"button.default\">\n\t\t\t\t\t\t\t\t\t\t<a class=\"elementor-button elementor-button-link elementor-size-sm\" href=\"https:\/\/paulmmueller.fantomas-staging.de\/en\/unternehmen\/stellenanzeigen\/\">\n\t\t\t\t\t\t<span class=\"elementor-button-content-wrapper\">\n\t\t\t\t\t\t\t\t\t<span class=\"elementor-button-text\">Career<\/span>\n\t\t\t\t\t<\/span>\n\t\t\t\t\t<\/a>\n\t\t\t\t\t\t\t\t<\/div>\n\t\t\t\t\t<\/div>\n\t\t<\/div>\n\t\t\t\t\t<\/div>\n\t\t<\/section>\n\t\t\t\t\t<\/div>\n\t\t<\/div>\n\t\t\t\t\t<\/div>\n\t\t<\/section>\n\t\t\t\t<section class=\"elementor-section elementor-top-section elementor-element elementor-element-0fe5787 elementor-section-boxed elementor-section-height-default elementor-section-height-default\" data-id=\"0fe5787\" data-element_type=\"section\">\n\t\t\t\t\t\t<div class=\"elementor-container elementor-column-gap-default\">\n\t\t\t\t\t<div class=\"elementor-column elementor-col-100 elementor-top-column elementor-element elementor-element-16cff4a\" data-id=\"16cff4a\" data-element_type=\"column\">\n\t\t\t<div class=\"elementor-widget-wrap elementor-element-populated\">\n\t\t\t\t\t\t<div class=\"elementor-element elementor-element-a87af05 elementor-widget elementor-widget-spacer\" data-id=\"a87af05\" data-element_type=\"widget\" data-widget_type=\"spacer.default\">\n\t\t\t\t\t\t\t<div class=\"elementor-spacer\">\n\t\t\t<div class=\"elementor-spacer-inner\"><\/div>\n\t\t<\/div>\n\t\t\t\t\t\t<\/div>\n\t\t\t\t\t<\/div>\n\t\t<\/div>\n\t\t\t\t\t<\/div>\n\t\t<\/section>\n\t\t\t\t<\/div>","protected":false},"excerpt":{"rendered":"<p>Paul M. M\u00fcller Why we're called that and what makes us tick.It was a Friday afternoon in 1956 when Paul M. M\u00fcller was struck by a flash of inspiration in Stra\u00dflach near Munich. \"Everyone does their own thing from one o'clock on Fridays\" was not yet an issue back then. After all, someone had to drive the economic miracle forward! His idea: The import and preservation of first-class food [...].<\/p>","protected":false},"author":1,"featured_media":0,"parent":0,"menu_order":52,"comment_status":"closed","ping_status":"closed","template":"","meta":{"_acf_changed":false,"footnotes":""},"class_list":["post-785","page","type-page","status-publish","hentry"],"acf":[],"yoast_head":"<!-- This site is optimized with the Yoast SEO plugin v25.3.1 - https:\/\/yoast.com\/wordpress\/plugins\/seo\/ -->\n<title>Unternehmen - Paul M. M\u00fcller<\/title>\n<meta name=\"robots\" content=\"index, follow, max-snippet:-1, max-image-preview:large, max-video-preview:-1\" \/>\n<link rel=\"canonical\" href=\"https:\/\/paulmmueller.fantomas-staging.de\/en\/company\/\" \/>\n<meta property=\"og:locale\" content=\"en_US\" \/>\n<meta property=\"og:type\" content=\"article\" \/>\n<meta property=\"og:title\" content=\"Unternehmen - Paul M. M\u00fcller\" \/>\n<meta property=\"og:description\" content=\"Paul M. M\u00fcller Warum wir so heissen und wie wir ticken.Es war ein Freitag-Nachmittag im Jahr 1956, als Paul M. M\u00fcller in Stra\u00dflach bei M\u00fcnchen der Ideenblitz traf. \u201eFreitags ab eins macht jeder seins\u201c, war damals noch kein Thema. Irgendjemand musste das Wirtschaftswunder ja schlie\u00dflich vorantreiben! Seine Idee: Der Import und die Konservierung erstklassiger Lebensmittel [&hellip;]\" \/>\n<meta property=\"og:url\" content=\"https:\/\/paulmmueller.fantomas-staging.de\/en\/company\/\" \/>\n<meta property=\"og:site_name\" content=\"Paul M. M\u00fcller\" \/>\n<meta property=\"article:publisher\" content=\"https:\/\/www.facebook.com\/paulmmuellergmbh\/\" \/>\n<meta property=\"article:modified_time\" content=\"2024-02-09T13:23:25+00:00\" \/>\n<meta property=\"og:image\" content=\"https:\/\/paulmmueller.fantomas-staging.de\/wp-content\/uploads\/2022\/02\/jalapeno_307662038.jpg\" \/>\n<meta name=\"twitter:card\" content=\"summary_large_image\" \/>\n<meta name=\"twitter:site\" content=\"@PaulMMller1\" \/>\n<script type=\"application\/ld+json\" class=\"yoast-schema-graph\">{\"@context\":\"https:\/\/schema.org\",\"@graph\":[{\"@type\":\"WebPage\",\"@id\":\"https:\/\/paulmmueller.fantomas-staging.de\/unternehmen\/\",\"url\":\"https:\/\/paulmmueller.fantomas-staging.de\/unternehmen\/\",\"name\":\"Unternehmen - Paul M. M\u00fcller\",\"isPartOf\":{\"@id\":\"https:\/\/paulmmueller.fantomas-staging.de\/en\/#website\"},\"primaryImageOfPage\":{\"@id\":\"https:\/\/paulmmueller.fantomas-staging.de\/unternehmen\/#primaryimage\"},\"image\":{\"@id\":\"https:\/\/paulmmueller.fantomas-staging.de\/unternehmen\/#primaryimage\"},\"thumbnailUrl\":\"https:\/\/paulmmueller.fantomas-staging.de\/wp-content\/uploads\/2022\/02\/jalapeno_307662038.jpg\",\"datePublished\":\"2021-11-22T16:19:07+00:00\",\"dateModified\":\"2024-02-09T13:23:25+00:00\",\"breadcrumb\":{\"@id\":\"https:\/\/paulmmueller.fantomas-staging.de\/unternehmen\/#breadcrumb\"},\"inLanguage\":\"en-US\",\"potentialAction\":[{\"@type\":\"ReadAction\",\"target\":[\"https:\/\/paulmmueller.fantomas-staging.de\/unternehmen\/\"]}]},{\"@type\":\"ImageObject\",\"inLanguage\":\"en-US\",\"@id\":\"https:\/\/paulmmueller.fantomas-staging.de\/unternehmen\/#primaryimage\",\"url\":\"https:\/\/paulmmueller.fantomas-staging.de\/wp-content\/uploads\/2022\/02\/jalapeno_307662038.jpg\",\"contentUrl\":\"https:\/\/paulmmueller.fantomas-staging.de\/wp-content\/uploads\/2022\/02\/jalapeno_307662038.jpg\"},{\"@type\":\"BreadcrumbList\",\"@id\":\"https:\/\/paulmmueller.fantomas-staging.de\/unternehmen\/#breadcrumb\",\"itemListElement\":[{\"@type\":\"ListItem\",\"position\":1,\"name\":\"Home\",\"item\":\"https:\/\/paulmmueller.fantomas-staging.de\/\"},{\"@type\":\"ListItem\",\"position\":2,\"name\":\"Unternehmen\"}]},{\"@type\":\"WebSite\",\"@id\":\"https:\/\/paulmmueller.fantomas-staging.de\/en\/#website\",\"url\":\"https:\/\/paulmmueller.fantomas-staging.de\/en\/\",\"name\":\"Paul M. M\u00fcller\",\"description\":\"Die Food Marken Macher\",\"publisher\":{\"@id\":\"https:\/\/paulmmueller.fantomas-staging.de\/en\/#organization\"},\"potentialAction\":[{\"@type\":\"SearchAction\",\"target\":{\"@type\":\"EntryPoint\",\"urlTemplate\":\"https:\/\/paulmmueller.fantomas-staging.de\/en\/?s={search_term_string}\"},\"query-input\":{\"@type\":\"PropertyValueSpecification\",\"valueRequired\":true,\"valueName\":\"search_term_string\"}}],\"inLanguage\":\"en-US\"},{\"@type\":\"Organization\",\"@id\":\"https:\/\/paulmmueller.fantomas-staging.de\/en\/#organization\",\"name\":\"Paul M. M\u00fcller GmbH\",\"url\":\"https:\/\/paulmmueller.fantomas-staging.de\/en\/\",\"logo\":{\"@type\":\"ImageObject\",\"inLanguage\":\"en-US\",\"@id\":\"https:\/\/paulmmueller.fantomas-staging.de\/en\/#\/schema\/logo\/image\/\",\"url\":\"https:\/\/paulmmueller.fantomas-staging.de\/wp-content\/uploads\/2022\/08\/PaulMMueller_2021_EN.svg\",\"contentUrl\":\"https:\/\/paulmmueller.fantomas-staging.de\/wp-content\/uploads\/2022\/08\/PaulMMueller_2021_EN.svg\",\"width\":730,\"height\":137,\"caption\":\"Paul M. M\u00fcller GmbH\"},\"image\":{\"@id\":\"https:\/\/paulmmueller.fantomas-staging.de\/en\/#\/schema\/logo\/image\/\"},\"sameAs\":[\"https:\/\/www.facebook.com\/paulmmuellergmbh\/\",\"https:\/\/x.com\/PaulMMller1\",\"https:\/\/www.instagram.com\/paul_m._mueller_gmbh\/\",\"https:\/\/www.linkedin.com\/company\/17897510\/\",\"https:\/\/www.xing.com\/companies\/paulm.mllergmbh\"]}]}<\/script>\n<!-- \/ Yoast SEO plugin. -->","yoast_head_json":{"title":"Unternehmen - Paul M. M\u00fcller","robots":{"index":"index","follow":"follow","max-snippet":"max-snippet:-1","max-image-preview":"max-image-preview:large","max-video-preview":"max-video-preview:-1"},"canonical":"https:\/\/paulmmueller.fantomas-staging.de\/en\/company\/","og_locale":"en_US","og_type":"article","og_title":"Unternehmen - Paul M. M\u00fcller","og_description":"Paul M. M\u00fcller Warum wir so heissen und wie wir ticken.Es war ein Freitag-Nachmittag im Jahr 1956, als Paul M. M\u00fcller in Stra\u00dflach bei M\u00fcnchen der Ideenblitz traf. \u201eFreitags ab eins macht jeder seins\u201c, war damals noch kein Thema. Irgendjemand musste das Wirtschaftswunder ja schlie\u00dflich vorantreiben! Seine Idee: Der Import und die Konservierung erstklassiger Lebensmittel [&hellip;]","og_url":"https:\/\/paulmmueller.fantomas-staging.de\/en\/company\/","og_site_name":"Paul M. M\u00fcller","article_publisher":"https:\/\/www.facebook.com\/paulmmuellergmbh\/","article_modified_time":"2024-02-09T13:23:25+00:00","og_image":[{"url":"https:\/\/paulmmueller.fantomas-staging.de\/wp-content\/uploads\/2022\/02\/jalapeno_307662038.jpg","type":"","width":"","height":""}],"twitter_card":"summary_large_image","twitter_site":"@PaulMMller1","schema":{"@context":"https:\/\/schema.org","@graph":[{"@type":"WebPage","@id":"https:\/\/paulmmueller.fantomas-staging.de\/unternehmen\/","url":"https:\/\/paulmmueller.fantomas-staging.de\/unternehmen\/","name":"Unternehmen - Paul M. M\u00fcller","isPartOf":{"@id":"https:\/\/paulmmueller.fantomas-staging.de\/en\/#website"},"primaryImageOfPage":{"@id":"https:\/\/paulmmueller.fantomas-staging.de\/unternehmen\/#primaryimage"},"image":{"@id":"https:\/\/paulmmueller.fantomas-staging.de\/unternehmen\/#primaryimage"},"thumbnailUrl":"https:\/\/paulmmueller.fantomas-staging.de\/wp-content\/uploads\/2022\/02\/jalapeno_307662038.jpg","datePublished":"2021-11-22T16:19:07+00:00","dateModified":"2024-02-09T13:23:25+00:00","breadcrumb":{"@id":"https:\/\/paulmmueller.fantomas-staging.de\/unternehmen\/#breadcrumb"},"inLanguage":"en-US","potentialAction":[{"@type":"ReadAction","target":["https:\/\/paulmmueller.fantomas-staging.de\/unternehmen\/"]}]},{"@type":"ImageObject","inLanguage":"en-US","@id":"https:\/\/paulmmueller.fantomas-staging.de\/unternehmen\/#primaryimage","url":"https:\/\/paulmmueller.fantomas-staging.de\/wp-content\/uploads\/2022\/02\/jalapeno_307662038.jpg","contentUrl":"https:\/\/paulmmueller.fantomas-staging.de\/wp-content\/uploads\/2022\/02\/jalapeno_307662038.jpg"},{"@type":"BreadcrumbList","@id":"https:\/\/paulmmueller.fantomas-staging.de\/unternehmen\/#breadcrumb","itemListElement":[{"@type":"ListItem","position":1,"name":"Home","item":"https:\/\/paulmmueller.fantomas-staging.de\/"},{"@type":"ListItem","position":2,"name":"Unternehmen"}]},{"@type":"WebSite","@id":"https:\/\/paulmmueller.fantomas-staging.de\/en\/#website","url":"https:\/\/paulmmueller.fantomas-staging.de\/en\/","name":"Paul M. M\u00fcller","description":"Die Food Marken Macher","publisher":{"@id":"https:\/\/paulmmueller.fantomas-staging.de\/en\/#organization"},"potentialAction":[{"@type":"SearchAction","target":{"@type":"EntryPoint","urlTemplate":"https:\/\/paulmmueller.fantomas-staging.de\/en\/?s={search_term_string}"},"query-input":{"@type":"PropertyValueSpecification","valueRequired":true,"valueName":"search_term_string"}}],"inLanguage":"en-US"},{"@type":"Organization","@id":"https:\/\/paulmmueller.fantomas-staging.de\/en\/#organization","name":"Paul M. M\u00fcller GmbH","url":"https:\/\/paulmmueller.fantomas-staging.de\/en\/","logo":{"@type":"ImageObject","inLanguage":"en-US","@id":"https:\/\/paulmmueller.fantomas-staging.de\/en\/#\/schema\/logo\/image\/","url":"https:\/\/paulmmueller.fantomas-staging.de\/wp-content\/uploads\/2022\/08\/PaulMMueller_2021_EN.svg","contentUrl":"https:\/\/paulmmueller.fantomas-staging.de\/wp-content\/uploads\/2022\/08\/PaulMMueller_2021_EN.svg","width":730,"height":137,"caption":"Paul M. M\u00fcller GmbH"},"image":{"@id":"https:\/\/paulmmueller.fantomas-staging.de\/en\/#\/schema\/logo\/image\/"},"sameAs":["https:\/\/www.facebook.com\/paulmmuellergmbh\/","https:\/\/x.com\/PaulMMller1","https:\/\/www.instagram.com\/paul_m._mueller_gmbh\/","https:\/\/www.linkedin.com\/company\/17897510\/","https:\/\/www.xing.com\/companies\/paulm.mllergmbh"]}]}},"_links":{"self":[{"href":"https:\/\/paulmmueller.fantomas-staging.de\/en\/wp-json\/wp\/v2\/pages\/785","targetHints":{"allow":["GET"]}}],"collection":[{"href":"https:\/\/paulmmueller.fantomas-staging.de\/en\/wp-json\/wp\/v2\/pages"}],"about":[{"href":"https:\/\/paulmmueller.fantomas-staging.de\/en\/wp-json\/wp\/v2\/types\/page"}],"author":[{"embeddable":true,"href":"https:\/\/paulmmueller.fantomas-staging.de\/en\/wp-json\/wp\/v2\/users\/1"}],"replies":[{"embeddable":true,"href":"https:\/\/paulmmueller.fantomas-staging.de\/en\/wp-json\/wp\/v2\/comments?post=785"}],"version-history":[{"count":10,"href":"https:\/\/paulmmueller.fantomas-staging.de\/en\/wp-json\/wp\/v2\/pages\/785\/revisions"}],"predecessor-version":[{"id":19339,"href":"https:\/\/paulmmueller.fantomas-staging.de\/en\/wp-json\/wp\/v2\/pages\/785\/revisions\/19339"}],"wp:attachment":[{"href":"https:\/\/paulmmueller.fantomas-staging.de\/en\/wp-json\/wp\/v2\/media?parent=785"}],"curies":[{"name":"wp","href":"https:\/\/api.w.org\/{rel}","templated":true}]}}