{"id":11479,"date":"2022-06-03T19:27:19","date_gmt":"2022-06-03T17:27:19","guid":{"rendered":"https:\/\/paulmmueller.fantomas-staging.de\/?page_id=11479"},"modified":"2023-10-27T11:56:05","modified_gmt":"2023-10-27T09:56:05","slug":"karriere","status":"publish","type":"page","link":"https:\/\/paulmmueller.fantomas-staging.de\/it\/azienda\/carriera\/","title":{"rendered":"Carriera"},"content":{"rendered":"<div data-elementor-type=\"wp-page\" data-elementor-id=\"11479\" class=\"elementor elementor-11479\" data-elementor-post-type=\"page\">\n\t\t\t\t\t\t<section data-dce-background-overlay-image-url=\"https:\/\/paulmmueller.fantomas-staging.de\/wp-content\/uploads\/2023\/10\/231027_pmm_web_web_stellenanzeige_3.png\" class=\"elementor-section elementor-top-section elementor-element elementor-element-5727598 elementor-section-height-min-height elementor-section-boxed elementor-section-height-default elementor-section-items-middle\" data-id=\"5727598\" data-element_type=\"section\">\n\t\t\t\t\t\t\t<div class=\"elementor-background-overlay\"><\/div>\n\t\t\t\t\t\t\t<div class=\"elementor-container elementor-column-gap-default\">\n\t\t\t\t\t<div class=\"elementor-column elementor-col-100 elementor-top-column elementor-element elementor-element-44517c1\" data-id=\"44517c1\" data-element_type=\"column\">\n\t\t\t<div class=\"elementor-widget-wrap elementor-element-populated\">\n\t\t\t\t\t\t<div class=\"elementor-element elementor-element-4630910 elementor-widget elementor-widget-heading\" data-id=\"4630910\" data-element_type=\"widget\" data-widget_type=\"heading.default\">\n\t\t\t\t\t<h1 class=\"elementor-heading-title elementor-size-default\">Vogliamo te!<\/h1>\t\t\t\t<\/div>\n\t\t\t\t<div class=\"elementor-element elementor-element-5490e9e elementor-widget elementor-widget-heading\" data-id=\"5490e9e\" data-element_type=\"widget\" data-widget_type=\"heading.default\">\n\t\t\t\t\t<h2 class=\"elementor-heading-title elementor-size-default\">Candidatevi ora e iniziate a lavorare.<\/h2>\t\t\t\t<\/div>\n\t\t\t\t\t<\/div>\n\t\t<\/div>\n\t\t\t\t\t<\/div>\n\t\t<\/section>\n\t\t<!-- dce invisible element eb96e9e -->\t\t<section class=\"elementor-section elementor-top-section elementor-element elementor-element-785cff1 elementor-section-boxed elementor-section-height-default elementor-section-height-default\" data-id=\"785cff1\" data-element_type=\"section\">\n\t\t\t\t\t\t<div class=\"elementor-container elementor-column-gap-default\">\n\t\t\t\t\t<div class=\"elementor-column elementor-col-100 elementor-top-column elementor-element elementor-element-1d46612\" data-id=\"1d46612\" data-element_type=\"column\">\n\t\t\t<div class=\"elementor-widget-wrap elementor-element-populated\">\n\t\t\t\t\t\t<div class=\"elementor-element elementor-element-bb78d5b dce-posts-layout-template dce-col-1 dce-col-tablet-3 dce-col-mobile-1 elementor-widget elementor-widget-dce-dynamicposts-v2\" data-id=\"bb78d5b\" data-element_type=\"widget\" data-settings=\"{&quot;style_items&quot;:&quot;template&quot;,&quot;templatemode_linkable&quot;:&quot;yes&quot;,&quot;grid_grid_type&quot;:&quot;flex&quot;}\" data-widget_type=\"dce-dynamicposts-v2.grid\">\n\t\t\t\t<div class=\"elementor-widget-container\">\n\t\t\t\t\t\n\t\t<div class=\"dce-fix-background-loop dce-posts-container dce-posts dce-dynamic-posts-collection  dce-skin-grid dce-skin-grid-flex\">\n\t\t\t\t\t\t<div class=\"dce-posts-wrapper dce-wrapper-grid\">\n\t\t\t\n\t\t<article class=\"post-12565 stellenanzeige type-stellenanzeige status-publish hentry dce-post dce-post-item dce-item-grid\" data-dce-post-id=\"12565\" data-dce-post-index=\"0\" data-post-link=\"https:\/\/paulmmueller.fantomas-staging.de\/it\/stellenanzeige\/12565\/\">\n\t\t\t<div class=\"dce-post-block\">\n\t\t<style>.elementor-12567 .elementor-element.elementor-element-287575b > .elementor-widget-wrap > .elementor-widget:not(.elementor-widget__width-auto):not(.elementor-widget__width-initial):not(:last-child):not(.elementor-absolute){--kit-widget-spacing:10px;}.elementor-12567 .elementor-element.elementor-element-287575b > .elementor-element-populated{padding:0px 0px 0px 0px;}.elementor-12567 .elementor-element.elementor-element-503acd1 .elementor-button{background-color:var( --e-global-color-593134b );font-family:var( --e-global-typography-text-font-family );font-size:var( --e-global-typography-text-font-size );font-weight:var( --e-global-typography-text-font-weight );line-height:var( --e-global-typography-text-line-height );fill:var( --e-global-color-b0f9f67 );color:var( --e-global-color-b0f9f67 );padding:0px 0px 0px 0px;}.elementor-12567 .elementor-element.elementor-element-503acd1 .elementor-button-content-wrapper{flex-direction:row-reverse;}@media(max-width:1024px){.elementor-12567 .elementor-element.elementor-element-503acd1 .elementor-button{font-size:var( --e-global-typography-text-font-size );line-height:var( --e-global-typography-text-line-height );}}@media(max-width:767px){.elementor-12567 .elementor-element.elementor-element-503acd1 .elementor-button{font-size:var( --e-global-typography-text-font-size );line-height:var( --e-global-typography-text-line-height );}}\/* Start custom CSS for heading, class: .elementor-element-2d03144 *\/.elementor-12567 .elementor-element.elementor-element-2d03144 h2 {\n    hyphens:auto;\n}\/* End custom CSS *\/\n\/* Start custom CSS for button, class: .elementor-element-503acd1 *\/.elementor-12567 .elementor-element.elementor-element-503acd1 .elementor-button-text {\n    color:#3A5040;\n}\/* End custom CSS *\/<\/style>\t\t<div data-elementor-type=\"section\" data-elementor-id=\"12567\" class=\"elementor elementor-12567 dce-elementor-rendering-id-1\" data-elementor-post-type=\"elementor_library\">\n\t\t\t\t\t<section class=\"elementor-section elementor-top-section elementor-element elementor-element-972a6a9 elementor-section-boxed elementor-section-height-default elementor-section-height-default\" data-id=\"972a6a9\" data-element_type=\"section\">\n\t\t\t\t\t\t<div class=\"elementor-container elementor-column-gap-default\">\n\t\t\t\t\t<div class=\"elementor-column elementor-col-100 elementor-top-column elementor-element elementor-element-287575b\" data-id=\"287575b\" data-element_type=\"column\">\n\t\t\t<div class=\"elementor-widget-wrap elementor-element-populated\">\n\t\t\t\t\t\t<div class=\"elementor-element elementor-element-2d03144 elementor-widget elementor-widget-heading\" data-id=\"2d03144\" data-element_type=\"widget\" data-widget_type=\"heading.default\">\n\t\t\t\t\t<h2 class=\"elementor-heading-title elementor-size-default\"><a href=\"https:\/\/paulmmueller.fantomas-staging.de\/it\/stellenanzeige\/12565\/\">Domanda non richiesta<\/a><\/h2>\t\t\t\t<\/div>\n\t\t\t\t<div class=\"elementor-element elementor-element-6a5f5fe elementor-widget elementor-widget-text-editor\" data-id=\"6a5f5fe\" data-element_type=\"widget\" data-widget_type=\"text-editor.default\">\n\t\t\t\t\t\t\t\t\tNon c'\u00e8 una posizione adatta a voi? - Nessun problema.\t\t\t\t\t\t\t\t<\/div>\n\t\t\t\t<div class=\"elementor-element elementor-element-503acd1 elementor-widget elementor-widget-button\" data-id=\"503acd1\" data-element_type=\"widget\" data-widget_type=\"button.default\">\n\t\t\t\t\t\t\t\t\t\t<a class=\"elementor-button elementor-button-link elementor-size-sm\" href=\"https:\/\/paulmmueller.fantomas-staging.de\/it\/stellenanzeige\/12565\/\">\n\t\t\t\t\t\t<span class=\"elementor-button-content-wrapper\">\n\t\t\t\t\t\t<span class=\"elementor-button-icon\">\n\t\t\t\t<svg aria-hidden=\"true\" class=\"e-font-icon-svg e-fas-chevron-right\" viewbox=\"0 0 320 512\" xmlns=\"http:\/\/www.w3.org\/2000\/svg\"><path d=\"M285.476 272.971L91.132 467.314c-9.373 9.373-24.569 9.373-33.941 0l-22.667-22.667c-9.357-9.357-9.375-24.522-.04-33.901L188.505 256 34.484 101.255c-9.335-9.379-9.317-24.544.04-33.901l22.667-22.667c9.373-9.373 24.569-9.373 33.941 0L285.475 239.03c9.373 9.372 9.373 24.568.001 33.941z\"><\/path><\/svg>\t\t\t<\/span>\n\t\t\t\t\t\t\t\t\t<span class=\"elementor-button-text\">Per saperne di pi\u00f9<\/span>\n\t\t\t\t\t<\/span>\n\t\t\t\t\t<\/a>\n\t\t\t\t\t\t\t\t<\/div>\n\t\t\t\t\t<\/div>\n\t\t<\/div>\n\t\t\t\t\t<\/div>\n\t\t<\/section>\n\t\t\t\t<\/div>\n\t\t\t\t\t<\/div>\n\t\t<\/article>\n\t\t\t\t\t<\/div>\n\t\t\t\t\t<\/div>\n\t\t\t\t\t\t<\/div>\n\t\t\t\t<\/div>\n\t\t\t\t\t<\/div>\n\t\t<\/div>\n\t\t\t\t\t<\/div>\n\t\t<\/section>\n\t\t\t\t<\/div>","protected":false},"excerpt":{"rendered":"<p>Vogliamo te! Candidatevi ora e iniziate a lavorare. Purtroppo al momento non ci sono posti vacanti. L'importazione di frutta, verdura, pesce e carne in scatola \u00e8 il nostro mondo. Come azienda di medie dimensioni e indipendente ai massimi livelli, dal 1956 importiamo alimenti di qualit\u00e0 da tutto il mondo. Anche se al momento non ci sono posti vacanti, siamo generalmente interessati a [...]<\/p>","protected":false},"author":1,"featured_media":0,"parent":785,"menu_order":39,"comment_status":"closed","ping_status":"closed","template":"","meta":{"_acf_changed":false,"footnotes":""},"class_list":["post-11479","page","type-page","status-publish","hentry"],"acf":[],"yoast_head":"<!-- This site is optimized with the Yoast SEO plugin v25.3.1 - https:\/\/yoast.com\/wordpress\/plugins\/seo\/ -->\n<title>Karriere - Paul M. M\u00fcller<\/title>\n<meta name=\"robots\" content=\"index, follow, max-snippet:-1, max-image-preview:large, max-video-preview:-1\" \/>\n<link rel=\"canonical\" href=\"https:\/\/paulmmueller.fantomas-staging.de\/it\/azienda\/carriera\/\" \/>\n<meta property=\"og:locale\" content=\"it_IT\" \/>\n<meta property=\"og:type\" content=\"article\" \/>\n<meta property=\"og:title\" content=\"Karriere - Paul M. M\u00fcller\" \/>\n<meta property=\"og:description\" content=\"Wir wollen Dich ! Jetzt bewerben und durchstarten. Zur Zeit ist leider keine Stelle vakant. Die Einfuhr von Obst-, Gem\u00fcse- , Fisch- und Fleischkonserven ist unsere Welt. Als mittelst\u00e4ndisches und konzernunabh\u00e4ngiges Unternehmen auf h\u00f6chstem Niveau importieren wir seit 1956 Qualit\u00e4ts-Lebensmittel aus der ganzen Welt. Auch wenn derzeit keine Stellen ausgeschrieben sind, haben wir generell Interesse [&hellip;]\" \/>\n<meta property=\"og:url\" content=\"https:\/\/paulmmueller.fantomas-staging.de\/it\/azienda\/carriera\/\" \/>\n<meta property=\"og:site_name\" content=\"Paul M. M\u00fcller\" \/>\n<meta property=\"article:publisher\" content=\"https:\/\/www.facebook.com\/paulmmuellergmbh\/\" \/>\n<meta property=\"article:modified_time\" content=\"2023-10-27T09:56:05+00:00\" \/>\n<meta name=\"twitter:card\" content=\"summary_large_image\" \/>\n<meta name=\"twitter:site\" content=\"@PaulMMller1\" \/>\n<script type=\"application\/ld+json\" class=\"yoast-schema-graph\">{\"@context\":\"https:\/\/schema.org\",\"@graph\":[{\"@type\":\"WebPage\",\"@id\":\"https:\/\/paulmmueller.fantomas-staging.de\/unternehmen\/karriere\/\",\"url\":\"https:\/\/paulmmueller.fantomas-staging.de\/unternehmen\/karriere\/\",\"name\":\"Karriere - Paul M. M\u00fcller\",\"isPartOf\":{\"@id\":\"https:\/\/paulmmueller.fantomas-staging.de\/en\/#website\"},\"datePublished\":\"2022-06-03T17:27:19+00:00\",\"dateModified\":\"2023-10-27T09:56:05+00:00\",\"breadcrumb\":{\"@id\":\"https:\/\/paulmmueller.fantomas-staging.de\/unternehmen\/karriere\/#breadcrumb\"},\"inLanguage\":\"it-IT\",\"potentialAction\":[{\"@type\":\"ReadAction\",\"target\":[\"https:\/\/paulmmueller.fantomas-staging.de\/unternehmen\/karriere\/\"]}]},{\"@type\":\"BreadcrumbList\",\"@id\":\"https:\/\/paulmmueller.fantomas-staging.de\/unternehmen\/karriere\/#breadcrumb\",\"itemListElement\":[{\"@type\":\"ListItem\",\"position\":1,\"name\":\"Home\",\"item\":\"https:\/\/paulmmueller.fantomas-staging.de\/\"},{\"@type\":\"ListItem\",\"position\":2,\"name\":\"Unternehmen\",\"item\":\"https:\/\/paulmmueller.fantomas-staging.de\/unternehmen\/\"},{\"@type\":\"ListItem\",\"position\":3,\"name\":\"Karriere\"}]},{\"@type\":\"WebSite\",\"@id\":\"https:\/\/paulmmueller.fantomas-staging.de\/en\/#website\",\"url\":\"https:\/\/paulmmueller.fantomas-staging.de\/en\/\",\"name\":\"Paul M. M\u00fcller\",\"description\":\"Die Food Marken Macher\",\"publisher\":{\"@id\":\"https:\/\/paulmmueller.fantomas-staging.de\/en\/#organization\"},\"potentialAction\":[{\"@type\":\"SearchAction\",\"target\":{\"@type\":\"EntryPoint\",\"urlTemplate\":\"https:\/\/paulmmueller.fantomas-staging.de\/en\/?s={search_term_string}\"},\"query-input\":{\"@type\":\"PropertyValueSpecification\",\"valueRequired\":true,\"valueName\":\"search_term_string\"}}],\"inLanguage\":\"it-IT\"},{\"@type\":\"Organization\",\"@id\":\"https:\/\/paulmmueller.fantomas-staging.de\/en\/#organization\",\"name\":\"Paul M. M\u00fcller GmbH\",\"url\":\"https:\/\/paulmmueller.fantomas-staging.de\/en\/\",\"logo\":{\"@type\":\"ImageObject\",\"inLanguage\":\"it-IT\",\"@id\":\"https:\/\/paulmmueller.fantomas-staging.de\/en\/#\/schema\/logo\/image\/\",\"url\":\"https:\/\/paulmmueller.fantomas-staging.de\/wp-content\/uploads\/2022\/08\/PaulMMueller_2021_EN.svg\",\"contentUrl\":\"https:\/\/paulmmueller.fantomas-staging.de\/wp-content\/uploads\/2022\/08\/PaulMMueller_2021_EN.svg\",\"width\":730,\"height\":137,\"caption\":\"Paul M. M\u00fcller GmbH\"},\"image\":{\"@id\":\"https:\/\/paulmmueller.fantomas-staging.de\/en\/#\/schema\/logo\/image\/\"},\"sameAs\":[\"https:\/\/www.facebook.com\/paulmmuellergmbh\/\",\"https:\/\/x.com\/PaulMMller1\",\"https:\/\/www.instagram.com\/paul_m._mueller_gmbh\/\",\"https:\/\/www.linkedin.com\/company\/17897510\/\",\"https:\/\/www.xing.com\/companies\/paulm.mllergmbh\"]}]}<\/script>\n<!-- \/ Yoast SEO plugin. -->","yoast_head_json":{"title":"Karriere - Paul M. M\u00fcller","robots":{"index":"index","follow":"follow","max-snippet":"max-snippet:-1","max-image-preview":"max-image-preview:large","max-video-preview":"max-video-preview:-1"},"canonical":"https:\/\/paulmmueller.fantomas-staging.de\/it\/azienda\/carriera\/","og_locale":"it_IT","og_type":"article","og_title":"Karriere - Paul M. M\u00fcller","og_description":"Wir wollen Dich ! Jetzt bewerben und durchstarten. Zur Zeit ist leider keine Stelle vakant. Die Einfuhr von Obst-, Gem\u00fcse- , Fisch- und Fleischkonserven ist unsere Welt. Als mittelst\u00e4ndisches und konzernunabh\u00e4ngiges Unternehmen auf h\u00f6chstem Niveau importieren wir seit 1956 Qualit\u00e4ts-Lebensmittel aus der ganzen Welt. Auch wenn derzeit keine Stellen ausgeschrieben sind, haben wir generell Interesse [&hellip;]","og_url":"https:\/\/paulmmueller.fantomas-staging.de\/it\/azienda\/carriera\/","og_site_name":"Paul M. M\u00fcller","article_publisher":"https:\/\/www.facebook.com\/paulmmuellergmbh\/","article_modified_time":"2023-10-27T09:56:05+00:00","twitter_card":"summary_large_image","twitter_site":"@PaulMMller1","schema":{"@context":"https:\/\/schema.org","@graph":[{"@type":"WebPage","@id":"https:\/\/paulmmueller.fantomas-staging.de\/unternehmen\/karriere\/","url":"https:\/\/paulmmueller.fantomas-staging.de\/unternehmen\/karriere\/","name":"Karriere - Paul M. M\u00fcller","isPartOf":{"@id":"https:\/\/paulmmueller.fantomas-staging.de\/en\/#website"},"datePublished":"2022-06-03T17:27:19+00:00","dateModified":"2023-10-27T09:56:05+00:00","breadcrumb":{"@id":"https:\/\/paulmmueller.fantomas-staging.de\/unternehmen\/karriere\/#breadcrumb"},"inLanguage":"it-IT","potentialAction":[{"@type":"ReadAction","target":["https:\/\/paulmmueller.fantomas-staging.de\/unternehmen\/karriere\/"]}]},{"@type":"BreadcrumbList","@id":"https:\/\/paulmmueller.fantomas-staging.de\/unternehmen\/karriere\/#breadcrumb","itemListElement":[{"@type":"ListItem","position":1,"name":"Home","item":"https:\/\/paulmmueller.fantomas-staging.de\/"},{"@type":"ListItem","position":2,"name":"Unternehmen","item":"https:\/\/paulmmueller.fantomas-staging.de\/unternehmen\/"},{"@type":"ListItem","position":3,"name":"Karriere"}]},{"@type":"WebSite","@id":"https:\/\/paulmmueller.fantomas-staging.de\/en\/#website","url":"https:\/\/paulmmueller.fantomas-staging.de\/en\/","name":"Paul M. M\u00fcller","description":"Die Food Marken Macher","publisher":{"@id":"https:\/\/paulmmueller.fantomas-staging.de\/en\/#organization"},"potentialAction":[{"@type":"SearchAction","target":{"@type":"EntryPoint","urlTemplate":"https:\/\/paulmmueller.fantomas-staging.de\/en\/?s={search_term_string}"},"query-input":{"@type":"PropertyValueSpecification","valueRequired":true,"valueName":"search_term_string"}}],"inLanguage":"it-IT"},{"@type":"Organization","@id":"https:\/\/paulmmueller.fantomas-staging.de\/en\/#organization","name":"Paul M. M\u00fcller GmbH","url":"https:\/\/paulmmueller.fantomas-staging.de\/en\/","logo":{"@type":"ImageObject","inLanguage":"it-IT","@id":"https:\/\/paulmmueller.fantomas-staging.de\/en\/#\/schema\/logo\/image\/","url":"https:\/\/paulmmueller.fantomas-staging.de\/wp-content\/uploads\/2022\/08\/PaulMMueller_2021_EN.svg","contentUrl":"https:\/\/paulmmueller.fantomas-staging.de\/wp-content\/uploads\/2022\/08\/PaulMMueller_2021_EN.svg","width":730,"height":137,"caption":"Paul M. M\u00fcller GmbH"},"image":{"@id":"https:\/\/paulmmueller.fantomas-staging.de\/en\/#\/schema\/logo\/image\/"},"sameAs":["https:\/\/www.facebook.com\/paulmmuellergmbh\/","https:\/\/x.com\/PaulMMller1","https:\/\/www.instagram.com\/paul_m._mueller_gmbh\/","https:\/\/www.linkedin.com\/company\/17897510\/","https:\/\/www.xing.com\/companies\/paulm.mllergmbh"]}]}},"_links":{"self":[{"href":"https:\/\/paulmmueller.fantomas-staging.de\/it\/wp-json\/wp\/v2\/pages\/11479","targetHints":{"allow":["GET"]}}],"collection":[{"href":"https:\/\/paulmmueller.fantomas-staging.de\/it\/wp-json\/wp\/v2\/pages"}],"about":[{"href":"https:\/\/paulmmueller.fantomas-staging.de\/it\/wp-json\/wp\/v2\/types\/page"}],"author":[{"embeddable":true,"href":"https:\/\/paulmmueller.fantomas-staging.de\/it\/wp-json\/wp\/v2\/users\/1"}],"replies":[{"embeddable":true,"href":"https:\/\/paulmmueller.fantomas-staging.de\/it\/wp-json\/wp\/v2\/comments?post=11479"}],"version-history":[{"count":10,"href":"https:\/\/paulmmueller.fantomas-staging.de\/it\/wp-json\/wp\/v2\/pages\/11479\/revisions"}],"predecessor-version":[{"id":18518,"href":"https:\/\/paulmmueller.fantomas-staging.de\/it\/wp-json\/wp\/v2\/pages\/11479\/revisions\/18518"}],"up":[{"embeddable":true,"href":"https:\/\/paulmmueller.fantomas-staging.de\/it\/wp-json\/wp\/v2\/pages\/785"}],"wp:attachment":[{"href":"https:\/\/paulmmueller.fantomas-staging.de\/it\/wp-json\/wp\/v2\/media?parent=11479"}],"curies":[{"name":"wp","href":"https:\/\/api.w.org\/{rel}","templated":true}]}}