{"id":13269,"date":"2022-07-16T17:33:30","date_gmt":"2022-07-16T15:33:30","guid":{"rendered":"https:\/\/paulmmueller.fantomas-staging.de\/?page_id=13269"},"modified":"2024-04-20T17:38:42","modified_gmt":"2024-04-20T15:38:42","slug":"agb","status":"publish","type":"page","link":"https:\/\/paulmmueller.fantomas-staging.de\/it\/agb\/","title":{"rendered":"AGB"},"content":{"rendered":"<div data-elementor-type=\"wp-page\" data-elementor-id=\"13269\" class=\"elementor elementor-13269\" data-elementor-post-type=\"page\">\n\t\t\t\t\t\t<section class=\"elementor-section elementor-top-section elementor-element elementor-element-485a798 elementor-section-boxed elementor-section-height-default elementor-section-height-default\" data-id=\"485a798\" data-element_type=\"section\">\n\t\t\t\t\t\t<div class=\"elementor-container elementor-column-gap-default\">\n\t\t\t\t\t<div class=\"elementor-column elementor-col-100 elementor-top-column elementor-element elementor-element-c1d759b\" data-id=\"c1d759b\" data-element_type=\"column\">\n\t\t\t<div class=\"elementor-widget-wrap elementor-element-populated\">\n\t\t\t\t\t\t<div class=\"elementor-element elementor-element-69e067f elementor-widget elementor-widget-heading\" data-id=\"69e067f\" data-element_type=\"widget\" data-widget_type=\"heading.default\">\n\t\t\t\t\t<h1 class=\"elementor-heading-title elementor-size-default\">CONDIZIONI GENERALI DI CONTRATTO<\/h1>\t\t\t\t<\/div>\n\t\t\t\t\t<\/div>\n\t\t<\/div>\n\t\t\t\t\t<\/div>\n\t\t<\/section>\n\t\t\t\t<section class=\"elementor-section elementor-top-section elementor-element elementor-element-c938a14 elementor-section-boxed elementor-section-height-default elementor-section-height-default\" data-id=\"c938a14\" data-element_type=\"section\">\n\t\t\t\t\t\t<div class=\"elementor-container elementor-column-gap-default\">\n\t\t\t\t\t<div class=\"elementor-column elementor-col-100 elementor-top-column elementor-element elementor-element-bda4903\" data-id=\"bda4903\" data-element_type=\"column\">\n\t\t\t<div class=\"elementor-widget-wrap elementor-element-populated\">\n\t\t\t\t\t\t<div class=\"elementor-element elementor-element-cb14664 elementor-widget__width-initial elementor-widget elementor-widget-text-editor\" data-id=\"cb14664\" data-element_type=\"widget\" data-widget_type=\"text-editor.default\">\n\t\t\t\t\t\t\t\t\t<div class=\"vc_row wpb_row vc_row-fluid vc_custom_1467972081308 vc_row-has-fill\">\n<div class=\"container\">\n<div class=\"row\">\n<div class=\"wpb_column vc_column_container vc_col-sm-12 align-center\">\n<div class=\"vc_custom_column-inner\">\n<div class=\"wpb_wrapper\">\n<h2 class=\"cms-custom-headding cms-align-center vc_custom_heading headline-opa\">Condizioni di vendita e consegna<\/h2>\n<\/div>\n<\/div>\n<\/div>\n<\/div>\n<\/div>\n<\/div>\n<div class=\"vc_row wpb_row vc_row-fluid jk-mobile-padding vc_custom_1484310779656 vc_row-has-fill\">\n<div class=\"container\">\n<div class=\"row\">\n<div class=\"wpb_column vc_column_container vc_col-sm-6\">\n<div class=\"vc_custom_column-inner\">\n<div class=\"wpb_wrapper\">\n<div class=\"wpb_text_column wpb_content_element text-agb\">\n<div class=\"wpb_wrapper\">\n<h3>1. informazioni generali<\/h3>\nTutte le vendite, le consegne e le prestazioni accessorie (anche quelle future) vengono concluse ed eseguite sulla base dei termini e delle condizioni vigenti della \"Waren-Verein der Hamburger B\u00f6rse e.V.\" (WVB), salvo disposizioni speciali o divergenti. Tali termini e condizioni sono pubblicati su Internet all'indirizzo www.waren-verein.de. I termini e le condizioni dell'acquirente o di un broker o di un agente che si discostano dai nostri termini e condizioni, cos\u00ec come gli accordi collaterali sul contenuto del contratto e le sue modifiche, richiedono la nostra conferma scritta per essere efficaci.\n<h3>2. qualit\u00e0<\/h3>\nIn linea di principio, forniamo prodotti sani e consueti, conformi alle norme di legge sugli alimenti della Repubblica Federale di Germania e dell'Unione Europea, all'ordinanza sull'etichettatura e alla legge sulla taratura e la misurazione nella rispettiva versione in vigore.\n<h3>3. carenze\/danni<\/h3>\nGli ammanchi e\/o i danni saranno riconosciuti da noi solo dietro presentazione di una lettera di vettura riconosciuta dal vettore con una nota corrispondente.\n<h3>4. data di consegna<\/h3>\nQueste informazioni sono sempre \"approssimative\" e soggette a eventuali misure comunitarie o governative (anche nel paese di consegna), nonch\u00e9 alla nostra puntuale consegna. Eventuali aumenti di oneri pubblici e di altro tipo (dazi doganali, imposte, contributi DSD, ecc.) nonch\u00e9 aumenti delle tariffe di trasporto fino alla consegna sono a carico dell'acquirente.\n<h3>5. prenotazione di autoconsegna<\/h3>\nCi riserviamo sempre il diritto di una corretta e puntuale autoconsegna da parte dei nostri fornitori. Si applicano in dettaglio le disposizioni del \u00a7 29 WVB.\n<h3>6. pagamento<\/h3>\nNella misura in cui non si tratta di un'attivit\u00e0 documentale, si concorda:\nI pagamenti devono essere effettuati immediatamente e senza detrazioni dopo il ricevimento della merce e della fattura. Se dopo la stipula del contratto il nostro partner contrattuale non dovesse essere pi\u00f9 affidabile, in particolare a causa di protesti di cambiali e assegni, nonch\u00e9 di addebiti diretti restituiti, ecc. In caso di mancato pagamento nei tempi previsti, sul prezzo d'acquisto verranno addebitati interessi di mora a partire dalla data di scadenza al tasso d'interesse di addebito della nostra banca, che dimostreremo su richiesta, ma in caso di mora almeno al tasso d'interesse di mora previsto dalla legge.\n<h3>7. diritti dell'acquirente in caso di consegna contraria al contratto<\/h3>\nIn caso di merce consegnata in violazione del contratto, i diritti dell'Acquirente sono disciplinati dal \u00a7 19 WVB. Il periodo di prescrizione previsto dal paragrafo (11) della presente disposizione \u00e8 di 12 mesi.\n<h3>8. riserva di propriet\u00e0<\/h3>\nCi riserviamo la propriet\u00e0 delle merci da noi consegnate e dei prodotti risultanti dalla loro lavorazione fino al pagamento dei nostri singoli crediti e fino al saldo del nostro conto corrente, anche se le merci vengono lavorate (\u00a7\u00a7 947, 948, 950, 951 BGB). L'Acquirente pu\u00f2 rivendere la merce consegnata e gli oggetti derivanti dalla sua lavorazione solo nell'ambito della normale attivit\u00e0 commerciale. Con la stipula del contratto di acquisto, egli ci cede a titolo di garanzia tutti i crediti a cui ha diritto dalla rivendita o per qualsiasi altro motivo legale. L'acquirente \u00e8 autorizzato a riscuotere i crediti ceduti fintanto che non adempie al suo obbligo di pagamento nei nostri confronti in conformit\u00e0 al contratto. Se la somma e il valore dei crediti ceduti superano realisticamente l'importo nominale del credito da garantire di oltre 20%, a nostra discrezione cederemo nuovamente all'acquirente i crediti per il valore dell'importo in eccesso. In caso contrario, si applicano le disposizioni del \u00a7 28 WVB.\n<h3>9. forza maggiore<\/h3>\nSe siamo impossibilitati ad adempiere ai nostri obblighi di scarico o consegna a causa di un evento imprevedibile e inevitabile di cui non siamo responsabili e che si verifica dopo la conclusione del contratto, avremo il diritto, a nostra discrezione, di recedere dal contratto o di posticipare il momento dello scarico o della consegna della durata dell'impedimento.\n<h3>10. pericolo di trasporto<\/h3>\nIl rischio di trasporto per la consegna \u00e8 a carico dell'acquirente anche se \u00e8 stato concordato \"franco magazzino dell'acquirente\" o simili; lo stesso vale anche per l'invio dei documenti di spedizione e di altri documenti, in particolare se il loro arrivo \u00e8 ritardato. Se i documenti vengono smarriti durante il trasporto, non siamo obbligati a fornirne di nuovi.\n<h3>11 Luogo di adempimento, giurisdizione, prove<\/h3>\nIl luogo di adempimento \u00e8 Monaco di Baviera.\nLe controversie saranno decise a nostra discrezione dal tribunale arbitrale della \"Waren-Verein der Hamburger B\u00f6rse e.V.\" o dai tribunali ordinari di Monaco. Se l'acquirente intende adire il suddetto tribunale arbitrale o i tribunali ordinari di Monaco di Baviera, deve comunicarcelo e chiederci di esercitare il nostro diritto di scelta entro una settimana dal ricevimento della notifica. Se non ci siamo dichiarati entro questo termine, il diritto di scelta passa all'acquirente. La sua decisione deve essere presa immediatamente e comunicata a noi. Le condizioni contestate della merce o di un campione possono essere provate solo da una perizia ottenuta secondo le regole di procedura per i periti della \"Waren-Verein der Hamburger B\u00f6rse e.V.\".\n\nPAUL M. M\u00dcLLER GMBH\n\n<\/div>\n<\/div>\n<\/div>\n<\/div>\n<\/div>\n<\/div>\n<\/div>\n<\/div>\t\t\t\t\t\t\t\t<\/div>\n\t\t\t\t\t<\/div>\n\t\t<\/div>\n\t\t\t\t\t<\/div>\n\t\t<\/section>\n\t\t<div class=\"elementor-element elementor-element-da78d16 e-flex e-con-boxed e-con e-parent\" data-id=\"da78d16\" data-element_type=\"container\">\n\t\t\t\t\t<div class=\"e-con-inner\">\n\t\t\t\t<div class=\"elementor-element elementor-element-6513c65 elementor-widget elementor-widget-button\" data-id=\"6513c65\" data-element_type=\"widget\" data-widget_type=\"button.default\">\n\t\t\t\t\t\t\t\t\t\t<a class=\"elementor-button elementor-button-link elementor-size-sm\" href=\"https:\/\/paulmmueller.fantomas-staging.de\/wp-content\/uploads\/2024\/04\/240419_PaulMMueller_AGB_DE.pdf\">\n\t\t\t\t\t\t<span class=\"elementor-button-content-wrapper\">\n\t\t\t\t\t\t<span class=\"elementor-button-icon\">\n\t\t\t\t<svg xmlns=\"http:\/\/www.w3.org\/2000\/svg\" width=\"9.121\" height=\"15.414\" viewbox=\"0 0 9.121 15.414\"><path id=\"Pfad_2838\" data-name=\"Pfad 2838\" d=\"M426.32,439.507l7-7-7-7\" transform=\"translate(-425.613 -424.8)\" fill=\"none\" stroke=\"#ffe200\" stroke-miterlimit=\"10\" stroke-width=\"2\"><\/path><\/svg>\t\t\t<\/span>\n\t\t\t\t\t\t\t\t\t<span class=\"elementor-button-text\">Scarica AGB in formato PDF<\/span>\n\t\t\t\t\t<\/span>\n\t\t\t\t\t<\/a>\n\t\t\t\t\t\t\t\t<\/div>\n\t\t\t\t\t<\/div>\n\t\t\t\t<\/div>\n\t\t\t\t<\/div>","protected":false},"excerpt":{"rendered":"<p>CONDIZIONI GENERALI Termini e condizioni di vendita e consegna 1 Generalit\u00e0 Tutte le vendite, le consegne e le prestazioni accessorie (anche quelle future) vengono concluse ed eseguite sulla base dei termini e delle condizioni attualmente in vigore della \"Waren-Verein der Hamburger B\u00f6rse e.V.\" (WVB), salvo disposizioni speciali o divergenti. Tali termini e condizioni sono pubblicati su Internet all'indirizzo www.waren-verein.de. I termini e le condizioni dell'acquirente o [...]<\/p>","protected":false},"author":1,"featured_media":0,"parent":0,"menu_order":15,"comment_status":"closed","ping_status":"closed","template":"","meta":{"_acf_changed":false,"footnotes":""},"class_list":["post-13269","page","type-page","status-publish","hentry"],"acf":[],"yoast_head":"<!-- This site is optimized with the Yoast SEO plugin v25.3.1 - https:\/\/yoast.com\/wordpress\/plugins\/seo\/ -->\n<title>AGB - Paul M. M\u00fcller<\/title>\n<meta name=\"robots\" content=\"index, follow, max-snippet:-1, max-image-preview:large, max-video-preview:-1\" \/>\n<link rel=\"canonical\" href=\"https:\/\/paulmmueller.fantomas-staging.de\/it\/agb\/\" \/>\n<meta property=\"og:locale\" content=\"it_IT\" \/>\n<meta property=\"og:type\" content=\"article\" \/>\n<meta property=\"og:title\" content=\"AGB - Paul M. M\u00fcller\" \/>\n<meta property=\"og:description\" content=\"ALLGEMEINE GESCH\u00c4FTSBEDINGUNGEN Verkaufs- und Lieferbedingungen 1. Allgemeines Alle Verk\u00e4ufe, Lieferungen und Nebenleistungen (auch die zuku\u0308nftigen) werden, soweit keine besonderen oder abweichenden Regelungen getroffen worden sind, auf der Grundlage der jeweils gu\u0308ltigen Gesch\u00e4ftsbedingungen des \u201eWaren-Vereins der Hamburger B\u00f6rse e.V.\u201c (WVB) abgeschlossen und durchgefu\u0308hrt. Diese Gesch\u00e4ftsbedingungen sind im Internet unter www.waren-verein.de ver\u00f6ffentlicht. Die Gesch\u00e4ftsbedingungen des K\u00e4ufers oder [&hellip;]\" \/>\n<meta property=\"og:url\" content=\"https:\/\/paulmmueller.fantomas-staging.de\/it\/agb\/\" \/>\n<meta property=\"og:site_name\" content=\"Paul M. M\u00fcller\" \/>\n<meta property=\"article:publisher\" content=\"https:\/\/www.facebook.com\/paulmmuellergmbh\/\" \/>\n<meta property=\"article:modified_time\" content=\"2024-04-20T15:38:42+00:00\" \/>\n<meta name=\"twitter:card\" content=\"summary_large_image\" \/>\n<meta name=\"twitter:site\" content=\"@PaulMMller1\" \/>\n<script type=\"application\/ld+json\" class=\"yoast-schema-graph\">{\"@context\":\"https:\/\/schema.org\",\"@graph\":[{\"@type\":\"WebPage\",\"@id\":\"https:\/\/paulmmueller.fantomas-staging.de\/agb\/\",\"url\":\"https:\/\/paulmmueller.fantomas-staging.de\/agb\/\",\"name\":\"AGB - Paul M. M\u00fcller\",\"isPartOf\":{\"@id\":\"https:\/\/paulmmueller.fantomas-staging.de\/en\/#website\"},\"datePublished\":\"2022-07-16T15:33:30+00:00\",\"dateModified\":\"2024-04-20T15:38:42+00:00\",\"breadcrumb\":{\"@id\":\"https:\/\/paulmmueller.fantomas-staging.de\/agb\/#breadcrumb\"},\"inLanguage\":\"it-IT\",\"potentialAction\":[{\"@type\":\"ReadAction\",\"target\":[\"https:\/\/paulmmueller.fantomas-staging.de\/agb\/\"]}]},{\"@type\":\"BreadcrumbList\",\"@id\":\"https:\/\/paulmmueller.fantomas-staging.de\/agb\/#breadcrumb\",\"itemListElement\":[{\"@type\":\"ListItem\",\"position\":1,\"name\":\"Home\",\"item\":\"https:\/\/paulmmueller.fantomas-staging.de\/\"},{\"@type\":\"ListItem\",\"position\":2,\"name\":\"AGB\"}]},{\"@type\":\"WebSite\",\"@id\":\"https:\/\/paulmmueller.fantomas-staging.de\/en\/#website\",\"url\":\"https:\/\/paulmmueller.fantomas-staging.de\/en\/\",\"name\":\"Paul M. M\u00fcller\",\"description\":\"Die Food Marken Macher\",\"publisher\":{\"@id\":\"https:\/\/paulmmueller.fantomas-staging.de\/en\/#organization\"},\"potentialAction\":[{\"@type\":\"SearchAction\",\"target\":{\"@type\":\"EntryPoint\",\"urlTemplate\":\"https:\/\/paulmmueller.fantomas-staging.de\/en\/?s={search_term_string}\"},\"query-input\":{\"@type\":\"PropertyValueSpecification\",\"valueRequired\":true,\"valueName\":\"search_term_string\"}}],\"inLanguage\":\"it-IT\"},{\"@type\":\"Organization\",\"@id\":\"https:\/\/paulmmueller.fantomas-staging.de\/en\/#organization\",\"name\":\"Paul M. M\u00fcller GmbH\",\"url\":\"https:\/\/paulmmueller.fantomas-staging.de\/en\/\",\"logo\":{\"@type\":\"ImageObject\",\"inLanguage\":\"it-IT\",\"@id\":\"https:\/\/paulmmueller.fantomas-staging.de\/en\/#\/schema\/logo\/image\/\",\"url\":\"https:\/\/paulmmueller.fantomas-staging.de\/wp-content\/uploads\/2022\/08\/PaulMMueller_2021_EN.svg\",\"contentUrl\":\"https:\/\/paulmmueller.fantomas-staging.de\/wp-content\/uploads\/2022\/08\/PaulMMueller_2021_EN.svg\",\"width\":730,\"height\":137,\"caption\":\"Paul M. M\u00fcller GmbH\"},\"image\":{\"@id\":\"https:\/\/paulmmueller.fantomas-staging.de\/en\/#\/schema\/logo\/image\/\"},\"sameAs\":[\"https:\/\/www.facebook.com\/paulmmuellergmbh\/\",\"https:\/\/x.com\/PaulMMller1\",\"https:\/\/www.instagram.com\/paul_m._mueller_gmbh\/\",\"https:\/\/www.linkedin.com\/company\/17897510\/\",\"https:\/\/www.xing.com\/companies\/paulm.mllergmbh\"]}]}<\/script>\n<!-- \/ Yoast SEO plugin. -->","yoast_head_json":{"title":"AGB - Paul M. M\u00fcller","robots":{"index":"index","follow":"follow","max-snippet":"max-snippet:-1","max-image-preview":"max-image-preview:large","max-video-preview":"max-video-preview:-1"},"canonical":"https:\/\/paulmmueller.fantomas-staging.de\/it\/agb\/","og_locale":"it_IT","og_type":"article","og_title":"AGB - Paul M. M\u00fcller","og_description":"ALLGEMEINE GESCH\u00c4FTSBEDINGUNGEN Verkaufs- und Lieferbedingungen 1. Allgemeines Alle Verk\u00e4ufe, Lieferungen und Nebenleistungen (auch die zuku\u0308nftigen) werden, soweit keine besonderen oder abweichenden Regelungen getroffen worden sind, auf der Grundlage der jeweils gu\u0308ltigen Gesch\u00e4ftsbedingungen des \u201eWaren-Vereins der Hamburger B\u00f6rse e.V.\u201c (WVB) abgeschlossen und durchgefu\u0308hrt. Diese Gesch\u00e4ftsbedingungen sind im Internet unter www.waren-verein.de ver\u00f6ffentlicht. Die Gesch\u00e4ftsbedingungen des K\u00e4ufers oder [&hellip;]","og_url":"https:\/\/paulmmueller.fantomas-staging.de\/it\/agb\/","og_site_name":"Paul M. M\u00fcller","article_publisher":"https:\/\/www.facebook.com\/paulmmuellergmbh\/","article_modified_time":"2024-04-20T15:38:42+00:00","twitter_card":"summary_large_image","twitter_site":"@PaulMMller1","schema":{"@context":"https:\/\/schema.org","@graph":[{"@type":"WebPage","@id":"https:\/\/paulmmueller.fantomas-staging.de\/agb\/","url":"https:\/\/paulmmueller.fantomas-staging.de\/agb\/","name":"AGB - Paul M. M\u00fcller","isPartOf":{"@id":"https:\/\/paulmmueller.fantomas-staging.de\/en\/#website"},"datePublished":"2022-07-16T15:33:30+00:00","dateModified":"2024-04-20T15:38:42+00:00","breadcrumb":{"@id":"https:\/\/paulmmueller.fantomas-staging.de\/agb\/#breadcrumb"},"inLanguage":"it-IT","potentialAction":[{"@type":"ReadAction","target":["https:\/\/paulmmueller.fantomas-staging.de\/agb\/"]}]},{"@type":"BreadcrumbList","@id":"https:\/\/paulmmueller.fantomas-staging.de\/agb\/#breadcrumb","itemListElement":[{"@type":"ListItem","position":1,"name":"Home","item":"https:\/\/paulmmueller.fantomas-staging.de\/"},{"@type":"ListItem","position":2,"name":"AGB"}]},{"@type":"WebSite","@id":"https:\/\/paulmmueller.fantomas-staging.de\/en\/#website","url":"https:\/\/paulmmueller.fantomas-staging.de\/en\/","name":"Paul M. M\u00fcller","description":"Die Food Marken Macher","publisher":{"@id":"https:\/\/paulmmueller.fantomas-staging.de\/en\/#organization"},"potentialAction":[{"@type":"SearchAction","target":{"@type":"EntryPoint","urlTemplate":"https:\/\/paulmmueller.fantomas-staging.de\/en\/?s={search_term_string}"},"query-input":{"@type":"PropertyValueSpecification","valueRequired":true,"valueName":"search_term_string"}}],"inLanguage":"it-IT"},{"@type":"Organization","@id":"https:\/\/paulmmueller.fantomas-staging.de\/en\/#organization","name":"Paul M. M\u00fcller GmbH","url":"https:\/\/paulmmueller.fantomas-staging.de\/en\/","logo":{"@type":"ImageObject","inLanguage":"it-IT","@id":"https:\/\/paulmmueller.fantomas-staging.de\/en\/#\/schema\/logo\/image\/","url":"https:\/\/paulmmueller.fantomas-staging.de\/wp-content\/uploads\/2022\/08\/PaulMMueller_2021_EN.svg","contentUrl":"https:\/\/paulmmueller.fantomas-staging.de\/wp-content\/uploads\/2022\/08\/PaulMMueller_2021_EN.svg","width":730,"height":137,"caption":"Paul M. M\u00fcller GmbH"},"image":{"@id":"https:\/\/paulmmueller.fantomas-staging.de\/en\/#\/schema\/logo\/image\/"},"sameAs":["https:\/\/www.facebook.com\/paulmmuellergmbh\/","https:\/\/x.com\/PaulMMller1","https:\/\/www.instagram.com\/paul_m._mueller_gmbh\/","https:\/\/www.linkedin.com\/company\/17897510\/","https:\/\/www.xing.com\/companies\/paulm.mllergmbh"]}]}},"_links":{"self":[{"href":"https:\/\/paulmmueller.fantomas-staging.de\/it\/wp-json\/wp\/v2\/pages\/13269","targetHints":{"allow":["GET"]}}],"collection":[{"href":"https:\/\/paulmmueller.fantomas-staging.de\/it\/wp-json\/wp\/v2\/pages"}],"about":[{"href":"https:\/\/paulmmueller.fantomas-staging.de\/it\/wp-json\/wp\/v2\/types\/page"}],"author":[{"embeddable":true,"href":"https:\/\/paulmmueller.fantomas-staging.de\/it\/wp-json\/wp\/v2\/users\/1"}],"replies":[{"embeddable":true,"href":"https:\/\/paulmmueller.fantomas-staging.de\/it\/wp-json\/wp\/v2\/comments?post=13269"}],"version-history":[{"count":10,"href":"https:\/\/paulmmueller.fantomas-staging.de\/it\/wp-json\/wp\/v2\/pages\/13269\/revisions"}],"predecessor-version":[{"id":19702,"href":"https:\/\/paulmmueller.fantomas-staging.de\/it\/wp-json\/wp\/v2\/pages\/13269\/revisions\/19702"}],"wp:attachment":[{"href":"https:\/\/paulmmueller.fantomas-staging.de\/it\/wp-json\/wp\/v2\/media?parent=13269"}],"curies":[{"name":"wp","href":"https:\/\/api.w.org\/{rel}","templated":true}]}}