{"id":20974,"date":"2024-09-19T16:45:58","date_gmt":"2024-09-19T14:45:58","guid":{"rendered":"https:\/\/paulmmueller.com\/?page_id=20974"},"modified":"2024-10-22T08:45:40","modified_gmt":"2024-10-22T06:45:40","slug":"paulis-deli","status":"publish","type":"page","link":"https:\/\/paulmmueller.fantomas-staging.de\/it\/mondo-del-marchio\/paulis-deli\/","title":{"rendered":"PAULIS DELI"},"content":{"rendered":"<div data-elementor-type=\"wp-page\" data-elementor-id=\"20974\" class=\"elementor elementor-20974\" data-elementor-post-type=\"page\">\n\t\t\t\t<div class=\"elementor-element elementor-element-aae602a e-con-full e-flex e-con e-parent\" data-id=\"aae602a\" data-element_type=\"container\">\n\t\t\t\t<div class=\"elementor-element elementor-element-19996e5 dce_masking-none elementor-widget elementor-widget-image\" data-id=\"19996e5\" data-element_type=\"widget\" data-widget_type=\"image.default\">\n\t\t\t\t\t\t\t\t\t\t\t\t\t\t\t<img fetchpriority=\"high\" decoding=\"async\" width=\"3840\" height=\"436\" src=\"https:\/\/paulmmueller.fantomas-staging.de\/wp-content\/uploads\/2024\/09\/240919_PaulMMueller_Markenwelt_PAULIS-DELI_Header-Banner.png\" class=\"attachment-full size-full wp-image-20972\" alt=\"\" srcset=\"https:\/\/paulmmueller.fantomas-staging.de\/wp-content\/uploads\/2024\/09\/240919_PaulMMueller_Markenwelt_PAULIS-DELI_Header-Banner.png 3840w, https:\/\/paulmmueller.fantomas-staging.de\/wp-content\/uploads\/2024\/09\/240919_PaulMMueller_Markenwelt_PAULIS-DELI_Header-Banner-300x34.png 300w, https:\/\/paulmmueller.fantomas-staging.de\/wp-content\/uploads\/2024\/09\/240919_PaulMMueller_Markenwelt_PAULIS-DELI_Header-Banner-1024x116.png 1024w, https:\/\/paulmmueller.fantomas-staging.de\/wp-content\/uploads\/2024\/09\/240919_PaulMMueller_Markenwelt_PAULIS-DELI_Header-Banner-768x87.png 768w, https:\/\/paulmmueller.fantomas-staging.de\/wp-content\/uploads\/2024\/09\/240919_PaulMMueller_Markenwelt_PAULIS-DELI_Header-Banner-1536x174.png 1536w, https:\/\/paulmmueller.fantomas-staging.de\/wp-content\/uploads\/2024\/09\/240919_PaulMMueller_Markenwelt_PAULIS-DELI_Header-Banner-2048x233.png 2048w, https:\/\/paulmmueller.fantomas-staging.de\/wp-content\/uploads\/2024\/09\/240919_PaulMMueller_Markenwelt_PAULIS-DELI_Header-Banner-18x2.png 18w\" sizes=\"(max-width: 3840px) 100vw, 3840px\" \/>\t\t\t\t\t\t\t\t\t\t\t\t\t\t\t<\/div>\n\t\t\t\t<\/div>\n\t\t<div class=\"elementor-element elementor-element-5d128e6 e-con-full e-flex e-con e-parent\" data-id=\"5d128e6\" data-element_type=\"container\" data-settings=\"{&quot;background_background&quot;:&quot;classic&quot;}\">\n\t\t<div class=\"elementor-element elementor-element-784ce3e e-flex e-con-boxed e-con e-child\" data-id=\"784ce3e\" data-element_type=\"container\">\n\t\t\t\t\t<div class=\"e-con-inner\">\n\t\t<div class=\"elementor-element elementor-element-67d2572 e-con-full e-flex e-con e-child\" data-id=\"67d2572\" data-element_type=\"container\">\n\t\t<div class=\"elementor-element elementor-element-f5ffa78 e-con-full e-flex e-con e-child\" data-id=\"f5ffa78\" data-element_type=\"container\">\n\t\t\t\t<div class=\"elementor-element elementor-element-e6006f7 elementor-widget elementor-widget-text-editor\" data-id=\"e6006f7\" data-element_type=\"widget\" data-widget_type=\"text-editor.default\">\n\t\t\t\t\t\t\t\t\t<p>La creazione pi\u00f9 fresca dei produttori del marchio alimentare Paul M. M\u00fcller:\u00a0<span style=\"color: var( --e-global-color-75f620b ); font-family: var( --e-global-typography-text-font-family ); font-size: var( --e-global-typography-text-font-size ); font-weight: var( --e-global-typography-text-font-weight );\">PAULIS DELI - I fagioli al forno di questo nuovo marchio sono semplicemente irresistibili!<\/span><\/p><p>Il classico della colazione inglese e statunitense, perfetto con uova fritte, bacon e salsicce.\u00a0<span style=\"color: var( --e-global-color-75f620b ); font-family: var( --e-global-typography-text-font-family ); font-size: var( --e-global-typography-text-font-size ); font-weight: var( --e-global-typography-text-font-weight );\">Si possono usare in molti modi: per i barbecue o come ingrediente del chilli sin carne.<\/span><\/p><p>Il nostro barattolo grande, con un peso netto di 2.650 g, \u00e8 l'aiuto perfetto negli hotel, nei ristoranti per la colazione o nelle cucine professionali.<\/p>\t\t\t\t\t\t\t\t<\/div>\n\t\t\t\t<\/div>\n\t\t<div class=\"elementor-element elementor-element-ed1dbfb e-con-full e-flex e-con e-child\" data-id=\"ed1dbfb\" data-element_type=\"container\">\n\t\t\t\t<div class=\"elementor-element elementor-element-4c74a32 dce_masking-none elementor-widget elementor-widget-image\" data-id=\"4c74a32\" data-element_type=\"widget\" data-widget_type=\"image.default\">\n\t\t\t\t\t\t\t\t\t\t\t\t\t\t\t<img decoding=\"async\" width=\"800\" height=\"797\" src=\"https:\/\/paulmmueller.fantomas-staging.de\/wp-content\/uploads\/2024\/09\/240919_PaulMMueller_Markenwelt_PAULIS-DELI_Abschnitt1_Dose-Splash-1024x1020.png\" class=\"attachment-large size-large wp-image-20968\" alt=\"\" srcset=\"https:\/\/paulmmueller.fantomas-staging.de\/wp-content\/uploads\/2024\/09\/240919_PaulMMueller_Markenwelt_PAULIS-DELI_Abschnitt1_Dose-Splash-1024x1020.png 1024w, https:\/\/paulmmueller.fantomas-staging.de\/wp-content\/uploads\/2024\/09\/240919_PaulMMueller_Markenwelt_PAULIS-DELI_Abschnitt1_Dose-Splash-300x300.png 300w, https:\/\/paulmmueller.fantomas-staging.de\/wp-content\/uploads\/2024\/09\/240919_PaulMMueller_Markenwelt_PAULIS-DELI_Abschnitt1_Dose-Splash-150x150.png 150w, https:\/\/paulmmueller.fantomas-staging.de\/wp-content\/uploads\/2024\/09\/240919_PaulMMueller_Markenwelt_PAULIS-DELI_Abschnitt1_Dose-Splash-768x765.png 768w, https:\/\/paulmmueller.fantomas-staging.de\/wp-content\/uploads\/2024\/09\/240919_PaulMMueller_Markenwelt_PAULIS-DELI_Abschnitt1_Dose-Splash-12x12.png 12w, https:\/\/paulmmueller.fantomas-staging.de\/wp-content\/uploads\/2024\/09\/240919_PaulMMueller_Markenwelt_PAULIS-DELI_Abschnitt1_Dose-Splash-192x192.png 192w, https:\/\/paulmmueller.fantomas-staging.de\/wp-content\/uploads\/2024\/09\/240919_PaulMMueller_Markenwelt_PAULIS-DELI_Abschnitt1_Dose-Splash.png 1458w\" sizes=\"(max-width: 800px) 100vw, 800px\" \/>\t\t\t\t\t\t\t\t\t\t\t\t\t\t\t<\/div>\n\t\t\t\t<\/div>\n\t\t\t\t<\/div>\n\t\t<div class=\"elementor-element elementor-element-7f9226a e-con-full e-flex e-con e-child\" data-id=\"7f9226a\" data-element_type=\"container\">\n\t\t<div class=\"elementor-element elementor-element-bf25518 e-con-full e-flex e-con e-child\" data-id=\"bf25518\" data-element_type=\"container\">\n\t\t\t\t<\/div>\n\t\t<div class=\"elementor-element elementor-element-f6381fe e-con-full e-flex e-con e-child\" data-id=\"f6381fe\" data-element_type=\"container\">\n\t\t\t\t<div class=\"elementor-element elementor-element-f3b9f35 elementor-widget elementor-widget-text-editor\" data-id=\"f3b9f35\" data-element_type=\"widget\" data-widget_type=\"text-editor.default\">\n\t\t\t\t\t\t\t\t\t<p><b><span lang=\"es\">DELIZIOSO, FRESCO, CONVENIENTE!<\/span><\/b><\/p><p style=\"text-align: left;\">I PAULIS DELI BAKED BEANS (in salsa di pomodoro) si ispirano al diner americano e alla pop art nello stile di Roy Lichtenstein.<\/p><p><b><span lang=\"es\">Assaggiate!<\/span><\/b><\/p>\t\t\t\t\t\t\t\t<\/div>\n\t\t\t\t<\/div>\n\t\t\t\t<\/div>\n\t\t\t\t\t<\/div>\n\t\t\t\t<\/div>\n\t\t\t\t<\/div>\n\t\t<div class=\"elementor-element elementor-element-8809288 e-con-full e-flex e-con e-parent\" data-id=\"8809288\" data-element_type=\"container\">\n\t\t\t\t<div class=\"elementor-element elementor-element-79765e1 dce_masking-none elementor-widget elementor-widget-image\" data-id=\"79765e1\" data-element_type=\"widget\" data-widget_type=\"image.default\">\n\t\t\t\t\t\t\t\t\t\t\t\t\t\t\t<img decoding=\"async\" width=\"1920\" height=\"1580\" src=\"https:\/\/paulmmueller.fantomas-staging.de\/wp-content\/uploads\/2024\/10\/PaulisDeli-Onepager-min-e1729579530615.png\" class=\"attachment-full size-full wp-image-21228\" alt=\"\" srcset=\"https:\/\/paulmmueller.fantomas-staging.de\/wp-content\/uploads\/2024\/10\/PaulisDeli-Onepager-min-e1729579530615.png 1920w, https:\/\/paulmmueller.fantomas-staging.de\/wp-content\/uploads\/2024\/10\/PaulisDeli-Onepager-min-e1729579530615-300x247.png 300w, https:\/\/paulmmueller.fantomas-staging.de\/wp-content\/uploads\/2024\/10\/PaulisDeli-Onepager-min-e1729579530615-1024x843.png 1024w, https:\/\/paulmmueller.fantomas-staging.de\/wp-content\/uploads\/2024\/10\/PaulisDeli-Onepager-min-e1729579530615-768x632.png 768w, https:\/\/paulmmueller.fantomas-staging.de\/wp-content\/uploads\/2024\/10\/PaulisDeli-Onepager-min-e1729579530615-1536x1264.png 1536w, https:\/\/paulmmueller.fantomas-staging.de\/wp-content\/uploads\/2024\/10\/PaulisDeli-Onepager-min-e1729579530615-15x12.png 15w\" sizes=\"(max-width: 1920px) 100vw, 1920px\" \/>\t\t\t\t\t\t\t\t\t\t\t\t\t\t\t<\/div>\n\t\t\t\t<\/div>\n\t\t<div class=\"elementor-element elementor-element-7d4fad2 e-flex e-con-boxed e-con e-child\" data-id=\"7d4fad2\" data-element_type=\"container\">\n\t\t\t\t\t<div class=\"e-con-inner\">\n\t\t\t\t<div class=\"elementor-element elementor-element-fb50adc elementor-position-left elementor-view-default elementor-mobile-position-top elementor-vertical-align-top elementor-widget elementor-widget-icon-box\" data-id=\"fb50adc\" data-element_type=\"widget\" data-widget_type=\"icon-box.default\">\n\t\t\t\t\t\t\t<div class=\"elementor-icon-box-wrapper\">\n\n\t\t\t\t\t\t<div class=\"elementor-icon-box-icon\">\n\t\t\t\t<a href=\"https:\/\/paulmmueller.fantomas-staging.de\/wp-content\/uploads\/2024\/09\/240919_Paul-M-Mueller_PAULIS-DELI_Rezept-Video.mp4\" class=\"elementor-icon\" tabindex=\"-1\" aria-label=\"LA RICETTA COME VIDEO\">\n\t\t\t\t<svg aria-hidden=\"true\" class=\"e-font-icon-svg e-fab-youtube\" viewbox=\"0 0 576 512\" xmlns=\"http:\/\/www.w3.org\/2000\/svg\"><path d=\"M549.655 124.083c-6.281-23.65-24.787-42.276-48.284-48.597C458.781 64 288 64 288 64S117.22 64 74.629 75.486c-23.497 6.322-42.003 24.947-48.284 48.597-11.412 42.867-11.412 132.305-11.412 132.305s0 89.438 11.412 132.305c6.281 23.65 24.787 41.5 48.284 47.821C117.22 448 288 448 288 448s170.78 0 213.371-11.486c23.497-6.321 42.003-24.171 48.284-47.821 11.412-42.867 11.412-132.305 11.412-132.305s0-89.438-11.412-132.305zm-317.51 213.508V175.185l142.739 81.205-142.739 81.201z\"><\/path><\/svg>\t\t\t\t<\/a>\n\t\t\t<\/div>\n\t\t\t\n\t\t\t\t\t\t<div class=\"elementor-icon-box-content\">\n\n\t\t\t\t\t\t\t\t\t<h3 class=\"elementor-icon-box-title\">\n\t\t\t\t\t\t<a href=\"https:\/\/paulmmueller.fantomas-staging.de\/wp-content\/uploads\/2024\/09\/240919_Paul-M-Mueller_PAULIS-DELI_Rezept-Video.mp4\" >\n\t\t\t\t\t\t\tLA RICETTA COME VIDEO\t\t\t\t\t\t<\/a>\n\t\t\t\t\t<\/h3>\n\t\t\t\t\n\t\t\t\t\t\t\t\t\t<p class=\"elementor-icon-box-description\">\n\t\t\t\t\t\tFate il pieno di gusto con il nostro chilli sin carne! \ud83c\udf36\ufe0f\u2728 In questo video vi mostriamo passo dopo passo come preparare un chili piccante e vegano con i deliziosi fagioli al forno di PAULIS-DELI. Perfetto per tutti coloro che amano un piatto sostanzioso e semplice! \ud83c\udf72\ud83e\udd44 Restate sintonizzati e lasciatevi ispirare: questo chili diventer\u00e0 il vostro nuovo piatto preferito!\t\t\t\t\t<\/p>\n\t\t\t\t\n\t\t\t<\/div>\n\t\t\t\n\t\t<\/div>\n\t\t\t\t\t\t<\/div>\n\t\t\t\t\t<\/div>\n\t\t\t\t<\/div>\n\t\t<div class=\"elementor-element elementor-element-641157b e-con-full e-flex e-con e-parent\" data-id=\"641157b\" data-element_type=\"container\">\n\t\t\t\t<div class=\"elementor-element elementor-element-97fdf46 dce_masking-none elementor-widget elementor-widget-image\" data-id=\"97fdf46\" data-element_type=\"widget\" data-widget_type=\"image.default\">\n\t\t\t\t\t\t\t\t\t\t\t\t\t\t\t<img loading=\"lazy\" decoding=\"async\" width=\"3840\" height=\"436\" src=\"https:\/\/paulmmueller.fantomas-staging.de\/wp-content\/uploads\/2024\/09\/240919_PaulMMueller_Markenwelt_PAULIS-DELI_Punkte-Background.png\" class=\"attachment-full size-full wp-image-21048\" alt=\"\" srcset=\"https:\/\/paulmmueller.fantomas-staging.de\/wp-content\/uploads\/2024\/09\/240919_PaulMMueller_Markenwelt_PAULIS-DELI_Punkte-Background.png 3840w, https:\/\/paulmmueller.fantomas-staging.de\/wp-content\/uploads\/2024\/09\/240919_PaulMMueller_Markenwelt_PAULIS-DELI_Punkte-Background-300x34.png 300w, https:\/\/paulmmueller.fantomas-staging.de\/wp-content\/uploads\/2024\/09\/240919_PaulMMueller_Markenwelt_PAULIS-DELI_Punkte-Background-1024x116.png 1024w, https:\/\/paulmmueller.fantomas-staging.de\/wp-content\/uploads\/2024\/09\/240919_PaulMMueller_Markenwelt_PAULIS-DELI_Punkte-Background-768x87.png 768w, https:\/\/paulmmueller.fantomas-staging.de\/wp-content\/uploads\/2024\/09\/240919_PaulMMueller_Markenwelt_PAULIS-DELI_Punkte-Background-1536x174.png 1536w, https:\/\/paulmmueller.fantomas-staging.de\/wp-content\/uploads\/2024\/09\/240919_PaulMMueller_Markenwelt_PAULIS-DELI_Punkte-Background-2048x233.png 2048w, https:\/\/paulmmueller.fantomas-staging.de\/wp-content\/uploads\/2024\/09\/240919_PaulMMueller_Markenwelt_PAULIS-DELI_Punkte-Background-18x2.png 18w\" sizes=\"(max-width: 3840px) 100vw, 3840px\" \/>\t\t\t\t\t\t\t\t\t\t\t\t\t\t\t<\/div>\n\t\t\t\t<\/div>\n\t\t\t\t<\/div>","protected":false},"excerpt":{"rendered":"<p>Die frischeste Kreation der Paul M. M\u00fcller Food-Markenmacher:\u00a0PAULIS DELI \u2013 Baked Beans unter dieser neuen Marke sind einfach unwiderstehlich! Der Fr\u00fchst\u00fccksklassiker aus England bzw. den USA, perfekt zu Spiegeleiern, gebratenen Speck und W\u00fcrstchen.\u00a0Die Einsatzm\u00f6glichkeiten sind \u00e4u\u00dferst vielseitig \u2013 gerne auch zum BBQ oder als Zutat f\u00fcr Chili sin Carne. Unsere Gro\u00dfdose mit 2.650 g Nettogewicht [&hellip;]<\/p>","protected":false},"author":9,"featured_media":0,"parent":20021,"menu_order":9,"comment_status":"closed","ping_status":"closed","template":"","meta":{"_acf_changed":false,"footnotes":""},"class_list":["post-20974","page","type-page","status-publish","hentry"],"acf":[],"yoast_head":"<!-- This site is optimized with the Yoast SEO plugin v25.3.1 - https:\/\/yoast.com\/wordpress\/plugins\/seo\/ -->\n<title>PAULIS DELI - Paul M. M\u00fcller<\/title>\n<meta name=\"robots\" content=\"index, follow, max-snippet:-1, max-image-preview:large, max-video-preview:-1\" \/>\n<link rel=\"canonical\" href=\"https:\/\/paulmmueller.fantomas-staging.de\/it\/mondo-del-marchio\/paulis-deli\/\" \/>\n<meta property=\"og:locale\" content=\"it_IT\" \/>\n<meta property=\"og:type\" content=\"article\" \/>\n<meta property=\"og:title\" content=\"PAULIS DELI - Paul M. M\u00fcller\" \/>\n<meta property=\"og:description\" content=\"Die frischeste Kreation der Paul M. M\u00fcller Food-Markenmacher:\u00a0PAULIS DELI \u2013 Baked Beans unter dieser neuen Marke sind einfach unwiderstehlich! Der Fr\u00fchst\u00fccksklassiker aus England bzw. den USA, perfekt zu Spiegeleiern, gebratenen Speck und W\u00fcrstchen.\u00a0Die Einsatzm\u00f6glichkeiten sind \u00e4u\u00dferst vielseitig \u2013 gerne auch zum BBQ oder als Zutat f\u00fcr Chili sin Carne. Unsere Gro\u00dfdose mit 2.650 g Nettogewicht [&hellip;]\" \/>\n<meta property=\"og:url\" content=\"https:\/\/paulmmueller.fantomas-staging.de\/it\/mondo-del-marchio\/paulis-deli\/\" \/>\n<meta property=\"og:site_name\" content=\"Paul M. M\u00fcller\" \/>\n<meta property=\"article:publisher\" content=\"https:\/\/www.facebook.com\/paulmmuellergmbh\/\" \/>\n<meta property=\"article:modified_time\" content=\"2024-10-22T06:45:40+00:00\" \/>\n<meta property=\"og:image\" content=\"https:\/\/paulmmueller.fantomas-staging.de\/wp-content\/uploads\/2024\/09\/240919_PaulMMueller_Markenwelt_PAULIS-DELI_Header-Banner.png\" \/>\n<meta name=\"twitter:card\" content=\"summary_large_image\" \/>\n<meta name=\"twitter:site\" content=\"@PaulMMller1\" \/>\n<script type=\"application\/ld+json\" class=\"yoast-schema-graph\">{\"@context\":\"https:\/\/schema.org\",\"@graph\":[{\"@type\":\"WebPage\",\"@id\":\"https:\/\/paulmmueller.fantomas-staging.de\/markenwelt\/paulis-deli\/\",\"url\":\"https:\/\/paulmmueller.fantomas-staging.de\/markenwelt\/paulis-deli\/\",\"name\":\"PAULIS DELI - Paul M. M\u00fcller\",\"isPartOf\":{\"@id\":\"https:\/\/paulmmueller.fantomas-staging.de\/en\/#website\"},\"primaryImageOfPage\":{\"@id\":\"https:\/\/paulmmueller.fantomas-staging.de\/markenwelt\/paulis-deli\/#primaryimage\"},\"image\":{\"@id\":\"https:\/\/paulmmueller.fantomas-staging.de\/markenwelt\/paulis-deli\/#primaryimage\"},\"thumbnailUrl\":\"https:\/\/paulmmueller.fantomas-staging.de\/wp-content\/uploads\/2024\/09\/240919_PaulMMueller_Markenwelt_PAULIS-DELI_Header-Banner.png\",\"datePublished\":\"2024-09-19T14:45:58+00:00\",\"dateModified\":\"2024-10-22T06:45:40+00:00\",\"breadcrumb\":{\"@id\":\"https:\/\/paulmmueller.fantomas-staging.de\/markenwelt\/paulis-deli\/#breadcrumb\"},\"inLanguage\":\"it-IT\",\"potentialAction\":[{\"@type\":\"ReadAction\",\"target\":[\"https:\/\/paulmmueller.fantomas-staging.de\/markenwelt\/paulis-deli\/\"]}]},{\"@type\":\"ImageObject\",\"inLanguage\":\"it-IT\",\"@id\":\"https:\/\/paulmmueller.fantomas-staging.de\/markenwelt\/paulis-deli\/#primaryimage\",\"url\":\"https:\/\/paulmmueller.fantomas-staging.de\/wp-content\/uploads\/2024\/09\/240919_PaulMMueller_Markenwelt_PAULIS-DELI_Header-Banner.png\",\"contentUrl\":\"https:\/\/paulmmueller.fantomas-staging.de\/wp-content\/uploads\/2024\/09\/240919_PaulMMueller_Markenwelt_PAULIS-DELI_Header-Banner.png\"},{\"@type\":\"BreadcrumbList\",\"@id\":\"https:\/\/paulmmueller.fantomas-staging.de\/markenwelt\/paulis-deli\/#breadcrumb\",\"itemListElement\":[{\"@type\":\"ListItem\",\"position\":1,\"name\":\"Home\",\"item\":\"https:\/\/paulmmueller.fantomas-staging.de\/\"},{\"@type\":\"ListItem\",\"position\":2,\"name\":\"Markenwelt\",\"item\":\"https:\/\/paulmmueller.fantomas-staging.de\/en\/markenwelt\/\"},{\"@type\":\"ListItem\",\"position\":3,\"name\":\"PAULIS DELI\"}]},{\"@type\":\"WebSite\",\"@id\":\"https:\/\/paulmmueller.fantomas-staging.de\/en\/#website\",\"url\":\"https:\/\/paulmmueller.fantomas-staging.de\/en\/\",\"name\":\"Paul M. M\u00fcller\",\"description\":\"Die Food Marken Macher\",\"publisher\":{\"@id\":\"https:\/\/paulmmueller.fantomas-staging.de\/en\/#organization\"},\"potentialAction\":[{\"@type\":\"SearchAction\",\"target\":{\"@type\":\"EntryPoint\",\"urlTemplate\":\"https:\/\/paulmmueller.fantomas-staging.de\/en\/?s={search_term_string}\"},\"query-input\":{\"@type\":\"PropertyValueSpecification\",\"valueRequired\":true,\"valueName\":\"search_term_string\"}}],\"inLanguage\":\"it-IT\"},{\"@type\":\"Organization\",\"@id\":\"https:\/\/paulmmueller.fantomas-staging.de\/en\/#organization\",\"name\":\"Paul M. M\u00fcller GmbH\",\"url\":\"https:\/\/paulmmueller.fantomas-staging.de\/en\/\",\"logo\":{\"@type\":\"ImageObject\",\"inLanguage\":\"it-IT\",\"@id\":\"https:\/\/paulmmueller.fantomas-staging.de\/en\/#\/schema\/logo\/image\/\",\"url\":\"https:\/\/paulmmueller.fantomas-staging.de\/wp-content\/uploads\/2022\/08\/PaulMMueller_2021_EN.svg\",\"contentUrl\":\"https:\/\/paulmmueller.fantomas-staging.de\/wp-content\/uploads\/2022\/08\/PaulMMueller_2021_EN.svg\",\"width\":730,\"height\":137,\"caption\":\"Paul M. M\u00fcller GmbH\"},\"image\":{\"@id\":\"https:\/\/paulmmueller.fantomas-staging.de\/en\/#\/schema\/logo\/image\/\"},\"sameAs\":[\"https:\/\/www.facebook.com\/paulmmuellergmbh\/\",\"https:\/\/x.com\/PaulMMller1\",\"https:\/\/www.instagram.com\/paul_m._mueller_gmbh\/\",\"https:\/\/www.linkedin.com\/company\/17897510\/\",\"https:\/\/www.xing.com\/companies\/paulm.mllergmbh\"]}]}<\/script>\n<!-- \/ Yoast SEO plugin. -->","yoast_head_json":{"title":"PAULIS DELI - Paul M. M\u00fcller","robots":{"index":"index","follow":"follow","max-snippet":"max-snippet:-1","max-image-preview":"max-image-preview:large","max-video-preview":"max-video-preview:-1"},"canonical":"https:\/\/paulmmueller.fantomas-staging.de\/it\/mondo-del-marchio\/paulis-deli\/","og_locale":"it_IT","og_type":"article","og_title":"PAULIS DELI - Paul M. M\u00fcller","og_description":"Die frischeste Kreation der Paul M. M\u00fcller Food-Markenmacher:\u00a0PAULIS DELI \u2013 Baked Beans unter dieser neuen Marke sind einfach unwiderstehlich! Der Fr\u00fchst\u00fccksklassiker aus England bzw. den USA, perfekt zu Spiegeleiern, gebratenen Speck und W\u00fcrstchen.\u00a0Die Einsatzm\u00f6glichkeiten sind \u00e4u\u00dferst vielseitig \u2013 gerne auch zum BBQ oder als Zutat f\u00fcr Chili sin Carne. Unsere Gro\u00dfdose mit 2.650 g Nettogewicht [&hellip;]","og_url":"https:\/\/paulmmueller.fantomas-staging.de\/it\/mondo-del-marchio\/paulis-deli\/","og_site_name":"Paul M. M\u00fcller","article_publisher":"https:\/\/www.facebook.com\/paulmmuellergmbh\/","article_modified_time":"2024-10-22T06:45:40+00:00","og_image":[{"url":"https:\/\/paulmmueller.fantomas-staging.de\/wp-content\/uploads\/2024\/09\/240919_PaulMMueller_Markenwelt_PAULIS-DELI_Header-Banner.png","type":"","width":"","height":""}],"twitter_card":"summary_large_image","twitter_site":"@PaulMMller1","schema":{"@context":"https:\/\/schema.org","@graph":[{"@type":"WebPage","@id":"https:\/\/paulmmueller.fantomas-staging.de\/markenwelt\/paulis-deli\/","url":"https:\/\/paulmmueller.fantomas-staging.de\/markenwelt\/paulis-deli\/","name":"PAULIS DELI - Paul M. M\u00fcller","isPartOf":{"@id":"https:\/\/paulmmueller.fantomas-staging.de\/en\/#website"},"primaryImageOfPage":{"@id":"https:\/\/paulmmueller.fantomas-staging.de\/markenwelt\/paulis-deli\/#primaryimage"},"image":{"@id":"https:\/\/paulmmueller.fantomas-staging.de\/markenwelt\/paulis-deli\/#primaryimage"},"thumbnailUrl":"https:\/\/paulmmueller.fantomas-staging.de\/wp-content\/uploads\/2024\/09\/240919_PaulMMueller_Markenwelt_PAULIS-DELI_Header-Banner.png","datePublished":"2024-09-19T14:45:58+00:00","dateModified":"2024-10-22T06:45:40+00:00","breadcrumb":{"@id":"https:\/\/paulmmueller.fantomas-staging.de\/markenwelt\/paulis-deli\/#breadcrumb"},"inLanguage":"it-IT","potentialAction":[{"@type":"ReadAction","target":["https:\/\/paulmmueller.fantomas-staging.de\/markenwelt\/paulis-deli\/"]}]},{"@type":"ImageObject","inLanguage":"it-IT","@id":"https:\/\/paulmmueller.fantomas-staging.de\/markenwelt\/paulis-deli\/#primaryimage","url":"https:\/\/paulmmueller.fantomas-staging.de\/wp-content\/uploads\/2024\/09\/240919_PaulMMueller_Markenwelt_PAULIS-DELI_Header-Banner.png","contentUrl":"https:\/\/paulmmueller.fantomas-staging.de\/wp-content\/uploads\/2024\/09\/240919_PaulMMueller_Markenwelt_PAULIS-DELI_Header-Banner.png"},{"@type":"BreadcrumbList","@id":"https:\/\/paulmmueller.fantomas-staging.de\/markenwelt\/paulis-deli\/#breadcrumb","itemListElement":[{"@type":"ListItem","position":1,"name":"Home","item":"https:\/\/paulmmueller.fantomas-staging.de\/"},{"@type":"ListItem","position":2,"name":"Markenwelt","item":"https:\/\/paulmmueller.fantomas-staging.de\/en\/markenwelt\/"},{"@type":"ListItem","position":3,"name":"PAULIS DELI"}]},{"@type":"WebSite","@id":"https:\/\/paulmmueller.fantomas-staging.de\/en\/#website","url":"https:\/\/paulmmueller.fantomas-staging.de\/en\/","name":"Paul M. M\u00fcller","description":"Die Food Marken Macher","publisher":{"@id":"https:\/\/paulmmueller.fantomas-staging.de\/en\/#organization"},"potentialAction":[{"@type":"SearchAction","target":{"@type":"EntryPoint","urlTemplate":"https:\/\/paulmmueller.fantomas-staging.de\/en\/?s={search_term_string}"},"query-input":{"@type":"PropertyValueSpecification","valueRequired":true,"valueName":"search_term_string"}}],"inLanguage":"it-IT"},{"@type":"Organization","@id":"https:\/\/paulmmueller.fantomas-staging.de\/en\/#organization","name":"Paul M. M\u00fcller GmbH","url":"https:\/\/paulmmueller.fantomas-staging.de\/en\/","logo":{"@type":"ImageObject","inLanguage":"it-IT","@id":"https:\/\/paulmmueller.fantomas-staging.de\/en\/#\/schema\/logo\/image\/","url":"https:\/\/paulmmueller.fantomas-staging.de\/wp-content\/uploads\/2022\/08\/PaulMMueller_2021_EN.svg","contentUrl":"https:\/\/paulmmueller.fantomas-staging.de\/wp-content\/uploads\/2022\/08\/PaulMMueller_2021_EN.svg","width":730,"height":137,"caption":"Paul M. M\u00fcller GmbH"},"image":{"@id":"https:\/\/paulmmueller.fantomas-staging.de\/en\/#\/schema\/logo\/image\/"},"sameAs":["https:\/\/www.facebook.com\/paulmmuellergmbh\/","https:\/\/x.com\/PaulMMller1","https:\/\/www.instagram.com\/paul_m._mueller_gmbh\/","https:\/\/www.linkedin.com\/company\/17897510\/","https:\/\/www.xing.com\/companies\/paulm.mllergmbh"]}]}},"_links":{"self":[{"href":"https:\/\/paulmmueller.fantomas-staging.de\/it\/wp-json\/wp\/v2\/pages\/20974","targetHints":{"allow":["GET"]}}],"collection":[{"href":"https:\/\/paulmmueller.fantomas-staging.de\/it\/wp-json\/wp\/v2\/pages"}],"about":[{"href":"https:\/\/paulmmueller.fantomas-staging.de\/it\/wp-json\/wp\/v2\/types\/page"}],"author":[{"embeddable":true,"href":"https:\/\/paulmmueller.fantomas-staging.de\/it\/wp-json\/wp\/v2\/users\/9"}],"replies":[{"embeddable":true,"href":"https:\/\/paulmmueller.fantomas-staging.de\/it\/wp-json\/wp\/v2\/comments?post=20974"}],"version-history":[{"count":10,"href":"https:\/\/paulmmueller.fantomas-staging.de\/it\/wp-json\/wp\/v2\/pages\/20974\/revisions"}],"predecessor-version":[{"id":21237,"href":"https:\/\/paulmmueller.fantomas-staging.de\/it\/wp-json\/wp\/v2\/pages\/20974\/revisions\/21237"}],"up":[{"embeddable":true,"href":"https:\/\/paulmmueller.fantomas-staging.de\/it\/wp-json\/wp\/v2\/pages\/20021"}],"wp:attachment":[{"href":"https:\/\/paulmmueller.fantomas-staging.de\/it\/wp-json\/wp\/v2\/media?parent=20974"}],"curies":[{"name":"wp","href":"https:\/\/api.w.org\/{rel}","templated":true}]}}