{"id":13235,"date":"2022-07-16T17:17:56","date_gmt":"2022-07-16T15:17:56","guid":{"rendered":"https:\/\/paulmmueller.fantomas-staging.de\/?page_id=13235"},"modified":"2023-11-10T00:17:54","modified_gmt":"2023-11-09T23:17:54","slug":"impressum","status":"publish","type":"page","link":"https:\/\/paulmmueller.fantomas-staging.de\/nl\/opdruk\/","title":{"rendered":"Afdruk"},"content":{"rendered":"<div data-elementor-type=\"wp-page\" data-elementor-id=\"13235\" class=\"elementor elementor-13235\" data-elementor-post-type=\"page\">\n\t\t\t\t\t\t<section class=\"elementor-section elementor-top-section elementor-element elementor-element-88bdb31 elementor-section-boxed elementor-section-height-default elementor-section-height-default\" data-id=\"88bdb31\" data-element_type=\"section\">\n\t\t\t\t\t\t<div class=\"elementor-container elementor-column-gap-default\">\n\t\t\t\t\t<div class=\"elementor-column elementor-col-100 elementor-top-column elementor-element elementor-element-2e360f8\" data-id=\"2e360f8\" data-element_type=\"column\">\n\t\t\t<div class=\"elementor-widget-wrap elementor-element-populated\">\n\t\t\t\t\t\t<div class=\"elementor-element elementor-element-ee24f3a elementor-widget elementor-widget-heading\" data-id=\"ee24f3a\" data-element_type=\"widget\" data-widget_type=\"heading.default\">\n\t\t\t\t\t<h1 class=\"elementor-heading-title elementor-size-default\">Afdruk<\/h1>\t\t\t\t<\/div>\n\t\t\t\t<div class=\"elementor-element elementor-element-8ef64f7 elementor-widget elementor-widget-text-editor\" data-id=\"8ef64f7\" data-element_type=\"widget\" data-widget_type=\"text-editor.default\">\n\t\t\t\t\t\t\t\t\t<h3>Informatie volgens \u00a7 5 TMG:<\/h3><p>Paul M. M\u00fcller GmbH<br \/>Raiffeisenallee 5<br \/>82041 Oberhaching<\/p><h3>Vertegenwoordigd door:<\/h3><p>Managing Directors: Thomas Schneidawind, Helmut Fabian Kretschmer<\/p><h3>Contact:<\/h3><p>Telefoon: 089 613868-0<br \/>E-mail: info@paulmmueller.com<\/p><h3>Registreren:<\/h3><p>Inschrijving in het handelsregister.<br \/>Register rechtbank: Register rechtbank M\u00fcnchen<br \/>Registratienummer: HRB 54774<\/p><h3>Belasting toegevoegde waarde:<\/h3><p>Omzetbelastingidentificatienummer volgens \u00a727 a Wet op de omzetbelasting:<br \/>DE129433719<\/p><h3>GLN (Global Location Number):<\/h3><p>4003735000006<\/p><h3>Organisch controlecentrum:<\/h3><p>DE-\u00d6KO-037<\/p><h3>Geschillen oplossen<\/h3><p>We zijn niet bereid of verplicht om deel te nemen aan geschillenbeslechtingsprocedures voor een arbitragecommissie voor consumenten.<\/p><h3>Aansprakelijkheid voor inhoud<\/h3><p>Als dienstverlener zijn wij verantwoordelijk voor onze eigen inhoud op deze pagina's in overeenstemming met \u00a7 7 (1) TMG (Duitse Telemediawet) en algemene wetgeving. Volgens \u00a7\u00a7 8 tot 10 TMG zijn wij als dienstverlener echter niet verplicht om doorgegeven of opgeslagen informatie van derden te controleren of omstandigheden te onderzoeken die wijzen op illegale activiteiten.<\/p><p>Verplichtingen om informatie te verwijderen of het gebruik ervan te blokkeren in overeenstemming met de algemene wetgeving blijven hierdoor onaangetast. Aansprakelijkheid in dit verband is echter pas mogelijk vanaf het moment dat we ons bewust worden van een specifieke inbreuk. Zodra we ons bewust worden van dergelijke inbreuken, zullen we deze inhoud onmiddellijk verwijderen.<\/p><h3>Aansprakelijkheid voor links<\/h3><p>Onze website bevat links naar externe websites van derden op de inhoud waarvan wij geen invloed hebben. Daarom kunnen wij geen aansprakelijkheid aanvaarden voor deze inhoud van derden. Voor de inhoud van de gelinkte pagina's is altijd de desbetreffende aanbieder of exploitant van de pagina's verantwoordelijk. De gekoppelde pagina's werden op het moment van koppelen gecontroleerd op mogelijke wetsovertredingen. Illegale inhoud was op het moment van linken niet herkenbaar.<\/p><p>Een permanente controle van de inhoud van de gelinkte pagina's is echter niet redelijk zonder concreet bewijs van een overtreding. Als we ons bewust worden van wettelijke overtredingen, zullen we dergelijke links onmiddellijk verwijderen.<\/p><h3>Copyright<\/h3><p>De door de sitebeheerders op deze pagina's gecre\u00eberde inhoud en werken vallen onder het Duitse auteursrecht. Voor vermenigvuldiging, bewerking, verspreiding en elke vorm van gebruik buiten de grenzen van het auteursrecht is de schriftelijke toestemming van de betreffende auteur of maker vereist. Downloads en kopie\u00ebn van deze site zijn alleen toegestaan voor priv\u00e9-, niet-commercieel gebruik.<\/p><p>Voor zover de inhoud op deze site niet door de exploitant is gemaakt, worden de auteursrechten van derden gerespecteerd. Inhoud van derden wordt als zodanig aangeduid. Mocht u desondanks een inbreuk op het auteursrecht constateren, dan verzoeken wij u ons hiervan op de hoogte te stellen. Als wij kennis nemen van inbreuken, zullen wij dergelijke inhoud onmiddellijk verwijderen.<\/p><h3>Beeldrechten<\/h3><div class=\"atw-bildnachweise\"><a href=\"https:\/\/stock.adobe.com\/de\/\" target=\"_blank\" rel=\"noopener\">Adobe voorraad<\/a>\u00a0\/ stock.adobe.com<br \/><a href=\"https:\/\/radmilakerl.de\/\">\u00a9 Radmila Kerl \/ www.radmilakerl.de<\/a><br \/>\u00a9Foodlovers \/ fotolia.com<br \/>\u00a9artjazz \/ fotolia.com<br \/>\u00a9Zerbor \/ fotolia.com<br \/>\u00a9enenuchit \/ fotolia.com<br \/>\u00a9o.meerson \/ fotolia.com<br \/>\u00a9artjazz \/ fotolia.com<br \/>\u00a9Natika \/ fotolia.com<br \/>\u00a9bobrik74 \/ fotolia.com<br \/>\u00a9doris oberfrank-llist \/ fotolia.com<br \/>\u00a9Tom Bayer \/ fotolia.com<br \/>Miguel Garcia Saaved \/ fotolia.com<br \/>Miguel Garcia Saaved \/ fotolia.com<br \/>\u00a9KMN Foto \/ fotolia.com<br \/><a href=\"https:\/\/de.freepik.com\/fotos-kostenlos\/3d-render-von-lkw-lkw-versand-white-boxes_1121485.htm\">\u00a9kjpargeter \/ freepik.com<\/a><br \/>\u00a9hacohob \/ fotolia.com<br \/>\u00a9andrew7726 \/ fotolia.com<br \/>\u00a9Jaroslav Pachy Sr \/ fotolia.com<br \/>\u00a9niemannfrank \/ fotolia.com<br \/>Thomas S\u00f6llner \/ fotolia.com<br \/>\u00a9mythia \/ fotolia.com<br \/>\u00a9artjazz \/ fotolia.com<br \/>\u00a9volff \/ fotolia.com<br \/>\u00a9kovaleva_ka \/ fotolia.com<br \/>\u00a9Alex Staroseitsev \/ fotolia.com<br \/><a href=\"https:\/\/de.freepik.com\/fotos-vektoren-kostenlos\/jahrgang\">\u00a9vintagevectorseller \/ freepik.com<\/a><\/div>\t\t\t\t\t\t\t\t<\/div>\n\t\t\t\t\t<\/div>\n\t\t<\/div>\n\t\t\t\t\t<\/div>\n\t\t<\/section>\n\t\t\t\t<\/div>","protected":false},"excerpt":{"rendered":"<p>Colofon Informatie volgens \u00a7 5 TMG: Paul M. M\u00fcller GmbHRaiffeisenallee 582041 Oberhaching Vertegenwoordigd door: Bedrijfsleiders: Thomas Schneidawind, Helmut Fabian Kretschmer Contact: Telefoon: 089 613868-0E-mail: info@paulmmueller.com Registervermelding: Vermelding in het handelsregisterRegisterrechtbank: Registerrechtbank M\u00fcnchenRegisternummer: HRB 54774 Belasting over de toegevoegde waarde: BTW-identificatienummer volgens \u00a727 a Wet op de belasting over de toegevoegde waarde:DE129433719 GLN (Global Location Number): 4003735000006 \u00d6ko-Kontrollstelle: DE-\u00d6KO-037 Geschillenbeslechting Wij zijn niet bereid of verplicht deel te nemen aan geschillenbeslechtingsprocedures [...].<\/p>","protected":false},"author":1,"featured_media":0,"parent":0,"menu_order":38,"comment_status":"closed","ping_status":"closed","template":"","meta":{"_acf_changed":false,"footnotes":""},"class_list":["post-13235","page","type-page","status-publish","hentry"],"acf":[],"yoast_head":"<!-- This site is optimized with the Yoast SEO plugin v25.3.1 - https:\/\/yoast.com\/wordpress\/plugins\/seo\/ -->\n<title>Impressum - Paul M. M\u00fcller<\/title>\n<meta name=\"robots\" content=\"index, follow, max-snippet:-1, max-image-preview:large, max-video-preview:-1\" \/>\n<link rel=\"canonical\" href=\"https:\/\/paulmmueller.fantomas-staging.de\/nl\/opdruk\/\" \/>\n<meta property=\"og:locale\" content=\"nl_NL\" \/>\n<meta property=\"og:type\" content=\"article\" \/>\n<meta property=\"og:title\" content=\"Impressum - Paul M. M\u00fcller\" \/>\n<meta property=\"og:description\" content=\"Impressum Angaben gem\u00e4\u00df \u00a7 5 TMG: Paul M. M\u00fcller GmbHRaiffeisenallee 582041 Oberhaching Vertreten durch: Gesch\u00e4ftsf\u00fchrer: Thomas Schneidawind, Helmut Fabian Kretschmer Kontakt: Telefon: 089 613868-0E-Mail: info@paulmmueller.com Registereintrag: Eintragung im Handelsregister.Registergericht: Registergericht M\u00fcnchenRegisternummer: HRB 54774 Umsatzsteuer: Umsatzsteuer-Identifikationsnummer gem\u00e4\u00df \u00a727 a Umsatzsteuergesetz:DE129433719 GLN (Global Location Number): 4003735000006 \u00d6ko-Kontrollstelle: DE-\u00d6KO-037 Streitschlichtung Wir sind nicht bereit oder verpflichtet, an Streitbeilegungsverfahren [&hellip;]\" \/>\n<meta property=\"og:url\" content=\"https:\/\/paulmmueller.fantomas-staging.de\/nl\/opdruk\/\" \/>\n<meta property=\"og:site_name\" content=\"Paul M. M\u00fcller\" \/>\n<meta property=\"article:publisher\" content=\"https:\/\/www.facebook.com\/paulmmuellergmbh\/\" \/>\n<meta property=\"article:modified_time\" content=\"2023-11-09T23:17:54+00:00\" \/>\n<meta name=\"twitter:card\" content=\"summary_large_image\" \/>\n<meta name=\"twitter:site\" content=\"@PaulMMller1\" \/>\n<script type=\"application\/ld+json\" class=\"yoast-schema-graph\">{\"@context\":\"https:\/\/schema.org\",\"@graph\":[{\"@type\":\"WebPage\",\"@id\":\"https:\/\/paulmmueller.fantomas-staging.de\/impressum\/\",\"url\":\"https:\/\/paulmmueller.fantomas-staging.de\/impressum\/\",\"name\":\"Impressum - Paul M. M\u00fcller\",\"isPartOf\":{\"@id\":\"https:\/\/paulmmueller.fantomas-staging.de\/en\/#website\"},\"datePublished\":\"2022-07-16T15:17:56+00:00\",\"dateModified\":\"2023-11-09T23:17:54+00:00\",\"breadcrumb\":{\"@id\":\"https:\/\/paulmmueller.fantomas-staging.de\/impressum\/#breadcrumb\"},\"inLanguage\":\"nl-NL\",\"potentialAction\":[{\"@type\":\"ReadAction\",\"target\":[\"https:\/\/paulmmueller.fantomas-staging.de\/impressum\/\"]}]},{\"@type\":\"BreadcrumbList\",\"@id\":\"https:\/\/paulmmueller.fantomas-staging.de\/impressum\/#breadcrumb\",\"itemListElement\":[{\"@type\":\"ListItem\",\"position\":1,\"name\":\"Home\",\"item\":\"https:\/\/paulmmueller.fantomas-staging.de\/\"},{\"@type\":\"ListItem\",\"position\":2,\"name\":\"Impressum\"}]},{\"@type\":\"WebSite\",\"@id\":\"https:\/\/paulmmueller.fantomas-staging.de\/en\/#website\",\"url\":\"https:\/\/paulmmueller.fantomas-staging.de\/en\/\",\"name\":\"Paul M. M\u00fcller\",\"description\":\"Die Food Marken Macher\",\"publisher\":{\"@id\":\"https:\/\/paulmmueller.fantomas-staging.de\/en\/#organization\"},\"potentialAction\":[{\"@type\":\"SearchAction\",\"target\":{\"@type\":\"EntryPoint\",\"urlTemplate\":\"https:\/\/paulmmueller.fantomas-staging.de\/en\/?s={search_term_string}\"},\"query-input\":{\"@type\":\"PropertyValueSpecification\",\"valueRequired\":true,\"valueName\":\"search_term_string\"}}],\"inLanguage\":\"nl-NL\"},{\"@type\":\"Organization\",\"@id\":\"https:\/\/paulmmueller.fantomas-staging.de\/en\/#organization\",\"name\":\"Paul M. M\u00fcller GmbH\",\"url\":\"https:\/\/paulmmueller.fantomas-staging.de\/en\/\",\"logo\":{\"@type\":\"ImageObject\",\"inLanguage\":\"nl-NL\",\"@id\":\"https:\/\/paulmmueller.fantomas-staging.de\/en\/#\/schema\/logo\/image\/\",\"url\":\"https:\/\/paulmmueller.fantomas-staging.de\/wp-content\/uploads\/2022\/08\/PaulMMueller_2021_EN.svg\",\"contentUrl\":\"https:\/\/paulmmueller.fantomas-staging.de\/wp-content\/uploads\/2022\/08\/PaulMMueller_2021_EN.svg\",\"width\":730,\"height\":137,\"caption\":\"Paul M. M\u00fcller GmbH\"},\"image\":{\"@id\":\"https:\/\/paulmmueller.fantomas-staging.de\/en\/#\/schema\/logo\/image\/\"},\"sameAs\":[\"https:\/\/www.facebook.com\/paulmmuellergmbh\/\",\"https:\/\/x.com\/PaulMMller1\",\"https:\/\/www.instagram.com\/paul_m._mueller_gmbh\/\",\"https:\/\/www.linkedin.com\/company\/17897510\/\",\"https:\/\/www.xing.com\/companies\/paulm.mllergmbh\"]}]}<\/script>\n<!-- \/ Yoast SEO plugin. -->","yoast_head_json":{"title":"Impressum - Paul M. M\u00fcller","robots":{"index":"index","follow":"follow","max-snippet":"max-snippet:-1","max-image-preview":"max-image-preview:large","max-video-preview":"max-video-preview:-1"},"canonical":"https:\/\/paulmmueller.fantomas-staging.de\/nl\/opdruk\/","og_locale":"nl_NL","og_type":"article","og_title":"Impressum - Paul M. M\u00fcller","og_description":"Impressum Angaben gem\u00e4\u00df \u00a7 5 TMG: Paul M. M\u00fcller GmbHRaiffeisenallee 582041 Oberhaching Vertreten durch: Gesch\u00e4ftsf\u00fchrer: Thomas Schneidawind, Helmut Fabian Kretschmer Kontakt: Telefon: 089 613868-0E-Mail: info@paulmmueller.com Registereintrag: Eintragung im Handelsregister.Registergericht: Registergericht M\u00fcnchenRegisternummer: HRB 54774 Umsatzsteuer: Umsatzsteuer-Identifikationsnummer gem\u00e4\u00df \u00a727 a Umsatzsteuergesetz:DE129433719 GLN (Global Location Number): 4003735000006 \u00d6ko-Kontrollstelle: DE-\u00d6KO-037 Streitschlichtung Wir sind nicht bereit oder verpflichtet, an Streitbeilegungsverfahren [&hellip;]","og_url":"https:\/\/paulmmueller.fantomas-staging.de\/nl\/opdruk\/","og_site_name":"Paul M. M\u00fcller","article_publisher":"https:\/\/www.facebook.com\/paulmmuellergmbh\/","article_modified_time":"2023-11-09T23:17:54+00:00","twitter_card":"summary_large_image","twitter_site":"@PaulMMller1","schema":{"@context":"https:\/\/schema.org","@graph":[{"@type":"WebPage","@id":"https:\/\/paulmmueller.fantomas-staging.de\/impressum\/","url":"https:\/\/paulmmueller.fantomas-staging.de\/impressum\/","name":"Impressum - Paul M. M\u00fcller","isPartOf":{"@id":"https:\/\/paulmmueller.fantomas-staging.de\/en\/#website"},"datePublished":"2022-07-16T15:17:56+00:00","dateModified":"2023-11-09T23:17:54+00:00","breadcrumb":{"@id":"https:\/\/paulmmueller.fantomas-staging.de\/impressum\/#breadcrumb"},"inLanguage":"nl-NL","potentialAction":[{"@type":"ReadAction","target":["https:\/\/paulmmueller.fantomas-staging.de\/impressum\/"]}]},{"@type":"BreadcrumbList","@id":"https:\/\/paulmmueller.fantomas-staging.de\/impressum\/#breadcrumb","itemListElement":[{"@type":"ListItem","position":1,"name":"Home","item":"https:\/\/paulmmueller.fantomas-staging.de\/"},{"@type":"ListItem","position":2,"name":"Impressum"}]},{"@type":"WebSite","@id":"https:\/\/paulmmueller.fantomas-staging.de\/en\/#website","url":"https:\/\/paulmmueller.fantomas-staging.de\/en\/","name":"Paul M. M\u00fcller","description":"Die Food Marken Macher","publisher":{"@id":"https:\/\/paulmmueller.fantomas-staging.de\/en\/#organization"},"potentialAction":[{"@type":"SearchAction","target":{"@type":"EntryPoint","urlTemplate":"https:\/\/paulmmueller.fantomas-staging.de\/en\/?s={search_term_string}"},"query-input":{"@type":"PropertyValueSpecification","valueRequired":true,"valueName":"search_term_string"}}],"inLanguage":"nl-NL"},{"@type":"Organization","@id":"https:\/\/paulmmueller.fantomas-staging.de\/en\/#organization","name":"Paul M. M\u00fcller GmbH","url":"https:\/\/paulmmueller.fantomas-staging.de\/en\/","logo":{"@type":"ImageObject","inLanguage":"nl-NL","@id":"https:\/\/paulmmueller.fantomas-staging.de\/en\/#\/schema\/logo\/image\/","url":"https:\/\/paulmmueller.fantomas-staging.de\/wp-content\/uploads\/2022\/08\/PaulMMueller_2021_EN.svg","contentUrl":"https:\/\/paulmmueller.fantomas-staging.de\/wp-content\/uploads\/2022\/08\/PaulMMueller_2021_EN.svg","width":730,"height":137,"caption":"Paul M. M\u00fcller GmbH"},"image":{"@id":"https:\/\/paulmmueller.fantomas-staging.de\/en\/#\/schema\/logo\/image\/"},"sameAs":["https:\/\/www.facebook.com\/paulmmuellergmbh\/","https:\/\/x.com\/PaulMMller1","https:\/\/www.instagram.com\/paul_m._mueller_gmbh\/","https:\/\/www.linkedin.com\/company\/17897510\/","https:\/\/www.xing.com\/companies\/paulm.mllergmbh"]}]}},"_links":{"self":[{"href":"https:\/\/paulmmueller.fantomas-staging.de\/nl\/wp-json\/wp\/v2\/pages\/13235","targetHints":{"allow":["GET"]}}],"collection":[{"href":"https:\/\/paulmmueller.fantomas-staging.de\/nl\/wp-json\/wp\/v2\/pages"}],"about":[{"href":"https:\/\/paulmmueller.fantomas-staging.de\/nl\/wp-json\/wp\/v2\/types\/page"}],"author":[{"embeddable":true,"href":"https:\/\/paulmmueller.fantomas-staging.de\/nl\/wp-json\/wp\/v2\/users\/1"}],"replies":[{"embeddable":true,"href":"https:\/\/paulmmueller.fantomas-staging.de\/nl\/wp-json\/wp\/v2\/comments?post=13235"}],"version-history":[{"count":10,"href":"https:\/\/paulmmueller.fantomas-staging.de\/nl\/wp-json\/wp\/v2\/pages\/13235\/revisions"}],"predecessor-version":[{"id":18548,"href":"https:\/\/paulmmueller.fantomas-staging.de\/nl\/wp-json\/wp\/v2\/pages\/13235\/revisions\/18548"}],"wp:attachment":[{"href":"https:\/\/paulmmueller.fantomas-staging.de\/nl\/wp-json\/wp\/v2\/media?parent=13235"}],"curies":[{"name":"wp","href":"https:\/\/api.w.org\/{rel}","templated":true}]}}