{"id":13269,"date":"2022-07-16T17:33:30","date_gmt":"2022-07-16T15:33:30","guid":{"rendered":"https:\/\/paulmmueller.fantomas-staging.de\/?page_id=13269"},"modified":"2024-04-20T17:38:42","modified_gmt":"2024-04-20T15:38:42","slug":"agb","status":"publish","type":"page","link":"https:\/\/paulmmueller.fantomas-staging.de\/nl\/agb\/","title":{"rendered":"GTC"},"content":{"rendered":"<div data-elementor-type=\"wp-page\" data-elementor-id=\"13269\" class=\"elementor elementor-13269\" data-elementor-post-type=\"page\">\n\t\t\t\t\t\t<section class=\"elementor-section elementor-top-section elementor-element elementor-element-485a798 elementor-section-boxed elementor-section-height-default elementor-section-height-default\" data-id=\"485a798\" data-element_type=\"section\">\n\t\t\t\t\t\t<div class=\"elementor-container elementor-column-gap-default\">\n\t\t\t\t\t<div class=\"elementor-column elementor-col-100 elementor-top-column elementor-element elementor-element-c1d759b\" data-id=\"c1d759b\" data-element_type=\"column\">\n\t\t\t<div class=\"elementor-widget-wrap elementor-element-populated\">\n\t\t\t\t\t\t<div class=\"elementor-element elementor-element-69e067f elementor-widget elementor-widget-heading\" data-id=\"69e067f\" data-element_type=\"widget\" data-widget_type=\"heading.default\">\n\t\t\t\t\t<h1 class=\"elementor-heading-title elementor-size-default\">ALGEMENE VOORWAARDEN<\/h1>\t\t\t\t<\/div>\n\t\t\t\t\t<\/div>\n\t\t<\/div>\n\t\t\t\t\t<\/div>\n\t\t<\/section>\n\t\t\t\t<section class=\"elementor-section elementor-top-section elementor-element elementor-element-c938a14 elementor-section-boxed elementor-section-height-default elementor-section-height-default\" data-id=\"c938a14\" data-element_type=\"section\">\n\t\t\t\t\t\t<div class=\"elementor-container elementor-column-gap-default\">\n\t\t\t\t\t<div class=\"elementor-column elementor-col-100 elementor-top-column elementor-element elementor-element-bda4903\" data-id=\"bda4903\" data-element_type=\"column\">\n\t\t\t<div class=\"elementor-widget-wrap elementor-element-populated\">\n\t\t\t\t\t\t<div class=\"elementor-element elementor-element-cb14664 elementor-widget__width-initial elementor-widget elementor-widget-text-editor\" data-id=\"cb14664\" data-element_type=\"widget\" data-widget_type=\"text-editor.default\">\n\t\t\t\t\t\t\t\t\t<div class=\"vc_row wpb_row vc_row-fluid vc_custom_1467972081308 vc_row-has-fill\">\n<div class=\"container\">\n<div class=\"row\">\n<div class=\"wpb_column vc_column_container vc_col-sm-12 align-center\">\n<div class=\"vc_custom_column-inner\">\n<div class=\"wpb_wrapper\">\n<h2 class=\"cms-custom-headding cms-align-center vc_custom_heading headline-opa\">Verkoop- en leveringsvoorwaarden<\/h2>\n<\/div>\n<\/div>\n<\/div>\n<\/div>\n<\/div>\n<\/div>\n<div class=\"vc_row wpb_row vc_row-fluid jk-mobile-padding vc_custom_1484310779656 vc_row-has-fill\">\n<div class=\"container\">\n<div class=\"row\">\n<div class=\"wpb_column vc_column_container vc_col-sm-6\">\n<div class=\"vc_custom_column-inner\">\n<div class=\"wpb_wrapper\">\n<div class=\"wpb_text_column wpb_content_element text-agb\">\n<div class=\"wpb_wrapper\">\n<h3>1. algemene informatie<\/h3>\nAlle verkopen, leveringen en nevendiensten (ook toekomstige) worden afgesloten en uitgevoerd op basis van de huidige voorwaarden van de \"Waren-Verein der Hamburger B\u00f6rse e.V.\" (WVB), tenzij speciale of afwijkende bepalingen zijn gemaakt. Deze voorwaarden zijn gepubliceerd op internet op www.waren-verein.de. Voorwaarden van de koper of een makelaar of tussenpersoon die afwijken van onze voorwaarden, evenals nevenafspraken over de inhoud van het contract en de wijziging ervan, vereisen onze schriftelijke bevestiging om van kracht te zijn.\n<h3>2. kwaliteit<\/h3>\nIn principe leveren we gezonde en gebruikelijke goederen die voldoen aan de voorschriften van de levensmiddelenwetgeving van de Bondsrepubliek Duitsland en de Europese Unie, de etiketteringsverordening en de kalibratie- en meetwet in de desbetreffende geldige versie.\n<h3>3. tekorten\/schade<\/h3>\nTekorten en\/of beschadigingen worden door ons alleen erkend op vertoon van een door de vervoerder bevestigde vrachtbrief met bijbehorende nota.\n<h3>4. leveringsdatum<\/h3>\nDeze informatie is altijd \"bij benadering\" en onder voorbehoud van eventuele EG- of overheidsmaatregelen (ook in het land van levering) en onze eigen tijdige levering. Verhogingen van overheids- en andere heffingen (douanerechten, heffingen, DSD-bijdragen, enz.) en verhogingen van vrachttarieven tot het moment van levering zijn voor rekening van de koper.\n<h3>5. voorbehoud van eigenhandige levering<\/h3>\nWe behouden ons altijd het recht voor op een correcte en tijdige zelflevering door onze leveranciers. De bepalingen van \u00a7 29 WVB zijn in detail van toepassing.\n<h3>6. betaling<\/h3>\nVoor zover het geen documentair bedrijf is, wordt dit overeengekomen:\nBetalingen vinden onmiddellijk en zonder aftrek plaats na ontvangst van goederen en factuur. Indien onze contractpartner na het afsluiten van het contract niet meer kredietwaardig blijkt te zijn, in het bijzonder door protest tegen rekeningen en cheques, alsmede door teruggestorte automatische incasso's etc., hebben wij het recht om het stellen van een zekerheid te eisen of om uitsluitend tegen vooruitbetaling te leveren; in dergelijke gevallen hebben wij het recht om elke doelbetaling in te trekken. Bij niet tijdige betaling wordt vanaf de vervaldatum rente berekend over de koopprijs tegen de debetrentevoet van onze bank, die wij op verzoek zullen aantonen, maar in geval van verzuim ten minste tegen de wettelijke vertragingsrente.\n<h3>7. rechten van de koper in geval van levering in strijd met het contract<\/h3>\nIn geval van levering van goederen in strijd met het contract, zijn de rechten van de Koper onderworpen aan \u00a7 19 WVB. De verjaringstermijn van paragraaf (11) van deze bepaling is 12 maanden.\n<h3>8. eigendomsvoorbehoud<\/h3>\nWij behouden ons het eigendom voor van de door ons geleverde goederen en de door de verwerking ervan ontstane producten tot de betaling van onze afzonderlijke vorderingen en tot de vereffening van ons rekening-courantsaldo, ook als de goederen verwerkt zijn (\u00a7\u00a7 947, 948, 950, 951 BGB). De koper mag de geleverde goederen en de door de verwerking ontstane goederen alleen in het kader van de normale bedrijfsuitoefening doorverkopen. Door het sluiten van het koopcontract draagt hij aan ons als zekerheid alle vorderingen over die hem uit de doorverkoop of om een andere rechtsgrond toekomen. De koper is gemachtigd om de overgedragen vorderingen te innen zolang hij zijn betalingsverplichting tegenover ons nakomt in overeenstemming met het contract. Indien het bedrag en de waarde van de overgedragen vorderingen het nominale bedrag van de te waarborgen vordering realistisch gezien met meer dan 20% overschrijden, zullen wij naar onze keuze vorderingen ter waarde van het overschot aan de koper overdragen. Anders gelden de bepalingen van \u00a7 28 WVB.\n<h3>9. overmacht<\/h3>\nAls wij onze los- of leveringsverplichtingen niet kunnen nakomen door een onvoorziene en onvermijdelijke gebeurtenis waarvoor wij niet verantwoordelijk zijn en die zich voordoet na het sluiten van het contract, hebben wij het recht om naar eigen goeddunken het contract te verbreken of het tijdstip van lossen of leveren uit te stellen met de duur van de belemmering.\n<h3>10. transportgevaar<\/h3>\nHet transportrisico voor de levering wordt gedragen door de koper, zelfs als \"franco magazijn koper\" of iets dergelijks is overeengekomen; hetzelfde geldt ook voor de verzending van de verzenddocumenten en andere documenten, in het bijzonder als hun aankomst vertraagd is. Als de documenten tijdens het transport verloren gaan, zijn wij niet verplicht om voor vervanging te zorgen.\n<h3>11 Plaats van nakoming, bevoegdheid, bewijs<\/h3>\nDe plaats van nakoming is M\u00fcnchen.\nGeschillen worden naar onze keuze beslecht door het scheidsgerecht van de \"Waren-Verein der Hamburger B\u00f6rse e.V.\" of door de gewone rechtbank in M\u00fcnchen. Als de koper van plan is een procedure aan te spannen voor het genoemde scheidsgerecht of de gewone rechtbank in M\u00fcnchen, moet hij ons hiervan op de hoogte stellen en ons verzoeken ons keuzerecht binnen een week na ontvangst van de kennisgeving uit te oefenen. Indien wij ons niet binnen deze termijn hebben gemeld, gaat het keuzerecht over op de koper. Zijn beslissing moet onmiddellijk worden genomen en aan ons worden meegedeeld. De betwiste toestand van de goederen of een monster kan alleen worden bewezen door een deskundig oordeel verkregen in overeenstemming met het reglement voor deskundigen van de \"Waren-Verein der Hamburger B\u00f6rse e.V.\".\n\nPAUL M. M\u00dcLLER GMBH\n\n<\/div>\n<\/div>\n<\/div>\n<\/div>\n<\/div>\n<\/div>\n<\/div>\n<\/div>\t\t\t\t\t\t\t\t<\/div>\n\t\t\t\t\t<\/div>\n\t\t<\/div>\n\t\t\t\t\t<\/div>\n\t\t<\/section>\n\t\t<div class=\"elementor-element elementor-element-da78d16 e-flex e-con-boxed e-con e-parent\" data-id=\"da78d16\" data-element_type=\"container\">\n\t\t\t\t\t<div class=\"e-con-inner\">\n\t\t\t\t<div class=\"elementor-element elementor-element-6513c65 elementor-widget elementor-widget-button\" data-id=\"6513c65\" data-element_type=\"widget\" data-widget_type=\"button.default\">\n\t\t\t\t\t\t\t\t\t\t<a class=\"elementor-button elementor-button-link elementor-size-sm\" href=\"https:\/\/paulmmueller.fantomas-staging.de\/wp-content\/uploads\/2024\/04\/240419_PaulMMueller_AGB_DE.pdf\">\n\t\t\t\t\t\t<span class=\"elementor-button-content-wrapper\">\n\t\t\t\t\t\t<span class=\"elementor-button-icon\">\n\t\t\t\t<svg xmlns=\"http:\/\/www.w3.org\/2000\/svg\" width=\"9.121\" height=\"15.414\" viewbox=\"0 0 9.121 15.414\"><path id=\"Pfad_2838\" data-name=\"Pfad 2838\" d=\"M426.32,439.507l7-7-7-7\" transform=\"translate(-425.613 -424.8)\" fill=\"none\" stroke=\"#ffe200\" stroke-miterlimit=\"10\" stroke-width=\"2\"><\/path><\/svg>\t\t\t<\/span>\n\t\t\t\t\t\t\t\t\t<span class=\"elementor-button-text\">AGB downloaden als PDF<\/span>\n\t\t\t\t\t<\/span>\n\t\t\t\t\t<\/a>\n\t\t\t\t\t\t\t\t<\/div>\n\t\t\t\t\t<\/div>\n\t\t\t\t<\/div>\n\t\t\t\t<\/div>","protected":false},"excerpt":{"rendered":"<p>ALGEMENE VOORWAARDEN Verkoop- en leveringsvoorwaarden 1 Algemeen Alle verkopen, leveringen en nevendiensten (ook toekomstige) worden afgesloten en uitgevoerd op basis van de op dat moment geldende voorwaarden van de \"Waren-Verein der Hamburger B\u00f6rse e.V.\" (WVB), tenzij er speciale of afwijkende bepalingen zijn gemaakt. Deze voorwaarden zijn gepubliceerd op internet op www.waren-verein.de. De voorwaarden van de koper of [...]<\/p>","protected":false},"author":1,"featured_media":0,"parent":0,"menu_order":15,"comment_status":"closed","ping_status":"closed","template":"","meta":{"_acf_changed":false,"footnotes":""},"class_list":["post-13269","page","type-page","status-publish","hentry"],"acf":[],"yoast_head":"<!-- This site is optimized with the Yoast SEO plugin v25.3.1 - https:\/\/yoast.com\/wordpress\/plugins\/seo\/ -->\n<title>AGB - Paul M. M\u00fcller<\/title>\n<meta name=\"robots\" content=\"index, follow, max-snippet:-1, max-image-preview:large, max-video-preview:-1\" \/>\n<link rel=\"canonical\" href=\"https:\/\/paulmmueller.fantomas-staging.de\/nl\/agb\/\" \/>\n<meta property=\"og:locale\" content=\"nl_NL\" \/>\n<meta property=\"og:type\" content=\"article\" \/>\n<meta property=\"og:title\" content=\"AGB - Paul M. M\u00fcller\" \/>\n<meta property=\"og:description\" content=\"ALLGEMEINE GESCH\u00c4FTSBEDINGUNGEN Verkaufs- und Lieferbedingungen 1. Allgemeines Alle Verk\u00e4ufe, Lieferungen und Nebenleistungen (auch die zuku\u0308nftigen) werden, soweit keine besonderen oder abweichenden Regelungen getroffen worden sind, auf der Grundlage der jeweils gu\u0308ltigen Gesch\u00e4ftsbedingungen des \u201eWaren-Vereins der Hamburger B\u00f6rse e.V.\u201c (WVB) abgeschlossen und durchgefu\u0308hrt. Diese Gesch\u00e4ftsbedingungen sind im Internet unter www.waren-verein.de ver\u00f6ffentlicht. Die Gesch\u00e4ftsbedingungen des K\u00e4ufers oder [&hellip;]\" \/>\n<meta property=\"og:url\" content=\"https:\/\/paulmmueller.fantomas-staging.de\/nl\/agb\/\" \/>\n<meta property=\"og:site_name\" content=\"Paul M. M\u00fcller\" \/>\n<meta property=\"article:publisher\" content=\"https:\/\/www.facebook.com\/paulmmuellergmbh\/\" \/>\n<meta property=\"article:modified_time\" content=\"2024-04-20T15:38:42+00:00\" \/>\n<meta name=\"twitter:card\" content=\"summary_large_image\" \/>\n<meta name=\"twitter:site\" content=\"@PaulMMller1\" \/>\n<script type=\"application\/ld+json\" class=\"yoast-schema-graph\">{\"@context\":\"https:\/\/schema.org\",\"@graph\":[{\"@type\":\"WebPage\",\"@id\":\"https:\/\/paulmmueller.fantomas-staging.de\/agb\/\",\"url\":\"https:\/\/paulmmueller.fantomas-staging.de\/agb\/\",\"name\":\"AGB - Paul M. M\u00fcller\",\"isPartOf\":{\"@id\":\"https:\/\/paulmmueller.fantomas-staging.de\/en\/#website\"},\"datePublished\":\"2022-07-16T15:33:30+00:00\",\"dateModified\":\"2024-04-20T15:38:42+00:00\",\"breadcrumb\":{\"@id\":\"https:\/\/paulmmueller.fantomas-staging.de\/agb\/#breadcrumb\"},\"inLanguage\":\"nl-NL\",\"potentialAction\":[{\"@type\":\"ReadAction\",\"target\":[\"https:\/\/paulmmueller.fantomas-staging.de\/agb\/\"]}]},{\"@type\":\"BreadcrumbList\",\"@id\":\"https:\/\/paulmmueller.fantomas-staging.de\/agb\/#breadcrumb\",\"itemListElement\":[{\"@type\":\"ListItem\",\"position\":1,\"name\":\"Home\",\"item\":\"https:\/\/paulmmueller.fantomas-staging.de\/\"},{\"@type\":\"ListItem\",\"position\":2,\"name\":\"AGB\"}]},{\"@type\":\"WebSite\",\"@id\":\"https:\/\/paulmmueller.fantomas-staging.de\/en\/#website\",\"url\":\"https:\/\/paulmmueller.fantomas-staging.de\/en\/\",\"name\":\"Paul M. M\u00fcller\",\"description\":\"Die Food Marken Macher\",\"publisher\":{\"@id\":\"https:\/\/paulmmueller.fantomas-staging.de\/en\/#organization\"},\"potentialAction\":[{\"@type\":\"SearchAction\",\"target\":{\"@type\":\"EntryPoint\",\"urlTemplate\":\"https:\/\/paulmmueller.fantomas-staging.de\/en\/?s={search_term_string}\"},\"query-input\":{\"@type\":\"PropertyValueSpecification\",\"valueRequired\":true,\"valueName\":\"search_term_string\"}}],\"inLanguage\":\"nl-NL\"},{\"@type\":\"Organization\",\"@id\":\"https:\/\/paulmmueller.fantomas-staging.de\/en\/#organization\",\"name\":\"Paul M. M\u00fcller GmbH\",\"url\":\"https:\/\/paulmmueller.fantomas-staging.de\/en\/\",\"logo\":{\"@type\":\"ImageObject\",\"inLanguage\":\"nl-NL\",\"@id\":\"https:\/\/paulmmueller.fantomas-staging.de\/en\/#\/schema\/logo\/image\/\",\"url\":\"https:\/\/paulmmueller.fantomas-staging.de\/wp-content\/uploads\/2022\/08\/PaulMMueller_2021_EN.svg\",\"contentUrl\":\"https:\/\/paulmmueller.fantomas-staging.de\/wp-content\/uploads\/2022\/08\/PaulMMueller_2021_EN.svg\",\"width\":730,\"height\":137,\"caption\":\"Paul M. M\u00fcller GmbH\"},\"image\":{\"@id\":\"https:\/\/paulmmueller.fantomas-staging.de\/en\/#\/schema\/logo\/image\/\"},\"sameAs\":[\"https:\/\/www.facebook.com\/paulmmuellergmbh\/\",\"https:\/\/x.com\/PaulMMller1\",\"https:\/\/www.instagram.com\/paul_m._mueller_gmbh\/\",\"https:\/\/www.linkedin.com\/company\/17897510\/\",\"https:\/\/www.xing.com\/companies\/paulm.mllergmbh\"]}]}<\/script>\n<!-- \/ Yoast SEO plugin. -->","yoast_head_json":{"title":"AGB - Paul M. M\u00fcller","robots":{"index":"index","follow":"follow","max-snippet":"max-snippet:-1","max-image-preview":"max-image-preview:large","max-video-preview":"max-video-preview:-1"},"canonical":"https:\/\/paulmmueller.fantomas-staging.de\/nl\/agb\/","og_locale":"nl_NL","og_type":"article","og_title":"AGB - Paul M. M\u00fcller","og_description":"ALLGEMEINE GESCH\u00c4FTSBEDINGUNGEN Verkaufs- und Lieferbedingungen 1. Allgemeines Alle Verk\u00e4ufe, Lieferungen und Nebenleistungen (auch die zuku\u0308nftigen) werden, soweit keine besonderen oder abweichenden Regelungen getroffen worden sind, auf der Grundlage der jeweils gu\u0308ltigen Gesch\u00e4ftsbedingungen des \u201eWaren-Vereins der Hamburger B\u00f6rse e.V.\u201c (WVB) abgeschlossen und durchgefu\u0308hrt. Diese Gesch\u00e4ftsbedingungen sind im Internet unter www.waren-verein.de ver\u00f6ffentlicht. Die Gesch\u00e4ftsbedingungen des K\u00e4ufers oder [&hellip;]","og_url":"https:\/\/paulmmueller.fantomas-staging.de\/nl\/agb\/","og_site_name":"Paul M. M\u00fcller","article_publisher":"https:\/\/www.facebook.com\/paulmmuellergmbh\/","article_modified_time":"2024-04-20T15:38:42+00:00","twitter_card":"summary_large_image","twitter_site":"@PaulMMller1","schema":{"@context":"https:\/\/schema.org","@graph":[{"@type":"WebPage","@id":"https:\/\/paulmmueller.fantomas-staging.de\/agb\/","url":"https:\/\/paulmmueller.fantomas-staging.de\/agb\/","name":"AGB - Paul M. M\u00fcller","isPartOf":{"@id":"https:\/\/paulmmueller.fantomas-staging.de\/en\/#website"},"datePublished":"2022-07-16T15:33:30+00:00","dateModified":"2024-04-20T15:38:42+00:00","breadcrumb":{"@id":"https:\/\/paulmmueller.fantomas-staging.de\/agb\/#breadcrumb"},"inLanguage":"nl-NL","potentialAction":[{"@type":"ReadAction","target":["https:\/\/paulmmueller.fantomas-staging.de\/agb\/"]}]},{"@type":"BreadcrumbList","@id":"https:\/\/paulmmueller.fantomas-staging.de\/agb\/#breadcrumb","itemListElement":[{"@type":"ListItem","position":1,"name":"Home","item":"https:\/\/paulmmueller.fantomas-staging.de\/"},{"@type":"ListItem","position":2,"name":"AGB"}]},{"@type":"WebSite","@id":"https:\/\/paulmmueller.fantomas-staging.de\/en\/#website","url":"https:\/\/paulmmueller.fantomas-staging.de\/en\/","name":"Paul M. M\u00fcller","description":"Die Food Marken Macher","publisher":{"@id":"https:\/\/paulmmueller.fantomas-staging.de\/en\/#organization"},"potentialAction":[{"@type":"SearchAction","target":{"@type":"EntryPoint","urlTemplate":"https:\/\/paulmmueller.fantomas-staging.de\/en\/?s={search_term_string}"},"query-input":{"@type":"PropertyValueSpecification","valueRequired":true,"valueName":"search_term_string"}}],"inLanguage":"nl-NL"},{"@type":"Organization","@id":"https:\/\/paulmmueller.fantomas-staging.de\/en\/#organization","name":"Paul M. M\u00fcller GmbH","url":"https:\/\/paulmmueller.fantomas-staging.de\/en\/","logo":{"@type":"ImageObject","inLanguage":"nl-NL","@id":"https:\/\/paulmmueller.fantomas-staging.de\/en\/#\/schema\/logo\/image\/","url":"https:\/\/paulmmueller.fantomas-staging.de\/wp-content\/uploads\/2022\/08\/PaulMMueller_2021_EN.svg","contentUrl":"https:\/\/paulmmueller.fantomas-staging.de\/wp-content\/uploads\/2022\/08\/PaulMMueller_2021_EN.svg","width":730,"height":137,"caption":"Paul M. M\u00fcller GmbH"},"image":{"@id":"https:\/\/paulmmueller.fantomas-staging.de\/en\/#\/schema\/logo\/image\/"},"sameAs":["https:\/\/www.facebook.com\/paulmmuellergmbh\/","https:\/\/x.com\/PaulMMller1","https:\/\/www.instagram.com\/paul_m._mueller_gmbh\/","https:\/\/www.linkedin.com\/company\/17897510\/","https:\/\/www.xing.com\/companies\/paulm.mllergmbh"]}]}},"_links":{"self":[{"href":"https:\/\/paulmmueller.fantomas-staging.de\/nl\/wp-json\/wp\/v2\/pages\/13269","targetHints":{"allow":["GET"]}}],"collection":[{"href":"https:\/\/paulmmueller.fantomas-staging.de\/nl\/wp-json\/wp\/v2\/pages"}],"about":[{"href":"https:\/\/paulmmueller.fantomas-staging.de\/nl\/wp-json\/wp\/v2\/types\/page"}],"author":[{"embeddable":true,"href":"https:\/\/paulmmueller.fantomas-staging.de\/nl\/wp-json\/wp\/v2\/users\/1"}],"replies":[{"embeddable":true,"href":"https:\/\/paulmmueller.fantomas-staging.de\/nl\/wp-json\/wp\/v2\/comments?post=13269"}],"version-history":[{"count":10,"href":"https:\/\/paulmmueller.fantomas-staging.de\/nl\/wp-json\/wp\/v2\/pages\/13269\/revisions"}],"predecessor-version":[{"id":19702,"href":"https:\/\/paulmmueller.fantomas-staging.de\/nl\/wp-json\/wp\/v2\/pages\/13269\/revisions\/19702"}],"wp:attachment":[{"href":"https:\/\/paulmmueller.fantomas-staging.de\/nl\/wp-json\/wp\/v2\/media?parent=13269"}],"curies":[{"name":"wp","href":"https:\/\/api.w.org\/{rel}","templated":true}]}}