{"id":20024,"date":"2024-05-16T08:43:19","date_gmt":"2024-05-16T06:43:19","guid":{"rendered":"https:\/\/paulmmueller.com\/?page_id=20024"},"modified":"2024-10-21T22:53:30","modified_gmt":"2024-10-21T20:53:30","slug":"citres","status":"publish","type":"page","link":"https:\/\/paulmmueller.fantomas-staging.de\/nl\/merkwereld\/citres\/","title":{"rendered":"Citres"},"content":{"rendered":"<div data-elementor-type=\"wp-page\" data-elementor-id=\"20024\" class=\"elementor elementor-20024\" data-elementor-post-type=\"page\">\n\t\t\t\t<div class=\"elementor-element elementor-element-9b91985 e-flex e-con-boxed e-con e-parent\" data-id=\"9b91985\" data-element_type=\"container\">\n\t\t\t\t\t<div class=\"e-con-inner\">\n\t\t\t\t<div class=\"elementor-element elementor-element-9544f9f elementor-widget elementor-widget-heading\" data-id=\"9544f9f\" data-element_type=\"widget\" data-widget_type=\"heading.default\">\n\t\t\t\t\t<h2 class=\"elementor-heading-title elementor-size-default\">Alleen de beste<\/h2>\t\t\t\t<\/div>\n\t\t\t\t<div class=\"elementor-element elementor-element-40ca363 elementor-widget elementor-widget-text-editor\" data-id=\"40ca363\" data-element_type=\"widget\" data-widget_type=\"text-editor.default\">\n\t\t\t\t\t\t\t\t\t<p>Altijd op zoek naar het rijpste fruit, de beste groenten en de betrouwbaarste kwaliteit.\u00a0<\/p><p>Dat is wat ons kenmerkt bij Paul M. M\u00fcller.<\/p>\t\t\t\t\t\t\t\t<\/div>\n\t\t\t\t<div class=\"elementor-element elementor-element-09aa536 dce_masking-none elementor-widget elementor-widget-image\" data-id=\"09aa536\" data-element_type=\"widget\" data-widget_type=\"image.default\">\n\t\t\t\t\t\t\t\t\t\t\t\t\t\t\t<img fetchpriority=\"high\" decoding=\"async\" width=\"513\" height=\"513\" src=\"https:\/\/paulmmueller.fantomas-staging.de\/wp-content\/uploads\/2024\/03\/240220_paulmmueller_marken_citres_logo.png\" class=\"attachment-large size-large wp-image-19375\" alt=\"\" srcset=\"https:\/\/paulmmueller.fantomas-staging.de\/wp-content\/uploads\/2024\/03\/240220_paulmmueller_marken_citres_logo.png 513w, https:\/\/paulmmueller.fantomas-staging.de\/wp-content\/uploads\/2024\/03\/240220_paulmmueller_marken_citres_logo-300x300.png 300w, https:\/\/paulmmueller.fantomas-staging.de\/wp-content\/uploads\/2024\/03\/240220_paulmmueller_marken_citres_logo-150x150.png 150w, https:\/\/paulmmueller.fantomas-staging.de\/wp-content\/uploads\/2024\/03\/240220_paulmmueller_marken_citres_logo-12x12.png 12w, https:\/\/paulmmueller.fantomas-staging.de\/wp-content\/uploads\/2024\/03\/240220_paulmmueller_marken_citres_logo-192x192.png 192w\" sizes=\"(max-width: 513px) 100vw, 513px\" \/>\t\t\t\t\t\t\t\t\t\t\t\t\t\t\t<\/div>\n\t\t<div class=\"elementor-element elementor-element-9cec521 e-con-full e-flex e-con e-child\" data-id=\"9cec521\" data-element_type=\"container\">\n\t\t\t\t<div data-dce-advanced-background-color=\"#567B60\" class=\"elementor-element elementor-element-3416887 elementor-icon-list--layout-traditional elementor-list-item-link-full_width elementor-widget elementor-widget-icon-list\" data-id=\"3416887\" data-element_type=\"widget\" data-widget_type=\"icon-list.default\">\n\t\t\t\t\t\t\t<ul class=\"elementor-icon-list-items\">\n\t\t\t\t\t\t\t<li class=\"elementor-icon-list-item\">\n\t\t\t\t\t\t\t\t\t\t\t<a href=\"https:\/\/paulmmueller.fantomas-staging.de\/wp-content\/uploads\/2024\/10\/Catalogo_Citres_ENG_22nov2023_digital.pdf\">\n\n\t\t\t\t\t\t\t\t\t\t\t\t<span class=\"elementor-icon-list-icon\">\n\t\t\t\t\t\t\t<svg aria-hidden=\"true\" class=\"e-font-icon-svg e-fas-file-pdf\" viewbox=\"0 0 384 512\" xmlns=\"http:\/\/www.w3.org\/2000\/svg\"><path d=\"M181.9 256.1c-5-16-4.9-46.9-2-46.9 8.4 0 7.6 36.9 2 46.9zm-1.7 47.2c-7.7 20.2-17.3 43.3-28.4 62.7 18.3-7 39-17.2 62.9-21.9-12.7-9.6-24.9-23.4-34.5-40.8zM86.1 428.1c0 .8 13.2-5.4 34.9-40.2-6.7 6.3-29.1 24.5-34.9 40.2zM248 160h136v328c0 13.3-10.7 24-24 24H24c-13.3 0-24-10.7-24-24V24C0 10.7 10.7 0 24 0h200v136c0 13.2 10.8 24 24 24zm-8 171.8c-20-12.2-33.3-29-42.7-53.8 4.5-18.5 11.6-46.6 6.2-64.2-4.7-29.4-42.4-26.5-47.8-6.8-5 18.3-.4 44.1 8.1 77-11.6 27.6-28.7 64.6-40.8 85.8-.1 0-.1.1-.2.1-27.1 13.9-73.6 44.5-54.5 68 5.6 6.9 16 10 21.5 10 17.9 0 35.7-18 61.1-61.8 25.8-8.5 54.1-19.1 79-23.2 21.7 11.8 47.1 19.5 64 19.5 29.2 0 31.2-32 19.7-43.4-13.9-13.6-54.3-9.7-73.6-7.2zM377 105L279 7c-4.5-4.5-10.6-7-17-7h-6v128h128v-6.1c0-6.3-2.5-12.4-7-16.9zm-74.1 255.3c4.1-2.7-2.5-11.9-42.8-9 37.1 15.8 42.8 9 42.8 9z\"><\/path><\/svg>\t\t\t\t\t\t<\/span>\n\t\t\t\t\t\t\t\t\t\t<span class=\"elementor-icon-list-text\">De Citres-reeks<\/span>\n\t\t\t\t\t\t\t\t\t\t\t<\/a>\n\t\t\t\t\t\t\t\t\t<\/li>\n\t\t\t\t\t\t<\/ul>\n\t\t\t\t\t\t<\/div>\n\t\t\t\t<\/div>\n\t\t<div class=\"elementor-element elementor-element-32750ae e-con-full e-flex e-con e-child\" data-id=\"32750ae\" data-element_type=\"container\">\n\t\t<div class=\"elementor-element elementor-element-175f436 e-con-full e-flex e-con e-child\" data-id=\"175f436\" data-element_type=\"container\">\n\t\t\t\t<div class=\"elementor-element elementor-element-dbc19e0 elementor-widget elementor-widget-heading\" data-id=\"dbc19e0\" data-element_type=\"widget\" data-widget_type=\"heading.default\">\n\t\t\t\t\t<h3 class=\"elementor-heading-title elementor-size-default\">Pesto alla Genovese<\/h3>\t\t\t\t<\/div>\n\t\t\t\t<div class=\"elementor-element elementor-element-0fe1724 elementor-widget elementor-widget-text-editor\" data-id=\"0fe1724\" data-element_type=\"widget\" data-widget_type=\"text-editor.default\">\n\t\t\t\t\t\t\t\t\t<p>Saus met een pittige basilicumsmaak, verfijnd met zonnebloemolie, kaas en fijne cashewnoten. Verkrijgbaar in een \"onbreekbaar\" PP-blik met een inhoud van 1.000 g.<\/p>\t\t\t\t\t\t\t\t<\/div>\n\t\t\t\t<div class=\"elementor-element elementor-element-e3a26b3 elementor-widget elementor-widget-text-editor\" data-id=\"e3a26b3\" data-element_type=\"widget\" data-widget_type=\"text-editor.default\">\n\t\t\t\t\t\t\t\t\t<p><b>Geen glasbreuk in de keuken!<\/b><\/p>\t\t\t\t\t\t\t\t<\/div>\n\t\t\t\t<\/div>\n\t\t<div class=\"elementor-element elementor-element-2cfb091 e-con-full e-flex e-con e-child\" data-id=\"2cfb091\" data-element_type=\"container\">\n\t\t\t\t<div class=\"elementor-element elementor-element-7b3e64e dce_masking-none elementor-widget elementor-widget-image\" data-id=\"7b3e64e\" data-element_type=\"widget\" data-widget_type=\"image.default\">\n\t\t\t\t\t\t\t\t\t\t\t\t\t\t\t<img decoding=\"async\" width=\"667\" height=\"523\" src=\"https:\/\/paulmmueller.fantomas-staging.de\/wp-content\/uploads\/2024\/03\/240220_paulmmueller_marken_Citres_Pesto_Genovese.png\" class=\"attachment-large size-large wp-image-19371\" alt=\"\" srcset=\"https:\/\/paulmmueller.fantomas-staging.de\/wp-content\/uploads\/2024\/03\/240220_paulmmueller_marken_Citres_Pesto_Genovese.png 667w, https:\/\/paulmmueller.fantomas-staging.de\/wp-content\/uploads\/2024\/03\/240220_paulmmueller_marken_Citres_Pesto_Genovese-300x235.png 300w, https:\/\/paulmmueller.fantomas-staging.de\/wp-content\/uploads\/2024\/03\/240220_paulmmueller_marken_Citres_Pesto_Genovese-15x12.png 15w\" sizes=\"(max-width: 667px) 100vw, 667px\" \/>\t\t\t\t\t\t\t\t\t\t\t\t\t\t\t<\/div>\n\t\t\t\t<\/div>\n\t\t\t\t<\/div>\n\t\t<div class=\"elementor-element elementor-element-788de95 e-con-full e-flex e-con e-child\" data-id=\"788de95\" data-element_type=\"container\">\n\t\t<div class=\"elementor-element elementor-element-65c737d e-con-full e-flex e-con e-child\" data-id=\"65c737d\" data-element_type=\"container\">\n\t\t\t\t<div class=\"elementor-element elementor-element-5da9d13 dce_masking-none elementor-widget elementor-widget-image\" data-id=\"5da9d13\" data-element_type=\"widget\" data-widget_type=\"image.default\">\n\t\t\t\t\t\t\t\t\t\t\t\t\t\t\t<img decoding=\"async\" width=\"696\" height=\"583\" src=\"https:\/\/paulmmueller.fantomas-staging.de\/wp-content\/uploads\/2024\/03\/240220_paulmmueller_marken_Citres_Pesto_Rosso.png\" class=\"attachment-large size-large wp-image-19372\" alt=\"\" srcset=\"https:\/\/paulmmueller.fantomas-staging.de\/wp-content\/uploads\/2024\/03\/240220_paulmmueller_marken_Citres_Pesto_Rosso.png 696w, https:\/\/paulmmueller.fantomas-staging.de\/wp-content\/uploads\/2024\/03\/240220_paulmmueller_marken_Citres_Pesto_Rosso-300x251.png 300w, https:\/\/paulmmueller.fantomas-staging.de\/wp-content\/uploads\/2024\/03\/240220_paulmmueller_marken_Citres_Pesto_Rosso-14x12.png 14w\" sizes=\"(max-width: 696px) 100vw, 696px\" \/>\t\t\t\t\t\t\t\t\t\t\t\t\t\t\t<\/div>\n\t\t\t\t<\/div>\n\t\t<div class=\"elementor-element elementor-element-d67b98f e-con-full e-flex e-con e-child\" data-id=\"d67b98f\" data-element_type=\"container\">\n\t\t\t\t<div class=\"elementor-element elementor-element-ebb1c88 elementor-widget elementor-widget-heading\" data-id=\"ebb1c88\" data-element_type=\"widget\" data-widget_type=\"heading.default\">\n\t\t\t\t\t<h3 class=\"elementor-heading-title elementor-size-default\">Pesto Rosso<\/h3>\t\t\t\t<\/div>\n\t\t\t\t<div class=\"elementor-element elementor-element-2b2ce02 elementor-widget elementor-widget-text-editor\" data-id=\"2b2ce02\" data-element_type=\"widget\" data-widget_type=\"text-editor.default\">\n\t\t\t\t\t\t\t\t\t<p>Deegachtige, rode saus op basis van tomaten, zonnebloemolie, kaas, fijne cashewnoten en verse basilicum. Verkrijgbaar in een \"onbreekbaar\" PP-blik met een inhoud van 1.000 g.<\/p>\t\t\t\t\t\t\t\t<\/div>\n\t\t\t\t<div class=\"elementor-element elementor-element-a1686cc elementor-widget elementor-widget-text-editor\" data-id=\"a1686cc\" data-element_type=\"widget\" data-widget_type=\"text-editor.default\">\n\t\t\t\t\t\t\t\t\t<p><b>Geen glasbreuk in de keuken!<\/b><\/p>\t\t\t\t\t\t\t\t<\/div>\n\t\t\t\t<\/div>\n\t\t\t\t<\/div>\n\t\t\t\t\t<\/div>\n\t\t\t\t<\/div>\n\t\t\t\t<\/div>","protected":false},"excerpt":{"rendered":"<p>Alleen de beste Altijd op zoek naar het rijpste fruit, de beste groenten en de betrouwbaarste kwaliteit.  Dat is wat ons kenmerkt bij Paul M. M\u00fcller. Het Citres assortiment Pesto alla Genovese saus met een pittige basilicumsmaak, verfijnd met zonnebloemolie, kaas en fijne cashewnoten. Verkrijgbaar in een \"onbreekbaar\" PP-blik met een inhoud van 1000 g. Geen [...]<\/p>","protected":false},"author":9,"featured_media":0,"parent":20021,"menu_order":10,"comment_status":"closed","ping_status":"closed","template":"","meta":{"_acf_changed":false,"footnotes":""},"class_list":["post-20024","page","type-page","status-publish","hentry"],"acf":[],"yoast_head":"<!-- This site is optimized with the Yoast SEO plugin v25.3.1 - https:\/\/yoast.com\/wordpress\/plugins\/seo\/ -->\n<title>Citres - Paul M. M\u00fcller<\/title>\n<meta name=\"robots\" content=\"index, follow, max-snippet:-1, max-image-preview:large, max-video-preview:-1\" \/>\n<link rel=\"canonical\" href=\"https:\/\/paulmmueller.fantomas-staging.de\/nl\/merkwereld\/citres\/\" \/>\n<meta property=\"og:locale\" content=\"nl_NL\" \/>\n<meta property=\"og:type\" content=\"article\" \/>\n<meta property=\"og:title\" content=\"Citres - Paul M. M\u00fcller\" \/>\n<meta property=\"og:description\" content=\"Nur vom Feinsten Immer auf der Suche nach den reifsten Fr\u00fcchten, dem besten Gem\u00fcse, der zuverl\u00e4ssigsten Qualit\u00e4t.\u00a0 Das ist es, was uns bei Paul M. M\u00fcller auszeichnet. Das Citres Sortiment Pesto alla Genovese Sauce mit w\u00fcrzigem Basilikumaroma, verfeinert mit Sonnenblumen\u00f6l, K\u00e4se und feinen Cashewkernen. Erh\u00e4ltlich in einer \u201eunkaputtbaren\u201c PP Dose mit 1.000 g Inhalt. Kein [&hellip;]\" \/>\n<meta property=\"og:url\" content=\"https:\/\/paulmmueller.fantomas-staging.de\/nl\/merkwereld\/citres\/\" \/>\n<meta property=\"og:site_name\" content=\"Paul M. M\u00fcller\" \/>\n<meta property=\"article:publisher\" content=\"https:\/\/www.facebook.com\/paulmmuellergmbh\/\" \/>\n<meta property=\"article:modified_time\" content=\"2024-10-21T20:53:30+00:00\" \/>\n<meta property=\"og:image\" content=\"https:\/\/paulmmueller.fantomas-staging.de\/wp-content\/uploads\/2024\/03\/240220_paulmmueller_marken_citres_logo.png\" \/>\n<meta name=\"twitter:card\" content=\"summary_large_image\" \/>\n<meta name=\"twitter:site\" content=\"@PaulMMller1\" \/>\n<script type=\"application\/ld+json\" class=\"yoast-schema-graph\">{\"@context\":\"https:\/\/schema.org\",\"@graph\":[{\"@type\":\"WebPage\",\"@id\":\"https:\/\/paulmmueller.fantomas-staging.de\/markenwelt\/citres\/\",\"url\":\"https:\/\/paulmmueller.fantomas-staging.de\/markenwelt\/citres\/\",\"name\":\"Citres - Paul M. M\u00fcller\",\"isPartOf\":{\"@id\":\"https:\/\/paulmmueller.fantomas-staging.de\/en\/#website\"},\"primaryImageOfPage\":{\"@id\":\"https:\/\/paulmmueller.fantomas-staging.de\/markenwelt\/citres\/#primaryimage\"},\"image\":{\"@id\":\"https:\/\/paulmmueller.fantomas-staging.de\/markenwelt\/citres\/#primaryimage\"},\"thumbnailUrl\":\"https:\/\/paulmmueller.fantomas-staging.de\/wp-content\/uploads\/2024\/03\/240220_paulmmueller_marken_citres_logo.png\",\"datePublished\":\"2024-05-16T06:43:19+00:00\",\"dateModified\":\"2024-10-21T20:53:30+00:00\",\"breadcrumb\":{\"@id\":\"https:\/\/paulmmueller.fantomas-staging.de\/markenwelt\/citres\/#breadcrumb\"},\"inLanguage\":\"nl-NL\",\"potentialAction\":[{\"@type\":\"ReadAction\",\"target\":[\"https:\/\/paulmmueller.fantomas-staging.de\/markenwelt\/citres\/\"]}]},{\"@type\":\"ImageObject\",\"inLanguage\":\"nl-NL\",\"@id\":\"https:\/\/paulmmueller.fantomas-staging.de\/markenwelt\/citres\/#primaryimage\",\"url\":\"https:\/\/paulmmueller.fantomas-staging.de\/wp-content\/uploads\/2024\/03\/240220_paulmmueller_marken_citres_logo.png\",\"contentUrl\":\"https:\/\/paulmmueller.fantomas-staging.de\/wp-content\/uploads\/2024\/03\/240220_paulmmueller_marken_citres_logo.png\"},{\"@type\":\"BreadcrumbList\",\"@id\":\"https:\/\/paulmmueller.fantomas-staging.de\/markenwelt\/citres\/#breadcrumb\",\"itemListElement\":[{\"@type\":\"ListItem\",\"position\":1,\"name\":\"Home\",\"item\":\"https:\/\/paulmmueller.fantomas-staging.de\/\"},{\"@type\":\"ListItem\",\"position\":2,\"name\":\"Markenwelt\",\"item\":\"https:\/\/paulmmueller.fantomas-staging.de\/en\/markenwelt\/\"},{\"@type\":\"ListItem\",\"position\":3,\"name\":\"Citres\"}]},{\"@type\":\"WebSite\",\"@id\":\"https:\/\/paulmmueller.fantomas-staging.de\/en\/#website\",\"url\":\"https:\/\/paulmmueller.fantomas-staging.de\/en\/\",\"name\":\"Paul M. M\u00fcller\",\"description\":\"Die Food Marken Macher\",\"publisher\":{\"@id\":\"https:\/\/paulmmueller.fantomas-staging.de\/en\/#organization\"},\"potentialAction\":[{\"@type\":\"SearchAction\",\"target\":{\"@type\":\"EntryPoint\",\"urlTemplate\":\"https:\/\/paulmmueller.fantomas-staging.de\/en\/?s={search_term_string}\"},\"query-input\":{\"@type\":\"PropertyValueSpecification\",\"valueRequired\":true,\"valueName\":\"search_term_string\"}}],\"inLanguage\":\"nl-NL\"},{\"@type\":\"Organization\",\"@id\":\"https:\/\/paulmmueller.fantomas-staging.de\/en\/#organization\",\"name\":\"Paul M. M\u00fcller GmbH\",\"url\":\"https:\/\/paulmmueller.fantomas-staging.de\/en\/\",\"logo\":{\"@type\":\"ImageObject\",\"inLanguage\":\"nl-NL\",\"@id\":\"https:\/\/paulmmueller.fantomas-staging.de\/en\/#\/schema\/logo\/image\/\",\"url\":\"https:\/\/paulmmueller.fantomas-staging.de\/wp-content\/uploads\/2022\/08\/PaulMMueller_2021_EN.svg\",\"contentUrl\":\"https:\/\/paulmmueller.fantomas-staging.de\/wp-content\/uploads\/2022\/08\/PaulMMueller_2021_EN.svg\",\"width\":730,\"height\":137,\"caption\":\"Paul M. M\u00fcller GmbH\"},\"image\":{\"@id\":\"https:\/\/paulmmueller.fantomas-staging.de\/en\/#\/schema\/logo\/image\/\"},\"sameAs\":[\"https:\/\/www.facebook.com\/paulmmuellergmbh\/\",\"https:\/\/x.com\/PaulMMller1\",\"https:\/\/www.instagram.com\/paul_m._mueller_gmbh\/\",\"https:\/\/www.linkedin.com\/company\/17897510\/\",\"https:\/\/www.xing.com\/companies\/paulm.mllergmbh\"]}]}<\/script>\n<!-- \/ Yoast SEO plugin. -->","yoast_head_json":{"title":"Citres - Paul M. M\u00fcller","robots":{"index":"index","follow":"follow","max-snippet":"max-snippet:-1","max-image-preview":"max-image-preview:large","max-video-preview":"max-video-preview:-1"},"canonical":"https:\/\/paulmmueller.fantomas-staging.de\/nl\/merkwereld\/citres\/","og_locale":"nl_NL","og_type":"article","og_title":"Citres - Paul M. M\u00fcller","og_description":"Nur vom Feinsten Immer auf der Suche nach den reifsten Fr\u00fcchten, dem besten Gem\u00fcse, der zuverl\u00e4ssigsten Qualit\u00e4t.\u00a0 Das ist es, was uns bei Paul M. M\u00fcller auszeichnet. Das Citres Sortiment Pesto alla Genovese Sauce mit w\u00fcrzigem Basilikumaroma, verfeinert mit Sonnenblumen\u00f6l, K\u00e4se und feinen Cashewkernen. Erh\u00e4ltlich in einer \u201eunkaputtbaren\u201c PP Dose mit 1.000 g Inhalt. Kein [&hellip;]","og_url":"https:\/\/paulmmueller.fantomas-staging.de\/nl\/merkwereld\/citres\/","og_site_name":"Paul M. M\u00fcller","article_publisher":"https:\/\/www.facebook.com\/paulmmuellergmbh\/","article_modified_time":"2024-10-21T20:53:30+00:00","og_image":[{"url":"https:\/\/paulmmueller.fantomas-staging.de\/wp-content\/uploads\/2024\/03\/240220_paulmmueller_marken_citres_logo.png","type":"","width":"","height":""}],"twitter_card":"summary_large_image","twitter_site":"@PaulMMller1","schema":{"@context":"https:\/\/schema.org","@graph":[{"@type":"WebPage","@id":"https:\/\/paulmmueller.fantomas-staging.de\/markenwelt\/citres\/","url":"https:\/\/paulmmueller.fantomas-staging.de\/markenwelt\/citres\/","name":"Citres - Paul M. M\u00fcller","isPartOf":{"@id":"https:\/\/paulmmueller.fantomas-staging.de\/en\/#website"},"primaryImageOfPage":{"@id":"https:\/\/paulmmueller.fantomas-staging.de\/markenwelt\/citres\/#primaryimage"},"image":{"@id":"https:\/\/paulmmueller.fantomas-staging.de\/markenwelt\/citres\/#primaryimage"},"thumbnailUrl":"https:\/\/paulmmueller.fantomas-staging.de\/wp-content\/uploads\/2024\/03\/240220_paulmmueller_marken_citres_logo.png","datePublished":"2024-05-16T06:43:19+00:00","dateModified":"2024-10-21T20:53:30+00:00","breadcrumb":{"@id":"https:\/\/paulmmueller.fantomas-staging.de\/markenwelt\/citres\/#breadcrumb"},"inLanguage":"nl-NL","potentialAction":[{"@type":"ReadAction","target":["https:\/\/paulmmueller.fantomas-staging.de\/markenwelt\/citres\/"]}]},{"@type":"ImageObject","inLanguage":"nl-NL","@id":"https:\/\/paulmmueller.fantomas-staging.de\/markenwelt\/citres\/#primaryimage","url":"https:\/\/paulmmueller.fantomas-staging.de\/wp-content\/uploads\/2024\/03\/240220_paulmmueller_marken_citres_logo.png","contentUrl":"https:\/\/paulmmueller.fantomas-staging.de\/wp-content\/uploads\/2024\/03\/240220_paulmmueller_marken_citres_logo.png"},{"@type":"BreadcrumbList","@id":"https:\/\/paulmmueller.fantomas-staging.de\/markenwelt\/citres\/#breadcrumb","itemListElement":[{"@type":"ListItem","position":1,"name":"Home","item":"https:\/\/paulmmueller.fantomas-staging.de\/"},{"@type":"ListItem","position":2,"name":"Markenwelt","item":"https:\/\/paulmmueller.fantomas-staging.de\/en\/markenwelt\/"},{"@type":"ListItem","position":3,"name":"Citres"}]},{"@type":"WebSite","@id":"https:\/\/paulmmueller.fantomas-staging.de\/en\/#website","url":"https:\/\/paulmmueller.fantomas-staging.de\/en\/","name":"Paul M. M\u00fcller","description":"Die Food Marken Macher","publisher":{"@id":"https:\/\/paulmmueller.fantomas-staging.de\/en\/#organization"},"potentialAction":[{"@type":"SearchAction","target":{"@type":"EntryPoint","urlTemplate":"https:\/\/paulmmueller.fantomas-staging.de\/en\/?s={search_term_string}"},"query-input":{"@type":"PropertyValueSpecification","valueRequired":true,"valueName":"search_term_string"}}],"inLanguage":"nl-NL"},{"@type":"Organization","@id":"https:\/\/paulmmueller.fantomas-staging.de\/en\/#organization","name":"Paul M. M\u00fcller GmbH","url":"https:\/\/paulmmueller.fantomas-staging.de\/en\/","logo":{"@type":"ImageObject","inLanguage":"nl-NL","@id":"https:\/\/paulmmueller.fantomas-staging.de\/en\/#\/schema\/logo\/image\/","url":"https:\/\/paulmmueller.fantomas-staging.de\/wp-content\/uploads\/2022\/08\/PaulMMueller_2021_EN.svg","contentUrl":"https:\/\/paulmmueller.fantomas-staging.de\/wp-content\/uploads\/2022\/08\/PaulMMueller_2021_EN.svg","width":730,"height":137,"caption":"Paul M. M\u00fcller GmbH"},"image":{"@id":"https:\/\/paulmmueller.fantomas-staging.de\/en\/#\/schema\/logo\/image\/"},"sameAs":["https:\/\/www.facebook.com\/paulmmuellergmbh\/","https:\/\/x.com\/PaulMMller1","https:\/\/www.instagram.com\/paul_m._mueller_gmbh\/","https:\/\/www.linkedin.com\/company\/17897510\/","https:\/\/www.xing.com\/companies\/paulm.mllergmbh"]}]}},"_links":{"self":[{"href":"https:\/\/paulmmueller.fantomas-staging.de\/nl\/wp-json\/wp\/v2\/pages\/20024","targetHints":{"allow":["GET"]}}],"collection":[{"href":"https:\/\/paulmmueller.fantomas-staging.de\/nl\/wp-json\/wp\/v2\/pages"}],"about":[{"href":"https:\/\/paulmmueller.fantomas-staging.de\/nl\/wp-json\/wp\/v2\/types\/page"}],"author":[{"embeddable":true,"href":"https:\/\/paulmmueller.fantomas-staging.de\/nl\/wp-json\/wp\/v2\/users\/9"}],"replies":[{"embeddable":true,"href":"https:\/\/paulmmueller.fantomas-staging.de\/nl\/wp-json\/wp\/v2\/comments?post=20024"}],"version-history":[{"count":10,"href":"https:\/\/paulmmueller.fantomas-staging.de\/nl\/wp-json\/wp\/v2\/pages\/20024\/revisions"}],"predecessor-version":[{"id":21224,"href":"https:\/\/paulmmueller.fantomas-staging.de\/nl\/wp-json\/wp\/v2\/pages\/20024\/revisions\/21224"}],"up":[{"embeddable":true,"href":"https:\/\/paulmmueller.fantomas-staging.de\/nl\/wp-json\/wp\/v2\/pages\/20021"}],"wp:attachment":[{"href":"https:\/\/paulmmueller.fantomas-staging.de\/nl\/wp-json\/wp\/v2\/media?parent=20024"}],"curies":[{"name":"wp","href":"https:\/\/api.w.org\/{rel}","templated":true}]}}