{"id":13235,"date":"2022-07-16T17:17:56","date_gmt":"2022-07-16T15:17:56","guid":{"rendered":"https:\/\/paulmmueller.fantomas-staging.de\/?page_id=13235"},"modified":"2023-11-10T00:17:54","modified_gmt":"2023-11-09T23:17:54","slug":"impressum","status":"publish","type":"page","link":"https:\/\/paulmmueller.fantomas-staging.de\/tr\/baski\/","title":{"rendered":"K\u00fcnye"},"content":{"rendered":"<div data-elementor-type=\"wp-page\" data-elementor-id=\"13235\" class=\"elementor elementor-13235\" data-elementor-post-type=\"page\">\n\t\t\t\t\t\t<section class=\"elementor-section elementor-top-section elementor-element elementor-element-88bdb31 elementor-section-boxed elementor-section-height-default elementor-section-height-default\" data-id=\"88bdb31\" data-element_type=\"section\">\n\t\t\t\t\t\t<div class=\"elementor-container elementor-column-gap-default\">\n\t\t\t\t\t<div class=\"elementor-column elementor-col-100 elementor-top-column elementor-element elementor-element-2e360f8\" data-id=\"2e360f8\" data-element_type=\"column\">\n\t\t\t<div class=\"elementor-widget-wrap elementor-element-populated\">\n\t\t\t\t\t\t<div class=\"elementor-element elementor-element-ee24f3a elementor-widget elementor-widget-heading\" data-id=\"ee24f3a\" data-element_type=\"widget\" data-widget_type=\"heading.default\">\n\t\t\t\t\t<h1 class=\"elementor-heading-title elementor-size-default\">K\u00fcnye<\/h1>\t\t\t\t<\/div>\n\t\t\t\t<div class=\"elementor-element elementor-element-8ef64f7 elementor-widget elementor-widget-text-editor\" data-id=\"8ef64f7\" data-element_type=\"widget\" data-widget_type=\"text-editor.default\">\n\t\t\t\t\t\t\t\t\t<h3>TMG \u00a7 5 uyar\u0131nca bilgiler:<\/h3><p>Paul M. M\u00fcller GmbH<br \/>Raiffeisenallee 5<br \/>82041 Oberhaching<\/p><h3>Temsilci:<\/h3><p>Genel M\u00fcd\u00fcrler: Thomas Schneidawind, Helmut Fabian Kretschmer<\/p><h3>\u0130leti\u015fim:<\/h3><p>Telefon: 089 613868-0<br \/>E-posta: info@paulmmueller.com<\/p><h3>Giri\u015fi kaydet:<\/h3><p>Ticaret siciline kay\u0131t.<br \/>Kay\u0131t mahkemesi: Kay\u0131t mahkemesi M\u00fcnih<br \/>Kay\u0131t numaras\u0131: HRB 54774<\/p><h3>Katma de\u011fer vergisi:<\/h3><p>Katma De\u011fer Vergisi Kanunu \u00a727 a uyar\u0131nca katma de\u011fer vergisi kimlik numaras\u0131:<br \/>DE129433719<\/p><h3>GLN (K\u00fcresel Konum Numaras\u0131):<\/h3><p>4003735000006<\/p><h3>Organik kontrol merkezi:<\/h3><p>DE-\u00d6KO-037<\/p><h3>Uyu\u015fmazl\u0131k \u00e7\u00f6z\u00fcm\u00fc<\/h3><p>Bir t\u00fcketici hakem heyeti nezdindeki uyu\u015fmazl\u0131k \u00e7\u00f6z\u00fcm i\u015flemlerine kat\u0131lmaya istekli veya y\u00fck\u00fcml\u00fc de\u011filiz.<\/p><h3>\u0130\u00e7erik i\u00e7in sorumluluk<\/h3><p>Bir hizmet sa\u011flay\u0131c\u0131 olarak, TMG (Alman Telemedya Yasas\u0131) Madde 7 (1) ve genel mevzuat uyar\u0131nca bu sayfalardaki kendi i\u00e7eri\u011fimizden sorumluyuz. Bununla birlikte, TMG Madde 8 ila 10'a g\u00f6re, bir hizmet sa\u011flay\u0131c\u0131 olarak iletilen veya saklanan \u00fc\u00e7\u00fcnc\u00fc taraf bilgilerini izlemek veya yasa d\u0131\u015f\u0131 faaliyetlere i\u015faret eden durumlar\u0131 ara\u015ft\u0131rmak zorunda de\u011filiz.<\/p><p>Genel mevzuat uyar\u0131nca bilgilerin kullan\u0131m\u0131n\u0131 kald\u0131rma veya engelleme y\u00fck\u00fcml\u00fcl\u00fckleri bundan etkilenmez. Ancak, bu konudaki sorumluluk sadece belirli bir ihlalin fark\u0131na vard\u0131\u011f\u0131m\u0131z andan itibaren m\u00fcmk\u00fcnd\u00fcr. Bu t\u00fcr ihlallerin fark\u0131na var\u0131r varmaz, bu i\u00e7eri\u011fi derhal kald\u0131raca\u011f\u0131z.<\/p><h3>Ba\u011flant\u0131lar i\u00e7in sorumluluk<\/h3><p>Web sitemiz, i\u00e7eri\u011fi \u00fczerinde hi\u00e7bir etkimiz olmayan harici \u00fc\u00e7\u00fcnc\u00fc taraf web sitelerine ba\u011flant\u0131lar i\u00e7ermektedir. Bu nedenle, bu \u00fc\u00e7\u00fcnc\u00fc taraf i\u00e7eri\u011fi i\u00e7in herhangi bir sorumluluk kabul edemeyiz. Ba\u011flant\u0131l\u0131 sayfalar\u0131n i\u00e7eri\u011finden her zaman sayfalar\u0131n ilgili sa\u011flay\u0131c\u0131s\u0131 veya operat\u00f6r\u00fc sorumludur. Ba\u011flant\u0131 verilen sayfalar, ba\u011flant\u0131 verildi\u011fi s\u0131rada olas\u0131 yasal ihlallere kar\u015f\u0131 kontrol edilmi\u015ftir. Ba\u011flant\u0131 s\u0131ras\u0131nda yasa d\u0131\u015f\u0131 i\u00e7erikler tespit edilememi\u015ftir.<\/p><p>Bununla birlikte, ba\u011flant\u0131l\u0131 sayfalar\u0131n i\u00e7eri\u011finin s\u00fcrekli olarak izlenmesi, bir ihlalin somut kan\u0131t\u0131 olmadan makul de\u011fildir. Herhangi bir yasal ihlalden haberdar olursak, bu t\u00fcr ba\u011flant\u0131lar\u0131 derhal kald\u0131raca\u011f\u0131z.<\/p><h3>Telif Hakk\u0131<\/h3><p>Bu sayfalarda site operat\u00f6rleri taraf\u0131ndan olu\u015fturulan i\u00e7erik ve eserler Alman telif hakk\u0131 yasas\u0131na tabidir. \u00c7o\u011faltma, i\u015fleme, da\u011f\u0131t\u0131m ve telif hakk\u0131 yasas\u0131n\u0131n s\u0131n\u0131rlar\u0131 d\u0131\u015f\u0131ndaki her t\u00fcrl\u00fc kullan\u0131m, ilgili yazar\u0131n veya yarat\u0131c\u0131n\u0131n yaz\u0131l\u0131 onay\u0131n\u0131 gerektirir. Bu sitenin indirilmesine ve kopyalanmas\u0131na yaln\u0131zca \u00f6zel, ticari olmayan kullan\u0131m i\u00e7in izin verilir.<\/p><p>Bu sitedeki i\u00e7erik operat\u00f6r taraf\u0131ndan olu\u015fturulmad\u0131\u011f\u0131 s\u00fcrece, \u00fc\u00e7\u00fcnc\u00fc taraflar\u0131n telif haklar\u0131na sayg\u0131 duyulur. \u00d6zellikle, \u00fc\u00e7\u00fcnc\u00fc taraf i\u00e7eri\u011fi bu \u015fekilde etiketlenmi\u015ftir. Yine de bir telif hakk\u0131 ihlalinden haberdar olursan\u0131z, l\u00fctfen bizi uygun \u015fekilde bilgilendirin. Herhangi bir ihlalden haberdar olursak, bu t\u00fcr i\u00e7eri\u011fi derhal kald\u0131raca\u011f\u0131z.<\/p><h3>G\u00f6r\u00fcnt\u00fc haklar\u0131<\/h3><div class=\"atw-bildnachweise\"><a href=\"https:\/\/stock.adobe.com\/de\/\" target=\"_blank\" rel=\"noopener\">Adobe Stock<\/a>\u00a0\/ stock.adobe.com<br \/><a href=\"https:\/\/radmilakerl.de\/\">\u00a9 Radmila Kerl \/ www.radmilakerl.de<\/a><br \/>\u00a9Foodlovers \/ fotolia.com<br \/>\u00a9artjazz \/ fotolia.com<br \/>\u00a9Zerbor \/ fotolia.com<br \/>\u00a9enenuchit \/ fotolia.com<br \/>\u00a9o.meerson \/ fotolia.com<br \/>\u00a9artjazz \/ fotolia.com<br \/>\u00a9Natika \/ fotolia.com<br \/>\u00a9bobrik74 \/ fotolia.com<br \/>\u00a9doris oberfrank-llist \/ fotolia.com<br \/>\u00a9Tom Bayer \/ fotolia.com<br \/>Miguel Garcia Saaved \/ fotolia.com<br \/>Miguel Garcia Saaved \/ fotolia.com<br \/>\u00a9KMN Photo \/ fotolia.com<br \/><a href=\"https:\/\/de.freepik.com\/fotos-kostenlos\/3d-render-von-lkw-lkw-versand-white-boxes_1121485.htm\">\u00a9kjpargeter \/ freepik.com<\/a><br \/>\u00a9hacohob \/ fotolia.com<br \/>\u00a9andrew7726 \/ fotolia.com<br \/>\u00a9Jaroslav Pachy Sr \/ fotolia.com<br \/>\u00a9niemannfrank \/ fotolia.com<br \/>Thomas S\u00f6llner \/ fotolia.com<br \/>\u00a9mythia \/ fotolia.com<br \/>\u00a9artjazz \/ fotolia.com<br \/>\u00a9volff \/ fotolia.com<br \/>\u00a9kovaleva_ka \/ fotolia.com<br \/>\u00a9Alex Staroseitsev \/ fotolia.com<br \/><a href=\"https:\/\/de.freepik.com\/fotos-vektoren-kostenlos\/jahrgang\">\u00a9vintagevectorseller \/ freepik.com<\/a><\/div>\t\t\t\t\t\t\t\t<\/div>\n\t\t\t\t\t<\/div>\n\t\t<\/div>\n\t\t\t\t\t<\/div>\n\t\t<\/section>\n\t\t\t\t<\/div>","protected":false},"excerpt":{"rendered":"<p>TMG \u00a7 5'e g\u00f6re K\u00fcnye Bilgileri: Paul M. M\u00fcller GmbHRaiffeisenallee 582041 Oberhaching Taraf\u0131ndan temsil edilmektedir: Genel M\u00fcd\u00fcrler: Thomas Schneidawind, Helmut Fabian Kretschmer \u0130leti\u015fim: Telefon: 089 613868-0E-posta: info@paulmmueller.com Sicil giri\u015fi: Ticaret siciline giri\u015f Sicil mahkemesi: M\u00fcnih sicil mahkemesi Sicil numaras\u0131: HRB 54774 Katma de\u011fer vergisi: \u00a727 a Katma De\u011fer Vergisi Yasas\u0131na g\u00f6re katma de\u011fer vergisi kimlik numaras\u0131:DE129433719 GLN (Global Konum Numaras\u0131): 4003735000006 \u00d6ko-Kontrollstelle: DE-\u00d6KO-037 Anla\u015fmazl\u0131k \u00e7\u00f6z\u00fcm\u00fc Anla\u015fmazl\u0131k \u00e7\u00f6z\u00fcm\u00fc i\u015flemlerine kat\u0131lmaya istekli veya y\u00fck\u00fcml\u00fc de\u011filiz [...].<\/p>","protected":false},"author":1,"featured_media":0,"parent":0,"menu_order":38,"comment_status":"closed","ping_status":"closed","template":"","meta":{"_acf_changed":false,"footnotes":""},"class_list":["post-13235","page","type-page","status-publish","hentry"],"acf":[],"yoast_head":"<!-- This site is optimized with the Yoast SEO plugin v25.3.1 - https:\/\/yoast.com\/wordpress\/plugins\/seo\/ -->\n<title>Impressum - Paul M. M\u00fcller<\/title>\n<meta name=\"robots\" content=\"index, follow, max-snippet:-1, max-image-preview:large, max-video-preview:-1\" \/>\n<link rel=\"canonical\" href=\"https:\/\/paulmmueller.fantomas-staging.de\/tr\/baski\/\" \/>\n<meta property=\"og:locale\" content=\"tr_TR\" \/>\n<meta property=\"og:type\" content=\"article\" \/>\n<meta property=\"og:title\" content=\"Impressum - Paul M. M\u00fcller\" \/>\n<meta property=\"og:description\" content=\"Impressum Angaben gem\u00e4\u00df \u00a7 5 TMG: Paul M. M\u00fcller GmbHRaiffeisenallee 582041 Oberhaching Vertreten durch: Gesch\u00e4ftsf\u00fchrer: Thomas Schneidawind, Helmut Fabian Kretschmer Kontakt: Telefon: 089 613868-0E-Mail: info@paulmmueller.com Registereintrag: Eintragung im Handelsregister.Registergericht: Registergericht M\u00fcnchenRegisternummer: HRB 54774 Umsatzsteuer: Umsatzsteuer-Identifikationsnummer gem\u00e4\u00df \u00a727 a Umsatzsteuergesetz:DE129433719 GLN (Global Location Number): 4003735000006 \u00d6ko-Kontrollstelle: DE-\u00d6KO-037 Streitschlichtung Wir sind nicht bereit oder verpflichtet, an Streitbeilegungsverfahren [&hellip;]\" \/>\n<meta property=\"og:url\" content=\"https:\/\/paulmmueller.fantomas-staging.de\/tr\/baski\/\" \/>\n<meta property=\"og:site_name\" content=\"Paul M. M\u00fcller\" \/>\n<meta property=\"article:publisher\" content=\"https:\/\/www.facebook.com\/paulmmuellergmbh\/\" \/>\n<meta property=\"article:modified_time\" content=\"2023-11-09T23:17:54+00:00\" \/>\n<meta name=\"twitter:card\" content=\"summary_large_image\" \/>\n<meta name=\"twitter:site\" content=\"@PaulMMller1\" \/>\n<script type=\"application\/ld+json\" class=\"yoast-schema-graph\">{\"@context\":\"https:\/\/schema.org\",\"@graph\":[{\"@type\":\"WebPage\",\"@id\":\"https:\/\/paulmmueller.fantomas-staging.de\/impressum\/\",\"url\":\"https:\/\/paulmmueller.fantomas-staging.de\/impressum\/\",\"name\":\"Impressum - Paul M. M\u00fcller\",\"isPartOf\":{\"@id\":\"https:\/\/paulmmueller.fantomas-staging.de\/en\/#website\"},\"datePublished\":\"2022-07-16T15:17:56+00:00\",\"dateModified\":\"2023-11-09T23:17:54+00:00\",\"breadcrumb\":{\"@id\":\"https:\/\/paulmmueller.fantomas-staging.de\/impressum\/#breadcrumb\"},\"inLanguage\":\"tr\",\"potentialAction\":[{\"@type\":\"ReadAction\",\"target\":[\"https:\/\/paulmmueller.fantomas-staging.de\/impressum\/\"]}]},{\"@type\":\"BreadcrumbList\",\"@id\":\"https:\/\/paulmmueller.fantomas-staging.de\/impressum\/#breadcrumb\",\"itemListElement\":[{\"@type\":\"ListItem\",\"position\":1,\"name\":\"Home\",\"item\":\"https:\/\/paulmmueller.fantomas-staging.de\/\"},{\"@type\":\"ListItem\",\"position\":2,\"name\":\"Impressum\"}]},{\"@type\":\"WebSite\",\"@id\":\"https:\/\/paulmmueller.fantomas-staging.de\/en\/#website\",\"url\":\"https:\/\/paulmmueller.fantomas-staging.de\/en\/\",\"name\":\"Paul M. M\u00fcller\",\"description\":\"Die Food Marken Macher\",\"publisher\":{\"@id\":\"https:\/\/paulmmueller.fantomas-staging.de\/en\/#organization\"},\"potentialAction\":[{\"@type\":\"SearchAction\",\"target\":{\"@type\":\"EntryPoint\",\"urlTemplate\":\"https:\/\/paulmmueller.fantomas-staging.de\/en\/?s={search_term_string}\"},\"query-input\":{\"@type\":\"PropertyValueSpecification\",\"valueRequired\":true,\"valueName\":\"search_term_string\"}}],\"inLanguage\":\"tr\"},{\"@type\":\"Organization\",\"@id\":\"https:\/\/paulmmueller.fantomas-staging.de\/en\/#organization\",\"name\":\"Paul M. M\u00fcller GmbH\",\"url\":\"https:\/\/paulmmueller.fantomas-staging.de\/en\/\",\"logo\":{\"@type\":\"ImageObject\",\"inLanguage\":\"tr\",\"@id\":\"https:\/\/paulmmueller.fantomas-staging.de\/en\/#\/schema\/logo\/image\/\",\"url\":\"https:\/\/paulmmueller.fantomas-staging.de\/wp-content\/uploads\/2022\/08\/PaulMMueller_2021_EN.svg\",\"contentUrl\":\"https:\/\/paulmmueller.fantomas-staging.de\/wp-content\/uploads\/2022\/08\/PaulMMueller_2021_EN.svg\",\"width\":730,\"height\":137,\"caption\":\"Paul M. M\u00fcller GmbH\"},\"image\":{\"@id\":\"https:\/\/paulmmueller.fantomas-staging.de\/en\/#\/schema\/logo\/image\/\"},\"sameAs\":[\"https:\/\/www.facebook.com\/paulmmuellergmbh\/\",\"https:\/\/x.com\/PaulMMller1\",\"https:\/\/www.instagram.com\/paul_m._mueller_gmbh\/\",\"https:\/\/www.linkedin.com\/company\/17897510\/\",\"https:\/\/www.xing.com\/companies\/paulm.mllergmbh\"]}]}<\/script>\n<!-- \/ Yoast SEO plugin. -->","yoast_head_json":{"title":"Impressum - Paul M. M\u00fcller","robots":{"index":"index","follow":"follow","max-snippet":"max-snippet:-1","max-image-preview":"max-image-preview:large","max-video-preview":"max-video-preview:-1"},"canonical":"https:\/\/paulmmueller.fantomas-staging.de\/tr\/baski\/","og_locale":"tr_TR","og_type":"article","og_title":"Impressum - Paul M. M\u00fcller","og_description":"Impressum Angaben gem\u00e4\u00df \u00a7 5 TMG: Paul M. M\u00fcller GmbHRaiffeisenallee 582041 Oberhaching Vertreten durch: Gesch\u00e4ftsf\u00fchrer: Thomas Schneidawind, Helmut Fabian Kretschmer Kontakt: Telefon: 089 613868-0E-Mail: info@paulmmueller.com Registereintrag: Eintragung im Handelsregister.Registergericht: Registergericht M\u00fcnchenRegisternummer: HRB 54774 Umsatzsteuer: Umsatzsteuer-Identifikationsnummer gem\u00e4\u00df \u00a727 a Umsatzsteuergesetz:DE129433719 GLN (Global Location Number): 4003735000006 \u00d6ko-Kontrollstelle: DE-\u00d6KO-037 Streitschlichtung Wir sind nicht bereit oder verpflichtet, an Streitbeilegungsverfahren [&hellip;]","og_url":"https:\/\/paulmmueller.fantomas-staging.de\/tr\/baski\/","og_site_name":"Paul M. M\u00fcller","article_publisher":"https:\/\/www.facebook.com\/paulmmuellergmbh\/","article_modified_time":"2023-11-09T23:17:54+00:00","twitter_card":"summary_large_image","twitter_site":"@PaulMMller1","schema":{"@context":"https:\/\/schema.org","@graph":[{"@type":"WebPage","@id":"https:\/\/paulmmueller.fantomas-staging.de\/impressum\/","url":"https:\/\/paulmmueller.fantomas-staging.de\/impressum\/","name":"Impressum - Paul M. M\u00fcller","isPartOf":{"@id":"https:\/\/paulmmueller.fantomas-staging.de\/en\/#website"},"datePublished":"2022-07-16T15:17:56+00:00","dateModified":"2023-11-09T23:17:54+00:00","breadcrumb":{"@id":"https:\/\/paulmmueller.fantomas-staging.de\/impressum\/#breadcrumb"},"inLanguage":"tr","potentialAction":[{"@type":"ReadAction","target":["https:\/\/paulmmueller.fantomas-staging.de\/impressum\/"]}]},{"@type":"BreadcrumbList","@id":"https:\/\/paulmmueller.fantomas-staging.de\/impressum\/#breadcrumb","itemListElement":[{"@type":"ListItem","position":1,"name":"Home","item":"https:\/\/paulmmueller.fantomas-staging.de\/"},{"@type":"ListItem","position":2,"name":"Impressum"}]},{"@type":"WebSite","@id":"https:\/\/paulmmueller.fantomas-staging.de\/en\/#website","url":"https:\/\/paulmmueller.fantomas-staging.de\/en\/","name":"Paul M. M\u00fcller","description":"Die Food Marken Macher","publisher":{"@id":"https:\/\/paulmmueller.fantomas-staging.de\/en\/#organization"},"potentialAction":[{"@type":"SearchAction","target":{"@type":"EntryPoint","urlTemplate":"https:\/\/paulmmueller.fantomas-staging.de\/en\/?s={search_term_string}"},"query-input":{"@type":"PropertyValueSpecification","valueRequired":true,"valueName":"search_term_string"}}],"inLanguage":"tr"},{"@type":"Organization","@id":"https:\/\/paulmmueller.fantomas-staging.de\/en\/#organization","name":"Paul M. M\u00fcller GmbH","url":"https:\/\/paulmmueller.fantomas-staging.de\/en\/","logo":{"@type":"ImageObject","inLanguage":"tr","@id":"https:\/\/paulmmueller.fantomas-staging.de\/en\/#\/schema\/logo\/image\/","url":"https:\/\/paulmmueller.fantomas-staging.de\/wp-content\/uploads\/2022\/08\/PaulMMueller_2021_EN.svg","contentUrl":"https:\/\/paulmmueller.fantomas-staging.de\/wp-content\/uploads\/2022\/08\/PaulMMueller_2021_EN.svg","width":730,"height":137,"caption":"Paul M. M\u00fcller GmbH"},"image":{"@id":"https:\/\/paulmmueller.fantomas-staging.de\/en\/#\/schema\/logo\/image\/"},"sameAs":["https:\/\/www.facebook.com\/paulmmuellergmbh\/","https:\/\/x.com\/PaulMMller1","https:\/\/www.instagram.com\/paul_m._mueller_gmbh\/","https:\/\/www.linkedin.com\/company\/17897510\/","https:\/\/www.xing.com\/companies\/paulm.mllergmbh"]}]}},"_links":{"self":[{"href":"https:\/\/paulmmueller.fantomas-staging.de\/tr\/wp-json\/wp\/v2\/pages\/13235","targetHints":{"allow":["GET"]}}],"collection":[{"href":"https:\/\/paulmmueller.fantomas-staging.de\/tr\/wp-json\/wp\/v2\/pages"}],"about":[{"href":"https:\/\/paulmmueller.fantomas-staging.de\/tr\/wp-json\/wp\/v2\/types\/page"}],"author":[{"embeddable":true,"href":"https:\/\/paulmmueller.fantomas-staging.de\/tr\/wp-json\/wp\/v2\/users\/1"}],"replies":[{"embeddable":true,"href":"https:\/\/paulmmueller.fantomas-staging.de\/tr\/wp-json\/wp\/v2\/comments?post=13235"}],"version-history":[{"count":10,"href":"https:\/\/paulmmueller.fantomas-staging.de\/tr\/wp-json\/wp\/v2\/pages\/13235\/revisions"}],"predecessor-version":[{"id":18548,"href":"https:\/\/paulmmueller.fantomas-staging.de\/tr\/wp-json\/wp\/v2\/pages\/13235\/revisions\/18548"}],"wp:attachment":[{"href":"https:\/\/paulmmueller.fantomas-staging.de\/tr\/wp-json\/wp\/v2\/media?parent=13235"}],"curies":[{"name":"wp","href":"https:\/\/api.w.org\/{rel}","templated":true}]}}