{"id":13269,"date":"2022-07-16T17:33:30","date_gmt":"2022-07-16T15:33:30","guid":{"rendered":"https:\/\/paulmmueller.fantomas-staging.de\/?page_id=13269"},"modified":"2024-04-20T17:38:42","modified_gmt":"2024-04-20T15:38:42","slug":"agb","status":"publish","type":"page","link":"https:\/\/paulmmueller.fantomas-staging.de\/tr\/agb\/","title":{"rendered":"GTC"},"content":{"rendered":"<div data-elementor-type=\"wp-page\" data-elementor-id=\"13269\" class=\"elementor elementor-13269\" data-elementor-post-type=\"page\">\n\t\t\t\t\t\t<section class=\"elementor-section elementor-top-section elementor-element elementor-element-485a798 elementor-section-boxed elementor-section-height-default elementor-section-height-default\" data-id=\"485a798\" data-element_type=\"section\">\n\t\t\t\t\t\t<div class=\"elementor-container elementor-column-gap-default\">\n\t\t\t\t\t<div class=\"elementor-column elementor-col-100 elementor-top-column elementor-element elementor-element-c1d759b\" data-id=\"c1d759b\" data-element_type=\"column\">\n\t\t\t<div class=\"elementor-widget-wrap elementor-element-populated\">\n\t\t\t\t\t\t<div class=\"elementor-element elementor-element-69e067f elementor-widget elementor-widget-heading\" data-id=\"69e067f\" data-element_type=\"widget\" data-widget_type=\"heading.default\">\n\t\t\t\t\t<h1 class=\"elementor-heading-title elementor-size-default\">GENEL H\u00dcK\u00dcM VE KO\u015eULLAR<\/h1>\t\t\t\t<\/div>\n\t\t\t\t\t<\/div>\n\t\t<\/div>\n\t\t\t\t\t<\/div>\n\t\t<\/section>\n\t\t\t\t<section class=\"elementor-section elementor-top-section elementor-element elementor-element-c938a14 elementor-section-boxed elementor-section-height-default elementor-section-height-default\" data-id=\"c938a14\" data-element_type=\"section\">\n\t\t\t\t\t\t<div class=\"elementor-container elementor-column-gap-default\">\n\t\t\t\t\t<div class=\"elementor-column elementor-col-100 elementor-top-column elementor-element elementor-element-bda4903\" data-id=\"bda4903\" data-element_type=\"column\">\n\t\t\t<div class=\"elementor-widget-wrap elementor-element-populated\">\n\t\t\t\t\t\t<div class=\"elementor-element elementor-element-cb14664 elementor-widget__width-initial elementor-widget elementor-widget-text-editor\" data-id=\"cb14664\" data-element_type=\"widget\" data-widget_type=\"text-editor.default\">\n\t\t\t\t\t\t\t\t\t<div class=\"vc_row wpb_row vc_row-fluid vc_custom_1467972081308 vc_row-has-fill\">\n<div class=\"container\">\n<div class=\"row\">\n<div class=\"wpb_column vc_column_container vc_col-sm-12 align-center\">\n<div class=\"vc_custom_column-inner\">\n<div class=\"wpb_wrapper\">\n<h2 class=\"cms-custom-headding cms-align-center vc_custom_heading headline-opa\">Sat\u0131\u015f ve teslimat ko\u015fullar\u0131<\/h2>\n<\/div>\n<\/div>\n<\/div>\n<\/div>\n<\/div>\n<\/div>\n<div class=\"vc_row wpb_row vc_row-fluid jk-mobile-padding vc_custom_1484310779656 vc_row-has-fill\">\n<div class=\"container\">\n<div class=\"row\">\n<div class=\"wpb_column vc_column_container vc_col-sm-6\">\n<div class=\"vc_custom_column-inner\">\n<div class=\"wpb_wrapper\">\n<div class=\"wpb_text_column wpb_content_element text-agb\">\n<div class=\"wpb_wrapper\">\n<h3>1. genel bi\u0307lgi\u0307ler<\/h3>\nT\u00fcm sat\u0131\u015flar, teslimatlar ve yan hizmetler (gelecektekiler de dahil olmak \u00fczere), \u00f6zel veya farkl\u0131 h\u00fck\u00fcmler getirilmedi\u011fi s\u00fcrece \"Waren-Verein der Hamburger B\u00f6rse e.V.\" (WVB)'nin ge\u00e7erli h\u00fck\u00fcm ve ko\u015fullar\u0131 temelinde sonu\u00e7land\u0131r\u0131l\u0131r ve y\u00fcr\u00fct\u00fcl\u00fcr. Bu \u015fartlar ve ko\u015fullar internette www.waren-verein.de adresinde yay\u0131nlanmaktad\u0131r. Al\u0131c\u0131n\u0131n veya bir komisyoncunun veya bir acentenin \u015fart ve ko\u015fullar\u0131m\u0131zdan sapan \u015fart ve ko\u015fullar\u0131n\u0131n yan\u0131 s\u0131ra s\u00f6zle\u015fmenin i\u00e7eri\u011fine ve de\u011fi\u015ftirilmesine ili\u015fkin teminat anla\u015fmalar\u0131, ge\u00e7erli olabilmek i\u00e7in yaz\u0131l\u0131 onay\u0131m\u0131z\u0131 gerektirir.\n<h3>2. Kalite<\/h3>\nPrensip olarak, Federal Almanya Cumhuriyeti ve Avrupa Birli\u011fi'nin g\u0131da yasas\u0131 y\u00f6netmeliklerine, etiketleme y\u00f6netmeli\u011fine ve ilgili ge\u00e7erli s\u00fcr\u00fcmdeki kalibrasyon ve \u00f6l\u00e7\u00fcm yasas\u0131na uygun sa\u011fl\u0131kl\u0131 ve geleneksel \u00fcr\u00fcnler tedarik ediyoruz.\n<h3>3. eksiklikler\/hasarlar<\/h3>\nEksiklikler ve\/veya hasarlar, yaln\u0131zca ta\u015f\u0131y\u0131c\u0131 taraf\u0131ndan onaylanm\u0131\u015f bir sevk irsaliyesinin ilgili bir notla birlikte ibraz edilmesi halinde taraf\u0131m\u0131zca tan\u0131nacakt\u0131r.\n<h3>4. Teslim tarihi<\/h3>\nBu bilgiler her zaman \"yakla\u015f\u0131k\" olup, herhangi bir AT veya h\u00fck\u00fcmet \u00f6nlemine (teslimat \u00fclkesinde de) ve kendi zaman\u0131nda teslimat\u0131m\u0131za tabidir. Kamu ve di\u011fer \u00fccretlerdeki (g\u00fcmr\u00fck vergileri, har\u00e7lar, DSD katk\u0131 paylar\u0131, vb.) art\u0131\u015flar ile teslimata kadar navlun fiyatlar\u0131ndaki art\u0131\u015flar al\u0131c\u0131 taraf\u0131ndan kar\u015f\u0131lanacakt\u0131r.\n<h3>5. kendi kendine teslimat rezervasyonu<\/h3>\nTedarik\u00e7ilerimizin do\u011fru ve zaman\u0131nda teslimat yapma hakk\u0131n\u0131 her zaman sakl\u0131 tutar\u0131z. WVB \u00a7 29 h\u00fck\u00fcmleri ayr\u0131nt\u0131l\u0131 olarak ge\u00e7erlidir.\n<h3>6. \u00d6deme<\/h3>\nBelgesel bir i\u015f olmad\u0131\u011f\u0131 s\u00fcrece, kabul edilir:\n\u00d6demeler, mallar\u0131n ve faturan\u0131n teslim al\u0131nmas\u0131ndan sonra derhal ve kesinti yap\u0131lmaks\u0131z\u0131n yap\u0131lacakt\u0131r. S\u00f6zle\u015fme orta\u011f\u0131m\u0131z\u0131n s\u00f6zle\u015fmenin imzalanmas\u0131ndan sonra, \u00f6zellikle fatura ve \u00e7ek protestolar\u0131 ve iade edilen otomatik \u00f6demeler vb. nedeniyle art\u0131k g\u00fcvenilir olmad\u0131\u011f\u0131 ortaya \u00e7\u0131karsa, teminat sa\u011flanmas\u0131n\u0131 talep etme veya yaln\u0131zca pe\u015fin \u00f6deme kar\u015f\u0131l\u0131\u011f\u0131nda teslimat yapma hakk\u0131na sahip olaca\u011f\u0131z; bu gibi durumlarda, herhangi bir hedef \u00f6demeyi iptal etme hakk\u0131na sahip olaca\u011f\u0131z. \u00d6demenin zaman\u0131nda yap\u0131lmamas\u0131 halinde, vade tarihinden itibaren sat\u0131n alma fiyat\u0131 \u00fczerinden, talep \u00fczerine kan\u0131tlayaca\u011f\u0131m\u0131z bankam\u0131z\u0131n bor\u00e7 faiz oran\u0131 \u00fczerinden, ancak temerr\u00fct durumunda en az\u0131ndan yasal temerr\u00fct faiz oran\u0131 \u00fczerinden faiz tahsil edilecektir.\n<h3>7. S\u00f6zle\u015fmeye ayk\u0131r\u0131 teslimat durumunda al\u0131c\u0131n\u0131n haklar\u0131<\/h3>\nMallar\u0131n s\u00f6zle\u015fmeye ayk\u0131r\u0131 olarak teslim edilmesi durumunda, Al\u0131c\u0131n\u0131n haklar\u0131 WVB \u00a7 19'a tabi olacakt\u0131r. Bu h\u00fckm\u00fcn (11) numaral\u0131 paragraf\u0131nda \u00f6ng\u00f6r\u00fclen zaman a\u015f\u0131m\u0131 s\u00fcresi 12 ayd\u0131r.\n<h3>8. M\u00fclkiyetin sakl\u0131 tutulmas\u0131<\/h3>\nTaraf\u0131m\u0131zdan teslim edilen mallar\u0131n ve bunlar\u0131n i\u015flenmesi sonucu ortaya \u00e7\u0131kan \u00fcr\u00fcnlerin m\u00fclkiyeti, mallar i\u015flenmi\u015f olsa bile, bireysel alacaklar\u0131m\u0131z\u0131n \u00f6denmesine ve cari hesap bakiyemizin kapat\u0131lmas\u0131na kadar bizde kal\u0131r (\u00a7\u00a7 947, 948, 950, 951 BGB). Al\u0131c\u0131, teslim edilen mallar\u0131 ve bunlar\u0131n i\u015flenmesinden kaynaklanan kalemleri yaln\u0131zca ola\u011fan i\u015f ak\u0131\u015f\u0131 i\u00e7inde yeniden satabilir. Sat\u0131n alma s\u00f6zle\u015fmesini imzalayarak, yeniden sat\u0131\u015ftan veya ba\u015fka herhangi bir yasal nedenden dolay\u0131 hak kazand\u0131\u011f\u0131 t\u00fcm talepleri teminat olarak bize devreder. Al\u0131c\u0131, s\u00f6zle\u015fmeye uygun olarak bize kar\u015f\u0131 \u00f6deme y\u00fck\u00fcml\u00fcl\u00fc\u011f\u00fcn\u00fc yerine getirdi\u011fi s\u00fcrece devredilen alacaklar\u0131 tahsil etme yetkisine sahiptir. Temlik edilen alacaklar\u0131n toplam\u0131 ve de\u011feri, teminat alt\u0131na al\u0131nacak alaca\u011f\u0131n nominal tutar\u0131n\u0131 ger\u00e7ek\u00e7i bir \u015fekilde 20%'den fazla a\u015farsa, kendi takdirimize ba\u011fl\u0131 olarak, fazla tutar\u0131n de\u011ferine kadar olan alacaklar\u0131 al\u0131c\u0131ya geri veririz. Aksi takdirde, \u00a7 28 WVB h\u00fck\u00fcmleri ge\u00e7erli olacakt\u0131r.\n<h3>9. m\u00fccbir sebepler<\/h3>\nSorumlu olmad\u0131\u011f\u0131m\u0131z ve s\u00f6zle\u015fmenin imzalanmas\u0131ndan sonra meydana gelen \u00f6ng\u00f6r\u00fclemeyen ve ka\u00e7\u0131n\u0131lmaz bir olay nedeniyle bo\u015faltma veya teslimat y\u00fck\u00fcml\u00fcl\u00fcklerimizi yerine getirmemiz engellenirse, kendi takdirimize ba\u011fl\u0131 olarak s\u00f6zle\u015fmeden \u00e7ekilme veya bo\u015faltma veya teslimat zaman\u0131n\u0131 engelin s\u00fcresi kadar erteleme hakk\u0131na sahip olaca\u011f\u0131z.\n<h3>10. ta\u015f\u0131ma tehlikesi<\/h3>\nTeslimat i\u00e7in nakliye riski, \"al\u0131c\u0131n\u0131n deposuna \u00fccretsiz\" veya benzeri bir anla\u015fma yap\u0131lm\u0131\u015f olsa bile al\u0131c\u0131 taraf\u0131ndan kar\u015f\u0131lanacakt\u0131r; ayn\u0131 durum, \u00f6zellikle var\u0131\u015flar\u0131 gecikirse, nakliye belgelerinin ve di\u011fer belgelerin g\u00f6nderilmesi i\u00e7in de ge\u00e7erli olacakt\u0131r. Belgelerin nakliye s\u0131ras\u0131nda kaybolmas\u0131 halinde, yenisini temin etmekle y\u00fck\u00fcml\u00fc de\u011filiz.\n<h3>11 Yerine getirme yeri, yarg\u0131 yetkisi, kan\u0131t<\/h3>\nYerine getirme yeri M\u00fcnih'tir.\nAnla\u015fmazl\u0131klar bizim takdirimize ba\u011fl\u0131 olarak \"Waren-Verein der Hamburger B\u00f6rse e.V.\" tahkim mahkemesi veya M\u00fcnih'teki ola\u011fan mahkemeler taraf\u0131ndan karara ba\u011flanacakt\u0131r. Al\u0131c\u0131, s\u00f6z konusu tahkim mahkemesi veya M\u00fcnih'teki ola\u011fan mahkemeler nezdinde dava a\u00e7mak isterse, bunu bize bildirmeli ve bildirimin al\u0131nmas\u0131ndan itibaren bir hafta i\u00e7inde se\u00e7im hakk\u0131m\u0131z\u0131 kullanmam\u0131z\u0131 talep etmelidir. Bu s\u00fcre i\u00e7inde bildirimde bulunmad\u0131\u011f\u0131m\u0131z takdirde, se\u00e7im hakk\u0131 al\u0131c\u0131ya ge\u00e7ecektir. Onun karar\u0131 derhal verilmeli ve bize iletilmelidir. Mallar\u0131n veya bir numunenin ihtilafl\u0131 durumu ancak \"Waren-Verein der Hamburger B\u00f6rse e.V. \"nin bilirki\u015filer i\u00e7in prosed\u00fcr kurallar\u0131na uygun olarak elde edilen bir bilirki\u015fi g\u00f6r\u00fc\u015f\u00fc ile kan\u0131tlanabilir.\n\nPAUL M. M\u00dcLLER GMBH\n\n<\/div>\n<\/div>\n<\/div>\n<\/div>\n<\/div>\n<\/div>\n<\/div>\n<\/div>\t\t\t\t\t\t\t\t<\/div>\n\t\t\t\t\t<\/div>\n\t\t<\/div>\n\t\t\t\t\t<\/div>\n\t\t<\/section>\n\t\t<div class=\"elementor-element elementor-element-da78d16 e-flex e-con-boxed e-con e-parent\" data-id=\"da78d16\" data-element_type=\"container\">\n\t\t\t\t\t<div class=\"e-con-inner\">\n\t\t\t\t<div class=\"elementor-element elementor-element-6513c65 elementor-widget elementor-widget-button\" data-id=\"6513c65\" data-element_type=\"widget\" data-widget_type=\"button.default\">\n\t\t\t\t\t\t\t\t\t\t<a class=\"elementor-button elementor-button-link elementor-size-sm\" href=\"https:\/\/paulmmueller.fantomas-staging.de\/wp-content\/uploads\/2024\/04\/240419_PaulMMueller_AGB_DE.pdf\">\n\t\t\t\t\t\t<span class=\"elementor-button-content-wrapper\">\n\t\t\t\t\t\t<span class=\"elementor-button-icon\">\n\t\t\t\t<svg xmlns=\"http:\/\/www.w3.org\/2000\/svg\" width=\"9.121\" height=\"15.414\" viewbox=\"0 0 9.121 15.414\"><path id=\"Pfad_2838\" data-name=\"Pfad 2838\" d=\"M426.32,439.507l7-7-7-7\" transform=\"translate(-425.613 -424.8)\" fill=\"none\" stroke=\"#ffe200\" stroke-miterlimit=\"10\" stroke-width=\"2\"><\/path><\/svg>\t\t\t<\/span>\n\t\t\t\t\t\t\t\t\t<span class=\"elementor-button-text\">AGB'yi PDF olarak indirin<\/span>\n\t\t\t\t\t<\/span>\n\t\t\t\t\t<\/a>\n\t\t\t\t\t\t\t\t<\/div>\n\t\t\t\t\t<\/div>\n\t\t\t\t<\/div>\n\t\t\t\t<\/div>","protected":false},"excerpt":{"rendered":"<p>GENEL \u015eARTLAR VE KO\u015eULLAR Sat\u0131\u015f ve Teslimat \u015eartlar\u0131 ve Ko\u015fullar\u0131 1 Genel T\u00fcm sat\u0131\u015flar, teslimatlar ve yan hizmetler (gelecektekiler dahil), \u00f6zel veya farkl\u0131 h\u00fck\u00fcmler getirilmedi\u011fi s\u00fcrece, \"Waren-Verein der Hamburger B\u00f6rse e.V. \"nin (WVB) halihaz\u0131rda ge\u00e7erli olan \u015fart ve ko\u015fullar\u0131 temelinde sonu\u00e7land\u0131r\u0131l\u0131r ve y\u00fcr\u00fct\u00fcl\u00fcr. Bu h\u00fck\u00fcm ve ko\u015fullar internette www.waren-verein.de adresinde yay\u0131nlanmaktad\u0131r. Al\u0131c\u0131n\u0131n h\u00fck\u00fcm ve ko\u015fullar\u0131 veya [...]<\/p>","protected":false},"author":1,"featured_media":0,"parent":0,"menu_order":15,"comment_status":"closed","ping_status":"closed","template":"","meta":{"_acf_changed":false,"footnotes":""},"class_list":["post-13269","page","type-page","status-publish","hentry"],"acf":[],"yoast_head":"<!-- This site is optimized with the Yoast SEO plugin v25.3.1 - https:\/\/yoast.com\/wordpress\/plugins\/seo\/ -->\n<title>AGB - Paul M. M\u00fcller<\/title>\n<meta name=\"robots\" content=\"index, follow, max-snippet:-1, max-image-preview:large, max-video-preview:-1\" \/>\n<link rel=\"canonical\" href=\"https:\/\/paulmmueller.fantomas-staging.de\/tr\/agb\/\" \/>\n<meta property=\"og:locale\" content=\"tr_TR\" \/>\n<meta property=\"og:type\" content=\"article\" \/>\n<meta property=\"og:title\" content=\"AGB - Paul M. M\u00fcller\" \/>\n<meta property=\"og:description\" content=\"ALLGEMEINE GESCH\u00c4FTSBEDINGUNGEN Verkaufs- und Lieferbedingungen 1. Allgemeines Alle Verk\u00e4ufe, Lieferungen und Nebenleistungen (auch die zuku\u0308nftigen) werden, soweit keine besonderen oder abweichenden Regelungen getroffen worden sind, auf der Grundlage der jeweils gu\u0308ltigen Gesch\u00e4ftsbedingungen des \u201eWaren-Vereins der Hamburger B\u00f6rse e.V.\u201c (WVB) abgeschlossen und durchgefu\u0308hrt. Diese Gesch\u00e4ftsbedingungen sind im Internet unter www.waren-verein.de ver\u00f6ffentlicht. Die Gesch\u00e4ftsbedingungen des K\u00e4ufers oder [&hellip;]\" \/>\n<meta property=\"og:url\" content=\"https:\/\/paulmmueller.fantomas-staging.de\/tr\/agb\/\" \/>\n<meta property=\"og:site_name\" content=\"Paul M. M\u00fcller\" \/>\n<meta property=\"article:publisher\" content=\"https:\/\/www.facebook.com\/paulmmuellergmbh\/\" \/>\n<meta property=\"article:modified_time\" content=\"2024-04-20T15:38:42+00:00\" \/>\n<meta name=\"twitter:card\" content=\"summary_large_image\" \/>\n<meta name=\"twitter:site\" content=\"@PaulMMller1\" \/>\n<script type=\"application\/ld+json\" class=\"yoast-schema-graph\">{\"@context\":\"https:\/\/schema.org\",\"@graph\":[{\"@type\":\"WebPage\",\"@id\":\"https:\/\/paulmmueller.fantomas-staging.de\/agb\/\",\"url\":\"https:\/\/paulmmueller.fantomas-staging.de\/agb\/\",\"name\":\"AGB - Paul M. M\u00fcller\",\"isPartOf\":{\"@id\":\"https:\/\/paulmmueller.fantomas-staging.de\/en\/#website\"},\"datePublished\":\"2022-07-16T15:33:30+00:00\",\"dateModified\":\"2024-04-20T15:38:42+00:00\",\"breadcrumb\":{\"@id\":\"https:\/\/paulmmueller.fantomas-staging.de\/agb\/#breadcrumb\"},\"inLanguage\":\"tr\",\"potentialAction\":[{\"@type\":\"ReadAction\",\"target\":[\"https:\/\/paulmmueller.fantomas-staging.de\/agb\/\"]}]},{\"@type\":\"BreadcrumbList\",\"@id\":\"https:\/\/paulmmueller.fantomas-staging.de\/agb\/#breadcrumb\",\"itemListElement\":[{\"@type\":\"ListItem\",\"position\":1,\"name\":\"Home\",\"item\":\"https:\/\/paulmmueller.fantomas-staging.de\/\"},{\"@type\":\"ListItem\",\"position\":2,\"name\":\"AGB\"}]},{\"@type\":\"WebSite\",\"@id\":\"https:\/\/paulmmueller.fantomas-staging.de\/en\/#website\",\"url\":\"https:\/\/paulmmueller.fantomas-staging.de\/en\/\",\"name\":\"Paul M. M\u00fcller\",\"description\":\"Die Food Marken Macher\",\"publisher\":{\"@id\":\"https:\/\/paulmmueller.fantomas-staging.de\/en\/#organization\"},\"potentialAction\":[{\"@type\":\"SearchAction\",\"target\":{\"@type\":\"EntryPoint\",\"urlTemplate\":\"https:\/\/paulmmueller.fantomas-staging.de\/en\/?s={search_term_string}\"},\"query-input\":{\"@type\":\"PropertyValueSpecification\",\"valueRequired\":true,\"valueName\":\"search_term_string\"}}],\"inLanguage\":\"tr\"},{\"@type\":\"Organization\",\"@id\":\"https:\/\/paulmmueller.fantomas-staging.de\/en\/#organization\",\"name\":\"Paul M. M\u00fcller GmbH\",\"url\":\"https:\/\/paulmmueller.fantomas-staging.de\/en\/\",\"logo\":{\"@type\":\"ImageObject\",\"inLanguage\":\"tr\",\"@id\":\"https:\/\/paulmmueller.fantomas-staging.de\/en\/#\/schema\/logo\/image\/\",\"url\":\"https:\/\/paulmmueller.fantomas-staging.de\/wp-content\/uploads\/2022\/08\/PaulMMueller_2021_EN.svg\",\"contentUrl\":\"https:\/\/paulmmueller.fantomas-staging.de\/wp-content\/uploads\/2022\/08\/PaulMMueller_2021_EN.svg\",\"width\":730,\"height\":137,\"caption\":\"Paul M. M\u00fcller GmbH\"},\"image\":{\"@id\":\"https:\/\/paulmmueller.fantomas-staging.de\/en\/#\/schema\/logo\/image\/\"},\"sameAs\":[\"https:\/\/www.facebook.com\/paulmmuellergmbh\/\",\"https:\/\/x.com\/PaulMMller1\",\"https:\/\/www.instagram.com\/paul_m._mueller_gmbh\/\",\"https:\/\/www.linkedin.com\/company\/17897510\/\",\"https:\/\/www.xing.com\/companies\/paulm.mllergmbh\"]}]}<\/script>\n<!-- \/ Yoast SEO plugin. -->","yoast_head_json":{"title":"AGB - Paul M. M\u00fcller","robots":{"index":"index","follow":"follow","max-snippet":"max-snippet:-1","max-image-preview":"max-image-preview:large","max-video-preview":"max-video-preview:-1"},"canonical":"https:\/\/paulmmueller.fantomas-staging.de\/tr\/agb\/","og_locale":"tr_TR","og_type":"article","og_title":"AGB - Paul M. M\u00fcller","og_description":"ALLGEMEINE GESCH\u00c4FTSBEDINGUNGEN Verkaufs- und Lieferbedingungen 1. Allgemeines Alle Verk\u00e4ufe, Lieferungen und Nebenleistungen (auch die zuku\u0308nftigen) werden, soweit keine besonderen oder abweichenden Regelungen getroffen worden sind, auf der Grundlage der jeweils gu\u0308ltigen Gesch\u00e4ftsbedingungen des \u201eWaren-Vereins der Hamburger B\u00f6rse e.V.\u201c (WVB) abgeschlossen und durchgefu\u0308hrt. Diese Gesch\u00e4ftsbedingungen sind im Internet unter www.waren-verein.de ver\u00f6ffentlicht. Die Gesch\u00e4ftsbedingungen des K\u00e4ufers oder [&hellip;]","og_url":"https:\/\/paulmmueller.fantomas-staging.de\/tr\/agb\/","og_site_name":"Paul M. M\u00fcller","article_publisher":"https:\/\/www.facebook.com\/paulmmuellergmbh\/","article_modified_time":"2024-04-20T15:38:42+00:00","twitter_card":"summary_large_image","twitter_site":"@PaulMMller1","schema":{"@context":"https:\/\/schema.org","@graph":[{"@type":"WebPage","@id":"https:\/\/paulmmueller.fantomas-staging.de\/agb\/","url":"https:\/\/paulmmueller.fantomas-staging.de\/agb\/","name":"AGB - Paul M. M\u00fcller","isPartOf":{"@id":"https:\/\/paulmmueller.fantomas-staging.de\/en\/#website"},"datePublished":"2022-07-16T15:33:30+00:00","dateModified":"2024-04-20T15:38:42+00:00","breadcrumb":{"@id":"https:\/\/paulmmueller.fantomas-staging.de\/agb\/#breadcrumb"},"inLanguage":"tr","potentialAction":[{"@type":"ReadAction","target":["https:\/\/paulmmueller.fantomas-staging.de\/agb\/"]}]},{"@type":"BreadcrumbList","@id":"https:\/\/paulmmueller.fantomas-staging.de\/agb\/#breadcrumb","itemListElement":[{"@type":"ListItem","position":1,"name":"Home","item":"https:\/\/paulmmueller.fantomas-staging.de\/"},{"@type":"ListItem","position":2,"name":"AGB"}]},{"@type":"WebSite","@id":"https:\/\/paulmmueller.fantomas-staging.de\/en\/#website","url":"https:\/\/paulmmueller.fantomas-staging.de\/en\/","name":"Paul M. M\u00fcller","description":"Die Food Marken Macher","publisher":{"@id":"https:\/\/paulmmueller.fantomas-staging.de\/en\/#organization"},"potentialAction":[{"@type":"SearchAction","target":{"@type":"EntryPoint","urlTemplate":"https:\/\/paulmmueller.fantomas-staging.de\/en\/?s={search_term_string}"},"query-input":{"@type":"PropertyValueSpecification","valueRequired":true,"valueName":"search_term_string"}}],"inLanguage":"tr"},{"@type":"Organization","@id":"https:\/\/paulmmueller.fantomas-staging.de\/en\/#organization","name":"Paul M. M\u00fcller GmbH","url":"https:\/\/paulmmueller.fantomas-staging.de\/en\/","logo":{"@type":"ImageObject","inLanguage":"tr","@id":"https:\/\/paulmmueller.fantomas-staging.de\/en\/#\/schema\/logo\/image\/","url":"https:\/\/paulmmueller.fantomas-staging.de\/wp-content\/uploads\/2022\/08\/PaulMMueller_2021_EN.svg","contentUrl":"https:\/\/paulmmueller.fantomas-staging.de\/wp-content\/uploads\/2022\/08\/PaulMMueller_2021_EN.svg","width":730,"height":137,"caption":"Paul M. M\u00fcller GmbH"},"image":{"@id":"https:\/\/paulmmueller.fantomas-staging.de\/en\/#\/schema\/logo\/image\/"},"sameAs":["https:\/\/www.facebook.com\/paulmmuellergmbh\/","https:\/\/x.com\/PaulMMller1","https:\/\/www.instagram.com\/paul_m._mueller_gmbh\/","https:\/\/www.linkedin.com\/company\/17897510\/","https:\/\/www.xing.com\/companies\/paulm.mllergmbh"]}]}},"_links":{"self":[{"href":"https:\/\/paulmmueller.fantomas-staging.de\/tr\/wp-json\/wp\/v2\/pages\/13269","targetHints":{"allow":["GET"]}}],"collection":[{"href":"https:\/\/paulmmueller.fantomas-staging.de\/tr\/wp-json\/wp\/v2\/pages"}],"about":[{"href":"https:\/\/paulmmueller.fantomas-staging.de\/tr\/wp-json\/wp\/v2\/types\/page"}],"author":[{"embeddable":true,"href":"https:\/\/paulmmueller.fantomas-staging.de\/tr\/wp-json\/wp\/v2\/users\/1"}],"replies":[{"embeddable":true,"href":"https:\/\/paulmmueller.fantomas-staging.de\/tr\/wp-json\/wp\/v2\/comments?post=13269"}],"version-history":[{"count":10,"href":"https:\/\/paulmmueller.fantomas-staging.de\/tr\/wp-json\/wp\/v2\/pages\/13269\/revisions"}],"predecessor-version":[{"id":19702,"href":"https:\/\/paulmmueller.fantomas-staging.de\/tr\/wp-json\/wp\/v2\/pages\/13269\/revisions\/19702"}],"wp:attachment":[{"href":"https:\/\/paulmmueller.fantomas-staging.de\/tr\/wp-json\/wp\/v2\/media?parent=13269"}],"curies":[{"name":"wp","href":"https:\/\/api.w.org\/{rel}","templated":true}]}}