{"id":23868,"date":"2025-01-21T09:16:58","date_gmt":"2025-01-21T08:16:58","guid":{"rendered":"https:\/\/paulmmueller.com\/?page_id=23868"},"modified":"2025-01-21T11:40:39","modified_gmt":"2025-01-21T10:40:39","slug":"pmm-spendenaktion-smuenchnerherz","status":"publish","type":"page","link":"https:\/\/paulmmueller.fantomas-staging.de\/tr\/pmm-bagis-kampanyasi-smuenchnerherz\/","title":{"rendered":"PMM ba\u011f\u0131\u015f toplama kampanyas\u0131 s'M\u00fcnchner Herz"},"content":{"rendered":"<div data-elementor-type=\"wp-page\" data-elementor-id=\"23868\" class=\"elementor elementor-23868\" data-elementor-post-type=\"page\">\n\t\t\t\t<div data-dce-background-color=\"#315445\" class=\"elementor-element elementor-element-0e9a52d e-flex e-con-boxed e-con e-parent\" data-id=\"0e9a52d\" data-element_type=\"container\" data-settings=\"{&quot;background_background&quot;:&quot;classic&quot;}\">\n\t\t\t\t\t<div class=\"e-con-inner\">\n\t\t\t\t<div class=\"elementor-element elementor-element-5ae8cec dce_masking-none elementor-widget elementor-widget-image\" data-id=\"5ae8cec\" data-element_type=\"widget\" data-widget_type=\"image.default\">\n\t\t\t\t\t\t\t\t\t\t\t\t\t\t\t<img fetchpriority=\"high\" decoding=\"async\" width=\"800\" height=\"286\" src=\"https:\/\/paulmmueller.fantomas-staging.de\/wp-content\/uploads\/2025\/01\/1_danke-1024x366.png\" class=\"attachment-large size-large wp-image-23928\" alt=\"\" srcset=\"https:\/\/paulmmueller.fantomas-staging.de\/wp-content\/uploads\/2025\/01\/1_danke-1024x366.png 1024w, https:\/\/paulmmueller.fantomas-staging.de\/wp-content\/uploads\/2025\/01\/1_danke-300x107.png 300w, https:\/\/paulmmueller.fantomas-staging.de\/wp-content\/uploads\/2025\/01\/1_danke-768x274.png 768w, https:\/\/paulmmueller.fantomas-staging.de\/wp-content\/uploads\/2025\/01\/1_danke-1536x549.png 1536w, https:\/\/paulmmueller.fantomas-staging.de\/wp-content\/uploads\/2025\/01\/1_danke-2048x731.png 2048w, https:\/\/paulmmueller.fantomas-staging.de\/wp-content\/uploads\/2025\/01\/1_danke-18x6.png 18w\" sizes=\"(max-width: 800px) 100vw, 800px\" \/>\t\t\t\t\t\t\t\t\t\t\t\t\t\t\t<\/div>\n\t\t\t\t<div class=\"elementor-element elementor-element-390e91b elementor-widget elementor-widget-text-editor\" data-id=\"390e91b\" data-element_type=\"widget\" data-widget_type=\"text-editor.default\">\n\t\t\t\t\t\t\t\t\t<p>Slot makinemizde inan\u0131lmaz \u015fanslara sahipsiniz<br \/><strong>23,560 kutu won<\/strong>! <br \/>E\u015fde\u011fer miktarda ba\u011f\u0131\u015fta bulunuyoruz<\/p>\t\t\t\t\t\t\t\t<\/div>\n\t\t\t\t<div class=\"elementor-element elementor-element-8596a76 elementor-widget elementor-widget-text-editor\" data-id=\"8596a76\" data-element_type=\"widget\" data-widget_type=\"text-editor.default\">\n\t\t\t\t\t\t\t\t\t<p>5.000 \u20ac<\/p>\t\t\t\t\t\t\t\t<\/div>\n\t\t\t\t<div class=\"elementor-element elementor-element-6326d90 elementor-widget elementor-widget-text-editor\" data-id=\"6326d90\" data-element_type=\"widget\" data-settings=\"{&quot;enabled_visibility&quot;:&quot;yes&quot;,&quot;dce_visibility_selected&quot;:&quot;yes&quot;}\" data-widget_type=\"text-editor.default\">\n\t\t\t\t\t\t\t\t\t<p>vakfa <a href=\"https:\/\/smuenchnerherz.de\/\">M\u00fcnih'in kalbi<\/a>!<\/p>\t\t\t\t\t\t\t\t<\/div>\n\t\t<!-- dce invisible element 81e1400 -->\t\t\t<\/div>\n\t\t\t\t<\/div>\n\t\t<div data-dce-background-color=\"#315445\" class=\"elementor-element elementor-element-3d6f0c4 e-flex e-con-boxed e-con e-child\" data-id=\"3d6f0c4\" data-element_type=\"container\" data-settings=\"{&quot;background_background&quot;:&quot;gradient&quot;}\">\n\t\t\t\t\t<div class=\"e-con-inner\">\n\t\t\t\t<div class=\"elementor-element elementor-element-2c2644d dce_masking-none elementor-widget elementor-widget-image\" data-id=\"2c2644d\" data-element_type=\"widget\" data-settings=\"{&quot;enabled_visibility&quot;:&quot;yes&quot;,&quot;dce_visibility_selected&quot;:&quot;yes&quot;}\" data-widget_type=\"image.default\">\n\t\t\t\t\t\t\t\t\t\t\t\t\t\t\t<img decoding=\"async\" width=\"2569\" height=\"2652\" src=\"https:\/\/paulmmueller.fantomas-staging.de\/wp-content\/uploads\/2025\/01\/1_Automat_Scheckuebergabe_Desktop-min.png\" class=\"attachment-full size-full wp-image-23970\" alt=\"\" srcset=\"https:\/\/paulmmueller.fantomas-staging.de\/wp-content\/uploads\/2025\/01\/1_Automat_Scheckuebergabe_Desktop-min.png 2569w, https:\/\/paulmmueller.fantomas-staging.de\/wp-content\/uploads\/2025\/01\/1_Automat_Scheckuebergabe_Desktop-min-291x300.png 291w, https:\/\/paulmmueller.fantomas-staging.de\/wp-content\/uploads\/2025\/01\/1_Automat_Scheckuebergabe_Desktop-min-992x1024.png 992w, https:\/\/paulmmueller.fantomas-staging.de\/wp-content\/uploads\/2025\/01\/1_Automat_Scheckuebergabe_Desktop-min-768x793.png 768w, https:\/\/paulmmueller.fantomas-staging.de\/wp-content\/uploads\/2025\/01\/1_Automat_Scheckuebergabe_Desktop-min-1488x1536.png 1488w, https:\/\/paulmmueller.fantomas-staging.de\/wp-content\/uploads\/2025\/01\/1_Automat_Scheckuebergabe_Desktop-min-1984x2048.png 1984w, https:\/\/paulmmueller.fantomas-staging.de\/wp-content\/uploads\/2025\/01\/1_Automat_Scheckuebergabe_Desktop-min-12x12.png 12w\" sizes=\"(max-width: 2569px) 100vw, 2569px\" \/>\t\t\t\t\t\t\t\t\t\t\t\t\t\t\t<\/div>\n\t\t<!-- dce invisible element d475e46 -->\t\t\t<\/div>\n\t\t\t\t<\/div>\n\t\t<div class=\"elementor-element elementor-element-fb802e7 e-flex e-con-boxed e-con e-parent\" data-id=\"fb802e7\" data-element_type=\"container\">\n\t\t\t\t\t<div class=\"e-con-inner\">\n\t\t\t\t<div class=\"elementor-element elementor-element-32959d4 elementor-widget elementor-widget-heading\" data-id=\"32959d4\" data-element_type=\"widget\" data-widget_type=\"heading.default\">\n\t\t\t\t\t<h2 class=\"elementor-heading-title elementor-size-default\">BA\u011eI\u015eLARIN TESLIMI<\/h2>\t\t\t\t<\/div>\n\t\t\t\t<div class=\"elementor-element elementor-element-30c874f elementor-widget elementor-widget-heading\" data-id=\"30c874f\" data-element_type=\"widget\" data-widget_type=\"heading.default\">\n\t\t\t\t\t<h2 class=\"elementor-heading-title elementor-size-default\">OCAK 2025'TE<\/h2>\t\t\t\t<\/div>\n\t\t\t\t\t<\/div>\n\t\t\t\t<\/div>\n\t\t<div class=\"elementor-element elementor-element-a46abd7 e-flex e-con-boxed e-con e-parent\" data-id=\"a46abd7\" data-element_type=\"container\">\n\t\t\t\t\t<div class=\"e-con-inner\">\n\t\t\t\t<div class=\"elementor-element elementor-element-da63911 elementor-widget elementor-widget-text-editor\" data-id=\"da63911\" data-element_type=\"widget\" data-widget_type=\"text-editor.default\">\n\t\t\t\t\t\t\t\t\t<p>Steinberg ailesi ve \"<a href=\"https:\/\/smuenchnerherz.de\/\">M\u00fcnih'in kalbi<\/a>\". Perlach, Laim, Milbertshofen ve Hadern mahallelerinde, sosyal a\u00e7\u0131dan dezavantajl\u0131 insanlar i\u00e7in temas noktalar\u0131 olarak hizmet veren odalar olu\u015fturulmu\u015ftur. \u0130ster bir giyim ma\u011fazas\u0131, ister m\u00fczik ya da dans dersleri, bir bisiklet at\u00f6lyesi ya da ortak bir kahvalt\u0131 olsun - buras\u0131 toplulu\u011fun aktif olarak ya\u015fand\u0131\u011f\u0131 yerdir.<\/p>\t\t\t\t\t\t\t\t<\/div>\n\t\t\t\t<div class=\"elementor-element elementor-element-f3688c2 elementor-widget elementor-widget-text-editor\" data-id=\"f3688c2\" data-element_type=\"widget\" data-widget_type=\"text-editor.default\">\n\t\t\t\t\t\t\t\t\t<div class=\"page\" title=\"Sayfa 1\"><div class=\"section\"><div class=\"layoutArea\"><div class=\"column\"><p>Genel M\u00fcd\u00fcr\u00fcm\u00fcz Thomas Schneidawind \"Perlacher Herz \"i ziyaret etti ve Noel kampanyam\u0131z\u0131n bir par\u00e7as\u0131 olarak toplad\u0131\u011f\u0131m\u0131z ba\u011f\u0131\u015f\u0131 teslim etti. M\u00fc\u015fterilerimiz, tedarik\u00e7ilerimiz, ortaklar\u0131m\u0131z ve bize yak\u0131n bir\u00e7ok ki\u015fi birlikte dijital bir slot makinesinde 23.560 kutu oynad\u0131. Kutu ba\u015f\u0131na 0.20 Euro'luk sanal bir de\u011ferle bu 5.000 Euro'ya denk geliyor. Bunun i\u00e7in diyoruz ki: TE\u015eEKK\u00dcRLER! Gelecekte de \"<a href=\"https:\/\/smuenchnerherz.de\/\">M\u00fcnih'in kalbi<\/a>\" ve Paul M. M\u00fcller yak\u0131n i\u015fbirli\u011fi i\u00e7inde \u00e7al\u0131\u015fmaktad\u0131r.<\/p><\/div><\/div><\/div><\/div>\t\t\t\t\t\t\t\t<\/div>\n\t\t\t\t\t<\/div>\n\t\t\t\t<\/div>\n\t\t<div data-dce-background-image-url=\"https:\/\/paulmmueller.fantomas-staging.de\/wp-content\/uploads\/2025\/01\/2_Polaroid_Desktop-min.png\" class=\"elementor-element elementor-element-38af2c0 e-flex e-con-boxed e-con e-parent\" data-id=\"38af2c0\" data-element_type=\"container\" data-settings=\"{&quot;background_background&quot;:&quot;classic&quot;,&quot;enabled_visibility&quot;:&quot;yes&quot;,&quot;dce_visibility_selected&quot;:&quot;yes&quot;}\">\n\t\t\t\t\t<div class=\"e-con-inner\">\n\t\t\t\t<div class=\"elementor-element elementor-element-dde77a4 dce_masking-none elementor-widget elementor-widget-video\" data-id=\"dde77a4\" data-element_type=\"widget\" data-settings=\"{&quot;video_type&quot;:&quot;hosted&quot;,&quot;show_image_overlay&quot;:&quot;yes&quot;,&quot;image_overlay&quot;:{&quot;url&quot;:&quot;https:\\\/\\\/paulmmueller.fantomas-staging.de\\\/wp-content\\\/uploads\\\/2025\\\/01\\\/5_PMM_Scheckuebergabe_Vorschaubild-min.png&quot;,&quot;id&quot;:23891,&quot;size&quot;:&quot;&quot;,&quot;alt&quot;:&quot;&quot;,&quot;source&quot;:&quot;library&quot;},&quot;lightbox&quot;:&quot;yes&quot;}\" data-widget_type=\"video.default\">\n\t\t\t\t\t\t\t<div class=\"e-hosted-video elementor-wrapper elementor-open-lightbox\">\n\t\t\t\t\t\t\t<div class=\"elementor-custom-embed-image-overlay\" data-elementor-open-lightbox=\"yes\" data-elementor-lightbox=\"{&quot;type&quot;:&quot;video&quot;,&quot;videoType&quot;:&quot;hosted&quot;,&quot;url&quot;:&quot;https:\\\/\\\/paulmmueller.fantomas-staging.de\\\/wp-content\\\/uploads\\\/2025\\\/01\\\/5_PMM_Scheckuebergabe_Ton_min.mp4&quot;,&quot;autoplay&quot;:&quot;&quot;,&quot;modalOptions&quot;:{&quot;id&quot;:&quot;elementor-lightbox-dde77a4&quot;,&quot;entranceAnimation&quot;:&quot;&quot;,&quot;entranceAnimation_tablet&quot;:&quot;&quot;,&quot;entranceAnimation_mobile&quot;:&quot;&quot;,&quot;videoAspectRatio&quot;:&quot;916&quot;},&quot;videoParams&quot;:{&quot;preload&quot;:&quot;metadata&quot;,&quot;controlsList&quot;:&quot;nodownload&quot;,&quot;poster&quot;:&quot;https:\\\/\\\/paulmmueller.fantomas-staging.de\\\/wp-content\\\/uploads\\\/2025\\\/01\\\/5_PMM_Scheckuebergabe_Vorschaubild-min.png&quot;}}\" data-e-action-hash=\"#elementor-action%3Aaction%3Dlightbox%26settings%3DeyJ0eXBlIjoidmlkZW8iLCJ2aWRlb1R5cGUiOiJob3N0ZWQiLCJ1cmwiOiJodHRwczpcL1wvcGF1bG1tdWVsbGVyLmZhbnRvbWFzLXN0YWdpbmcuZGVcL3dwLWNvbnRlbnRcL3VwbG9hZHNcLzIwMjVcLzAxXC81X1BNTV9TY2hlY2t1ZWJlcmdhYmVfVG9uX21pbi5tcDQiLCJhdXRvcGxheSI6IiIsIm1vZGFsT3B0aW9ucyI6eyJpZCI6ImVsZW1lbnRvci1saWdodGJveC1kZGU3N2E0IiwiZW50cmFuY2VBbmltYXRpb24iOiIiLCJlbnRyYW5jZUFuaW1hdGlvbl90YWJsZXQiOiIiLCJlbnRyYW5jZUFuaW1hdGlvbl9tb2JpbGUiOiIiLCJ2aWRlb0FzcGVjdFJhdGlvIjoiOTE2In0sInZpZGVvUGFyYW1zIjp7InByZWxvYWQiOiJtZXRhZGF0YSIsImNvbnRyb2xzTGlzdCI6Im5vZG93bmxvYWQiLCJwb3N0ZXIiOiJodHRwczpcL1wvcGF1bG1tdWVsbGVyLmZhbnRvbWFzLXN0YWdpbmcuZGVcL3dwLWNvbnRlbnRcL3VwbG9hZHNcLzIwMjVcLzAxXC81X1BNTV9TY2hlY2t1ZWJlcmdhYmVfVm9yc2NoYXViaWxkLW1pbi5wbmcifX0%3D\">\n\t\t\t\t\t\t\t\t\t\t\t<img decoding=\"async\" width=\"1080\" height=\"1920\" src=\"https:\/\/paulmmueller.fantomas-staging.de\/wp-content\/uploads\/2025\/01\/5_PMM_Scheckuebergabe_Vorschaubild-min.png\" class=\"attachment-full size-full wp-image-23891\" alt=\"\" srcset=\"https:\/\/paulmmueller.fantomas-staging.de\/wp-content\/uploads\/2025\/01\/5_PMM_Scheckuebergabe_Vorschaubild-min.png 1080w, https:\/\/paulmmueller.fantomas-staging.de\/wp-content\/uploads\/2025\/01\/5_PMM_Scheckuebergabe_Vorschaubild-min-169x300.png 169w, https:\/\/paulmmueller.fantomas-staging.de\/wp-content\/uploads\/2025\/01\/5_PMM_Scheckuebergabe_Vorschaubild-min-576x1024.png 576w, https:\/\/paulmmueller.fantomas-staging.de\/wp-content\/uploads\/2025\/01\/5_PMM_Scheckuebergabe_Vorschaubild-min-768x1365.png 768w, https:\/\/paulmmueller.fantomas-staging.de\/wp-content\/uploads\/2025\/01\/5_PMM_Scheckuebergabe_Vorschaubild-min-864x1536.png 864w, https:\/\/paulmmueller.fantomas-staging.de\/wp-content\/uploads\/2025\/01\/5_PMM_Scheckuebergabe_Vorschaubild-min-7x12.png 7w\" sizes=\"(max-width: 1080px) 100vw, 1080px\" \/>\t\t\t\t\t\t\t\t\t\t\t\t\t\t\t\t<div class=\"elementor-custom-embed-play\" role=\"button\" aria-label=\"Videoyu Oynat\" tabindex=\"0\">\n\t\t\t\t\t\t\t<svg xmlns=\"http:\/\/www.w3.org\/2000\/svg\" xmlns:xlink=\"http:\/\/www.w3.org\/1999\/xlink\" id=\"Ebene_1\" x=\"0px\" y=\"0px\" viewbox=\"0 0 100 100\" style=\"enable-background:new 0 0 100 100;\" xml:space=\"preserve\"> <style type=\"text\/css\"> .st0{opacity:0.8;fill:#FFFFFF;} <\/style> <polygon class=\"st0\" points=\"10,90 10,10 90,49.9 \"><\/polygon> <\/svg>\t\t\t\t\t\t<\/div>\n\t\t\t\t\t\t\t\t\t<\/div>\n\t\t\t\t\t<\/div>\n\t\t\t\t\t\t<\/div>\n\t\t\t\t\t<\/div>\n\t\t\t\t<\/div>\n\t\t<div class=\"elementor-element elementor-element-66499b1 e-con-full e-flex e-con e-parent\" data-id=\"66499b1\" data-element_type=\"container\">\n\t\t<!-- dce invisible element dab0bba --><!-- dce invisible element c1b61e0 -->\t\t<\/div>\n\t\t\t\t<\/div>","protected":false},"excerpt":{"rendered":"<p>Slot makinemizde inan\u0131lmaz bir 23.560 kutu kazand\u0131n\u0131z! M\u00fcnih Kalp Vakf\u0131'na 5.000 \u20ac de\u011ferinde ba\u011f\u0131\u015fta bulunuyoruz! M\u00fcnih Kalp Vakf\u0131'na! OCAK 2025'TE BA\u011eI\u015e YAPILIYOR Steinberg ailesi ve \"M\u00fcnchner Herz\" vakf\u0131 \u00e7al\u0131\u015fanlar\u0131n\u0131n kalpleri do\u011fru yerde. Perlach, Laim, [...] mahallelerinde<\/p>","protected":false},"author":9,"featured_media":0,"parent":0,"menu_order":2,"comment_status":"closed","ping_status":"closed","template":"","meta":{"_acf_changed":false,"footnotes":""},"class_list":["post-23868","page","type-page","status-publish","hentry"],"acf":[],"yoast_head":"<!-- This site is optimized with the Yoast SEO plugin v25.3.1 - https:\/\/yoast.com\/wordpress\/plugins\/seo\/ -->\n<title>PMM Spendenaktion s&#039;M\u00fcnchner Herz - Paul M. M\u00fcller<\/title>\n<meta name=\"robots\" content=\"index, follow, max-snippet:-1, max-image-preview:large, max-video-preview:-1\" \/>\n<link rel=\"canonical\" href=\"https:\/\/paulmmueller.fantomas-staging.de\/tr\/pmm-bagis-kampanyasi-smuenchnerherz\/\" \/>\n<meta property=\"og:locale\" content=\"tr_TR\" \/>\n<meta property=\"og:type\" content=\"article\" \/>\n<meta property=\"og:title\" content=\"PMM Spendenaktion s&#039;M\u00fcnchner Herz - Paul M. M\u00fcller\" \/>\n<meta property=\"og:description\" content=\"Sie haben an unserem Spielautomaten unglaubliche23.560 Dosen erspielt! Diese spenden wir umgerechnet als Spendensumme von 5.000 \u20ac an die Stiftung \u2019s M\u00fcnchner Herz! an die Stiftung\u2019s M\u00fcnchner Herz! SPENDEN\u00dcBERGABE IM JANUAR 2025 Das Herz am rechten Fleck \u2013 das haben Familie Steinberg und die Mitarbeiter*innen der Stiftung \u201e\u2019s M\u00fcnchner Herz\u201c. In den Stadtteilen Perlach, Laim, [&hellip;]\" \/>\n<meta property=\"og:url\" content=\"https:\/\/paulmmueller.fantomas-staging.de\/tr\/pmm-bagis-kampanyasi-smuenchnerherz\/\" \/>\n<meta property=\"og:site_name\" content=\"Paul M. M\u00fcller\" \/>\n<meta property=\"article:publisher\" content=\"https:\/\/www.facebook.com\/paulmmuellergmbh\/\" \/>\n<meta property=\"article:modified_time\" content=\"2025-01-21T10:40:39+00:00\" \/>\n<meta property=\"og:image\" content=\"https:\/\/paulmmueller.fantomas-staging.de\/wp-content\/uploads\/2025\/01\/1_danke.png\" \/>\n\t<meta property=\"og:image:width\" content=\"2100\" \/>\n\t<meta property=\"og:image:height\" content=\"750\" \/>\n\t<meta property=\"og:image:type\" content=\"image\/png\" \/>\n<meta name=\"twitter:card\" content=\"summary_large_image\" \/>\n<meta name=\"twitter:site\" content=\"@PaulMMller1\" \/>\n<script type=\"application\/ld+json\" class=\"yoast-schema-graph\">{\"@context\":\"https:\/\/schema.org\",\"@graph\":[{\"@type\":\"WebPage\",\"@id\":\"https:\/\/paulmmueller.fantomas-staging.de\/pmm-spendenaktion-smuenchnerherz\/\",\"url\":\"https:\/\/paulmmueller.fantomas-staging.de\/pmm-spendenaktion-smuenchnerherz\/\",\"name\":\"PMM Spendenaktion s'M\u00fcnchner Herz - Paul M. M\u00fcller\",\"isPartOf\":{\"@id\":\"https:\/\/paulmmueller.fantomas-staging.de\/en\/#website\"},\"primaryImageOfPage\":{\"@id\":\"https:\/\/paulmmueller.fantomas-staging.de\/pmm-spendenaktion-smuenchnerherz\/#primaryimage\"},\"image\":{\"@id\":\"https:\/\/paulmmueller.fantomas-staging.de\/pmm-spendenaktion-smuenchnerherz\/#primaryimage\"},\"thumbnailUrl\":\"https:\/\/paulmmueller.fantomas-staging.de\/wp-content\/uploads\/2025\/01\/1_danke-1024x366.png\",\"datePublished\":\"2025-01-21T08:16:58+00:00\",\"dateModified\":\"2025-01-21T10:40:39+00:00\",\"breadcrumb\":{\"@id\":\"https:\/\/paulmmueller.fantomas-staging.de\/pmm-spendenaktion-smuenchnerherz\/#breadcrumb\"},\"inLanguage\":\"tr\",\"potentialAction\":[{\"@type\":\"ReadAction\",\"target\":[\"https:\/\/paulmmueller.fantomas-staging.de\/pmm-spendenaktion-smuenchnerherz\/\"]}]},{\"@type\":\"ImageObject\",\"inLanguage\":\"tr\",\"@id\":\"https:\/\/paulmmueller.fantomas-staging.de\/pmm-spendenaktion-smuenchnerherz\/#primaryimage\",\"url\":\"https:\/\/paulmmueller.fantomas-staging.de\/wp-content\/uploads\/2025\/01\/1_danke-1024x366.png\",\"contentUrl\":\"https:\/\/paulmmueller.fantomas-staging.de\/wp-content\/uploads\/2025\/01\/1_danke-1024x366.png\"},{\"@type\":\"BreadcrumbList\",\"@id\":\"https:\/\/paulmmueller.fantomas-staging.de\/pmm-spendenaktion-smuenchnerherz\/#breadcrumb\",\"itemListElement\":[{\"@type\":\"ListItem\",\"position\":1,\"name\":\"Home\",\"item\":\"https:\/\/paulmmueller.fantomas-staging.de\/\"},{\"@type\":\"ListItem\",\"position\":2,\"name\":\"PMM Spendenaktion s&#8217;M\u00fcnchner Herz\"}]},{\"@type\":\"WebSite\",\"@id\":\"https:\/\/paulmmueller.fantomas-staging.de\/en\/#website\",\"url\":\"https:\/\/paulmmueller.fantomas-staging.de\/en\/\",\"name\":\"Paul M. M\u00fcller\",\"description\":\"Die Food Marken Macher\",\"publisher\":{\"@id\":\"https:\/\/paulmmueller.fantomas-staging.de\/en\/#organization\"},\"potentialAction\":[{\"@type\":\"SearchAction\",\"target\":{\"@type\":\"EntryPoint\",\"urlTemplate\":\"https:\/\/paulmmueller.fantomas-staging.de\/en\/?s={search_term_string}\"},\"query-input\":{\"@type\":\"PropertyValueSpecification\",\"valueRequired\":true,\"valueName\":\"search_term_string\"}}],\"inLanguage\":\"tr\"},{\"@type\":\"Organization\",\"@id\":\"https:\/\/paulmmueller.fantomas-staging.de\/en\/#organization\",\"name\":\"Paul M. M\u00fcller GmbH\",\"url\":\"https:\/\/paulmmueller.fantomas-staging.de\/en\/\",\"logo\":{\"@type\":\"ImageObject\",\"inLanguage\":\"tr\",\"@id\":\"https:\/\/paulmmueller.fantomas-staging.de\/en\/#\/schema\/logo\/image\/\",\"url\":\"https:\/\/paulmmueller.fantomas-staging.de\/wp-content\/uploads\/2022\/08\/PaulMMueller_2021_EN.svg\",\"contentUrl\":\"https:\/\/paulmmueller.fantomas-staging.de\/wp-content\/uploads\/2022\/08\/PaulMMueller_2021_EN.svg\",\"width\":730,\"height\":137,\"caption\":\"Paul M. M\u00fcller GmbH\"},\"image\":{\"@id\":\"https:\/\/paulmmueller.fantomas-staging.de\/en\/#\/schema\/logo\/image\/\"},\"sameAs\":[\"https:\/\/www.facebook.com\/paulmmuellergmbh\/\",\"https:\/\/x.com\/PaulMMller1\",\"https:\/\/www.instagram.com\/paul_m._mueller_gmbh\/\",\"https:\/\/www.linkedin.com\/company\/17897510\/\",\"https:\/\/www.xing.com\/companies\/paulm.mllergmbh\"]}]}<\/script>\n<!-- \/ Yoast SEO plugin. -->","yoast_head_json":{"title":"PMM Spendenaktion s'M\u00fcnchner Herz - Paul M. M\u00fcller","robots":{"index":"index","follow":"follow","max-snippet":"max-snippet:-1","max-image-preview":"max-image-preview:large","max-video-preview":"max-video-preview:-1"},"canonical":"https:\/\/paulmmueller.fantomas-staging.de\/tr\/pmm-bagis-kampanyasi-smuenchnerherz\/","og_locale":"tr_TR","og_type":"article","og_title":"PMM Spendenaktion s'M\u00fcnchner Herz - Paul M. M\u00fcller","og_description":"Sie haben an unserem Spielautomaten unglaubliche23.560 Dosen erspielt! Diese spenden wir umgerechnet als Spendensumme von 5.000 \u20ac an die Stiftung \u2019s M\u00fcnchner Herz! an die Stiftung\u2019s M\u00fcnchner Herz! SPENDEN\u00dcBERGABE IM JANUAR 2025 Das Herz am rechten Fleck \u2013 das haben Familie Steinberg und die Mitarbeiter*innen der Stiftung \u201e\u2019s M\u00fcnchner Herz\u201c. In den Stadtteilen Perlach, Laim, [&hellip;]","og_url":"https:\/\/paulmmueller.fantomas-staging.de\/tr\/pmm-bagis-kampanyasi-smuenchnerherz\/","og_site_name":"Paul M. M\u00fcller","article_publisher":"https:\/\/www.facebook.com\/paulmmuellergmbh\/","article_modified_time":"2025-01-21T10:40:39+00:00","og_image":[{"width":2100,"height":750,"url":"https:\/\/paulmmueller.fantomas-staging.de\/wp-content\/uploads\/2025\/01\/1_danke.png","type":"image\/png"}],"twitter_card":"summary_large_image","twitter_site":"@PaulMMller1","schema":{"@context":"https:\/\/schema.org","@graph":[{"@type":"WebPage","@id":"https:\/\/paulmmueller.fantomas-staging.de\/pmm-spendenaktion-smuenchnerherz\/","url":"https:\/\/paulmmueller.fantomas-staging.de\/pmm-spendenaktion-smuenchnerherz\/","name":"PMM Spendenaktion s'M\u00fcnchner Herz - Paul M. M\u00fcller","isPartOf":{"@id":"https:\/\/paulmmueller.fantomas-staging.de\/en\/#website"},"primaryImageOfPage":{"@id":"https:\/\/paulmmueller.fantomas-staging.de\/pmm-spendenaktion-smuenchnerherz\/#primaryimage"},"image":{"@id":"https:\/\/paulmmueller.fantomas-staging.de\/pmm-spendenaktion-smuenchnerherz\/#primaryimage"},"thumbnailUrl":"https:\/\/paulmmueller.fantomas-staging.de\/wp-content\/uploads\/2025\/01\/1_danke-1024x366.png","datePublished":"2025-01-21T08:16:58+00:00","dateModified":"2025-01-21T10:40:39+00:00","breadcrumb":{"@id":"https:\/\/paulmmueller.fantomas-staging.de\/pmm-spendenaktion-smuenchnerherz\/#breadcrumb"},"inLanguage":"tr","potentialAction":[{"@type":"ReadAction","target":["https:\/\/paulmmueller.fantomas-staging.de\/pmm-spendenaktion-smuenchnerherz\/"]}]},{"@type":"ImageObject","inLanguage":"tr","@id":"https:\/\/paulmmueller.fantomas-staging.de\/pmm-spendenaktion-smuenchnerherz\/#primaryimage","url":"https:\/\/paulmmueller.fantomas-staging.de\/wp-content\/uploads\/2025\/01\/1_danke-1024x366.png","contentUrl":"https:\/\/paulmmueller.fantomas-staging.de\/wp-content\/uploads\/2025\/01\/1_danke-1024x366.png"},{"@type":"BreadcrumbList","@id":"https:\/\/paulmmueller.fantomas-staging.de\/pmm-spendenaktion-smuenchnerherz\/#breadcrumb","itemListElement":[{"@type":"ListItem","position":1,"name":"Home","item":"https:\/\/paulmmueller.fantomas-staging.de\/"},{"@type":"ListItem","position":2,"name":"PMM Spendenaktion s&#8217;M\u00fcnchner Herz"}]},{"@type":"WebSite","@id":"https:\/\/paulmmueller.fantomas-staging.de\/en\/#website","url":"https:\/\/paulmmueller.fantomas-staging.de\/en\/","name":"Paul M. M\u00fcller","description":"Die Food Marken Macher","publisher":{"@id":"https:\/\/paulmmueller.fantomas-staging.de\/en\/#organization"},"potentialAction":[{"@type":"SearchAction","target":{"@type":"EntryPoint","urlTemplate":"https:\/\/paulmmueller.fantomas-staging.de\/en\/?s={search_term_string}"},"query-input":{"@type":"PropertyValueSpecification","valueRequired":true,"valueName":"search_term_string"}}],"inLanguage":"tr"},{"@type":"Organization","@id":"https:\/\/paulmmueller.fantomas-staging.de\/en\/#organization","name":"Paul M. M\u00fcller GmbH","url":"https:\/\/paulmmueller.fantomas-staging.de\/en\/","logo":{"@type":"ImageObject","inLanguage":"tr","@id":"https:\/\/paulmmueller.fantomas-staging.de\/en\/#\/schema\/logo\/image\/","url":"https:\/\/paulmmueller.fantomas-staging.de\/wp-content\/uploads\/2022\/08\/PaulMMueller_2021_EN.svg","contentUrl":"https:\/\/paulmmueller.fantomas-staging.de\/wp-content\/uploads\/2022\/08\/PaulMMueller_2021_EN.svg","width":730,"height":137,"caption":"Paul M. M\u00fcller GmbH"},"image":{"@id":"https:\/\/paulmmueller.fantomas-staging.de\/en\/#\/schema\/logo\/image\/"},"sameAs":["https:\/\/www.facebook.com\/paulmmuellergmbh\/","https:\/\/x.com\/PaulMMller1","https:\/\/www.instagram.com\/paul_m._mueller_gmbh\/","https:\/\/www.linkedin.com\/company\/17897510\/","https:\/\/www.xing.com\/companies\/paulm.mllergmbh"]}]}},"_links":{"self":[{"href":"https:\/\/paulmmueller.fantomas-staging.de\/tr\/wp-json\/wp\/v2\/pages\/23868","targetHints":{"allow":["GET"]}}],"collection":[{"href":"https:\/\/paulmmueller.fantomas-staging.de\/tr\/wp-json\/wp\/v2\/pages"}],"about":[{"href":"https:\/\/paulmmueller.fantomas-staging.de\/tr\/wp-json\/wp\/v2\/types\/page"}],"author":[{"embeddable":true,"href":"https:\/\/paulmmueller.fantomas-staging.de\/tr\/wp-json\/wp\/v2\/users\/9"}],"replies":[{"embeddable":true,"href":"https:\/\/paulmmueller.fantomas-staging.de\/tr\/wp-json\/wp\/v2\/comments?post=23868"}],"version-history":[{"count":10,"href":"https:\/\/paulmmueller.fantomas-staging.de\/tr\/wp-json\/wp\/v2\/pages\/23868\/revisions"}],"predecessor-version":[{"id":23977,"href":"https:\/\/paulmmueller.fantomas-staging.de\/tr\/wp-json\/wp\/v2\/pages\/23868\/revisions\/23977"}],"wp:attachment":[{"href":"https:\/\/paulmmueller.fantomas-staging.de\/tr\/wp-json\/wp\/v2\/media?parent=23868"}],"curies":[{"name":"wp","href":"https:\/\/api.w.org\/{rel}","templated":true}]}}