{"id":785,"date":"2021-11-22T17:19:07","date_gmt":"2021-11-22T16:19:07","guid":{"rendered":"https:\/\/paulmmueller.fantomas-staging.de\/?page_id=785"},"modified":"2024-02-09T14:23:25","modified_gmt":"2024-02-09T13:23:25","slug":"unternehmen","status":"publish","type":"page","link":"https:\/\/paulmmueller.fantomas-staging.de\/tr\/sirket\/","title":{"rendered":"\u015eirket"},"content":{"rendered":"<div data-elementor-type=\"wp-page\" data-elementor-id=\"785\" class=\"elementor elementor-785\" data-elementor-post-type=\"page\">\n\t\t\t\t\t\t<section class=\"elementor-section elementor-top-section elementor-element elementor-element-4e95cb3 elementor-section-boxed elementor-section-height-default elementor-section-height-default\" data-id=\"4e95cb3\" data-element_type=\"section\">\n\t\t\t\t\t\t<div class=\"elementor-container elementor-column-gap-default\">\n\t\t\t\t\t<div class=\"elementor-column elementor-col-100 elementor-top-column elementor-element elementor-element-4e1b9f2\" data-id=\"4e1b9f2\" data-element_type=\"column\">\n\t\t\t<div class=\"elementor-widget-wrap elementor-element-populated\">\n\t\t\t\t\t\t<div class=\"elementor-element elementor-element-88b6c27 elementor-widget elementor-widget-spacer\" data-id=\"88b6c27\" data-element_type=\"widget\" data-widget_type=\"spacer.default\">\n\t\t\t\t\t\t\t<div class=\"elementor-spacer\">\n\t\t\t<div class=\"elementor-spacer-inner\"><\/div>\n\t\t<\/div>\n\t\t\t\t\t\t<\/div>\n\t\t\t\t<div class=\"elementor-element elementor-element-d1d9b72 elementor-widget elementor-widget-heading\" data-id=\"d1d9b72\" data-element_type=\"widget\" data-widget_type=\"heading.default\">\n\t\t\t\t\t<h2 class=\"elementor-heading-title elementor-size-default\">Paul M. M\u00fcller<\/h2>\t\t\t\t<\/div>\n\t\t\t\t<div class=\"elementor-element elementor-element-8757f51 dce_masking-none elementor-widget elementor-widget-image\" data-id=\"8757f51\" data-element_type=\"widget\" data-widget_type=\"image.default\">\n\t\t\t\t\t\t\t\t\t\t\t\t\t\t\t<img fetchpriority=\"high\" decoding=\"async\" width=\"800\" height=\"534\" src=\"https:\/\/paulmmueller.fantomas-staging.de\/wp-content\/uploads\/2022\/02\/jalapeno_307662038.jpg\" class=\"attachment-large size-large wp-image-10690\" alt=\"\" srcset=\"https:\/\/paulmmueller.fantomas-staging.de\/wp-content\/uploads\/2022\/02\/jalapeno_307662038.jpg 1000w, https:\/\/paulmmueller.fantomas-staging.de\/wp-content\/uploads\/2022\/02\/jalapeno_307662038-300x200.jpg 300w, https:\/\/paulmmueller.fantomas-staging.de\/wp-content\/uploads\/2022\/02\/jalapeno_307662038-768x512.jpg 768w, https:\/\/paulmmueller.fantomas-staging.de\/wp-content\/uploads\/2022\/02\/jalapeno_307662038-18x12.jpg 18w\" sizes=\"(max-width: 800px) 100vw, 800px\" \/>\t\t\t\t\t\t\t\t\t\t\t\t\t\t\t<\/div>\n\t\t\t\t<div class=\"elementor-element elementor-element-fcc6c47 elementor-widget elementor-widget-text-editor\" data-id=\"fcc6c47\" data-element_type=\"widget\" data-widget_type=\"text-editor.default\">\n\t\t\t\t\t\t\t\t\tNeden b\u00f6yle adland\u0131r\u0131ld\u0131\u011f\u0131m\u0131z ve bizi harekete ge\u00e7iren \u015fey.\t\t\t\t\t\t\t\t<\/div>\n\t\t\t\t\t<\/div>\n\t\t<\/div>\n\t\t\t\t\t<\/div>\n\t\t<\/section>\n\t\t\t\t<section class=\"elementor-section elementor-top-section elementor-element elementor-element-cea03ed elementor-section-boxed elementor-section-height-default elementor-section-height-default\" data-id=\"cea03ed\" data-element_type=\"section\">\n\t\t\t\t\t\t<div class=\"elementor-container elementor-column-gap-default\">\n\t\t\t\t\t<div class=\"elementor-column elementor-col-100 elementor-top-column elementor-element elementor-element-3c8453c\" data-id=\"3c8453c\" data-element_type=\"column\">\n\t\t\t<div class=\"elementor-widget-wrap elementor-element-populated\">\n\t\t\t\t\t\t<div class=\"elementor-element elementor-element-e2c3e65 elementor-widget elementor-widget-text-editor\" data-id=\"e2c3e65\" data-element_type=\"widget\" data-widget_type=\"text-editor.default\">\n\t\t\t\t\t\t\t\t\tPaul M. M\u00fcller, M\u00fcnih yak\u0131nlar\u0131ndaki Stra\u00dflach'ta bir anl\u0131k ilhamla kar\u015f\u0131la\u015ft\u0131\u011f\u0131nda, 1956 y\u0131l\u0131nda bir Cuma \u00f6\u011fleden sonrayd\u0131. \"Cuma g\u00fcnleri saat birden itibaren herkes kendi i\u015fini yapar\" o zamanlar hen\u00fcz bir sorun de\u011fildi. Ne de olsa birilerinin ekonomik mucizeyi ileriye g\u00f6t\u00fcrmesi gerekiyordu! Onun fikri: \u00d6nce Uzak Do\u011fu'dan, sonra da Akdeniz b\u00f6lgesinden birinci s\u0131n\u0131f g\u0131da ithal etmek ve muhafaza etmek. Dile kolay, M\u00fcnih halk\u0131 i\u00e7in yepyeni bir mutfak d\u00fcnyas\u0131n\u0131n kap\u0131lar\u0131 a\u00e7\u0131ld\u0131.\t\t\t\t\t\t\t\t<\/div>\n\t\t\t\t<div class=\"elementor-element elementor-element-2489e8f elementor-widget elementor-widget-text-editor\" data-id=\"2489e8f\" data-element_type=\"widget\" data-widget_type=\"text-editor.default\">\n\t\t\t\t\t\t\t\t\tPeki ya bug\u00fcn?\t\t\t\t\t\t\t\t<\/div>\n\t\t\t\t<div class=\"elementor-element elementor-element-50550ba elementor-widget elementor-widget-text-editor\" data-id=\"50550ba\" data-element_type=\"widget\" data-widget_type=\"text-editor.default\">\n\t\t\t\t\t\t\t\t\t<p>Orta \u00f6l\u00e7ekli, en \u00fcst d\u00fczeyde ba\u011f\u0131ms\u0131z bir ithalat \u015firketi olarak, y\u00fcksek motivasyonlu, g\u00fc\u00e7l\u00fc ve (neredeyse) her zaman ne\u015feli bir \u00e7al\u0131\u015fan ekibiyle uluslararas\u0131 m\u00fc\u015fterilerimize 170'in \u00fczerinde \u00fcr\u00fcn getiriyoruz. D\u00fcnyan\u0131n d\u00f6rt bir yan\u0131ndan eski meyve ve gen\u00e7 sebze \u00e7e\u015fitleri, bal\u0131k ve \u015fark\u00fcteri \u00fcr\u00fcnleri. Se\u00e7kin \u00fcreticiler taraf\u0131ndan bizim i\u00e7in \u00f6zel olarak i\u015flenmi\u015f ve \u015fi\u015felenmi\u015ftir. Klasik teneke kutularda, cam kavanozlarda ve polipropilen kaplarda her zaman g\u00fcvenli bir \u015fekilde paketlenmi\u015f, po\u015fet paketlerde, Tetra Paks ve BiB'lerde (kutu i\u00e7inde torba) ve ayr\u0131ca end\u00fcstri i\u00e7in varillerde \u00f6zel olarak korunmu\u015ftur.<\/p>\t\t\t\t\t\t\t\t<\/div>\n\t\t\t\t<div class=\"elementor-element elementor-element-9606899 elementor-widget elementor-widget-text-editor\" data-id=\"9606899\" data-element_type=\"widget\" data-widget_type=\"text-editor.default\">\n\t\t\t\t\t\t\t\t\t<strong>K\u0131sa:<\/strong>  B\u00fcy\u00fck bir oyuncunun uzmanl\u0131\u011f\u0131n\u0131 ve performans\u0131n\u0131 bir aile \u015firketinin ki\u015fisel yak\u0131nl\u0131\u011f\u0131 ve tutkusuyla birle\u015ftiriyoruz: catering, end\u00fcstriyel ve toptan sat\u0131\u015f sekt\u00f6rlerinden m\u00fc\u015fterilerimizin PMM hakk\u0131nda \u00e7ok takdir ettikleri \u015fey budur. \t\t\t\t\t\t\t\t<\/div>\n\t\t\t\t<div class=\"elementor-element elementor-element-7ade7b4 elementor-widget elementor-widget-text-editor\" data-id=\"7ade7b4\" data-element_type=\"widget\" data-widget_type=\"text-editor.default\">\n\t\t\t\t\t\t\t\t\tVe Cuma g\u00fcnleri saat birde, tabii ki herkes kendi i\u015fini yap\u0131yor!\t\t\t\t\t\t\t\t<\/div>\n\t\t\t\t\t<\/div>\n\t\t<\/div>\n\t\t\t\t\t<\/div>\n\t\t<\/section>\n\t\t\t\t<section class=\"elementor-section elementor-top-section elementor-element elementor-element-799af0f elementor-section-full_width elementor-section-height-min-height elementor-section-content-middle elementor-section-height-default elementor-section-items-middle\" data-id=\"799af0f\" data-element_type=\"section\" data-settings=\"{&quot;background_background&quot;:&quot;gradient&quot;,&quot;animation&quot;:&quot;none&quot;}\">\n\t\t\t\t\t\t<div class=\"elementor-container elementor-column-gap-default\">\n\t\t\t\t\t<div class=\"elementor-column elementor-col-100 elementor-top-column elementor-element elementor-element-4498247\" data-id=\"4498247\" data-element_type=\"column\">\n\t\t\t<div class=\"elementor-widget-wrap elementor-element-populated\">\n\t\t\t\t\t\t<section class=\"elementor-section elementor-inner-section elementor-element elementor-element-76d01a8 elementor-section-full_width elementor-section-height-default elementor-section-height-default\" data-id=\"76d01a8\" data-element_type=\"section\" data-settings=\"{&quot;background_background&quot;:&quot;classic&quot;}\">\n\t\t\t\t\t\t<div class=\"elementor-container elementor-column-gap-default\">\n\t\t\t\t\t<div class=\"elementor-column elementor-col-33 elementor-inner-column elementor-element elementor-element-2d4a661\" data-id=\"2d4a661\" data-element_type=\"column\">\n\t\t\t<div class=\"elementor-widget-wrap elementor-element-populated\">\n\t\t\t\t\t\t<div class=\"elementor-element elementor-element-4243b28 elementor-align-right elementor-mobile-align-center elementor-widget elementor-widget-button\" data-id=\"4243b28\" data-element_type=\"widget\" data-widget_type=\"button.default\">\n\t\t\t\t\t\t\t\t\t\t<a class=\"elementor-button elementor-button-link elementor-size-sm\" href=\"https:\/\/paulmmueller.fantomas-staging.de\/tr\/sirket\/takim\/\">\n\t\t\t\t\t\t<span class=\"elementor-button-content-wrapper\">\n\t\t\t\t\t\t\t\t\t<span class=\"elementor-button-text\">Tak\u0131m<\/span>\n\t\t\t\t\t<\/span>\n\t\t\t\t\t<\/a>\n\t\t\t\t\t\t\t\t<\/div>\n\t\t\t\t\t<\/div>\n\t\t<\/div>\n\t\t\t\t<div class=\"elementor-column elementor-col-33 elementor-inner-column elementor-element elementor-element-882d8ba\" data-id=\"882d8ba\" data-element_type=\"column\">\n\t\t\t<div class=\"elementor-widget-wrap elementor-element-populated\">\n\t\t\t\t\t\t<div class=\"elementor-element elementor-element-3a00e30 elementor-align-center elementor-widget elementor-widget-button\" data-id=\"3a00e30\" data-element_type=\"widget\" data-widget_type=\"button.default\">\n\t\t\t\t\t\t\t\t\t\t<a class=\"elementor-button elementor-button-link elementor-size-sm\" href=\"https:\/\/paulmmueller.fantomas-staging.de\/tr\/sirket\/ortak\/\">\n\t\t\t\t\t\t<span class=\"elementor-button-content-wrapper\">\n\t\t\t\t\t\t\t\t\t<span class=\"elementor-button-text\">Ortak<\/span>\n\t\t\t\t\t<\/span>\n\t\t\t\t\t<\/a>\n\t\t\t\t\t\t\t\t<\/div>\n\t\t\t\t\t<\/div>\n\t\t<\/div>\n\t\t\t\t<div class=\"elementor-column elementor-col-33 elementor-inner-column elementor-element elementor-element-dfe1d31\" data-id=\"dfe1d31\" data-element_type=\"column\">\n\t\t\t<div class=\"elementor-widget-wrap elementor-element-populated\">\n\t\t\t\t\t\t<div class=\"elementor-element elementor-element-e8585a9 elementor-align-left elementor-mobile-align-center elementor-widget elementor-widget-button\" data-id=\"e8585a9\" data-element_type=\"widget\" data-widget_type=\"button.default\">\n\t\t\t\t\t\t\t\t\t\t<a class=\"elementor-button elementor-button-link elementor-size-sm\" href=\"https:\/\/paulmmueller.fantomas-staging.de\/tr\/unternehmen\/stellenanzeigen\/\">\n\t\t\t\t\t\t<span class=\"elementor-button-content-wrapper\">\n\t\t\t\t\t\t\t\t\t<span class=\"elementor-button-text\">Kariyer<\/span>\n\t\t\t\t\t<\/span>\n\t\t\t\t\t<\/a>\n\t\t\t\t\t\t\t\t<\/div>\n\t\t\t\t\t<\/div>\n\t\t<\/div>\n\t\t\t\t\t<\/div>\n\t\t<\/section>\n\t\t\t\t\t<\/div>\n\t\t<\/div>\n\t\t\t\t\t<\/div>\n\t\t<\/section>\n\t\t\t\t<section class=\"elementor-section elementor-top-section elementor-element elementor-element-0fe5787 elementor-section-boxed elementor-section-height-default elementor-section-height-default\" data-id=\"0fe5787\" data-element_type=\"section\">\n\t\t\t\t\t\t<div class=\"elementor-container elementor-column-gap-default\">\n\t\t\t\t\t<div class=\"elementor-column elementor-col-100 elementor-top-column elementor-element elementor-element-16cff4a\" data-id=\"16cff4a\" data-element_type=\"column\">\n\t\t\t<div class=\"elementor-widget-wrap elementor-element-populated\">\n\t\t\t\t\t\t<div class=\"elementor-element elementor-element-a87af05 elementor-widget elementor-widget-spacer\" data-id=\"a87af05\" data-element_type=\"widget\" data-widget_type=\"spacer.default\">\n\t\t\t\t\t\t\t<div class=\"elementor-spacer\">\n\t\t\t<div class=\"elementor-spacer-inner\"><\/div>\n\t\t<\/div>\n\t\t\t\t\t\t<\/div>\n\t\t\t\t\t<\/div>\n\t\t<\/div>\n\t\t\t\t\t<\/div>\n\t\t<\/section>\n\t\t\t\t<\/div>","protected":false},"excerpt":{"rendered":"<p>Paul M. M\u00fcller Neden b\u00f6yle adland\u0131r\u0131ld\u0131k ve bizi harekete ge\u00e7iren \u015fey nedir Paul M. M\u00fcller, M\u00fcnih yak\u0131nlar\u0131ndaki Stra\u00dflach'ta bir ilham par\u0131lt\u0131s\u0131yla sars\u0131ld\u0131\u011f\u0131nda 1956'da bir Cuma \u00f6\u011fleden sonrayd\u0131. \"Cuma g\u00fcnleri saat birden itibaren herkes kendi i\u015fini yapar\" o zamanlar hen\u00fcz bir sorun de\u011fildi. Ne de olsa birilerinin ekonomik mucizeyi ileriye g\u00f6t\u00fcrmesi gerekiyordu! Onun fikri: birinci s\u0131n\u0131f g\u0131da ithal etmek ve muhafaza etmek [...]<\/p>","protected":false},"author":1,"featured_media":0,"parent":0,"menu_order":52,"comment_status":"closed","ping_status":"closed","template":"","meta":{"_acf_changed":false,"footnotes":""},"class_list":["post-785","page","type-page","status-publish","hentry"],"acf":[],"yoast_head":"<!-- This site is optimized with the Yoast SEO plugin v25.3.1 - https:\/\/yoast.com\/wordpress\/plugins\/seo\/ -->\n<title>Unternehmen - Paul M. M\u00fcller<\/title>\n<meta name=\"robots\" content=\"index, follow, max-snippet:-1, max-image-preview:large, max-video-preview:-1\" \/>\n<link rel=\"canonical\" href=\"https:\/\/paulmmueller.fantomas-staging.de\/tr\/sirket\/\" \/>\n<meta property=\"og:locale\" content=\"tr_TR\" \/>\n<meta property=\"og:type\" content=\"article\" \/>\n<meta property=\"og:title\" content=\"Unternehmen - Paul M. M\u00fcller\" \/>\n<meta property=\"og:description\" content=\"Paul M. M\u00fcller Warum wir so heissen und wie wir ticken.Es war ein Freitag-Nachmittag im Jahr 1956, als Paul M. M\u00fcller in Stra\u00dflach bei M\u00fcnchen der Ideenblitz traf. \u201eFreitags ab eins macht jeder seins\u201c, war damals noch kein Thema. Irgendjemand musste das Wirtschaftswunder ja schlie\u00dflich vorantreiben! Seine Idee: Der Import und die Konservierung erstklassiger Lebensmittel [&hellip;]\" \/>\n<meta property=\"og:url\" content=\"https:\/\/paulmmueller.fantomas-staging.de\/tr\/sirket\/\" \/>\n<meta property=\"og:site_name\" content=\"Paul M. M\u00fcller\" \/>\n<meta property=\"article:publisher\" content=\"https:\/\/www.facebook.com\/paulmmuellergmbh\/\" \/>\n<meta property=\"article:modified_time\" content=\"2024-02-09T13:23:25+00:00\" \/>\n<meta property=\"og:image\" content=\"https:\/\/paulmmueller.fantomas-staging.de\/wp-content\/uploads\/2022\/02\/jalapeno_307662038.jpg\" \/>\n<meta name=\"twitter:card\" content=\"summary_large_image\" \/>\n<meta name=\"twitter:site\" content=\"@PaulMMller1\" \/>\n<script type=\"application\/ld+json\" class=\"yoast-schema-graph\">{\"@context\":\"https:\/\/schema.org\",\"@graph\":[{\"@type\":\"WebPage\",\"@id\":\"https:\/\/paulmmueller.fantomas-staging.de\/unternehmen\/\",\"url\":\"https:\/\/paulmmueller.fantomas-staging.de\/unternehmen\/\",\"name\":\"Unternehmen - Paul M. M\u00fcller\",\"isPartOf\":{\"@id\":\"https:\/\/paulmmueller.fantomas-staging.de\/en\/#website\"},\"primaryImageOfPage\":{\"@id\":\"https:\/\/paulmmueller.fantomas-staging.de\/unternehmen\/#primaryimage\"},\"image\":{\"@id\":\"https:\/\/paulmmueller.fantomas-staging.de\/unternehmen\/#primaryimage\"},\"thumbnailUrl\":\"https:\/\/paulmmueller.fantomas-staging.de\/wp-content\/uploads\/2022\/02\/jalapeno_307662038.jpg\",\"datePublished\":\"2021-11-22T16:19:07+00:00\",\"dateModified\":\"2024-02-09T13:23:25+00:00\",\"breadcrumb\":{\"@id\":\"https:\/\/paulmmueller.fantomas-staging.de\/unternehmen\/#breadcrumb\"},\"inLanguage\":\"tr\",\"potentialAction\":[{\"@type\":\"ReadAction\",\"target\":[\"https:\/\/paulmmueller.fantomas-staging.de\/unternehmen\/\"]}]},{\"@type\":\"ImageObject\",\"inLanguage\":\"tr\",\"@id\":\"https:\/\/paulmmueller.fantomas-staging.de\/unternehmen\/#primaryimage\",\"url\":\"https:\/\/paulmmueller.fantomas-staging.de\/wp-content\/uploads\/2022\/02\/jalapeno_307662038.jpg\",\"contentUrl\":\"https:\/\/paulmmueller.fantomas-staging.de\/wp-content\/uploads\/2022\/02\/jalapeno_307662038.jpg\"},{\"@type\":\"BreadcrumbList\",\"@id\":\"https:\/\/paulmmueller.fantomas-staging.de\/unternehmen\/#breadcrumb\",\"itemListElement\":[{\"@type\":\"ListItem\",\"position\":1,\"name\":\"Home\",\"item\":\"https:\/\/paulmmueller.fantomas-staging.de\/\"},{\"@type\":\"ListItem\",\"position\":2,\"name\":\"Unternehmen\"}]},{\"@type\":\"WebSite\",\"@id\":\"https:\/\/paulmmueller.fantomas-staging.de\/en\/#website\",\"url\":\"https:\/\/paulmmueller.fantomas-staging.de\/en\/\",\"name\":\"Paul M. M\u00fcller\",\"description\":\"Die Food Marken Macher\",\"publisher\":{\"@id\":\"https:\/\/paulmmueller.fantomas-staging.de\/en\/#organization\"},\"potentialAction\":[{\"@type\":\"SearchAction\",\"target\":{\"@type\":\"EntryPoint\",\"urlTemplate\":\"https:\/\/paulmmueller.fantomas-staging.de\/en\/?s={search_term_string}\"},\"query-input\":{\"@type\":\"PropertyValueSpecification\",\"valueRequired\":true,\"valueName\":\"search_term_string\"}}],\"inLanguage\":\"tr\"},{\"@type\":\"Organization\",\"@id\":\"https:\/\/paulmmueller.fantomas-staging.de\/en\/#organization\",\"name\":\"Paul M. M\u00fcller GmbH\",\"url\":\"https:\/\/paulmmueller.fantomas-staging.de\/en\/\",\"logo\":{\"@type\":\"ImageObject\",\"inLanguage\":\"tr\",\"@id\":\"https:\/\/paulmmueller.fantomas-staging.de\/en\/#\/schema\/logo\/image\/\",\"url\":\"https:\/\/paulmmueller.fantomas-staging.de\/wp-content\/uploads\/2022\/08\/PaulMMueller_2021_EN.svg\",\"contentUrl\":\"https:\/\/paulmmueller.fantomas-staging.de\/wp-content\/uploads\/2022\/08\/PaulMMueller_2021_EN.svg\",\"width\":730,\"height\":137,\"caption\":\"Paul M. M\u00fcller GmbH\"},\"image\":{\"@id\":\"https:\/\/paulmmueller.fantomas-staging.de\/en\/#\/schema\/logo\/image\/\"},\"sameAs\":[\"https:\/\/www.facebook.com\/paulmmuellergmbh\/\",\"https:\/\/x.com\/PaulMMller1\",\"https:\/\/www.instagram.com\/paul_m._mueller_gmbh\/\",\"https:\/\/www.linkedin.com\/company\/17897510\/\",\"https:\/\/www.xing.com\/companies\/paulm.mllergmbh\"]}]}<\/script>\n<!-- \/ Yoast SEO plugin. -->","yoast_head_json":{"title":"Unternehmen - Paul M. M\u00fcller","robots":{"index":"index","follow":"follow","max-snippet":"max-snippet:-1","max-image-preview":"max-image-preview:large","max-video-preview":"max-video-preview:-1"},"canonical":"https:\/\/paulmmueller.fantomas-staging.de\/tr\/sirket\/","og_locale":"tr_TR","og_type":"article","og_title":"Unternehmen - Paul M. M\u00fcller","og_description":"Paul M. M\u00fcller Warum wir so heissen und wie wir ticken.Es war ein Freitag-Nachmittag im Jahr 1956, als Paul M. M\u00fcller in Stra\u00dflach bei M\u00fcnchen der Ideenblitz traf. \u201eFreitags ab eins macht jeder seins\u201c, war damals noch kein Thema. Irgendjemand musste das Wirtschaftswunder ja schlie\u00dflich vorantreiben! Seine Idee: Der Import und die Konservierung erstklassiger Lebensmittel [&hellip;]","og_url":"https:\/\/paulmmueller.fantomas-staging.de\/tr\/sirket\/","og_site_name":"Paul M. M\u00fcller","article_publisher":"https:\/\/www.facebook.com\/paulmmuellergmbh\/","article_modified_time":"2024-02-09T13:23:25+00:00","og_image":[{"url":"https:\/\/paulmmueller.fantomas-staging.de\/wp-content\/uploads\/2022\/02\/jalapeno_307662038.jpg","type":"","width":"","height":""}],"twitter_card":"summary_large_image","twitter_site":"@PaulMMller1","schema":{"@context":"https:\/\/schema.org","@graph":[{"@type":"WebPage","@id":"https:\/\/paulmmueller.fantomas-staging.de\/unternehmen\/","url":"https:\/\/paulmmueller.fantomas-staging.de\/unternehmen\/","name":"Unternehmen - Paul M. M\u00fcller","isPartOf":{"@id":"https:\/\/paulmmueller.fantomas-staging.de\/en\/#website"},"primaryImageOfPage":{"@id":"https:\/\/paulmmueller.fantomas-staging.de\/unternehmen\/#primaryimage"},"image":{"@id":"https:\/\/paulmmueller.fantomas-staging.de\/unternehmen\/#primaryimage"},"thumbnailUrl":"https:\/\/paulmmueller.fantomas-staging.de\/wp-content\/uploads\/2022\/02\/jalapeno_307662038.jpg","datePublished":"2021-11-22T16:19:07+00:00","dateModified":"2024-02-09T13:23:25+00:00","breadcrumb":{"@id":"https:\/\/paulmmueller.fantomas-staging.de\/unternehmen\/#breadcrumb"},"inLanguage":"tr","potentialAction":[{"@type":"ReadAction","target":["https:\/\/paulmmueller.fantomas-staging.de\/unternehmen\/"]}]},{"@type":"ImageObject","inLanguage":"tr","@id":"https:\/\/paulmmueller.fantomas-staging.de\/unternehmen\/#primaryimage","url":"https:\/\/paulmmueller.fantomas-staging.de\/wp-content\/uploads\/2022\/02\/jalapeno_307662038.jpg","contentUrl":"https:\/\/paulmmueller.fantomas-staging.de\/wp-content\/uploads\/2022\/02\/jalapeno_307662038.jpg"},{"@type":"BreadcrumbList","@id":"https:\/\/paulmmueller.fantomas-staging.de\/unternehmen\/#breadcrumb","itemListElement":[{"@type":"ListItem","position":1,"name":"Home","item":"https:\/\/paulmmueller.fantomas-staging.de\/"},{"@type":"ListItem","position":2,"name":"Unternehmen"}]},{"@type":"WebSite","@id":"https:\/\/paulmmueller.fantomas-staging.de\/en\/#website","url":"https:\/\/paulmmueller.fantomas-staging.de\/en\/","name":"Paul M. M\u00fcller","description":"Die Food Marken Macher","publisher":{"@id":"https:\/\/paulmmueller.fantomas-staging.de\/en\/#organization"},"potentialAction":[{"@type":"SearchAction","target":{"@type":"EntryPoint","urlTemplate":"https:\/\/paulmmueller.fantomas-staging.de\/en\/?s={search_term_string}"},"query-input":{"@type":"PropertyValueSpecification","valueRequired":true,"valueName":"search_term_string"}}],"inLanguage":"tr"},{"@type":"Organization","@id":"https:\/\/paulmmueller.fantomas-staging.de\/en\/#organization","name":"Paul M. M\u00fcller GmbH","url":"https:\/\/paulmmueller.fantomas-staging.de\/en\/","logo":{"@type":"ImageObject","inLanguage":"tr","@id":"https:\/\/paulmmueller.fantomas-staging.de\/en\/#\/schema\/logo\/image\/","url":"https:\/\/paulmmueller.fantomas-staging.de\/wp-content\/uploads\/2022\/08\/PaulMMueller_2021_EN.svg","contentUrl":"https:\/\/paulmmueller.fantomas-staging.de\/wp-content\/uploads\/2022\/08\/PaulMMueller_2021_EN.svg","width":730,"height":137,"caption":"Paul M. M\u00fcller GmbH"},"image":{"@id":"https:\/\/paulmmueller.fantomas-staging.de\/en\/#\/schema\/logo\/image\/"},"sameAs":["https:\/\/www.facebook.com\/paulmmuellergmbh\/","https:\/\/x.com\/PaulMMller1","https:\/\/www.instagram.com\/paul_m._mueller_gmbh\/","https:\/\/www.linkedin.com\/company\/17897510\/","https:\/\/www.xing.com\/companies\/paulm.mllergmbh"]}]}},"_links":{"self":[{"href":"https:\/\/paulmmueller.fantomas-staging.de\/tr\/wp-json\/wp\/v2\/pages\/785","targetHints":{"allow":["GET"]}}],"collection":[{"href":"https:\/\/paulmmueller.fantomas-staging.de\/tr\/wp-json\/wp\/v2\/pages"}],"about":[{"href":"https:\/\/paulmmueller.fantomas-staging.de\/tr\/wp-json\/wp\/v2\/types\/page"}],"author":[{"embeddable":true,"href":"https:\/\/paulmmueller.fantomas-staging.de\/tr\/wp-json\/wp\/v2\/users\/1"}],"replies":[{"embeddable":true,"href":"https:\/\/paulmmueller.fantomas-staging.de\/tr\/wp-json\/wp\/v2\/comments?post=785"}],"version-history":[{"count":10,"href":"https:\/\/paulmmueller.fantomas-staging.de\/tr\/wp-json\/wp\/v2\/pages\/785\/revisions"}],"predecessor-version":[{"id":19339,"href":"https:\/\/paulmmueller.fantomas-staging.de\/tr\/wp-json\/wp\/v2\/pages\/785\/revisions\/19339"}],"wp:attachment":[{"href":"https:\/\/paulmmueller.fantomas-staging.de\/tr\/wp-json\/wp\/v2\/media?parent=785"}],"curies":[{"name":"wp","href":"https:\/\/api.w.org\/{rel}","templated":true}]}}